{"id":3949,"date":"2021-05-11T09:19:48","date_gmt":"2021-05-11T07:19:48","guid":{"rendered":"https:\/\/t4lent.eu\/index.php\/talent-4-0-schulungsprogramm\/modul-03-talente-entwickeln\/"},"modified":"2021-05-18T15:50:49","modified_gmt":"2021-05-18T13:50:49","slug":"modul-03-talente-entwickeln","status":"publish","type":"page","link":"https:\/\/t4lent.eu\/index.php\/talent-4-0-schulungsprogramm\/modul-03-talente-entwickeln\/?lang=de","title":{"rendered":"Modul 03: Talente entwickeln"},"content":{"rendered":"\t\t<div data-elementor-type=\"wp-page\" data-elementor-id=\"3949\" class=\"elementor elementor-3949 elementor-779\" data-elementor-settings=\"[]\">\n\t\t\t\t\t\t<div class=\"elementor-inner\">\n\t\t\t\t\t\t\t<div class=\"elementor-section-wrap\">\n\t\t\t\t\t\t\t<section class=\"elementor-section elementor-top-section elementor-element elementor-element-f4460c2 elementor-section-boxed elementor-section-height-default elementor-section-height-default\" data-id=\"f4460c2\" data-element_type=\"section\">\n\t\t\t\t\t\t<div class=\"elementor-container elementor-column-gap-default\">\n\t\t\t\t\t\t\t<div class=\"elementor-row\">\n\t\t\t\t\t<div class=\"elementor-column elementor-col-100 elementor-top-column elementor-element elementor-element-146f05a\" data-id=\"146f05a\" data-element_type=\"column\">\n\t\t\t<div class=\"elementor-column-wrap elementor-element-populated\">\n\t\t\t\t\t\t\t<div class=\"elementor-widget-wrap\">\n\t\t\t\t\t\t<div class=\"elementor-element elementor-element-ab37d7d elementor-widget elementor-widget-heading\" data-id=\"ab37d7d\" data-element_type=\"widget\" data-widget_type=\"heading.default\">\n\t\t\t\t<div class=\"elementor-widget-container\">\n\t\t\t<h2 class=\"elementor-heading-title elementor-size-default\">Identifizieren Sie die Talente Ihres Teams und bauen Sie sie auf<\/h2>\t\t<\/div>\n\t\t\t\t<\/div>\n\t\t\t\t\t\t<\/div>\n\t\t\t\t\t<\/div>\n\t\t<\/div>\n\t\t\t\t\t\t\t\t<\/div>\n\t\t\t\t\t<\/div>\n\t\t<\/section>\n\t\t\t\t<section class=\"elementor-section elementor-top-section elementor-element elementor-element-1eedf0c elementor-section-boxed elementor-section-height-default elementor-section-height-default\" data-id=\"1eedf0c\" data-element_type=\"section\">\n\t\t\t\t\t\t<div class=\"elementor-container elementor-column-gap-default\">\n\t\t\t\t\t\t\t<div class=\"elementor-row\">\n\t\t\t\t\t<div class=\"elementor-column elementor-col-50 elementor-top-column elementor-element elementor-element-6ab685b\" data-id=\"6ab685b\" data-element_type=\"column\">\n\t\t\t<div class=\"elementor-column-wrap elementor-element-populated\">\n\t\t\t\t\t\t\t<div class=\"elementor-widget-wrap\">\n\t\t\t\t\t\t<div class=\"elementor-element elementor-element-8c31d6e elementor-widget elementor-widget-text-editor\" data-id=\"8c31d6e\" data-element_type=\"widget\" data-widget_type=\"text-editor.default\">\n\t\t\t\t<div class=\"elementor-widget-container\">\n\t\t\t\t\t<div class=\"elementor-text-editor elementor-clearfix\"><p>Dieses Modul konzentriert sich auf die Mitarbeiterentwicklung und ihre Bedeutung f\u00fcr Unternehmen und KMUs als eine der wichtigsten Praktiken des Talentmanagements. Es bietet Ihnen eine gute Einf\u00fchrung in das Konzept der Mitarbeiterentwicklung, um ein grundlegendes Verst\u00e4ndnis des Prozesses zu erlangen und Sie bei der Einf\u00fchrung guter Praktiken und hilfreicher digitaler Tools in die Abl\u00e4ufe Ihrer Organisation anzuleiten.<\/p>\n<\/div>\n\t\t\t\t<\/div>\n\t\t\t\t<\/div>\n\t\t\t\t\t\t<\/div>\n\t\t\t\t\t<\/div>\n\t\t<\/div>\n\t\t\t\t<div class=\"elementor-column elementor-col-50 elementor-top-column elementor-element elementor-element-ee12842\" data-id=\"ee12842\" data-element_type=\"column\">\n\t\t\t<div class=\"elementor-column-wrap elementor-element-populated\">\n\t\t\t\t\t\t\t<div class=\"elementor-widget-wrap\">\n\t\t\t\t\t\t<div class=\"elementor-element elementor-element-b04a2ca elementor-aspect-ratio-169 elementor-widget elementor-widget-video\" data-id=\"b04a2ca\" data-element_type=\"widget\" data-settings=\"{&quot;youtube_url&quot;:&quot;https:\\\/\\\/www.youtube.com\\\/watch?v=OGc5LtqG1s4&quot;,&quot;video_type&quot;:&quot;youtube&quot;,&quot;controls&quot;:&quot;yes&quot;,&quot;aspect_ratio&quot;:&quot;169&quot;}\" data-widget_type=\"video.default\">\n\t\t\t\t<div class=\"elementor-widget-container\">\n\t\t\t\t\t<div class=\"elementor-wrapper elementor-fit-aspect-ratio elementor-open-inline\">\n\t\t\t<div class=\"elementor-video\"><\/div>\t\t<\/div>\n\t\t\t\t<\/div>\n\t\t\t\t<\/div>\n\t\t\t\t\t\t<\/div>\n\t\t\t\t\t<\/div>\n\t\t<\/div>\n\t\t\t\t\t\t\t\t<\/div>\n\t\t\t\t\t<\/div>\n\t\t<\/section>\n\t\t\t\t<section class=\"elementor-section elementor-top-section elementor-element elementor-element-bacbdf7 elementor-section-boxed elementor-section-height-default elementor-section-height-default\" data-id=\"bacbdf7\" data-element_type=\"section\">\n\t\t\t\t\t\t<div class=\"elementor-container elementor-column-gap-default\">\n\t\t\t\t\t\t\t<div class=\"elementor-row\">\n\t\t\t\t\t<div class=\"elementor-column elementor-col-100 elementor-top-column elementor-element elementor-element-91ceb50\" data-id=\"91ceb50\" data-element_type=\"column\">\n\t\t\t<div class=\"elementor-column-wrap elementor-element-populated\">\n\t\t\t\t\t\t\t<div class=\"elementor-widget-wrap\">\n\t\t\t\t\t\t<div class=\"elementor-element elementor-element-ac254d0 elementor-widget elementor-widget-accordion\" data-id=\"ac254d0\" data-element_type=\"widget\" data-widget_type=\"accordion.default\">\n\t\t\t\t<div class=\"elementor-widget-container\">\n\t\t\t\t\t<div class=\"elementor-accordion\" role=\"tablist\">\n\t\t\t\t\t\t\t<div class=\"elementor-accordion-item\">\n\t\t\t\t\t<div id=\"elementor-tab-title-1801\" class=\"elementor-tab-title\" data-tab=\"1\" role=\"tab\" aria-controls=\"elementor-tab-content-1801\">\n\t\t\t\t\t\t\t\t\t\t\t\t\t<span class=\"elementor-accordion-icon elementor-accordion-icon-left\" aria-hidden=\"true\">\n\t\t\t\t\t\t\t\t\t\t\t\t\t\t\t<span class=\"elementor-accordion-icon-closed\"><i class=\"fas fa-plus\"><\/i><\/span>\n\t\t\t\t\t\t\t\t<span class=\"elementor-accordion-icon-opened\"><i class=\"fas fa-minus\"><\/i><\/span>\n\t\t\t\t\t\t\t\t\t\t\t\t\t\t<\/span>\n\t\t\t\t\t\t\t\t\t\t\t\t<a class=\"elementor-accordion-title\" href=\"\">Kapitel 01 - Was ist Mitarbeiterentwicklung?<\/a>\n\t\t\t\t\t<\/div>\n\t\t\t\t\t<div id=\"elementor-tab-content-1801\" class=\"elementor-tab-content elementor-clearfix\" data-tab=\"1\" role=\"tabpanel\" aria-labelledby=\"elementor-tab-title-1801\"><p>Die Einheit wird klar definieren, was wir mit dem Begriff Mitarbeiterentwicklung meinen, um Ihnen zu helfen, eine klare Vorstellung von diesem Begriff zu bekommen. Vor allem aber wird deutlich, wie wichtig die Mitarbeiterentwicklung f\u00fcr Unternehmen ist, um sowohl eine h\u00f6here Effizienz und Produktivit\u00e4t zu gew\u00e4hrleisten und in ihrem Bereich wettbewerbsf\u00e4hig zu sein, als auch eine M\u00f6glichkeit, ihre Mitarbeiter, insbesondere Millennials, weiter zu motivieren und ihre F\u00e4higkeit, wertvolle Mitarbeiter zu halten, zu erh\u00f6hen. Schlie\u00dflich wird der Unterschied zwischen Entwicklung und Training klar aufgezeigt, um ein klares Verst\u00e4ndnis des Begriffs zu gew\u00e4hrleisten.<\/p>\n<p><strong>Themen<\/strong><\/p>\n<ul>\n<li>Definition von Mitarbeiterentwicklung<\/li>\n<li>Mitarbeiterentwicklung vs. Training<\/li>\n<li>Strategien der Mitarbeiterentwicklung<\/li>\n<\/ul>\n<p><strong>Materialien<\/strong><\/p>\n<p><a href=\"https:\/\/t4lent.eu\/wp-content\/uploads\/2021\/05\/IO3_M03_Development_Unit_01_German.pptx\">Kapitel 01 &#8211; Was ist Mitarbeiterentwicklung<\/a><\/p>\n<\/div>\n\t\t\t\t<\/div>\n\t\t\t\t\t\t\t<div class=\"elementor-accordion-item\">\n\t\t\t\t\t<div id=\"elementor-tab-title-1802\" class=\"elementor-tab-title\" data-tab=\"2\" role=\"tab\" aria-controls=\"elementor-tab-content-1802\">\n\t\t\t\t\t\t\t\t\t\t\t\t\t<span class=\"elementor-accordion-icon elementor-accordion-icon-left\" aria-hidden=\"true\">\n\t\t\t\t\t\t\t\t\t\t\t\t\t\t\t<span class=\"elementor-accordion-icon-closed\"><i class=\"fas fa-plus\"><\/i><\/span>\n\t\t\t\t\t\t\t\t<span class=\"elementor-accordion-icon-opened\"><i class=\"fas fa-minus\"><\/i><\/span>\n\t\t\t\t\t\t\t\t\t\t\t\t\t\t<\/span>\n\t\t\t\t\t\t\t\t\t\t\t\t<a class=\"elementor-accordion-title\" href=\"\">Kapitel 02 - Der Mitarbeiterentwicklungsplan<\/a>\n\t\t\t\t\t<\/div>\n\t\t\t\t\t<div id=\"elementor-tab-content-1802\" class=\"elementor-tab-content elementor-clearfix\" data-tab=\"2\" role=\"tabpanel\" aria-labelledby=\"elementor-tab-title-1802\"><p>Diese Einheit hilft Ihnen zu verstehen, was ein Mitarbeiterentwicklungsplan ist und zeigt die verschiedenen Formen auf, die er haben kann. Au\u00dferdem werden die verschiedenen Schritte vorgestellt, die Unternehmen und Manager bei der Formulierung eines Mitarbeiterentwicklungsplans unternehmen k\u00f6nnen, wobei die Notwendigkeit betont wird, die Mitarbeiter in den Prozess einzubeziehen, sowohl in die pers\u00f6nliche als auch in die berufliche Entwicklung zu investieren und den Prozess st\u00e4ndig zu evaluieren und zu \u00fcberwachen.<\/p>\n<p>In dieser Einheit wird die Bedeutung eines strukturierten Mitarbeiterentwicklungsplans vorgestellt und hervorgehoben, der sicherstellt, dass KMUs ihre Mitarbeiter anspornen, unterst\u00fctzen und ihnen helfen, sich weiterzuentwickeln und effektiv gef\u00fchrt zu werden. Vor allem aber wird sie den F\u00fchrungskr\u00e4ften von KMUs Richtlinien an die Hand geben, wie sie bei der Einf\u00fchrung eines solchen Plans vorgehen k\u00f6nnen.<\/p>\n<p><strong>Themen<\/strong><\/p>\n<ul>\n<li>Der Prozess der Einf\u00fchrung eines Mitarbeiterentwicklungsplans<\/li>\n<li>Verschiedene Arten von Mitarbeiterentwicklungspl\u00e4nen<\/li>\n<\/ul>\n<p><strong>Materialien:<\/strong><\/p>\n<p><a href=\"https:\/\/t4lent.eu\/wp-content\/uploads\/2021\/05\/IO3_M03_Development_Unit_02_German.pptx\">Lektion 02 &#8211; Mitarbeiterentwicklungsplan<\/a><\/p>\n<p><a href=\"https:\/\/t4lent.eu\/wp-content\/uploads\/2021\/05\/IO3_M03_Unit_02_Employee_Development_Plan_Exercise_German.docx\">\u00dcbung &#8211; Mitarbeiterentwicklungsplan<\/a><\/p>\n<p><a href=\"https:\/\/t4lent.eu\/wp-content\/uploads\/2021\/05\/IO3_M03_Unit_02_Worksheet_PGP_German.docx\">Arbeitsblatt &#8211; Pers\u00f6nlicher Entwicklungsplan<\/a><\/p>\n<p><a href=\"https:\/\/t4lent.eu\/wp-content\/uploads\/2021\/05\/IO3_M03_Unit_02_Worksheet_PIP-1_German.docx\">Arbeitsblatt &#8211; Plan zur Leistungsverbesserung<\/a><\/p>\n<p><a href=\"https:\/\/t4lent.eu\/wp-content\/uploads\/2021\/05\/IO3_M03_Unit_02_Worksheet_PIP-2_German.docx\">Arbeitsblatt 02 &#8211; Plan zur Leistungsverbesserung<\/a><\/p>\n<\/div>\n\t\t\t\t<\/div>\n\t\t\t\t\t\t\t<div class=\"elementor-accordion-item\">\n\t\t\t\t\t<div id=\"elementor-tab-title-1803\" class=\"elementor-tab-title\" data-tab=\"3\" role=\"tab\" aria-controls=\"elementor-tab-content-1803\">\n\t\t\t\t\t\t\t\t\t\t\t\t\t<span class=\"elementor-accordion-icon elementor-accordion-icon-left\" aria-hidden=\"true\">\n\t\t\t\t\t\t\t\t\t\t\t\t\t\t\t<span class=\"elementor-accordion-icon-closed\"><i class=\"fas fa-plus\"><\/i><\/span>\n\t\t\t\t\t\t\t\t<span class=\"elementor-accordion-icon-opened\"><i class=\"fas fa-minus\"><\/i><\/span>\n\t\t\t\t\t\t\t\t\t\t\t\t\t\t<\/span>\n\t\t\t\t\t\t\t\t\t\t\t\t<a class=\"elementor-accordion-title\" href=\"\">Kapitel 03 - Implementieren eines effektiven Entwicklungsplans<\/a>\n\t\t\t\t\t<\/div>\n\t\t\t\t\t<div id=\"elementor-tab-content-1803\" class=\"elementor-tab-content elementor-clearfix\" data-tab=\"3\" role=\"tabpanel\" aria-labelledby=\"elementor-tab-title-1803\"><p>Diese Einheit baut auf den Begriffen und Konzepten auf, die bereits in diesem Modul vorgestellt wurden, und zielt darauf ab, Ihnen Ratschl\u00e4ge zu geben und Sie auf gute Praktiken und n\u00fctzliche Werkzeuge hinzuweisen, um die Entwicklung Ihrer Mitarbeiter zu verfolgen. Dabei wird die Rolle der F\u00fchrungskr\u00e4fte in diesem Prozess ebenso hervorgehoben wie die Bedeutung einer guten internen Kommunikation, um eine effektive Mitarbeiterentwicklung zu erreichen. Vor allem aber stellt sie den Lernenden Methoden, Werkzeuge und Wege vor, die sie nutzen k\u00f6nnen, um einen Mitarbeiterentwicklungsplan aufzustellen und erfolgreich umzusetzen.<br \/>\nDiese Einheit kann der &#8220;go to guide&#8221; f\u00fcr KMU-F\u00fchrungskr\u00e4fte sein, wenn sie dabei sind, Mitarbeiterentwicklungspl\u00e4ne zu entwickeln und umzusetzen. Sie gibt ihnen praktische Tipps sowie eine Liste von effektiven Werkzeugen und Ans\u00e4tzen, die sie w\u00e4hrend dieses Prozesses anwenden k\u00f6nnen.<\/p>\n<p><strong>Themen<\/strong><\/p>\n<ul>\n<li>Interne Kommunikation und Mitarbeiterentwicklung<\/li>\n<li>Methoden, Werkzeuge und Ans\u00e4tze f\u00fcr die Mitarbeiterentwicklung<\/li>\n<\/ul>\n<p><strong>Materialien<\/strong><\/p>\n<p><a href=\"https:\/\/t4lent.eu\/wp-content\/uploads\/2021\/05\/IO3_M03_Development_Unit_03_German.pptx\">Lektion 03 &#8211; Implementierung eines effektiven Entwicklungsplans<\/a><\/p>\n<p><a href=\"https:\/\/t4lent.eu\/wp-content\/uploads\/2021\/05\/IO3_M03_Unit_03_Employee_Development_in-SMEs_Exercise_German.docx\">\u00dcbung &#8211; Mitarbeiterentwicklung in KMUs<\/a><\/p>\n<p>&nbsp;<\/p>\n<p><a href=\"https:\/\/t4lent.eu\/wp-content\/uploads\/2021\/05\/IO3_M03_Unit_03_Worksheet_Personal_Development_Plan_Template-and-Example_German.docx\">Arbeitsblatt &#8211; Vorlage und Beispiel f\u00fcr einen individuellen Entwicklungsplan<\/a><\/p>\n<p><a href=\"https:\/\/t4lent.eu\/wp-content\/uploads\/2021\/05\/IO3_M03_Unit_03_Worksheet_Professional_Development_Plan_Template-and-Example_German.docx\">Arbeitsblatt &#8211; Vorlage und Beispiel f\u00fcr einen pers\u00f6nlichen Entwicklungsplan 02 (Personal Growth Plan)<\/a><\/p>\n<\/div>\n\t\t\t\t<\/div>\n\t\t\t\t\t\t\t<div class=\"elementor-accordion-item\">\n\t\t\t\t\t<div id=\"elementor-tab-title-1804\" class=\"elementor-tab-title\" data-tab=\"4\" role=\"tab\" aria-controls=\"elementor-tab-content-1804\">\n\t\t\t\t\t\t\t\t\t\t\t\t\t<span class=\"elementor-accordion-icon elementor-accordion-icon-left\" aria-hidden=\"true\">\n\t\t\t\t\t\t\t\t\t\t\t\t\t\t\t<span class=\"elementor-accordion-icon-closed\"><i class=\"fas fa-plus\"><\/i><\/span>\n\t\t\t\t\t\t\t\t<span class=\"elementor-accordion-icon-opened\"><i class=\"fas fa-minus\"><\/i><\/span>\n\t\t\t\t\t\t\t\t\t\t\t\t\t\t<\/span>\n\t\t\t\t\t\t\t\t\t\t\t\t<a class=\"elementor-accordion-title\" href=\"\">Zus\u00e4tzliche Materialien<\/a>\n\t\t\t\t\t<\/div>\n\t\t\t\t\t<div id=\"elementor-tab-content-1804\" class=\"elementor-tab-content elementor-clearfix\" data-tab=\"4\" role=\"tabpanel\" aria-labelledby=\"elementor-tab-title-1804\"><p><a href=\"https:\/\/t4lent.eu\/wp-content\/uploads\/2021\/05\/IO3_M03_Talent-4.0_Assessment_German.docx\">\u00dcberpr\u00fcfen Sie Ihr Wissen mit unserem Modul 03 &#8211; Selbsttest<\/a><\/p>\n<p><a href=\"https:\/\/t4lent.eu\/wp-content\/uploads\/2021\/05\/IO3_Talent-4.0_Checklist_Module_03_DE.docx\">Modul 03 Checkliste<\/a><\/p>\n<\/div>\n\t\t\t\t<\/div>\n\t\t\t\t\t<\/div>\n\t\t\t\t<\/div>\n\t\t\t\t<\/div>\n\t\t\t\t\t\t<\/div>\n\t\t\t\t\t<\/div>\n\t\t<\/div>\n\t\t\t\t\t\t\t\t<\/div>\n\t\t\t\t\t<\/div>\n\t\t<\/section>\n\t\t\t\t\t\t<\/div>\n\t\t\t\t\t\t<\/div>\n\t\t\t\t\t<\/div>\n\t\t","protected":false},"excerpt":{"rendered":"<p>Identifizieren Sie die Talente Ihres Teams und bauen Sie sie auf Dieses Modul konzentriert sich auf die Mitarbeiterentwicklung und ihre Bedeutung f\u00fcr Unternehmen und KMUs als eine der wichtigsten Praktiken des Talentmanagements. Es bietet Ihnen eine gute Einf\u00fchrung in das Konzept der Mitarbeiterentwicklung, um ein grundlegendes Verst\u00e4ndnis des Prozesses zu erlangen und Sie bei der &#8230; <a title=\"Modul 03: Talente entwickeln\" class=\"read-more\" href=\"https:\/\/t4lent.eu\/index.php\/talent-4-0-schulungsprogramm\/modul-03-talente-entwickeln\/?lang=de\" aria-label=\"More on Modul 03: Talente entwickeln\">Read more<\/a><\/p>\n","protected":false},"author":3,"featured_media":0,"parent":2405,"menu_order":3,"comment_status":"closed","ping_status":"closed","template":"","meta":{"_monsterinsights_skip_tracking":false,"_monsterinsights_sitenote_active":false,"_monsterinsights_sitenote_note":"","_monsterinsights_sitenote_category":0},"_links":{"self":[{"href":"https:\/\/t4lent.eu\/index.php\/wp-json\/wp\/v2\/pages\/3949"}],"collection":[{"href":"https:\/\/t4lent.eu\/index.php\/wp-json\/wp\/v2\/pages"}],"about":[{"href":"https:\/\/t4lent.eu\/index.php\/wp-json\/wp\/v2\/types\/page"}],"author":[{"embeddable":true,"href":"https:\/\/t4lent.eu\/index.php\/wp-json\/wp\/v2\/users\/3"}],"replies":[{"embeddable":true,"href":"https:\/\/t4lent.eu\/index.php\/wp-json\/wp\/v2\/comments?post=3949"}],"version-history":[{"count":12,"href":"https:\/\/t4lent.eu\/index.php\/wp-json\/wp\/v2\/pages\/3949\/revisions"}],"predecessor-version":[{"id":4414,"href":"https:\/\/t4lent.eu\/index.php\/wp-json\/wp\/v2\/pages\/3949\/revisions\/4414"}],"up":[{"embeddable":true,"href":"https:\/\/t4lent.eu\/index.php\/wp-json\/wp\/v2\/pages\/2405"}],"wp:attachment":[{"href":"https:\/\/t4lent.eu\/index.php\/wp-json\/wp\/v2\/media?parent=3949"}],"curies":[{"name":"wp","href":"https:\/\/api.w.org\/{rel}","templated":true}]}}