{"id":3790,"date":"2021-05-05T14:30:19","date_gmt":"2021-05-05T12:30:19","guid":{"rendered":"https:\/\/t4lent.eu\/index.php\/talent-4-0-schulungsprogramm\/modul-01-einchecken-in-das-talentmanagement-fuer-die-industrie-4-0\/"},"modified":"2021-05-18T15:45:00","modified_gmt":"2021-05-18T13:45:00","slug":"modul-01-einchecken-in-das-talentmanagement-fuer-die-industrie-4-0","status":"publish","type":"page","link":"https:\/\/t4lent.eu\/index.php\/talent-4-0-schulungsprogramm\/modul-01-einchecken-in-das-talentmanagement-fuer-die-industrie-4-0\/?lang=de","title":{"rendered":"Modul 01: Einchecken in das Talentmanagement f\u00fcr die Industrie 4.0"},"content":{"rendered":"\t\t<div data-elementor-type=\"wp-page\" data-elementor-id=\"3790\" class=\"elementor elementor-3790 elementor-745\" data-elementor-settings=\"[]\">\n\t\t\t\t\t\t<div class=\"elementor-inner\">\n\t\t\t\t\t\t\t<div class=\"elementor-section-wrap\">\n\t\t\t\t\t\t\t<section class=\"elementor-section elementor-top-section elementor-element elementor-element-4f43ee5f elementor-section-boxed elementor-section-height-default elementor-section-height-default\" data-id=\"4f43ee5f\" data-element_type=\"section\">\n\t\t\t\t\t\t<div class=\"elementor-container elementor-column-gap-default\">\n\t\t\t\t\t\t\t<div class=\"elementor-row\">\n\t\t\t\t\t<div class=\"elementor-column elementor-col-100 elementor-top-column elementor-element elementor-element-4738bb9c\" data-id=\"4738bb9c\" data-element_type=\"column\">\n\t\t\t<div class=\"elementor-column-wrap elementor-element-populated\">\n\t\t\t\t\t\t\t<div class=\"elementor-widget-wrap\">\n\t\t\t\t\t\t<div class=\"elementor-element elementor-element-510e4bce elementor-widget elementor-widget-heading\" data-id=\"510e4bce\" data-element_type=\"widget\" data-widget_type=\"heading.default\">\n\t\t\t\t<div class=\"elementor-widget-container\">\n\t\t\t<h2 class=\"elementor-heading-title elementor-size-default\">Einchecken in das Talentmanagement f\u00fcr die Industrie 4.0<\/h2>\t\t<\/div>\n\t\t\t\t<\/div>\n\t\t\t\t\t\t<\/div>\n\t\t\t\t\t<\/div>\n\t\t<\/div>\n\t\t\t\t\t\t\t\t<\/div>\n\t\t\t\t\t<\/div>\n\t\t<\/section>\n\t\t\t\t<section class=\"elementor-section elementor-top-section elementor-element elementor-element-d3fa5d5 elementor-section-boxed elementor-section-height-default elementor-section-height-default\" data-id=\"d3fa5d5\" data-element_type=\"section\">\n\t\t\t\t\t\t<div class=\"elementor-container elementor-column-gap-default\">\n\t\t\t\t\t\t\t<div class=\"elementor-row\">\n\t\t\t\t\t<div class=\"elementor-column elementor-col-50 elementor-top-column elementor-element elementor-element-5375506\" data-id=\"5375506\" data-element_type=\"column\">\n\t\t\t<div class=\"elementor-column-wrap elementor-element-populated\">\n\t\t\t\t\t\t\t<div class=\"elementor-widget-wrap\">\n\t\t\t\t\t\t<div class=\"elementor-element elementor-element-52c8f2e elementor-widget elementor-widget-text-editor\" data-id=\"52c8f2e\" data-element_type=\"widget\" data-widget_type=\"text-editor.default\">\n\t\t\t\t<div class=\"elementor-widget-container\">\n\t\t\t\t\t<div class=\"elementor-text-editor elementor-clearfix\"><p>Dieses Modul soll die KMU dabei unterst\u00fctzen, die Notwendigkeit und die Hintergr\u00fcnde eines modernen Talentmanagements zu verstehen und ihnen zeigen, wie es helfen kann, die HR-Aktivit\u00e4ten so zu optimieren, dass ihre Gesch\u00e4ftsziele leichter zu erreichen sind, z.B. wie man die richtigen Leute findet, sie in die richtige Position bringt und sie dazu bewegt, bleiben zu wollen. Es wird die KMU bei ihren ersten Schritten wie Talentdefinitionen, Strategieentwicklung und Kompetenzmodellierung anleiten.<\/p>\n<\/div>\n\t\t\t\t<\/div>\n\t\t\t\t<\/div>\n\t\t\t\t\t\t<\/div>\n\t\t\t\t\t<\/div>\n\t\t<\/div>\n\t\t\t\t<div class=\"elementor-column elementor-col-50 elementor-top-column elementor-element elementor-element-aa2e2bc\" data-id=\"aa2e2bc\" data-element_type=\"column\">\n\t\t\t<div class=\"elementor-column-wrap elementor-element-populated\">\n\t\t\t\t\t\t\t<div class=\"elementor-widget-wrap\">\n\t\t\t\t\t\t<div class=\"elementor-element elementor-element-3027323 elementor-aspect-ratio-169 elementor-widget elementor-widget-video\" data-id=\"3027323\" data-element_type=\"widget\" data-settings=\"{&quot;youtube_url&quot;:&quot;https:\\\/\\\/www.youtube.com\\\/watch?v=WQavMlaXSBk&quot;,&quot;video_type&quot;:&quot;youtube&quot;,&quot;controls&quot;:&quot;yes&quot;,&quot;aspect_ratio&quot;:&quot;169&quot;}\" data-widget_type=\"video.default\">\n\t\t\t\t<div class=\"elementor-widget-container\">\n\t\t\t\t\t<div class=\"elementor-wrapper elementor-fit-aspect-ratio elementor-open-inline\">\n\t\t\t<div class=\"elementor-video\"><\/div>\t\t<\/div>\n\t\t\t\t<\/div>\n\t\t\t\t<\/div>\n\t\t\t\t\t\t<\/div>\n\t\t\t\t\t<\/div>\n\t\t<\/div>\n\t\t\t\t\t\t\t\t<\/div>\n\t\t\t\t\t<\/div>\n\t\t<\/section>\n\t\t\t\t<section class=\"elementor-section elementor-top-section elementor-element elementor-element-9e02c89 elementor-section-boxed elementor-section-height-default elementor-section-height-default\" data-id=\"9e02c89\" data-element_type=\"section\">\n\t\t\t\t\t\t<div class=\"elementor-container elementor-column-gap-default\">\n\t\t\t\t\t\t\t<div class=\"elementor-row\">\n\t\t\t\t\t<div class=\"elementor-column elementor-col-100 elementor-top-column elementor-element elementor-element-d3580dc\" data-id=\"d3580dc\" data-element_type=\"column\">\n\t\t\t<div class=\"elementor-column-wrap elementor-element-populated\">\n\t\t\t\t\t\t\t<div class=\"elementor-widget-wrap\">\n\t\t\t\t\t\t<div class=\"elementor-element elementor-element-c8a1f30 elementor-widget elementor-widget-spacer\" data-id=\"c8a1f30\" data-element_type=\"widget\" data-widget_type=\"spacer.default\">\n\t\t\t\t<div class=\"elementor-widget-container\">\n\t\t\t\t\t<div class=\"elementor-spacer\">\n\t\t\t<div class=\"elementor-spacer-inner\"><\/div>\n\t\t<\/div>\n\t\t\t\t<\/div>\n\t\t\t\t<\/div>\n\t\t\t\t\t\t<\/div>\n\t\t\t\t\t<\/div>\n\t\t<\/div>\n\t\t\t\t\t\t\t\t<\/div>\n\t\t\t\t\t<\/div>\n\t\t<\/section>\n\t\t\t\t<section class=\"elementor-section elementor-top-section elementor-element elementor-element-3f333b4 elementor-section-boxed elementor-section-height-default elementor-section-height-default\" data-id=\"3f333b4\" data-element_type=\"section\">\n\t\t\t\t\t\t<div class=\"elementor-container elementor-column-gap-default\">\n\t\t\t\t\t\t\t<div class=\"elementor-row\">\n\t\t\t\t\t<div class=\"elementor-column elementor-col-100 elementor-top-column elementor-element elementor-element-823ba04\" data-id=\"823ba04\" data-element_type=\"column\">\n\t\t\t<div class=\"elementor-column-wrap elementor-element-populated\">\n\t\t\t\t\t\t\t<div class=\"elementor-widget-wrap\">\n\t\t\t\t\t\t<div class=\"elementor-element elementor-element-9606485 elementor-widget elementor-widget-accordion\" data-id=\"9606485\" data-element_type=\"widget\" data-widget_type=\"accordion.default\">\n\t\t\t\t<div class=\"elementor-widget-container\">\n\t\t\t\t\t<div class=\"elementor-accordion\" role=\"tablist\">\n\t\t\t\t\t\t\t<div class=\"elementor-accordion-item\">\n\t\t\t\t\t<div id=\"elementor-tab-title-1571\" class=\"elementor-tab-title\" data-tab=\"1\" role=\"tab\" aria-controls=\"elementor-tab-content-1571\">\n\t\t\t\t\t\t\t\t\t\t\t\t\t<span class=\"elementor-accordion-icon elementor-accordion-icon-left\" aria-hidden=\"true\">\n\t\t\t\t\t\t\t\t\t\t\t\t\t\t\t<span class=\"elementor-accordion-icon-closed\"><i class=\"fas fa-plus\"><\/i><\/span>\n\t\t\t\t\t\t\t\t<span class=\"elementor-accordion-icon-opened\"><i class=\"fas fa-minus\"><\/i><\/span>\n\t\t\t\t\t\t\t\t\t\t\t\t\t\t<\/span>\n\t\t\t\t\t\t\t\t\t\t\t\t<a class=\"elementor-accordion-title\" href=\"\">Kapitel 01: Talent Management 4.0 \u2013 was bedeutet es und was sollte man beachten?<\/a>\n\t\t\t\t\t<\/div>\n\t\t\t\t\t<div id=\"elementor-tab-content-1571\" class=\"elementor-tab-content elementor-clearfix\" data-tab=\"1\" role=\"tabpanel\" aria-labelledby=\"elementor-tab-title-1571\"><p>Diese Lerneinheit sensibilisiert die Lernenden daf\u00fcr, die Definition von Talent (in einem gesch\u00e4ftlichen Kontext) als etwas h\u00f6chst Subjektives, Individuelles und Fragiles, das von spezifischen organisatorischen und sektoralen Anforderungen angetrieben wird und nicht universell ist, zu betrachten. Beispielsweise ver\u00e4ndern sich Produkte und Dienstleistungen in vielen Branchen aufgrund der Digitalisierung. Dieser Wandel wirkt sich direkt auf die spezifischen Anforderungen an professionelles Know-how und F\u00e4higkeiten aus. Talent ist also nichts Statisches, sondern etwas, das sich st\u00e4ndig weiterentwickelt. Ziel dieser Lerneinheit ist es, die Reflexion \u00fcber die \u201eAnforderungen an das Talentmanagement f\u00fcr die Industrie 4.0\u201c f\u00fcr ihr Unternehmen zu sch\u00e4rfen und ihnen dabei zu helfen, ihren Fokus auf das Wesentliche zu lenken.<\/p>\n<p><strong>Themen:<\/strong><\/p>\n<ul>\n<li>Gesellschaftliche, kulturelle und wirtschaftliche Faktoren, die sich auf Unternehmen und ihre Bem\u00fchungen im Bereich des Talentmanagements auswirken<\/li>\n<li>Ans\u00e4tze f\u00fcr Talent und Talentmanagement<\/li>\n<li>Talentmanagement f\u00fcr die Industrie 4.0 \/ KMU und was es konkret ist<\/li>\n<li>Typische Elemente eines integrativen Talentmanagement-Modells<\/li>\n<li>Ein Credo formulieren und das Wesen Ihres Unternehmens identifizieren &#8211; der erste Schritt zum Talentmanagement<\/li>\n<\/ul>\n<p><strong>Materialien:<\/strong><br \/>\n<a href=\"https:\/\/t4lent.eu\/wp-content\/uploads\/2021\/05\/IO3_M01_Unit01_vOK_German.pptx\">Lektion 01 &#8211; Einstieg in das Talent Management 4.0<\/a><\/p>\n<p><a href=\"https:\/\/t4lent.eu\/wp-content\/uploads\/2021\/05\/IO3_M01_Unit01_Worksheet_01.1_Defining_Talent-vOK-German.docx\">Arbeitsblatt 01.1 &#8211; Talent definieren<\/a><\/p>\n<p><a href=\"https:\/\/t4lent.eu\/wp-content\/uploads\/2021\/05\/IO3_M01_Unit01_Worksheet_01.2_Creating_your_creed-vOK-German.docx\">Arbeitsblatt 01.2 &#8211; Ihr Glaubensbekenntnis erstellen<\/a><\/p>\n<\/div>\n\t\t\t\t<\/div>\n\t\t\t\t\t\t\t<div class=\"elementor-accordion-item\">\n\t\t\t\t\t<div id=\"elementor-tab-title-1572\" class=\"elementor-tab-title\" data-tab=\"2\" role=\"tab\" aria-controls=\"elementor-tab-content-1572\">\n\t\t\t\t\t\t\t\t\t\t\t\t\t<span class=\"elementor-accordion-icon elementor-accordion-icon-left\" aria-hidden=\"true\">\n\t\t\t\t\t\t\t\t\t\t\t\t\t\t\t<span class=\"elementor-accordion-icon-closed\"><i class=\"fas fa-plus\"><\/i><\/span>\n\t\t\t\t\t\t\t\t<span class=\"elementor-accordion-icon-opened\"><i class=\"fas fa-minus\"><\/i><\/span>\n\t\t\t\t\t\t\t\t\t\t\t\t\t\t<\/span>\n\t\t\t\t\t\t\t\t\t\t\t\t<a class=\"elementor-accordion-title\" href=\"\">Kapitel 02: Entwicklung Ihrer eigenen Talentmanagement-Strategie<\/a>\n\t\t\t\t\t<\/div>\n\t\t\t\t\t<div id=\"elementor-tab-content-1572\" class=\"elementor-tab-content elementor-clearfix\" data-tab=\"2\" role=\"tabpanel\" aria-labelledby=\"elementor-tab-title-1572\"><p>Diese Lerneinheit hilft den KMU, ihre Aufmerksamkeit auf die f\u00fcr ihren Erfolg entscheidenden Schl\u00fcsselfaktoren zu lenken, um ihre Talentmanagement-Ma\u00dfnahmen mit ihrer Gesch\u00e4ftsstrategie und aktuellen und zuk\u00fcnftigen internen und externen Faktoren, die das Gesch\u00e4ft beeinflussen, zu verkn\u00fcpfen. Dies ist ein notwendiger vorbereitender Schritt, der unternommen werden muss, um ein nachhaltiges Talentmanagement-System zu schaffen. Eine gute Talentmanagement-Strategie hilft den Unternehmen dabei, aktuelle Herausforderungen wie Digitalisierung, Automatisierung, Mangel an spezialisierten Arbeitskr\u00e4ften, Kulturwandel, Klimawandel und andere klar zu identifizieren und entsprechend anzugehen.<\/p>\n<h3><strong>Themen:<\/strong><\/h3>\n<div>\n<ul>\n<li>Bestandteile einer erfolgreichen Talentstrategie<\/li>\n<li>Analyse der Situation und Definition der Ziele<\/li>\n<li>Entwurf eines Ma\u00dfnahmenplans f\u00fcr Talentmanagement-Strategie<\/li>\n<\/ul>\n<\/div>\n<p><strong>Materialien:<\/strong><\/p>\n<p><a href=\"https:\/\/t4lent.eu\/wp-content\/uploads\/2021\/05\/IO3_M01_Unit02_vOK-German.pptx\">Unit 02 &#8211; Entwicklung Ihrer eigenen Talentmanagement Strategie<\/a><\/p>\n<p><a href=\"https:\/\/t4lent.eu\/wp-content\/uploads\/2021\/05\/IO3_M01_Unit02_Talent_Strategy_Tool-vOK-German.pptx\">Talent Strategy Tool<\/a><\/p>\n<\/div>\n\t\t\t\t<\/div>\n\t\t\t\t\t\t\t<div class=\"elementor-accordion-item\">\n\t\t\t\t\t<div id=\"elementor-tab-title-1573\" class=\"elementor-tab-title\" data-tab=\"3\" role=\"tab\" aria-controls=\"elementor-tab-content-1573\">\n\t\t\t\t\t\t\t\t\t\t\t\t\t<span class=\"elementor-accordion-icon elementor-accordion-icon-left\" aria-hidden=\"true\">\n\t\t\t\t\t\t\t\t\t\t\t\t\t\t\t<span class=\"elementor-accordion-icon-closed\"><i class=\"fas fa-plus\"><\/i><\/span>\n\t\t\t\t\t\t\t\t<span class=\"elementor-accordion-icon-opened\"><i class=\"fas fa-minus\"><\/i><\/span>\n\t\t\t\t\t\t\t\t\t\t\t\t\t\t<\/span>\n\t\t\t\t\t\t\t\t\t\t\t\t<a class=\"elementor-accordion-title\" href=\"\">Kapitel 03: Einstieg in die Talentsegmentierung und Kompetenzplanung<\/a>\n\t\t\t\t\t<\/div>\n\t\t\t\t\t<div id=\"elementor-tab-content-1573\" class=\"elementor-tab-content elementor-clearfix\" data-tab=\"3\" role=\"tabpanel\" aria-labelledby=\"elementor-tab-title-1573\"><p>Diese abschlie\u00dfende Lerneinheit des Moduls 01 besteht aus sehr wichtigen Kernschritten zu einem erfolgreichen Talentmanagement. Sie bef\u00e4higt die KMU, erfolgskritische Kompetenzen und Verhaltensweisen klar zu definieren, entscheidende Talente (bzw. Talentsegmente) zu identifizieren und die Zukunft systematisch einzusch\u00e4tzen und zu planen.<\/p>\n<p>Wenn diese Schritte richtig ausgef\u00fchrt werden, unterst\u00fctzen sie alle wichtigen Talentmanagement-Bem\u00fchungen und HR-Praktiken, um erfolgreich zu sein. Diese Aufgaben bilden die Vorstufe f\u00fcr alle zuk\u00fcnftigen Talentanalysen und Web 4.0-basierten Aktivit\u00e4ten.<\/p>\n<h3><strong>Themen:<\/strong><\/h3>\n<ul>\n<li>Talentsegmentierung<\/li>\n<li>Kompetenzmodelle und -planung<\/li>\n<li>Instrumente f\u00fcr Ihre n\u00e4chsten Schritte im Bereich des Talentmanagements<\/li>\n<\/ul>\n<p><strong>Materialien:<\/strong><\/p>\n<p><a href=\"https:\/\/t4lent.eu\/wp-content\/uploads\/2021\/05\/IO3_M01_Unit03_vOK-German.pptx\">Unit 03 &#8211; Einstieg in die Talentsegmentierung und Kompetenzplanung<\/a><\/p>\n<p><a href=\"https:\/\/t4lent.eu\/wp-content\/uploads\/2021\/05\/IO3_M01_Unit03_Talent_Segmentation_Tool-vOK-German.pptx\">Talent Segmentation Tool<\/a><\/p>\n<p><a href=\"https:\/\/t4lent.eu\/wp-content\/uploads\/2021\/05\/IO3_M01_Unit03_Worksheet_03_Defining-crucial-competencies-vOK-German.docx\">Worksheet 01.3 &#8211; Defining crucial competencies<\/a><\/p>\n<p><a href=\"https:\/\/t4lent.eu\/wp-content\/uploads\/2021\/05\/IO3_M01_Unit03_Competency_Planning_Tool-vOK-German.pptx\">Competency Planning Tool<\/a><\/p>\n<\/div>\n\t\t\t\t<\/div>\n\t\t\t\t\t\t\t<div class=\"elementor-accordion-item\">\n\t\t\t\t\t<div id=\"elementor-tab-title-1574\" class=\"elementor-tab-title\" data-tab=\"4\" role=\"tab\" aria-controls=\"elementor-tab-content-1574\">\n\t\t\t\t\t\t\t\t\t\t\t\t\t<span class=\"elementor-accordion-icon elementor-accordion-icon-left\" aria-hidden=\"true\">\n\t\t\t\t\t\t\t\t\t\t\t\t\t\t\t<span class=\"elementor-accordion-icon-closed\"><i class=\"fas fa-plus\"><\/i><\/span>\n\t\t\t\t\t\t\t\t<span class=\"elementor-accordion-icon-opened\"><i class=\"fas fa-minus\"><\/i><\/span>\n\t\t\t\t\t\t\t\t\t\t\t\t\t\t<\/span>\n\t\t\t\t\t\t\t\t\t\t\t\t<a class=\"elementor-accordion-title\" href=\"\">Zus\u00e4tzliche Lehrmaterialien<\/a>\n\t\t\t\t\t<\/div>\n\t\t\t\t\t<div id=\"elementor-tab-content-1574\" class=\"elementor-tab-content elementor-clearfix\" data-tab=\"4\" role=\"tabpanel\" aria-labelledby=\"elementor-tab-title-1574\"><p><a href=\"https:\/\/forms.gle\/s3vh6EaZP7oGLgcH8\">Selbstbewertungsformular f\u00fcr Modul 01<\/a> um Ihr Wissen zu \u00fcberpr\u00fcfen<\/p>\n<p><a href=\"https:\/\/t4lent.eu\/wp-content\/uploads\/2021\/05\/IO3_Talent-4.0_Checklist_Module_01_DE.docx\">Modul 01 Checkliste<\/a> &#8211; die wichtigsten Schritte um mit Talentmanagement 4.0 zu starten<\/p>\n<\/div>\n\t\t\t\t<\/div>\n\t\t\t\t\t<\/div>\n\t\t\t\t<\/div>\n\t\t\t\t<\/div>\n\t\t\t\t\t\t<\/div>\n\t\t\t\t\t<\/div>\n\t\t<\/div>\n\t\t\t\t\t\t\t\t<\/div>\n\t\t\t\t\t<\/div>\n\t\t<\/section>\n\t\t\t\t\t\t<\/div>\n\t\t\t\t\t\t<\/div>\n\t\t\t\t\t<\/div>\n\t\t","protected":false},"excerpt":{"rendered":"<p>Einchecken in das Talentmanagement f\u00fcr die Industrie 4.0 Dieses Modul soll die KMU dabei unterst\u00fctzen, die Notwendigkeit und die Hintergr\u00fcnde eines modernen Talentmanagements zu verstehen und ihnen zeigen, wie es helfen kann, die HR-Aktivit\u00e4ten so zu optimieren, dass ihre Gesch\u00e4ftsziele leichter zu erreichen sind, z.B. wie man die richtigen Leute findet, sie in die richtige &#8230; <a title=\"Modul 01: Einchecken in das Talentmanagement f\u00fcr die Industrie 4.0\" class=\"read-more\" href=\"https:\/\/t4lent.eu\/index.php\/talent-4-0-schulungsprogramm\/modul-01-einchecken-in-das-talentmanagement-fuer-die-industrie-4-0\/?lang=de\" aria-label=\"More on Modul 01: Einchecken in das Talentmanagement f\u00fcr die Industrie 4.0\">Read more<\/a><\/p>\n","protected":false},"author":3,"featured_media":0,"parent":2405,"menu_order":1,"comment_status":"closed","ping_status":"closed","template":"","meta":{"_monsterinsights_skip_tracking":false,"_monsterinsights_sitenote_active":false,"_monsterinsights_sitenote_note":"","_monsterinsights_sitenote_category":0},"_links":{"self":[{"href":"https:\/\/t4lent.eu\/index.php\/wp-json\/wp\/v2\/pages\/3790"}],"collection":[{"href":"https:\/\/t4lent.eu\/index.php\/wp-json\/wp\/v2\/pages"}],"about":[{"href":"https:\/\/t4lent.eu\/index.php\/wp-json\/wp\/v2\/types\/page"}],"author":[{"embeddable":true,"href":"https:\/\/t4lent.eu\/index.php\/wp-json\/wp\/v2\/users\/3"}],"replies":[{"embeddable":true,"href":"https:\/\/t4lent.eu\/index.php\/wp-json\/wp\/v2\/comments?post=3790"}],"version-history":[{"count":9,"href":"https:\/\/t4lent.eu\/index.php\/wp-json\/wp\/v2\/pages\/3790\/revisions"}],"predecessor-version":[{"id":4316,"href":"https:\/\/t4lent.eu\/index.php\/wp-json\/wp\/v2\/pages\/3790\/revisions\/4316"}],"up":[{"embeddable":true,"href":"https:\/\/t4lent.eu\/index.php\/wp-json\/wp\/v2\/pages\/2405"}],"wp:attachment":[{"href":"https:\/\/t4lent.eu\/index.php\/wp-json\/wp\/v2\/media?parent=3790"}],"curies":[{"name":"wp","href":"https:\/\/api.w.org\/{rel}","templated":true}]}}