{"id":3786,"date":"2021-05-05T14:06:58","date_gmt":"2021-05-05T12:06:58","guid":{"rendered":"https:\/\/t4lent.eu\/index.php\/talent-4-0-schulungsprogramm\/module-04-talent-motivieren\/"},"modified":"2021-05-18T15:54:16","modified_gmt":"2021-05-18T13:54:16","slug":"module-04-talent-motivieren","status":"publish","type":"page","link":"https:\/\/t4lent.eu\/index.php\/talent-4-0-schulungsprogramm\/module-04-talent-motivieren\/?lang=de","title":{"rendered":"Module 04: Talent motivieren"},"content":{"rendered":"\t\t<div data-elementor-type=\"wp-page\" data-elementor-id=\"3786\" class=\"elementor elementor-3786 elementor-791\" data-elementor-settings=\"[]\">\n\t\t\t\t\t\t<div class=\"elementor-inner\">\n\t\t\t\t\t\t\t<div class=\"elementor-section-wrap\">\n\t\t\t\t\t\t\t<section class=\"elementor-section elementor-top-section elementor-element elementor-element-f4460c2 elementor-section-boxed elementor-section-height-default elementor-section-height-default\" data-id=\"f4460c2\" data-element_type=\"section\">\n\t\t\t\t\t\t<div class=\"elementor-container elementor-column-gap-default\">\n\t\t\t\t\t\t\t<div class=\"elementor-row\">\n\t\t\t\t\t<div class=\"elementor-column elementor-col-100 elementor-top-column elementor-element elementor-element-146f05a\" data-id=\"146f05a\" data-element_type=\"column\">\n\t\t\t<div class=\"elementor-column-wrap elementor-element-populated\">\n\t\t\t\t\t\t\t<div class=\"elementor-widget-wrap\">\n\t\t\t\t\t\t<div class=\"elementor-element elementor-element-ab37d7d elementor-widget elementor-widget-heading\" data-id=\"ab37d7d\" data-element_type=\"widget\" data-widget_type=\"heading.default\">\n\t\t\t\t<div class=\"elementor-widget-container\">\n\t\t\t<h2 class=\"elementor-heading-title elementor-size-default\">Eine Hochleistungskultur etablieren<\/h2>\t\t<\/div>\n\t\t\t\t<\/div>\n\t\t\t\t\t\t<\/div>\n\t\t\t\t\t<\/div>\n\t\t<\/div>\n\t\t\t\t\t\t\t\t<\/div>\n\t\t\t\t\t<\/div>\n\t\t<\/section>\n\t\t\t\t<section class=\"elementor-section elementor-top-section elementor-element elementor-element-1eedf0c elementor-section-boxed elementor-section-height-default elementor-section-height-default\" data-id=\"1eedf0c\" data-element_type=\"section\">\n\t\t\t\t\t\t<div class=\"elementor-container elementor-column-gap-default\">\n\t\t\t\t\t\t\t<div class=\"elementor-row\">\n\t\t\t\t\t<div class=\"elementor-column elementor-col-50 elementor-top-column elementor-element elementor-element-6ab685b\" data-id=\"6ab685b\" data-element_type=\"column\">\n\t\t\t<div class=\"elementor-column-wrap elementor-element-populated\">\n\t\t\t\t\t\t\t<div class=\"elementor-widget-wrap\">\n\t\t\t\t\t\t<div class=\"elementor-element elementor-element-8c31d6e elementor-widget elementor-widget-text-editor\" data-id=\"8c31d6e\" data-element_type=\"widget\" data-widget_type=\"text-editor.default\">\n\t\t\t\t<div class=\"elementor-widget-container\">\n\t\t\t\t\t<div class=\"elementor-text-editor elementor-clearfix\"><p><span class=\"JLqJ4b ChMk0b\" data-language-for-alternatives=\"de\" data-language-to-translate-into=\"auto\" data-phrase-index=\"0\">Dieses Modul soll den Teilnehmern helfen, zu verstehen, dass die Motivation der Mitarbeiter eines der wichtigsten Anliegen des Managements ist.<\/span> <span class=\"JLqJ4b ChMk0b\" data-language-for-alternatives=\"de\" data-language-to-translate-into=\"auto\" data-phrase-index=\"1\">Um Mitarbeiter erfolgreich zu motivieren, muss man verstehen, was sie motiviert und antreibt.<\/span> <span class=\"JLqJ4b ChMk0b\" data-language-for-alternatives=\"de\" data-language-to-translate-into=\"auto\" data-phrase-index=\"2\">Die Motivation der Mitarbeiter ist definiert als das Ma\u00df an Energie, Engagement, Ausdauer und Kreativit\u00e4t, das die Mitarbeiter eines Unternehmens in ihre Arbeit einbringen.<\/span> <span class=\"JLqJ4b ChMk0b\" data-language-for-alternatives=\"de\" data-language-to-translate-into=\"auto\" data-phrase-index=\"3\">Im Allgemeinen f\u00fchrt eine bessere Mitarbeitermotivation zu einem besseren Engagement und einer besseren Produktivit\u00e4t.<\/span><\/p>\n<p>Wir haben einen Mangel an qualifizierten und talentierten Arbeitskr\u00e4ften auf dem Arbeitsmarkt. Daher m\u00fcssen die Unternehmen Anstrengungen unternehmen, um die Talente ihrer Mitarbeiter zu motivieren und zu halten. Dieses Modul sensibilisiert die Mitarbeiter f\u00fcr das Thema \u201eMotivation\u201c. Eine neue Generation, die oft als \u201eGen Z\u201c bezeichnet wird, steigt in die Vollzeitbesch\u00e4ftigung ein. Jetzt ist es an der Zeit, mehr dar\u00fcber zu erfahren, wie sich ihre Erwartungen und Ziele erfolgreich in Ihre Arbeitskultur einf\u00fcgen k\u00f6nnen.<\/p>\n<\/div>\n\t\t\t\t<\/div>\n\t\t\t\t<\/div>\n\t\t\t\t\t\t<\/div>\n\t\t\t\t\t<\/div>\n\t\t<\/div>\n\t\t\t\t<div class=\"elementor-column elementor-col-50 elementor-top-column elementor-element elementor-element-ee12842\" data-id=\"ee12842\" data-element_type=\"column\">\n\t\t\t<div class=\"elementor-column-wrap elementor-element-populated\">\n\t\t\t\t\t\t\t<div class=\"elementor-widget-wrap\">\n\t\t\t\t\t\t<div class=\"elementor-element elementor-element-b04a2ca elementor-aspect-ratio-169 elementor-widget elementor-widget-video\" data-id=\"b04a2ca\" data-element_type=\"widget\" data-settings=\"{&quot;youtube_url&quot;:&quot;https:\\\/\\\/www.youtube.com\\\/watch?v=1T3l2qkE9Qg&quot;,&quot;video_type&quot;:&quot;youtube&quot;,&quot;controls&quot;:&quot;yes&quot;,&quot;aspect_ratio&quot;:&quot;169&quot;}\" data-widget_type=\"video.default\">\n\t\t\t\t<div class=\"elementor-widget-container\">\n\t\t\t\t\t<div class=\"elementor-wrapper elementor-fit-aspect-ratio elementor-open-inline\">\n\t\t\t<div class=\"elementor-video\"><\/div>\t\t<\/div>\n\t\t\t\t<\/div>\n\t\t\t\t<\/div>\n\t\t\t\t\t\t<\/div>\n\t\t\t\t\t<\/div>\n\t\t<\/div>\n\t\t\t\t\t\t\t\t<\/div>\n\t\t\t\t\t<\/div>\n\t\t<\/section>\n\t\t\t\t<section class=\"elementor-section elementor-top-section elementor-element elementor-element-bacbdf7 elementor-section-boxed elementor-section-height-default elementor-section-height-default\" data-id=\"bacbdf7\" data-element_type=\"section\">\n\t\t\t\t\t\t<div class=\"elementor-container elementor-column-gap-default\">\n\t\t\t\t\t\t\t<div class=\"elementor-row\">\n\t\t\t\t\t<div class=\"elementor-column elementor-col-100 elementor-top-column elementor-element elementor-element-91ceb50\" data-id=\"91ceb50\" data-element_type=\"column\">\n\t\t\t<div class=\"elementor-column-wrap elementor-element-populated\">\n\t\t\t\t\t\t\t<div class=\"elementor-widget-wrap\">\n\t\t\t\t\t\t<div class=\"elementor-element elementor-element-ac254d0 elementor-widget elementor-widget-accordion\" data-id=\"ac254d0\" data-element_type=\"widget\" data-widget_type=\"accordion.default\">\n\t\t\t\t<div class=\"elementor-widget-container\">\n\t\t\t\t\t<div class=\"elementor-accordion\" role=\"tablist\">\n\t\t\t\t\t\t\t<div class=\"elementor-accordion-item\">\n\t\t\t\t\t<div id=\"elementor-tab-title-1801\" class=\"elementor-tab-title\" data-tab=\"1\" role=\"tab\" aria-controls=\"elementor-tab-content-1801\">\n\t\t\t\t\t\t\t\t\t\t\t\t\t<span class=\"elementor-accordion-icon elementor-accordion-icon-left\" aria-hidden=\"true\">\n\t\t\t\t\t\t\t\t\t\t\t\t\t\t\t<span class=\"elementor-accordion-icon-closed\"><i class=\"fas fa-plus\"><\/i><\/span>\n\t\t\t\t\t\t\t\t<span class=\"elementor-accordion-icon-opened\"><i class=\"fas fa-minus\"><\/i><\/span>\n\t\t\t\t\t\t\t\t\t\t\t\t\t\t<\/span>\n\t\t\t\t\t\t\t\t\t\t\t\t<a class=\"elementor-accordion-title\" href=\"\">Kapitel 01 - Mitarbeiter Motivation \u2013 in der Theorie<\/a>\n\t\t\t\t\t<\/div>\n\t\t\t\t\t<div id=\"elementor-tab-content-1801\" class=\"elementor-tab-content elementor-clearfix\" data-tab=\"1\" role=\"tabpanel\" aria-labelledby=\"elementor-tab-title-1801\"><p>Um Ihre Mitarbeiter erfolgreich motivieren zu k\u00f6nnen, m\u00fcssen Sie die Theorie der Motivation vollst\u00e4ndig begreifen. Sobald Sie diese Grundlagen verstanden haben, k\u00f6nnen Sie sie in der Praxis anwenden. Diese Einheit befasst sich mit dem Verst\u00e4ndnis der Mitarbeitermotivation.<\/p>\n<h3><strong>Themen:<\/strong><\/h3>\n<ul>\n<li>Die Rolle der Motivation bei der Bestimmung der Mitarbeiterleistung<\/li>\n<li>Die Theorie \u2013 Bed\u00fcrfnishierarchie nach Abraham Maslow<\/li>\n<li>Was motiviert die Mitarbeiter<\/li>\n<li>Klassifizierung der grundlegenden Bed\u00fcrfnisse von Mitarbeitern<\/li>\n<\/ul>\n<p><strong>Materialien:<\/strong><\/p>\n<p><a href=\"https:\/\/t4lent.eu\/wp-content\/uploads\/2021\/05\/IO3_M04_U01_Motivate_vOK-German.pptx\">Unit 01 \u2013 Mitarbeitermotivation \u2013 in der Theorie<\/a><\/p>\n<\/div>\n\t\t\t\t<\/div>\n\t\t\t\t\t\t\t<div class=\"elementor-accordion-item\">\n\t\t\t\t\t<div id=\"elementor-tab-title-1802\" class=\"elementor-tab-title\" data-tab=\"2\" role=\"tab\" aria-controls=\"elementor-tab-content-1802\">\n\t\t\t\t\t\t\t\t\t\t\t\t\t<span class=\"elementor-accordion-icon elementor-accordion-icon-left\" aria-hidden=\"true\">\n\t\t\t\t\t\t\t\t\t\t\t\t\t\t\t<span class=\"elementor-accordion-icon-closed\"><i class=\"fas fa-plus\"><\/i><\/span>\n\t\t\t\t\t\t\t\t<span class=\"elementor-accordion-icon-opened\"><i class=\"fas fa-minus\"><\/i><\/span>\n\t\t\t\t\t\t\t\t\t\t\t\t\t\t<\/span>\n\t\t\t\t\t\t\t\t\t\t\t\t<a class=\"elementor-accordion-title\" href=\"\">Kapitel 02  - Wie man die Mitarbeitermotivation misst<\/a>\n\t\t\t\t\t<\/div>\n\t\t\t\t\t<div id=\"elementor-tab-content-1802\" class=\"elementor-tab-content elementor-clearfix\" data-tab=\"2\" role=\"tabpanel\" aria-labelledby=\"elementor-tab-title-1802\"><p>Es ist schwierig, Ihr kleines Unternehmen auszubauen, wenn Sie das Motivationsniveau Ihrer Mitarbeiter nicht messen k\u00f6nnen. Der Einsatz von Methoden zur Messung des Engagements und der Energie der Mitarbeiter kann die Aufgabe, diese Faktoren zu erh\u00f6hen, erleichtern.<\/p>\n<p>Die Mitarbeitermotivation ist einer der Schl\u00fcsselfaktoren f\u00fcr den Erfolg eines Unternehmens. Unternehmen, die motivierte Mitarbeiter haben, werden im obersten Perzentil eingestuft. Belohnungen, Jobmerkmale, Gehalt, Anerkennung und Wertsch\u00e4tzung, Arbeitsbedingungen, Weiterbildungs- \u00a0und Entwicklungsm\u00f6glichkeiten, Sicherheit am Arbeitsplatz, Leistungsbeurteilung, Bef\u00f6rderungen, F\u00fchrungsstill usw. sind die Faktoren, die Menschen am Arbeitsplatz motivieren. Es ist schwierig, Ihr kleines Unternehmen auszubauen, wenn Sie das Motivationsniveau Ihrer Mitarbeiter nicht messen k\u00f6nnen.<\/p>\n<h3><strong>Themen:<\/strong><\/h3>\n<ul>\n<li>Checkliste zur Messung der Mitarbeitermotivation<\/li>\n<li>Indikatoren zur Messung der Mitarbeitermotivation<\/li>\n<li>Methoden und Instrumente zur Leistungsmessung<\/li>\n<li>Mitarbeiter durch Leistungsbeurteilungen motivieren<\/li>\n<\/ul>\n<p><strong>Materialien:<\/strong><\/p>\n<p><a href=\"https:\/\/t4lent.eu\/wp-content\/uploads\/2021\/05\/IO3_M4_U02_Motivate_vOK-German.pptx\">Folien und Ressourcen Unit 02 &#8211; Mitarbeitermotivation messen<\/a><\/p>\n<\/div>\n\t\t\t\t<\/div>\n\t\t\t\t\t\t\t<div class=\"elementor-accordion-item\">\n\t\t\t\t\t<div id=\"elementor-tab-title-1803\" class=\"elementor-tab-title\" data-tab=\"3\" role=\"tab\" aria-controls=\"elementor-tab-content-1803\">\n\t\t\t\t\t\t\t\t\t\t\t\t\t<span class=\"elementor-accordion-icon elementor-accordion-icon-left\" aria-hidden=\"true\">\n\t\t\t\t\t\t\t\t\t\t\t\t\t\t\t<span class=\"elementor-accordion-icon-closed\"><i class=\"fas fa-plus\"><\/i><\/span>\n\t\t\t\t\t\t\t\t<span class=\"elementor-accordion-icon-opened\"><i class=\"fas fa-minus\"><\/i><\/span>\n\t\t\t\t\t\t\t\t\t\t\t\t\t\t<\/span>\n\t\t\t\t\t\t\t\t\t\t\t\t<a class=\"elementor-accordion-title\" href=\"\">Kapitel 03 - Wie man die Mitarbeitermotivation verbessert<\/a>\n\t\t\t\t\t<\/div>\n\t\t\t\t\t<div id=\"elementor-tab-content-1803\" class=\"elementor-tab-content elementor-clearfix\" data-tab=\"3\" role=\"tabpanel\" aria-labelledby=\"elementor-tab-title-1803\"><p>Die Mitarbeitermotivation ist ein kritischer Aspekt am Arbeitsplatz, der zur Leistung der Abteilung und sogar des Unternehmens f\u00fchrt. Die Motivation der Mitarbeiter zu verbessern, muss eine regelm\u00e4\u00dfige Routine sein. Jeder Mitarbeiter ist anders und nicht die gleichen Dinge motivieren ihn. Es gibt jedoch einige Tipps zur Mitarbeitermotivation, die jeder Arbeitgeber befolgen sollte. Diese Lerneinheit befasst sich mit Methoden und Wegen zur Verbesserung der Mitarbeitermotivation.<\/p>\n<h3><strong>Themen:<\/strong><\/h3>\n<p>Am Ende dieser Lerneinheit werden Sie die Mitarbeitermotivation durch hilfreiche Tipps und best practice Beispiele verbessern k\u00f6nnen:<\/p>\n<ul>\n<li>Verbesserung der internen Kommunikation<\/li>\n<li>Aufbau eines positiven Arbeitsumfelds<\/li>\n<li>Schaffung einer positiven Unternehmenskultur<\/li>\n<li>Motivierung \/ Belohnung der Mitarbeiter<\/li>\n<li>Tipps zur Verbesserung der Mitarbeitermotivation<\/li>\n<\/ul>\n<p><strong>Materialien:<\/strong><\/p>\n<div><a href=\"https:\/\/t4lent.eu\/wp-content\/uploads\/2021\/05\/IO3_M4_U03_Motivate_vOK-German.pptx\">Unit 03 Folien und Ressourcen &#8211; Mitarbeitermotivation verbessern<\/a><\/div>\n<\/div>\n\t\t\t\t<\/div>\n\t\t\t\t\t\t\t<div class=\"elementor-accordion-item\">\n\t\t\t\t\t<div id=\"elementor-tab-title-1804\" class=\"elementor-tab-title\" data-tab=\"4\" role=\"tab\" aria-controls=\"elementor-tab-content-1804\">\n\t\t\t\t\t\t\t\t\t\t\t\t\t<span class=\"elementor-accordion-icon elementor-accordion-icon-left\" aria-hidden=\"true\">\n\t\t\t\t\t\t\t\t\t\t\t\t\t\t\t<span class=\"elementor-accordion-icon-closed\"><i class=\"fas fa-plus\"><\/i><\/span>\n\t\t\t\t\t\t\t\t<span class=\"elementor-accordion-icon-opened\"><i class=\"fas fa-minus\"><\/i><\/span>\n\t\t\t\t\t\t\t\t\t\t\t\t\t\t<\/span>\n\t\t\t\t\t\t\t\t\t\t\t\t<a class=\"elementor-accordion-title\" href=\"\">Zus\u00e4tzliche Ressourcen<\/a>\n\t\t\t\t\t<\/div>\n\t\t\t\t\t<div id=\"elementor-tab-content-1804\" class=\"elementor-tab-content elementor-clearfix\" data-tab=\"4\" role=\"tabpanel\" aria-labelledby=\"elementor-tab-title-1804\"><p><a href=\"https:\/\/forms.gle\/u2K2LWQTFUCtF74v7\">Testen Sie Ihr Wissen mit Module 04 &#8211;\u00a0 Selbsteinsch\u00e4tzung<\/a><\/p>\n<p><a href=\"https:\/\/t4lent.eu\/wp-content\/uploads\/2021\/05\/IO3_Talent-4.0_Checklist_Module_04_DE.docx\">Modul 04 Checkliste<\/a><\/p>\n<\/div>\n\t\t\t\t<\/div>\n\t\t\t\t\t<\/div>\n\t\t\t\t<\/div>\n\t\t\t\t<\/div>\n\t\t\t\t\t\t<\/div>\n\t\t\t\t\t<\/div>\n\t\t<\/div>\n\t\t\t\t\t\t\t\t<\/div>\n\t\t\t\t\t<\/div>\n\t\t<\/section>\n\t\t\t\t\t\t<\/div>\n\t\t\t\t\t\t<\/div>\n\t\t\t\t\t<\/div>\n\t\t","protected":false},"excerpt":{"rendered":"<p>Eine Hochleistungskultur etablieren Dieses Modul soll den Teilnehmern helfen, zu verstehen, dass die Motivation der Mitarbeiter eines der wichtigsten Anliegen des Managements ist. Um Mitarbeiter erfolgreich zu motivieren, muss man verstehen, was sie motiviert und antreibt. Die Motivation der Mitarbeiter ist definiert als das Ma\u00df an Energie, Engagement, Ausdauer und Kreativit\u00e4t, das die Mitarbeiter eines &#8230; <a title=\"Module 04: Talent motivieren\" class=\"read-more\" href=\"https:\/\/t4lent.eu\/index.php\/talent-4-0-schulungsprogramm\/module-04-talent-motivieren\/?lang=de\" aria-label=\"More on Module 04: Talent motivieren\">Read more<\/a><\/p>\n","protected":false},"author":3,"featured_media":0,"parent":2405,"menu_order":4,"comment_status":"closed","ping_status":"closed","template":"","meta":{"_monsterinsights_skip_tracking":false,"_monsterinsights_sitenote_active":false,"_monsterinsights_sitenote_note":"","_monsterinsights_sitenote_category":0},"_links":{"self":[{"href":"https:\/\/t4lent.eu\/index.php\/wp-json\/wp\/v2\/pages\/3786"}],"collection":[{"href":"https:\/\/t4lent.eu\/index.php\/wp-json\/wp\/v2\/pages"}],"about":[{"href":"https:\/\/t4lent.eu\/index.php\/wp-json\/wp\/v2\/types\/page"}],"author":[{"embeddable":true,"href":"https:\/\/t4lent.eu\/index.php\/wp-json\/wp\/v2\/users\/3"}],"replies":[{"embeddable":true,"href":"https:\/\/t4lent.eu\/index.php\/wp-json\/wp\/v2\/comments?post=3786"}],"version-history":[{"count":12,"href":"https:\/\/t4lent.eu\/index.php\/wp-json\/wp\/v2\/pages\/3786\/revisions"}],"predecessor-version":[{"id":4440,"href":"https:\/\/t4lent.eu\/index.php\/wp-json\/wp\/v2\/pages\/3786\/revisions\/4440"}],"up":[{"embeddable":true,"href":"https:\/\/t4lent.eu\/index.php\/wp-json\/wp\/v2\/pages\/2405"}],"wp:attachment":[{"href":"https:\/\/t4lent.eu\/index.php\/wp-json\/wp\/v2\/media?parent=3786"}],"curies":[{"name":"wp","href":"https:\/\/api.w.org\/{rel}","templated":true}]}}