{"id":3693,"date":"2021-05-05T11:19:21","date_gmt":"2021-05-05T09:19:21","guid":{"rendered":"https:\/\/t4lent.eu\/index.php\/tools-zur-entwicklung-von-talenten\/tool-02-building-tomorrows-talent-ein-leitfaden-fuer-praktiker-zum-thema-talentmanagement-und-nachfolgeplanung\/"},"modified":"2021-05-05T11:19:22","modified_gmt":"2021-05-05T09:19:22","slug":"tool-02-building-tomorrows-talent-ein-leitfaden-fuer-praktiker-zum-thema-talentmanagement-und-nachfolgeplanung","status":"publish","type":"page","link":"https:\/\/t4lent.eu\/index.php\/tools-zur-entwicklung-von-talenten\/tool-02-building-tomorrows-talent-ein-leitfaden-fuer-praktiker-zum-thema-talentmanagement-und-nachfolgeplanung\/?lang=de","title":{"rendered":"Tool 02: Building Tomorrow&#8217;s Talent: Ein Leitfaden f\u00fcr Praktiker zum Thema Talentmanagement und Nachfolgeplanung"},"content":{"rendered":"\t\t<div data-elementor-type=\"wp-page\" data-elementor-id=\"3693\" class=\"elementor elementor-3693 elementor-577\" data-elementor-settings=\"[]\">\n\t\t\t\t\t\t<div class=\"elementor-inner\">\n\t\t\t\t\t\t\t<div class=\"elementor-section-wrap\">\n\t\t\t\t\t\t\t<section class=\"elementor-section elementor-top-section elementor-element elementor-element-16505af elementor-section-boxed elementor-section-height-default elementor-section-height-default\" data-id=\"16505af\" data-element_type=\"section\">\n\t\t\t\t\t\t<div class=\"elementor-container elementor-column-gap-default\">\n\t\t\t\t\t\t\t<div class=\"elementor-row\">\n\t\t\t\t\t<div class=\"elementor-column elementor-col-100 elementor-top-column elementor-element elementor-element-43759e77\" data-id=\"43759e77\" data-element_type=\"column\">\n\t\t\t<div class=\"elementor-column-wrap elementor-element-populated\">\n\t\t\t\t\t\t\t<div class=\"elementor-widget-wrap\">\n\t\t\t\t\t\t<div class=\"elementor-element elementor-element-76c4a662 elementor-widget elementor-widget-heading\" data-id=\"76c4a662\" data-element_type=\"widget\" data-widget_type=\"heading.default\">\n\t\t\t\t<div class=\"elementor-widget-container\">\n\t\t\t<h2 class=\"elementor-heading-title elementor-size-default\">Building Tomorrow's Talent: Ein Leitfaden f\u00fcr Praktiker zum Thema Talentmanagement und Nachfolgeplanung<\/h2>\t\t<\/div>\n\t\t\t\t<\/div>\n\t\t\t\t\t\t<\/div>\n\t\t\t\t\t<\/div>\n\t\t<\/div>\n\t\t\t\t\t\t\t\t<\/div>\n\t\t\t\t\t<\/div>\n\t\t<\/section>\n\t\t\t\t<section class=\"elementor-section elementor-top-section elementor-element elementor-element-5b6cfe08 elementor-section-boxed elementor-section-height-default elementor-section-height-default\" data-id=\"5b6cfe08\" data-element_type=\"section\">\n\t\t\t\t\t\t<div class=\"elementor-container elementor-column-gap-default\">\n\t\t\t\t\t\t\t<div class=\"elementor-row\">\n\t\t\t\t\t<div class=\"elementor-column elementor-col-100 elementor-top-column elementor-element elementor-element-7838b215\" data-id=\"7838b215\" data-element_type=\"column\">\n\t\t\t<div class=\"elementor-column-wrap elementor-element-populated\">\n\t\t\t\t\t\t\t<div class=\"elementor-widget-wrap\">\n\t\t\t\t\t\t<div class=\"elementor-element elementor-element-76a2756 elementor-widget elementor-widget-image\" data-id=\"76a2756\" data-element_type=\"widget\" data-widget_type=\"image.default\">\n\t\t\t\t<div class=\"elementor-widget-container\">\n\t\t\t\t\t<div class=\"elementor-image\">\n\t\t\t\t\t\t\t\t\t\t\t<a href=\"https:\/\/www.amazon.com\/Building-Tomorrows-Talent-Practitioners-Management\/dp\/1425994652\/ref=as_li_ss_tl?s=books&#038;ie=UTF8&#038;qid=1484155127&#038;sr=1-1&#038;keywords=talent+management+and+succession+planning&#038;linkCode=sl1&#038;tag=solutionsre04-20&#038;linkId=2614d646f550ac1e0ceea400ee5f5e22\">\n\t\t\t\t\t\t\t<img width=\"300\" height=\"400\" src=\"https:\/\/t4lent.eu\/wp-content\/uploads\/2020\/04\/building_talent.jpg\" class=\"attachment-large size-large\" alt=\"\" loading=\"lazy\" srcset=\"https:\/\/t4lent.eu\/wp-content\/uploads\/2020\/04\/building_talent.jpg 300w, https:\/\/t4lent.eu\/wp-content\/uploads\/2020\/04\/building_talent-225x300.jpg 225w\" sizes=\"(max-width: 300px) 100vw, 300px\" \/>\t\t\t\t\t\t\t\t<\/a>\n\t\t\t\t\t\t\t\t\t\t\t<\/div>\n\t\t\t\t<\/div>\n\t\t\t\t<\/div>\n\t\t\t\t\t\t<\/div>\n\t\t\t\t\t<\/div>\n\t\t<\/div>\n\t\t\t\t\t\t\t\t<\/div>\n\t\t\t\t\t<\/div>\n\t\t<\/section>\n\t\t\t\t<section class=\"elementor-section elementor-top-section elementor-element elementor-element-3b9833f1 elementor-section-boxed elementor-section-height-default elementor-section-height-default\" data-id=\"3b9833f1\" data-element_type=\"section\">\n\t\t\t\t\t\t<div class=\"elementor-container elementor-column-gap-default\">\n\t\t\t\t\t\t\t<div class=\"elementor-row\">\n\t\t\t\t\t<div class=\"elementor-column elementor-col-100 elementor-top-column elementor-element elementor-element-31966915\" data-id=\"31966915\" data-element_type=\"column\">\n\t\t\t<div class=\"elementor-column-wrap elementor-element-populated\">\n\t\t\t\t\t\t\t<div class=\"elementor-widget-wrap\">\n\t\t\t\t\t\t<div class=\"elementor-element elementor-element-65dadf49 elementor-widget-divider--view-line elementor-widget elementor-widget-divider\" data-id=\"65dadf49\" data-element_type=\"widget\" data-widget_type=\"divider.default\">\n\t\t\t\t<div class=\"elementor-widget-container\">\n\t\t\t\t\t<div class=\"elementor-divider\">\n\t\t\t<span class=\"elementor-divider-separator\">\n\t\t\t\t\t\t<\/span>\n\t\t<\/div>\n\t\t\t\t<\/div>\n\t\t\t\t<\/div>\n\t\t\t\t<div class=\"elementor-element elementor-element-652e4ed1 elementor-view-framed elementor-position-left elementor-shape-circle elementor-vertical-align-top elementor-widget elementor-widget-icon-box\" data-id=\"652e4ed1\" data-element_type=\"widget\" data-widget_type=\"icon-box.default\">\n\t\t\t\t<div class=\"elementor-widget-container\">\n\t\t\t\t\t<div class=\"elementor-icon-box-wrapper\">\n\t\t\t\t\t\t<div class=\"elementor-icon-box-icon\">\n\t\t\t\t<span class=\"elementor-icon elementor-animation-\" >\n\t\t\t\t<i aria-hidden=\"true\" class=\"fas fa-columns\"><\/i>\t\t\t\t<\/span>\n\t\t\t<\/div>\n\t\t\t\t\t\t<div class=\"elementor-icon-box-content\">\n\t\t\t\t<h4 class=\"elementor-icon-box-title\">\n\t\t\t\t\t<span >Talentmanagement S\u00e4ule: Entwickeln, Motivieren, Binden<\/span>\n\t\t\t\t<\/h4>\n\t\t\t\t\t\t\t<\/div>\n\t\t<\/div>\n\t\t\t\t<\/div>\n\t\t\t\t<\/div>\n\t\t\t\t\t\t<\/div>\n\t\t\t\t\t<\/div>\n\t\t<\/div>\n\t\t\t\t\t\t\t\t<\/div>\n\t\t\t\t\t<\/div>\n\t\t<\/section>\n\t\t\t\t<section class=\"elementor-section elementor-top-section elementor-element elementor-element-5153cad8 elementor-section-boxed elementor-section-height-default elementor-section-height-default\" data-id=\"5153cad8\" data-element_type=\"section\">\n\t\t\t\t\t\t<div class=\"elementor-container elementor-column-gap-default\">\n\t\t\t\t\t\t\t<div class=\"elementor-row\">\n\t\t\t\t\t<div class=\"elementor-column elementor-col-100 elementor-top-column elementor-element elementor-element-49199aad\" data-id=\"49199aad\" data-element_type=\"column\">\n\t\t\t<div class=\"elementor-column-wrap elementor-element-populated\">\n\t\t\t\t\t\t\t<div class=\"elementor-widget-wrap\">\n\t\t\t\t\t\t<div class=\"elementor-element elementor-element-28d345ad elementor-view-framed elementor-position-left elementor-shape-circle elementor-vertical-align-top elementor-widget elementor-widget-icon-box\" data-id=\"28d345ad\" data-element_type=\"widget\" data-widget_type=\"icon-box.default\">\n\t\t\t\t<div class=\"elementor-widget-container\">\n\t\t\t\t\t<div class=\"elementor-icon-box-wrapper\">\n\t\t\t\t\t\t<div class=\"elementor-icon-box-icon\">\n\t\t\t\t<a class=\"elementor-icon elementor-animation-\" href=\"https:\/\/www.amazon.com\/Building-Tomorrows-Talent-Practitioners-Management\/dp\/1425994652\/ref=as_li_ss_tl?s=books&#038;ie=UTF8&#038;qid=1484155127&#038;sr=1-1&#038;keywords=talent+management+and+succession+planning&#038;linkCode=sl1&#038;tag=solutionsre04-20&#038;linkId=2614d646f550ac1e0ceea400ee5f5e22\">\n\t\t\t\t<i aria-hidden=\"true\" class=\"fas fa-external-link-square-alt\"><\/i>\t\t\t\t<\/a>\n\t\t\t<\/div>\n\t\t\t\t\t\t<div class=\"elementor-icon-box-content\">\n\t\t\t\t<h4 class=\"elementor-icon-box-title\">\n\t\t\t\t\t<a href=\"https:\/\/www.amazon.com\/Building-Tomorrows-Talent-Practitioners-Management\/dp\/1425994652\/ref=as_li_ss_tl?s=books&#038;ie=UTF8&#038;qid=1484155127&#038;sr=1-1&#038;keywords=talent+management+and+succession+planning&#038;linkCode=sl1&#038;tag=solutionsre04-20&#038;linkId=2614d646f550ac1e0ceea400ee5f5e22\">Link: Bestellen Sie das Buch online<\/a>\n\t\t\t\t<\/h4>\n\t\t\t\t\t\t\t\t<p class=\"elementor-icon-box-description\">(Amazon)<\/p>\n\t\t\t\t\t\t\t<\/div>\n\t\t<\/div>\n\t\t\t\t<\/div>\n\t\t\t\t<\/div>\n\t\t\t\t<div class=\"elementor-element elementor-element-5cb41956 elementor-view-framed elementor-position-left elementor-shape-circle elementor-vertical-align-top elementor-widget elementor-widget-icon-box\" data-id=\"5cb41956\" data-element_type=\"widget\" data-widget_type=\"icon-box.default\">\n\t\t\t\t<div class=\"elementor-widget-container\">\n\t\t\t\t\t<div class=\"elementor-icon-box-wrapper\">\n\t\t\t\t\t\t<div class=\"elementor-icon-box-icon\">\n\t\t\t\t<span class=\"elementor-icon elementor-animation-\" >\n\t\t\t\t<i aria-hidden=\"true\" class=\"far fa-lightbulb\"><\/i>\t\t\t\t<\/span>\n\t\t\t<\/div>\n\t\t\t\t\t\t<div class=\"elementor-icon-box-content\">\n\t\t\t\t<h4 class=\"elementor-icon-box-title\">\n\t\t\t\t\t<span >Art des Tools: Buch<\/span>\n\t\t\t\t<\/h4>\n\t\t\t\t\t\t\t<\/div>\n\t\t<\/div>\n\t\t\t\t<\/div>\n\t\t\t\t<\/div>\n\t\t\t\t<div class=\"elementor-element elementor-element-4bcb6ad elementor-view-framed elementor-position-left elementor-shape-circle elementor-vertical-align-top elementor-widget elementor-widget-icon-box\" data-id=\"4bcb6ad\" data-element_type=\"widget\" data-widget_type=\"icon-box.default\">\n\t\t\t\t<div class=\"elementor-widget-container\">\n\t\t\t\t\t<div class=\"elementor-icon-box-wrapper\">\n\t\t\t\t\t\t<div class=\"elementor-icon-box-icon\">\n\t\t\t\t<span class=\"elementor-icon elementor-animation-\" >\n\t\t\t\t<i aria-hidden=\"true\" class=\"far fa-user\"><\/i>\t\t\t\t<\/span>\n\t\t\t<\/div>\n\t\t\t\t\t\t<div class=\"elementor-icon-box-content\">\n\t\t\t\t<h4 class=\"elementor-icon-box-title\">\n\t\t\t\t\t<span >Zielgruppe: Manager, F\u00fchrungskr\u00e4fte, Personalleiter<\/span>\n\t\t\t\t<\/h4>\n\t\t\t\t\t\t\t<\/div>\n\t\t<\/div>\n\t\t\t\t<\/div>\n\t\t\t\t<\/div>\n\t\t\t\t<div class=\"elementor-element elementor-element-196a1a02 elementor-view-framed elementor-position-left elementor-shape-circle elementor-vertical-align-top elementor-widget elementor-widget-icon-box\" data-id=\"196a1a02\" data-element_type=\"widget\" data-widget_type=\"icon-box.default\">\n\t\t\t\t<div class=\"elementor-widget-container\">\n\t\t\t\t\t<div class=\"elementor-icon-box-wrapper\">\n\t\t\t\t\t\t<div class=\"elementor-icon-box-icon\">\n\t\t\t\t<span class=\"elementor-icon elementor-animation-\" >\n\t\t\t\t<i aria-hidden=\"true\" class=\"fas fa-language\"><\/i>\t\t\t\t<\/span>\n\t\t\t<\/div>\n\t\t\t\t\t\t<div class=\"elementor-icon-box-content\">\n\t\t\t\t<h4 class=\"elementor-icon-box-title\">\n\t\t\t\t\t<span >Sprachen: Englisch<\/span>\n\t\t\t\t<\/h4>\n\t\t\t\t\t\t\t<\/div>\n\t\t<\/div>\n\t\t\t\t<\/div>\n\t\t\t\t<\/div>\n\t\t\t\t<div class=\"elementor-element elementor-element-191126b4 elementor-view-framed elementor-position-left elementor-shape-circle elementor-vertical-align-top elementor-widget elementor-widget-icon-box\" data-id=\"191126b4\" data-element_type=\"widget\" data-widget_type=\"icon-box.default\">\n\t\t\t\t<div class=\"elementor-widget-container\">\n\t\t\t\t\t<div class=\"elementor-icon-box-wrapper\">\n\t\t\t\t\t\t<div class=\"elementor-icon-box-icon\">\n\t\t\t\t<span class=\"elementor-icon elementor-animation-\" >\n\t\t\t\t<i aria-hidden=\"true\" class=\"fas fa-info\"><\/i>\t\t\t\t<\/span>\n\t\t\t<\/div>\n\t\t\t\t\t\t<div class=\"elementor-icon-box-content\">\n\t\t\t\t<h4 class=\"elementor-icon-box-title\">\n\t\t\t\t\t<span >Beschreibung<\/span>\n\t\t\t\t<\/h4>\n\t\t\t\t\t\t\t\t<p class=\"elementor-icon-box-description\">Geschrieben von zwei Personalfachleuten, die Personalentwicklungsprogramme in \u201eFortune-100\u201c - und \u201eFortune-500\u201c -Unternehmen implementiert haben, deckt dieses Buch mehrere wesentliche Themen des Talentmanagements ab. Als benutzerfreundliches Arbeitsbuch bietet es dem Leser praktische Ideen und Werkzeuge, die ihm helfen, seine Talentmanagementprozesse und HR-Programme zu verbessern.\r\n<br><br>Umfang\/Ziele<br><br>\r\n\u201cBuilding Tomorrow's Talent\u201d ist eine Pflichtlekt\u00fcre f\u00fcr alle, die sich mit der Implementierung einer Unternehmensnachfolgestrategie auseinandersetzen m\u00fcssen. Dieses Buch ist ein praktischer Leitfaden, der den Leser durch alle relevanten Prozesse einer erfolgreichen Nachfolgeplanung f\u00fchrt.\r\n<br><br>Anwendbarkeit<br><br>\r\nBuilding Tomorrow's Talent bietet praktische Ideen und Werkzeuge, die anderen helfen, diese Programme in ihren eigenen Organisationen zu erstellen und zu verbessern. Der Leser erh\u00e4lt eine Schritt-f\u00fcr-Schritt-Anleitung, um ein Talentmanagement-Programm von Grund auf zu starten oder ein bestehendes Programm auf die n\u00e4chste Stufe zu heben.<\/p>\n\t\t\t\t\t\t\t<\/div>\n\t\t<\/div>\n\t\t\t\t<\/div>\n\t\t\t\t<\/div>\n\t\t\t\t<div class=\"elementor-element elementor-element-2005ea63 elementor-view-framed elementor-position-left elementor-shape-circle elementor-vertical-align-top elementor-widget elementor-widget-icon-box\" data-id=\"2005ea63\" data-element_type=\"widget\" data-widget_type=\"icon-box.default\">\n\t\t\t\t<div class=\"elementor-widget-container\">\n\t\t\t\t\t<div class=\"elementor-icon-box-wrapper\">\n\t\t\t\t\t\t<div class=\"elementor-icon-box-icon\">\n\t\t\t\t<span class=\"elementor-icon elementor-animation-\" >\n\t\t\t\t<i aria-hidden=\"true\" class=\"fas fa-euro-sign\"><\/i>\t\t\t\t<\/span>\n\t\t\t<\/div>\n\t\t\t\t\t\t<div class=\"elementor-icon-box-content\">\n\t\t\t\t<h4 class=\"elementor-icon-box-title\">\n\t\t\t\t\t<span >Preis: Das Buch kostet gebraucht ca. 5$ und neu 90$ (Stand: 27.04.2020)<\/span>\n\t\t\t\t<\/h4>\n\t\t\t\t\t\t\t<\/div>\n\t\t<\/div>\n\t\t\t\t<\/div>\n\t\t\t\t<\/div>\n\t\t\t\t\t\t<\/div>\n\t\t\t\t\t<\/div>\n\t\t<\/div>\n\t\t\t\t\t\t\t\t<\/div>\n\t\t\t\t\t<\/div>\n\t\t<\/section>\n\t\t\t\t<section class=\"elementor-section elementor-top-section elementor-element elementor-element-461f5379 elementor-section-boxed elementor-section-height-default elementor-section-height-default\" data-id=\"461f5379\" data-element_type=\"section\">\n\t\t\t\t\t\t<div class=\"elementor-container elementor-column-gap-default\">\n\t\t\t\t\t\t\t<div class=\"elementor-row\">\n\t\t\t\t\t<div class=\"elementor-column elementor-col-100 elementor-top-column elementor-element elementor-element-6268d40\" data-id=\"6268d40\" data-element_type=\"column\">\n\t\t\t<div class=\"elementor-column-wrap\">\n\t\t\t\t\t\t\t<div class=\"elementor-widget-wrap\">\n\t\t\t\t\t\t\t\t<\/div>\n\t\t\t\t\t<\/div>\n\t\t<\/div>\n\t\t\t\t\t\t\t\t<\/div>\n\t\t\t\t\t<\/div>\n\t\t<\/section>\n\t\t\t\t\t\t<\/div>\n\t\t\t\t\t\t<\/div>\n\t\t\t\t\t<\/div>\n\t\t","protected":false},"excerpt":{"rendered":"<p>Building Tomorrow&#8217;s Talent: Ein Leitfaden f\u00fcr Praktiker zum Thema Talentmanagement und Nachfolgeplanung Talentmanagement S\u00e4ule: Entwickeln, Motivieren, Binden Link: Bestellen Sie das Buch online (Amazon) Art des Tools: Buch Zielgruppe: Manager, F\u00fchrungskr\u00e4fte, Personalleiter Sprachen: Englisch Beschreibung Geschrieben von zwei Personalfachleuten, die Personalentwicklungsprogramme in \u201eFortune-100\u201c &#8211; und \u201eFortune-500\u201c -Unternehmen implementiert haben, deckt dieses Buch mehrere wesentliche Themen &#8230; <a title=\"Tool 02: Building Tomorrow&#8217;s Talent: Ein Leitfaden f\u00fcr Praktiker zum Thema Talentmanagement und Nachfolgeplanung\" class=\"read-more\" href=\"https:\/\/t4lent.eu\/index.php\/tools-zur-entwicklung-von-talenten\/tool-02-building-tomorrows-talent-ein-leitfaden-fuer-praktiker-zum-thema-talentmanagement-und-nachfolgeplanung\/?lang=de\" aria-label=\"More on Tool 02: Building Tomorrow&#8217;s Talent: Ein Leitfaden f\u00fcr Praktiker zum Thema Talentmanagement und Nachfolgeplanung\">Read more<\/a><\/p>\n","protected":false},"author":3,"featured_media":0,"parent":3689,"menu_order":2,"comment_status":"closed","ping_status":"closed","template":"","meta":{"_monsterinsights_skip_tracking":false,"_monsterinsights_sitenote_active":false,"_monsterinsights_sitenote_note":"","_monsterinsights_sitenote_category":0},"_links":{"self":[{"href":"https:\/\/t4lent.eu\/index.php\/wp-json\/wp\/v2\/pages\/3693"}],"collection":[{"href":"https:\/\/t4lent.eu\/index.php\/wp-json\/wp\/v2\/pages"}],"about":[{"href":"https:\/\/t4lent.eu\/index.php\/wp-json\/wp\/v2\/types\/page"}],"author":[{"embeddable":true,"href":"https:\/\/t4lent.eu\/index.php\/wp-json\/wp\/v2\/users\/3"}],"replies":[{"embeddable":true,"href":"https:\/\/t4lent.eu\/index.php\/wp-json\/wp\/v2\/comments?post=3693"}],"version-history":[{"count":1,"href":"https:\/\/t4lent.eu\/index.php\/wp-json\/wp\/v2\/pages\/3693\/revisions"}],"predecessor-version":[{"id":3694,"href":"https:\/\/t4lent.eu\/index.php\/wp-json\/wp\/v2\/pages\/3693\/revisions\/3694"}],"up":[{"embeddable":true,"href":"https:\/\/t4lent.eu\/index.php\/wp-json\/wp\/v2\/pages\/3689"}],"wp:attachment":[{"href":"https:\/\/t4lent.eu\/index.php\/wp-json\/wp\/v2\/media?parent=3693"}],"curies":[{"name":"wp","href":"https:\/\/api.w.org\/{rel}","templated":true}]}}