{"id":2392,"date":"2021-03-03T11:51:14","date_gmt":"2021-03-03T10:51:14","guid":{"rendered":"https:\/\/t4lent.eu\/index.php\/talent-4-0-talenthantering-for-sma-och-medelstora-foretag\/"},"modified":"2021-03-03T11:51:14","modified_gmt":"2021-03-03T10:51:14","slug":"talent-4-0-talenthantering-for-sma-och-medelstora-foretag","status":"publish","type":"page","link":"https:\/\/t4lent.eu\/index.php\/talent-4-0-talenthantering-for-sma-och-medelstora-foretag\/?lang=sv","title":{"rendered":"Talent 4.0 &#8211; Talenthantering f\u00f6r sm\u00e5 och medelstora f\u00f6retag"},"content":{"rendered":"\t\t<div data-elementor-type=\"wp-page\" data-elementor-id=\"2392\" class=\"elementor elementor-2392 elementor-105\" data-elementor-settings=\"[]\">\n\t\t\t\t\t\t<div class=\"elementor-inner\">\n\t\t\t\t\t\t\t<div class=\"elementor-section-wrap\">\n\t\t\t\t\t\t\t<section class=\"elementor-section elementor-top-section elementor-element elementor-element-bf5041a elementor-section-boxed elementor-section-height-default elementor-section-height-default\" data-id=\"bf5041a\" data-element_type=\"section\">\n\t\t\t\t\t\t<div class=\"elementor-container elementor-column-gap-default\">\n\t\t\t\t\t\t\t<div class=\"elementor-row\">\n\t\t\t\t\t<div class=\"elementor-column elementor-col-100 elementor-top-column elementor-element elementor-element-4b917ea\" data-id=\"4b917ea\" data-element_type=\"column\">\n\t\t\t<div class=\"elementor-column-wrap elementor-element-populated\">\n\t\t\t\t\t\t\t<div class=\"elementor-widget-wrap\">\n\t\t\t\t\t\t<div class=\"elementor-element elementor-element-4ae9f6b elementor-widget elementor-widget-text-editor\" data-id=\"4ae9f6b\" data-element_type=\"widget\" data-widget_type=\"text-editor.default\">\n\t\t\t\t<div class=\"elementor-widget-container\">\n\t\t\t\t\t<div class=\"elementor-text-editor elementor-clearfix\"><p>De mest v\u00e4rdefulla tillg\u00e5ngarna f\u00f6r din h\u00e5llbara aff\u00e4rsframg\u00e5ng under dessa flyktiga dagar \u00e4r m\u00e4nniskor. Men inte vilka m\u00e4nniskor som helst:<\/p>\n<\/div>\n\t\t\t\t<\/div>\n\t\t\t\t<\/div>\n\t\t\t\t<div class=\"elementor-element elementor-element-639ebda elementor-icon-list--layout-traditional elementor-list-item-link-full_width elementor-widget elementor-widget-icon-list\" data-id=\"639ebda\" data-element_type=\"widget\" data-widget_type=\"icon-list.default\">\n\t\t\t\t<div class=\"elementor-widget-container\">\n\t\t\t\t\t<ul class=\"elementor-icon-list-items\">\n\t\t\t\t\t\t\t<li class=\"elementor-icon-list-item\">\n\t\t\t\t\t\t\t\t\t\t\t<span class=\"elementor-icon-list-icon\">\n\t\t\t\t\t\t\t<i aria-hidden=\"true\" class=\"fas fa-check\"><\/i>\t\t\t\t\t\t<\/span>\n\t\t\t\t\t\t\t\t\t\t<span class=\"elementor-icon-list-text\">Motiverade, h\u00f6gpresterande m\u00e4nniskor<\/span>\n\t\t\t\t\t\t\t\t\t<\/li>\n\t\t\t\t\t\t\t\t<li class=\"elementor-icon-list-item\">\n\t\t\t\t\t\t\t\t\t\t\t<span class=\"elementor-icon-list-icon\">\n\t\t\t\t\t\t\t<i aria-hidden=\"true\" class=\"fas fa-check\"><\/i>\t\t\t\t\t\t<\/span>\n\t\t\t\t\t\t\t\t\t\t<span class=\"elementor-icon-list-text\">Deras f\u00e4rdigheter och kunskaper<\/span>\n\t\t\t\t\t\t\t\t\t<\/li>\n\t\t\t\t\t\t\t\t<li class=\"elementor-icon-list-item\">\n\t\t\t\t\t\t\t\t\t\t\t<span class=\"elementor-icon-list-icon\">\n\t\t\t\t\t\t\t<i aria-hidden=\"true\" class=\"fas fa-check\"><\/i>\t\t\t\t\t\t<\/span>\n\t\t\t\t\t\t\t\t\t\t<span class=\"elementor-icon-list-text\">Deras kreativa potential och<\/span>\n\t\t\t\t\t\t\t\t\t<\/li>\n\t\t\t\t\t\t\t\t<li class=\"elementor-icon-list-item\">\n\t\t\t\t\t\t\t\t\t\t\t<span class=\"elementor-icon-list-icon\">\n\t\t\t\t\t\t\t<i aria-hidden=\"true\" class=\"fas fa-check\"><\/i>\t\t\t\t\t\t<\/span>\n\t\t\t\t\t\t\t\t\t\t<span class=\"elementor-icon-list-text\">Deras \u00f6ppenhet att l\u00e4ra sig och utvecklas.<\/span>\n\t\t\t\t\t\t\t\t\t<\/li>\n\t\t\t\t\t\t<\/ul>\n\t\t\t\t<\/div>\n\t\t\t\t<\/div>\n\t\t\t\t<div class=\"elementor-element elementor-element-b14eba8 elementor-widget elementor-widget-text-editor\" data-id=\"b14eba8\" data-element_type=\"widget\" data-widget_type=\"text-editor.default\">\n\t\t\t\t<div class=\"elementor-widget-container\">\n\t\t\t\t\t<div class=\"elementor-text-editor elementor-clearfix\"><p>Talent Management 4.0 verkar vara det mest lovande s\u00e4ttet f\u00f6r f\u00f6retag att locka och underh\u00e5lla dessa nyckelpersoner och talanger f\u00f6r att b\u00e4ttre hantera en snabbt f\u00f6r\u00e4nderlig v\u00e4rld och global utveckling som Covid-19-pandemin, demografiska och klimatf\u00f6r\u00e4ndringar, digitalisering och automatisering globalisering.<\/p>\n<p>Talent 4.0 Project har utvecklat olika resurser f\u00f6r att g\u00f6ra det m\u00f6jligt f\u00f6r sm\u00e5 och medelstora f\u00f6retag (SME) att till\u00e4mpa modern Talent Management och Analytics i sin aff\u00e4rsstrategi och HR-praxis. Dessutom vill man bidra f\u00f6r att \u00f6verbrygga klyftan mellan nuvarande yrkesutbildningsmetoder och aff\u00e4rsbehov.<\/p>\n<\/div>\n\t\t\t\t<\/div>\n\t\t\t\t<\/div>\n\t\t\t\t<section class=\"elementor-section elementor-inner-section elementor-element elementor-element-f407201 elementor-section-boxed elementor-section-height-default elementor-section-height-default\" data-id=\"f407201\" data-element_type=\"section\">\n\t\t\t\t\t\t<div class=\"elementor-container elementor-column-gap-default\">\n\t\t\t\t\t\t\t<div class=\"elementor-row\">\n\t\t\t\t\t<div class=\"elementor-column elementor-col-50 elementor-inner-column elementor-element elementor-element-1ff9fd4\" data-id=\"1ff9fd4\" data-element_type=\"column\">\n\t\t\t<div class=\"elementor-column-wrap elementor-element-populated\">\n\t\t\t\t\t\t\t<div class=\"elementor-widget-wrap\">\n\t\t\t\t\t\t<div class=\"elementor-element elementor-element-42784a5 elementor-widget elementor-widget-text-editor\" data-id=\"42784a5\" data-element_type=\"widget\" data-widget_type=\"text-editor.default\">\n\t\t\t\t<div class=\"elementor-widget-container\">\n\t\t\t\t\t<div class=\"elementor-text-editor elementor-clearfix\"><p>Detta europeiska projektpartnerskap<\/p>\n<ul>\n<li>genomf\u00f6r en unders\u00f6kning f\u00f6r att ta reda p\u00e5 den aktuella statusen f\u00f6r talanghanteringsmetoder och sm\u00e5 och medelstora f\u00f6retags utbildningsbehov<\/li>\n<li>samlar in tillg\u00e4ngliga talenthanteringsverktyg f\u00f6r viktiga Talent Management &#8211; processer f\u00f6r sm\u00e5 och medelstora f\u00f6retag och<\/li>\n<li>till sist men inte minst utvecklar och testar ett s\u00e4rskilt Talent Management-utbildningsprogram f\u00f6r HR-ansvariga, f\u00f6retagare och chefer.<\/li>\n<\/ul>\n<\/div>\n\t\t\t\t<\/div>\n\t\t\t\t<\/div>\n\t\t\t\t\t\t<\/div>\n\t\t\t\t\t<\/div>\n\t\t<\/div>\n\t\t\t\t<div class=\"elementor-column elementor-col-50 elementor-inner-column elementor-element elementor-element-72e95b3\" data-id=\"72e95b3\" data-element_type=\"column\">\n\t\t\t<div class=\"elementor-column-wrap elementor-element-populated\">\n\t\t\t\t\t\t\t<div class=\"elementor-widget-wrap\">\n\t\t\t\t\t\t<div class=\"elementor-element elementor-element-0311246 elementor-widget elementor-widget-html\" data-id=\"0311246\" data-element_type=\"widget\" data-widget_type=\"html.default\">\n\t\t\t\t<div class=\"elementor-widget-container\">\n\t\t\t<iframe src=\"https:\/\/www.facebook.com\/plugins\/video.php?href=https%3A%2F%2Fwww.facebook.com%2Ft4lent.eu%2Fvideos%2F2526319291025012%2F&show_text=0&width=560\" width=\"560\" height=\"314\" style=\"border:none;overflow:hidden\" scrolling=\"no\" frameborder=\"0\" allowTransparency=\"true\" allowFullScreen=\"true\"><\/iframe>\t\t<\/div>\n\t\t\t\t<\/div>\n\t\t\t\t\t\t<\/div>\n\t\t\t\t\t<\/div>\n\t\t<\/div>\n\t\t\t\t\t\t\t\t<\/div>\n\t\t\t\t\t<\/div>\n\t\t<\/section>\n\t\t\t\t\t\t<\/div>\n\t\t\t\t\t<\/div>\n\t\t<\/div>\n\t\t\t\t\t\t\t\t<\/div>\n\t\t\t\t\t<\/div>\n\t\t<\/section>\n\t\t\t\t\t\t<\/div>\n\t\t\t\t\t\t<\/div>\n\t\t\t\t\t<\/div>\n\t\t","protected":false},"excerpt":{"rendered":"<p>De mest v\u00e4rdefulla tillg\u00e5ngarna f\u00f6r din h\u00e5llbara aff\u00e4rsframg\u00e5ng under dessa flyktiga dagar \u00e4r m\u00e4nniskor. Men inte vilka m\u00e4nniskor som helst: Motiverade, h\u00f6gpresterande m\u00e4nniskor Deras f\u00e4rdigheter och kunskaper Deras kreativa potential och Deras \u00f6ppenhet att l\u00e4ra sig och utvecklas. Talent Management 4.0 verkar vara det mest lovande s\u00e4ttet f\u00f6r f\u00f6retag att locka och underh\u00e5lla dessa nyckelpersoner &#8230; <a title=\"Talent 4.0 &#8211; Talenthantering f\u00f6r sm\u00e5 och medelstora f\u00f6retag\" class=\"read-more\" href=\"https:\/\/t4lent.eu\/index.php\/talent-4-0-talenthantering-for-sma-och-medelstora-foretag\/?lang=sv\" aria-label=\"More on Talent 4.0 &#8211; Talenthantering f\u00f6r sm\u00e5 och medelstora f\u00f6retag\">Read more<\/a><\/p>\n","protected":false},"author":3,"featured_media":1445,"parent":0,"menu_order":0,"comment_status":"closed","ping_status":"closed","template":"","meta":{"_monsterinsights_skip_tracking":false,"_monsterinsights_sitenote_active":false,"_monsterinsights_sitenote_note":"","_monsterinsights_sitenote_category":0},"_links":{"self":[{"href":"https:\/\/t4lent.eu\/index.php\/wp-json\/wp\/v2\/pages\/2392"}],"collection":[{"href":"https:\/\/t4lent.eu\/index.php\/wp-json\/wp\/v2\/pages"}],"about":[{"href":"https:\/\/t4lent.eu\/index.php\/wp-json\/wp\/v2\/types\/page"}],"author":[{"embeddable":true,"href":"https:\/\/t4lent.eu\/index.php\/wp-json\/wp\/v2\/users\/3"}],"replies":[{"embeddable":true,"href":"https:\/\/t4lent.eu\/index.php\/wp-json\/wp\/v2\/comments?post=2392"}],"version-history":[{"count":1,"href":"https:\/\/t4lent.eu\/index.php\/wp-json\/wp\/v2\/pages\/2392\/revisions"}],"predecessor-version":[{"id":2393,"href":"https:\/\/t4lent.eu\/index.php\/wp-json\/wp\/v2\/pages\/2392\/revisions\/2393"}],"wp:featuredmedia":[{"embeddable":true,"href":"https:\/\/t4lent.eu\/index.php\/wp-json\/wp\/v2\/media\/1445"}],"wp:attachment":[{"href":"https:\/\/t4lent.eu\/index.php\/wp-json\/wp\/v2\/media?parent=2392"}],"curies":[{"name":"wp","href":"https:\/\/api.w.org\/{rel}","templated":true}]}}