{"id":2390,"date":"2021-03-03T11:47:35","date_gmt":"2021-03-03T10:47:35","guid":{"rendered":"https:\/\/t4lent.eu\/index.php\/om-talent-4-0\/"},"modified":"2021-03-03T11:47:35","modified_gmt":"2021-03-03T10:47:35","slug":"om-talent-4-0","status":"publish","type":"page","link":"https:\/\/t4lent.eu\/index.php\/om-talent-4-0\/?lang=sv","title":{"rendered":"Om Talent 4.0"},"content":{"rendered":"\t\t<div data-elementor-type=\"wp-page\" data-elementor-id=\"2390\" class=\"elementor elementor-2390 elementor-107\" data-elementor-settings=\"[]\">\n\t\t\t\t\t\t<div class=\"elementor-inner\">\n\t\t\t\t\t\t\t<div class=\"elementor-section-wrap\">\n\t\t\t\t\t\t\t<section class=\"elementor-section elementor-top-section elementor-element elementor-element-0554634 elementor-section-boxed elementor-section-height-default elementor-section-height-default\" data-id=\"0554634\" data-element_type=\"section\">\n\t\t\t\t\t\t<div class=\"elementor-container elementor-column-gap-default\">\n\t\t\t\t\t\t\t<div class=\"elementor-row\">\n\t\t\t\t\t<div class=\"elementor-column elementor-col-100 elementor-top-column elementor-element elementor-element-febf76d\" data-id=\"febf76d\" data-element_type=\"column\">\n\t\t\t<div class=\"elementor-column-wrap elementor-element-populated\">\n\t\t\t\t\t\t\t<div class=\"elementor-widget-wrap\">\n\t\t\t\t\t\t<div class=\"elementor-element elementor-element-6a348c4 elementor-widget elementor-widget-text-editor\" data-id=\"6a348c4\" data-element_type=\"widget\" data-widget_type=\"text-editor.default\">\n\t\t\t\t<div class=\"elementor-widget-container\">\n\t\t\t\t\t<div class=\"elementor-text-editor elementor-clearfix\"><p>Talent 4.0 Project syftar till att utveckla olika resurser f\u00f6r att g\u00f6ra det m\u00f6jligt f\u00f6r sm\u00e5 och medelstora f\u00f6retag att till\u00e4mpa modern Talent Management och Analytics i sin aff\u00e4rsstrategi och HR-praxis. Dessutom vill man bidra f\u00f6r att \u00f6verbrygga klyftan mellan nuvarande yrkesutbildningsmetoder och aff\u00e4rsbehov.<\/p>\n<\/div>\n\t\t\t\t<\/div>\n\t\t\t\t<\/div>\n\t\t\t\t<section class=\"elementor-section elementor-inner-section elementor-element elementor-element-608bdaa elementor-section-boxed elementor-section-height-default elementor-section-height-default\" data-id=\"608bdaa\" data-element_type=\"section\">\n\t\t\t\t\t\t<div class=\"elementor-container elementor-column-gap-default\">\n\t\t\t\t\t\t\t<div class=\"elementor-row\">\n\t\t\t\t\t<div class=\"elementor-column elementor-col-50 elementor-inner-column elementor-element elementor-element-889e670\" data-id=\"889e670\" data-element_type=\"column\">\n\t\t\t<div class=\"elementor-column-wrap elementor-element-populated\">\n\t\t\t\t\t\t\t<div class=\"elementor-widget-wrap\">\n\t\t\t\t\t\t<div class=\"elementor-element elementor-element-d86756c elementor-widget elementor-widget-text-editor\" data-id=\"d86756c\" data-element_type=\"widget\" data-widget_type=\"text-editor.default\">\n\t\t\t\t<div class=\"elementor-widget-container\">\n\t\t\t\t\t<div class=\"elementor-text-editor elementor-clearfix\"><p>Detta europeiska projektpartnerskap<\/p>\n<ul>\n<li>genomf\u00f6r en unders\u00f6kning f\u00f6r att ta reda p\u00e5 den aktuella statusen f\u00f6r talanghanteringsmetoder och sm\u00e5 och medelstora f\u00f6retags utbildningsbehov<\/li>\n<li>samlar in tillg\u00e4ngliga talenthanteringsverktyg \u00a0f\u00f6r viktiga Talent Management &#8211; processer f\u00f6r sm\u00e5 och medelstora f\u00f6retag och<\/li>\n<li>till sist men inte minst utvecklar och testar ett s\u00e4rskilt Talent Management-utbildningsprogram f\u00f6r HR-ansvariga, f\u00f6retagare och chefer.<\/li>\n<\/ul>\n<\/div>\n\t\t\t\t<\/div>\n\t\t\t\t<\/div>\n\t\t\t\t\t\t<\/div>\n\t\t\t\t\t<\/div>\n\t\t<\/div>\n\t\t\t\t<div class=\"elementor-column elementor-col-50 elementor-inner-column elementor-element elementor-element-325f35b\" data-id=\"325f35b\" data-element_type=\"column\">\n\t\t\t<div class=\"elementor-column-wrap elementor-element-populated\">\n\t\t\t\t\t\t\t<div class=\"elementor-widget-wrap\">\n\t\t\t\t\t\t<div class=\"elementor-element elementor-element-4729cf5 elementor-widget__width-initial elementor-widget elementor-widget-image\" data-id=\"4729cf5\" data-element_type=\"widget\" data-widget_type=\"image.default\">\n\t\t\t\t<div class=\"elementor-widget-container\">\n\t\t\t\t\t<div class=\"elementor-image\">\n\t\t\t\t\t\t\t\t\t\t<img width=\"812\" height=\"1024\" src=\"https:\/\/t4lent.eu\/wp-content\/uploads\/2019\/11\/Results_Content_Foto-812x1024.jpg\" class=\"attachment-large size-large\" alt=\"\" loading=\"lazy\" srcset=\"https:\/\/t4lent.eu\/wp-content\/uploads\/2019\/11\/Results_Content_Foto-812x1024.jpg 812w, https:\/\/t4lent.eu\/wp-content\/uploads\/2019\/11\/Results_Content_Foto-238x300.jpg 238w, https:\/\/t4lent.eu\/wp-content\/uploads\/2019\/11\/Results_Content_Foto-768x969.jpg 768w\" sizes=\"(max-width: 812px) 100vw, 812px\" \/>\t\t\t\t\t\t\t\t\t\t\t<\/div>\n\t\t\t\t<\/div>\n\t\t\t\t<\/div>\n\t\t\t\t\t\t<\/div>\n\t\t\t\t\t<\/div>\n\t\t<\/div>\n\t\t\t\t\t\t\t\t<\/div>\n\t\t\t\t\t<\/div>\n\t\t<\/section>\n\t\t\t\t\t\t<\/div>\n\t\t\t\t\t<\/div>\n\t\t<\/div>\n\t\t\t\t\t\t\t\t<\/div>\n\t\t\t\t\t<\/div>\n\t\t<\/section>\n\t\t\t\t<section class=\"elementor-section elementor-top-section elementor-element elementor-element-c7ae0f9 elementor-section-boxed elementor-section-height-default elementor-section-height-default\" data-id=\"c7ae0f9\" data-element_type=\"section\">\n\t\t\t\t\t\t<div class=\"elementor-container elementor-column-gap-default\">\n\t\t\t\t\t\t\t<div class=\"elementor-row\">\n\t\t\t\t\t<div class=\"elementor-column elementor-col-100 elementor-top-column elementor-element elementor-element-414dca5\" data-id=\"414dca5\" data-element_type=\"column\">\n\t\t\t<div class=\"elementor-column-wrap elementor-element-populated\">\n\t\t\t\t\t\t\t<div class=\"elementor-widget-wrap\">\n\t\t\t\t\t\t<div class=\"elementor-element elementor-element-645b71c elementor-widget elementor-widget-html\" data-id=\"645b71c\" data-element_type=\"widget\" data-widget_type=\"html.default\">\n\t\t\t\t<div class=\"elementor-widget-container\">\n\t\t\t<iframe src=\"https:\/\/www.facebook.com\/plugins\/video.php?href=https%3A%2F%2Fwww.facebook.com%2Ft4lent.eu%2Fvideos%2F2526319291025012%2F&show_text=0&width=560\" width=\"560\" height=\"600\" style=\"border:none;overflow:hidden\" scrolling=\"no\" frameborder=\"0\" allowTransparency=\"true\" allowFullScreen=\"true\"><\/iframe>\t\t<\/div>\n\t\t\t\t<\/div>\n\t\t\t\t\t\t<\/div>\n\t\t\t\t\t<\/div>\n\t\t<\/div>\n\t\t\t\t\t\t\t\t<\/div>\n\t\t\t\t\t<\/div>\n\t\t<\/section>\n\t\t\t\t\t\t<\/div>\n\t\t\t\t\t\t<\/div>\n\t\t\t\t\t<\/div>\n\t\t","protected":false},"excerpt":{"rendered":"<p>Talent 4.0 Project syftar till att utveckla olika resurser f\u00f6r att g\u00f6ra det m\u00f6jligt f\u00f6r sm\u00e5 och medelstora f\u00f6retag att till\u00e4mpa modern Talent Management och Analytics i sin aff\u00e4rsstrategi och HR-praxis. Dessutom vill man bidra f\u00f6r att \u00f6verbrygga klyftan mellan nuvarande yrkesutbildningsmetoder och aff\u00e4rsbehov. Detta europeiska projektpartnerskap genomf\u00f6r en unders\u00f6kning f\u00f6r att ta reda p\u00e5 &#8230; <a title=\"Om Talent 4.0\" class=\"read-more\" href=\"https:\/\/t4lent.eu\/index.php\/om-talent-4-0\/?lang=sv\" aria-label=\"More on Om Talent 4.0\">Read more<\/a><\/p>\n","protected":false},"author":3,"featured_media":0,"parent":0,"menu_order":0,"comment_status":"closed","ping_status":"closed","template":"","meta":{"_monsterinsights_skip_tracking":false,"_monsterinsights_sitenote_active":false,"_monsterinsights_sitenote_note":"","_monsterinsights_sitenote_category":0},"_links":{"self":[{"href":"https:\/\/t4lent.eu\/index.php\/wp-json\/wp\/v2\/pages\/2390"}],"collection":[{"href":"https:\/\/t4lent.eu\/index.php\/wp-json\/wp\/v2\/pages"}],"about":[{"href":"https:\/\/t4lent.eu\/index.php\/wp-json\/wp\/v2\/types\/page"}],"author":[{"embeddable":true,"href":"https:\/\/t4lent.eu\/index.php\/wp-json\/wp\/v2\/users\/3"}],"replies":[{"embeddable":true,"href":"https:\/\/t4lent.eu\/index.php\/wp-json\/wp\/v2\/comments?post=2390"}],"version-history":[{"count":1,"href":"https:\/\/t4lent.eu\/index.php\/wp-json\/wp\/v2\/pages\/2390\/revisions"}],"predecessor-version":[{"id":2391,"href":"https:\/\/t4lent.eu\/index.php\/wp-json\/wp\/v2\/pages\/2390\/revisions\/2391"}],"wp:attachment":[{"href":"https:\/\/t4lent.eu\/index.php\/wp-json\/wp\/v2\/media?parent=2390"}],"curies":[{"name":"wp","href":"https:\/\/api.w.org\/{rel}","templated":true}]}}