{"id":2388,"date":"2021-03-03T11:44:32","date_gmt":"2021-03-03T10:44:32","guid":{"rendered":"https:\/\/t4lent.eu\/index.php\/resultat\/"},"modified":"2021-03-16T11:38:41","modified_gmt":"2021-03-16T10:38:41","slug":"resultat","status":"publish","type":"page","link":"https:\/\/t4lent.eu\/index.php\/resultat\/?lang=sv","title":{"rendered":"Resultat"},"content":{"rendered":"\n<p class=\"has-medium-font-size\">Talent 4.0-projektet utvecklar tre ambiti\u00f6sa utg\u00e5ngar f\u00f6r att hj\u00e4lpa sm\u00e5 och medelstora f\u00f6retag att delta i Talent Management 4.0.<\/p>\n<div class=\"wp-block-editor-blocks-features col-3\">\r\n<div class=\"feature feature-0\">\r\n\r\n<img class=\"feature__image\" src=\"https:\/\/t4lent.eu\/wp-content\/uploads\/2019\/11\/iconfinder_8_2958194.png\" alt=\"Feature Image\" \/>\r\n<h3 class=\"feature__heading\">Research Report<\/h3>\r\n<p class=\"feature__text\">A study on current talent management practice and needs of SMEs in the 7 Talent 4.0 partner countries. It summarises the results of a survey and desk research and it further informs the other two outputs..\r\n\r\n<a href=\"https:\/\/t4lent.eu\/index.php\/talent-4-0-utredningsforskningsrapport\/?lang=sv\">More&#8230;<\/a>\r\n\r\n\r\n<\/p>\r\n\r\n<\/div>\r\n<div class=\"feature feature-1\">\r\n\r\n<img class=\"feature__image\" src=\"https:\/\/t4lent.eu\/wp-content\/uploads\/2019\/11\/iconfinder_15_2958201.png\" alt=\"Feature Image\" \/>\r\n<h3 class=\"feature__heading\">Talent Management Toolbox<\/h3>\r\n<p class=\"feature__text\">A collection of different tools for all talent management areas and relevant for SME business realities. This ranges from educational videos, podcasts, checklist to web based software solutions.\r\n\r\n<a href=\"https:\/\/t4lent.eu\/index.php\/talent-4-0-verktygslada\/?lang=sv\">More&#8230;<\/a><\/p>\r\n\r\n<\/div>\r\n<div class=\"feature feature-2\">\r\n\r\n<img class=\"feature__image\" src=\"https:\/\/t4lent.eu\/wp-content\/uploads\/2019\/11\/iconfinder_7_2958193.png\" alt=\"Feature Image\" \/>\r\n<h3 class=\"feature__heading\">Training Programme<\/h3>\r\n<p class=\"feature__text\">A 5 day training programme (1.5 ECVET credits) that covers the whole talent management process from strategy development, talent attraction, organisation culture change and HR-practices.\r\n\r\n<a href=\"https:\/\/t4lent.eu\/index.php\/talent-4-0-training-programme\/?lang=sv\">More&#8230;<\/a><\/p>\r\n\r\n<\/div>\r\n<\/div>\n<p><\/p>\n","protected":false},"excerpt":{"rendered":"<p>Talent 4.0-projektet utvecklar tre ambiti\u00f6sa utg\u00e5ngar f\u00f6r att hj\u00e4lpa sm\u00e5 och medelstora f\u00f6retag att delta i Talent Management 4.0.<\/p>\n","protected":false},"author":3,"featured_media":1509,"parent":0,"menu_order":0,"comment_status":"closed","ping_status":"closed","template":"","meta":{"_monsterinsights_skip_tracking":false,"_monsterinsights_sitenote_active":false,"_monsterinsights_sitenote_note":"","_monsterinsights_sitenote_category":0},"_links":{"self":[{"href":"https:\/\/t4lent.eu\/index.php\/wp-json\/wp\/v2\/pages\/2388"}],"collection":[{"href":"https:\/\/t4lent.eu\/index.php\/wp-json\/wp\/v2\/pages"}],"about":[{"href":"https:\/\/t4lent.eu\/index.php\/wp-json\/wp\/v2\/types\/page"}],"author":[{"embeddable":true,"href":"https:\/\/t4lent.eu\/index.php\/wp-json\/wp\/v2\/users\/3"}],"replies":[{"embeddable":true,"href":"https:\/\/t4lent.eu\/index.php\/wp-json\/wp\/v2\/comments?post=2388"}],"version-history":[{"count":3,"href":"https:\/\/t4lent.eu\/index.php\/wp-json\/wp\/v2\/pages\/2388\/revisions"}],"predecessor-version":[{"id":3170,"href":"https:\/\/t4lent.eu\/index.php\/wp-json\/wp\/v2\/pages\/2388\/revisions\/3170"}],"wp:featuredmedia":[{"embeddable":true,"href":"https:\/\/t4lent.eu\/index.php\/wp-json\/wp\/v2\/media\/1509"}],"wp:attachment":[{"href":"https:\/\/t4lent.eu\/index.php\/wp-json\/wp\/v2\/media?parent=2388"}],"curies":[{"name":"wp","href":"https:\/\/api.w.org\/{rel}","templated":true}]}}