{"id":2378,"date":"2021-03-03T11:30:17","date_gmt":"2021-03-03T10:30:17","guid":{"rendered":"https:\/\/t4lent.eu\/index.php\/talent-4-0-utredningsforskningsrapport\/"},"modified":"2021-03-16T11:38:59","modified_gmt":"2021-03-16T10:38:59","slug":"talent-4-0-utredningsforskningsrapport","status":"publish","type":"page","link":"https:\/\/t4lent.eu\/index.php\/talent-4-0-utredningsforskningsrapport\/?lang=sv","title":{"rendered":"Talent 4.0 Utredningsforskningsrapport"},"content":{"rendered":"\t\t<div data-elementor-type=\"wp-page\" data-elementor-id=\"2378\" class=\"elementor elementor-2378 elementor-310\" data-elementor-settings=\"[]\">\n\t\t\t\t\t\t<div class=\"elementor-inner\">\n\t\t\t\t\t\t\t<div class=\"elementor-section-wrap\">\n\t\t\t\t\t\t\t<section class=\"elementor-section elementor-top-section elementor-element elementor-element-ae00ce8 elementor-section-boxed elementor-section-height-default elementor-section-height-default\" data-id=\"ae00ce8\" data-element_type=\"section\">\n\t\t\t\t\t\t<div class=\"elementor-container elementor-column-gap-default\">\n\t\t\t\t\t\t\t<div class=\"elementor-row\">\n\t\t\t\t\t<div class=\"elementor-column elementor-col-100 elementor-top-column elementor-element elementor-element-bc243b9\" data-id=\"bc243b9\" data-element_type=\"column\">\n\t\t\t<div class=\"elementor-column-wrap elementor-element-populated\">\n\t\t\t\t\t\t\t<div class=\"elementor-widget-wrap\">\n\t\t\t\t\t\t<div class=\"elementor-element elementor-element-ecdc95f elementor-widget elementor-widget-heading\" data-id=\"ecdc95f\" data-element_type=\"widget\" data-widget_type=\"heading.default\">\n\t\t\t\t<div class=\"elementor-widget-container\">\n\t\t\t<h2 class=\"elementor-heading-title elementor-size-default\">Talent 4.0 Utredningsforskningsrapport<\/h2>\t\t<\/div>\n\t\t\t\t<\/div>\n\t\t\t\t\t\t<\/div>\n\t\t\t\t\t<\/div>\n\t\t<\/div>\n\t\t\t\t\t\t\t\t<\/div>\n\t\t\t\t\t<\/div>\n\t\t<\/section>\n\t\t\t\t<section class=\"elementor-section elementor-top-section elementor-element elementor-element-b738f1b elementor-section-boxed elementor-section-height-default elementor-section-height-default\" data-id=\"b738f1b\" data-element_type=\"section\">\n\t\t\t\t\t\t<div class=\"elementor-container elementor-column-gap-default\">\n\t\t\t\t\t\t\t<div class=\"elementor-row\">\n\t\t\t\t\t<div class=\"elementor-column elementor-col-100 elementor-top-column elementor-element elementor-element-be239f1\" data-id=\"be239f1\" data-element_type=\"column\">\n\t\t\t<div class=\"elementor-column-wrap elementor-element-populated\">\n\t\t\t\t\t\t\t<div class=\"elementor-widget-wrap\">\n\t\t\t\t\t\t<div class=\"elementor-element elementor-element-8e10bf0 elementor-widget elementor-widget-text-editor\" data-id=\"8e10bf0\" data-element_type=\"widget\" data-widget_type=\"text-editor.default\">\n\t\t\t\t<div class=\"elementor-widget-container\">\n\t\t\t\t\t<div class=\"elementor-text-editor elementor-clearfix\"><p>M\u00e5let med utredningsforskningsrapporten var att unders\u00f6ka behoven och kraven f\u00f6r sm\u00e5 och medelstora f\u00f6retag (SMF) i partnerl\u00e4nderna \u00d6sterrike, Tyskland, Italien, Spanien, Irland, Sverige och Cypern, inom omr\u00e5det talent management. Genom analys av resultaten fr\u00e5n de enskilda nationella rapporterna, skrivbordsunders\u00f6kningar och nyckelfynd var syftet att svara p\u00e5 hur talanghantering kan fungera som en bro mellan aff\u00e4rs- och yrkesutbildningssystemets verklighet. Resultaten av denna unders\u00f6kningsforskningsrapport informerar vidare om utvecklingen av andra intellektuella resultat fr\u00e5n Talent 4.0-projektet &#8211; verktygsl\u00e5dan och utbildningsprogrammet.<\/p>\n<p>Unders\u00f6kningen om Talent Management genomf\u00f6rdes online via webbverktyget \u201dlimesurvey\u201d. Det utf\u00f6rdes i sju olika l\u00e4nder, varav alla \u00e4r medlemmar i Europeiska unionen. Totalt 331 sm\u00e5 och medelstora f\u00f6retag deltog i unders\u00f6kningen.<\/p>\n<p>Du kan ladda ner slutrapporten p\u00e5 engelska samt sammanfattningarna p\u00e5 samtliga partnerspr\u00e5k nedan.<\/p>\n<\/div>\n\t\t\t\t<\/div>\n\t\t\t\t<\/div>\n\t\t\t\t\t\t<\/div>\n\t\t\t\t\t<\/div>\n\t\t<\/div>\n\t\t\t\t\t\t\t\t<\/div>\n\t\t\t\t\t<\/div>\n\t\t<\/section>\n\t\t\t\t<section class=\"elementor-section elementor-top-section elementor-element elementor-element-c43ef62 elementor-section-boxed elementor-section-height-default elementor-section-height-default\" data-id=\"c43ef62\" data-element_type=\"section\">\n\t\t\t\t\t\t<div class=\"elementor-container elementor-column-gap-default\">\n\t\t\t\t\t\t\t<div class=\"elementor-row\">\n\t\t\t\t\t<div class=\"elementor-column elementor-col-100 elementor-top-column elementor-element elementor-element-9662aa6\" data-id=\"9662aa6\" data-element_type=\"column\">\n\t\t\t<div class=\"elementor-column-wrap elementor-element-populated\">\n\t\t\t\t\t\t\t<div class=\"elementor-widget-wrap\">\n\t\t\t\t\t\t<div class=\"elementor-element elementor-element-bda8c7d elementor-view-framed elementor-shape-circle elementor-position-top elementor-vertical-align-top elementor-widget elementor-widget-icon-box\" data-id=\"bda8c7d\" data-element_type=\"widget\" data-widget_type=\"icon-box.default\">\n\t\t\t\t<div class=\"elementor-widget-container\">\n\t\t\t\t\t<div class=\"elementor-icon-box-wrapper\">\n\t\t\t\t\t\t<div class=\"elementor-icon-box-icon\">\n\t\t\t\t<a class=\"elementor-icon elementor-animation-\" href=\"https:\/\/t4lent.eu\/wp-content\/uploads\/2019\/11\/T4.0_Investigation-Research-Report_EN_FinalVersion.pdf\">\n\t\t\t\t<i aria-hidden=\"true\" class=\"fas fa-file-download\"><\/i>\t\t\t\t<\/a>\n\t\t\t<\/div>\n\t\t\t\t\t\t<div class=\"elementor-icon-box-content\">\n\t\t\t\t<h3 class=\"elementor-icon-box-title\">\n\t\t\t\t\t<a href=\"https:\/\/t4lent.eu\/wp-content\/uploads\/2019\/11\/T4.0_Investigation-Research-Report_EN_FinalVersion.pdf\">Ladda ner Talent 4.0 Utredningsforskningsrapport<br><\/a>\n\t\t\t\t<\/h3>\n\t\t\t\t\t\t\t<\/div>\n\t\t<\/div>\n\t\t\t\t<\/div>\n\t\t\t\t<\/div>\n\t\t\t\t<div class=\"elementor-element elementor-element-2d260f6 elementor-view-framed elementor-shape-circle elementor-position-top elementor-vertical-align-top elementor-widget elementor-widget-icon-box\" data-id=\"2d260f6\" data-element_type=\"widget\" data-widget_type=\"icon-box.default\">\n\t\t\t\t<div class=\"elementor-widget-container\">\n\t\t\t\t\t<div class=\"elementor-icon-box-wrapper\">\n\t\t\t\t\t\t<div class=\"elementor-icon-box-icon\">\n\t\t\t\t<a class=\"elementor-icon elementor-animation-\" href=\"https:\/\/t4lent.eu\/wp-content\/uploads\/2019\/11\/Executive-summary_EN_FinalVersion.pdf\">\n\t\t\t\t<i aria-hidden=\"true\" class=\"fas fa-file-download\"><\/i>\t\t\t\t<\/a>\n\t\t\t<\/div>\n\t\t\t\t\t\t<div class=\"elementor-icon-box-content\">\n\t\t\t\t<h3 class=\"elementor-icon-box-title\">\n\t\t\t\t\t<a href=\"https:\/\/t4lent.eu\/wp-content\/uploads\/2019\/11\/Executive-summary_EN_FinalVersion.pdf\">Ladda ner Sammanfattning av Talent 4.0-rapporten <br><\/a>\n\t\t\t\t<\/h3>\n\t\t\t\t\t\t\t<\/div>\n\t\t<\/div>\n\t\t\t\t<\/div>\n\t\t\t\t<\/div>\n\t\t\t\t<div class=\"elementor-element elementor-element-f26f412 elementor-view-framed elementor-shape-circle elementor-position-top elementor-vertical-align-top elementor-widget elementor-widget-icon-box\" data-id=\"f26f412\" data-element_type=\"widget\" data-widget_type=\"icon-box.default\">\n\t\t\t\t<div class=\"elementor-widget-container\">\n\t\t\t\t\t<div class=\"elementor-icon-box-wrapper\">\n\t\t\t\t\t\t<div class=\"elementor-icon-box-icon\">\n\t\t\t\t<a class=\"elementor-icon elementor-animation-\" href=\"https:\/\/drive.google.com\/open?id=1ynbCrd9961T1IzNWBSKaDxqZUk1rL5E_\">\n\t\t\t\t<i aria-hidden=\"true\" class=\"fas fa-file-download\"><\/i>\t\t\t\t<\/a>\n\t\t\t<\/div>\n\t\t\t\t\t\t<div class=\"elementor-icon-box-content\">\n\t\t\t\t<h3 class=\"elementor-icon-box-title\">\n\t\t\t\t\t<a href=\"https:\/\/drive.google.com\/open?id=1ynbCrd9961T1IzNWBSKaDxqZUk1rL5E_\">Ladda ner sammanfattningar p\u00e5 andra spr\u00e5k <br><\/a>\n\t\t\t\t<\/h3>\n\t\t\t\t\t\t\t<\/div>\n\t\t<\/div>\n\t\t\t\t<\/div>\n\t\t\t\t<\/div>\n\t\t\t\t\t\t<\/div>\n\t\t\t\t\t<\/div>\n\t\t<\/div>\n\t\t\t\t\t\t\t\t<\/div>\n\t\t\t\t\t<\/div>\n\t\t<\/section>\n\t\t\t\t\t\t<\/div>\n\t\t\t\t\t\t<\/div>\n\t\t\t\t\t<\/div>\n\t\t","protected":false},"excerpt":{"rendered":"<p>Talent 4.0 Utredningsforskningsrapport M\u00e5let med utredningsforskningsrapporten var att unders\u00f6ka behoven och kraven f\u00f6r sm\u00e5 och medelstora f\u00f6retag (SMF) i partnerl\u00e4nderna \u00d6sterrike, Tyskland, Italien, Spanien, Irland, Sverige och Cypern, inom omr\u00e5det talent management. Genom analys av resultaten fr\u00e5n de enskilda nationella rapporterna, skrivbordsunders\u00f6kningar och nyckelfynd var syftet att svara p\u00e5 hur talanghantering kan fungera som en &#8230; <a title=\"Talent 4.0 Utredningsforskningsrapport\" class=\"read-more\" href=\"https:\/\/t4lent.eu\/index.php\/talent-4-0-utredningsforskningsrapport\/?lang=sv\" aria-label=\"More on Talent 4.0 Utredningsforskningsrapport\">Read more<\/a><\/p>\n","protected":false},"author":3,"featured_media":0,"parent":0,"menu_order":0,"comment_status":"closed","ping_status":"closed","template":"","meta":{"_monsterinsights_skip_tracking":false,"_monsterinsights_sitenote_active":false,"_monsterinsights_sitenote_note":"","_monsterinsights_sitenote_category":0},"_links":{"self":[{"href":"https:\/\/t4lent.eu\/index.php\/wp-json\/wp\/v2\/pages\/2378"}],"collection":[{"href":"https:\/\/t4lent.eu\/index.php\/wp-json\/wp\/v2\/pages"}],"about":[{"href":"https:\/\/t4lent.eu\/index.php\/wp-json\/wp\/v2\/types\/page"}],"author":[{"embeddable":true,"href":"https:\/\/t4lent.eu\/index.php\/wp-json\/wp\/v2\/users\/3"}],"replies":[{"embeddable":true,"href":"https:\/\/t4lent.eu\/index.php\/wp-json\/wp\/v2\/comments?post=2378"}],"version-history":[{"count":5,"href":"https:\/\/t4lent.eu\/index.php\/wp-json\/wp\/v2\/pages\/2378\/revisions"}],"predecessor-version":[{"id":3172,"href":"https:\/\/t4lent.eu\/index.php\/wp-json\/wp\/v2\/pages\/2378\/revisions\/3172"}],"wp:attachment":[{"href":"https:\/\/t4lent.eu\/index.php\/wp-json\/wp\/v2\/media?parent=2378"}],"curies":[{"name":"wp","href":"https:\/\/api.w.org\/{rel}","templated":true}]}}