{"id":2376,"date":"2021-03-03T11:27:42","date_gmt":"2021-03-03T10:27:42","guid":{"rendered":"https:\/\/t4lent.eu\/index.php\/talent-4-0-verktygslada\/"},"modified":"2021-03-16T11:39:42","modified_gmt":"2021-03-16T10:39:42","slug":"talent-4-0-verktygslada","status":"publish","type":"page","link":"https:\/\/t4lent.eu\/index.php\/talent-4-0-verktygslada\/?lang=sv","title":{"rendered":"Talent 4.0 Verktygsl\u00e5da"},"content":{"rendered":"\t\t<div data-elementor-type=\"wp-page\" data-elementor-id=\"2376\" class=\"elementor elementor-2376 elementor-316\" data-elementor-settings=\"[]\">\n\t\t\t\t\t\t<div class=\"elementor-inner\">\n\t\t\t\t\t\t\t<div class=\"elementor-section-wrap\">\n\t\t\t\t\t\t\t<section class=\"elementor-section elementor-top-section elementor-element elementor-element-1baaf0e elementor-section-boxed elementor-section-height-default elementor-section-height-default\" data-id=\"1baaf0e\" data-element_type=\"section\">\n\t\t\t\t\t\t<div class=\"elementor-container elementor-column-gap-default\">\n\t\t\t\t\t\t\t<div class=\"elementor-row\">\n\t\t\t\t\t<div class=\"elementor-column elementor-col-100 elementor-top-column elementor-element elementor-element-e321f99\" data-id=\"e321f99\" data-element_type=\"column\">\n\t\t\t<div class=\"elementor-column-wrap elementor-element-populated\">\n\t\t\t\t\t\t\t<div class=\"elementor-widget-wrap\">\n\t\t\t\t\t\t<div class=\"elementor-element elementor-element-fd93c80 elementor-widget elementor-widget-heading\" data-id=\"fd93c80\" data-element_type=\"widget\" data-widget_type=\"heading.default\">\n\t\t\t\t<div class=\"elementor-widget-container\">\n\t\t\t<h2 class=\"elementor-heading-title elementor-size-default\">Verktygsl\u00e5da f\u00f6r Talent Management 4.0<\/h2>\t\t<\/div>\n\t\t\t\t<\/div>\n\t\t\t\t\t\t<\/div>\n\t\t\t\t\t<\/div>\n\t\t<\/div>\n\t\t\t\t\t\t\t\t<\/div>\n\t\t\t\t\t<\/div>\n\t\t<\/section>\n\t\t\t\t<section class=\"elementor-section elementor-top-section elementor-element elementor-element-5902d41 elementor-section-boxed elementor-section-height-default elementor-section-height-default\" data-id=\"5902d41\" data-element_type=\"section\">\n\t\t\t\t\t\t<div class=\"elementor-container elementor-column-gap-default\">\n\t\t\t\t\t\t\t<div class=\"elementor-row\">\n\t\t\t\t\t<div class=\"elementor-column elementor-col-100 elementor-top-column elementor-element elementor-element-1c2c014\" data-id=\"1c2c014\" data-element_type=\"column\">\n\t\t\t<div class=\"elementor-column-wrap elementor-element-populated\">\n\t\t\t\t\t\t\t<div class=\"elementor-widget-wrap\">\n\t\t\t\t\t\t<div class=\"elementor-element elementor-element-3d997cf elementor-aspect-ratio-169 elementor-widget elementor-widget-video\" data-id=\"3d997cf\" data-element_type=\"widget\" data-settings=\"{&quot;youtube_url&quot;:&quot;https:\\\/\\\/www.youtube.com\\\/watch?v=kfr8dQhTrhY&quot;,&quot;video_type&quot;:&quot;youtube&quot;,&quot;controls&quot;:&quot;yes&quot;,&quot;aspect_ratio&quot;:&quot;169&quot;}\" data-widget_type=\"video.default\">\n\t\t\t\t<div class=\"elementor-widget-container\">\n\t\t\t\t\t<div class=\"elementor-wrapper elementor-fit-aspect-ratio elementor-open-inline\">\n\t\t\t<div class=\"elementor-video\"><\/div>\t\t<\/div>\n\t\t\t\t<\/div>\n\t\t\t\t<\/div>\n\t\t\t\t\t\t<\/div>\n\t\t\t\t\t<\/div>\n\t\t<\/div>\n\t\t\t\t\t\t\t\t<\/div>\n\t\t\t\t\t<\/div>\n\t\t<\/section>\n\t\t\t\t<section class=\"elementor-section elementor-top-section elementor-element elementor-element-0ad7697 elementor-section-boxed elementor-section-height-default elementor-section-height-default\" data-id=\"0ad7697\" data-element_type=\"section\">\n\t\t\t\t\t\t<div class=\"elementor-container elementor-column-gap-default\">\n\t\t\t\t\t\t\t<div class=\"elementor-row\">\n\t\t\t\t\t<div class=\"elementor-column elementor-col-100 elementor-top-column elementor-element elementor-element-b572373\" data-id=\"b572373\" data-element_type=\"column\">\n\t\t\t<div class=\"elementor-column-wrap elementor-element-populated\">\n\t\t\t\t\t\t\t<div class=\"elementor-widget-wrap\">\n\t\t\t\t\t\t<div class=\"elementor-element elementor-element-e59faae elementor-widget elementor-widget-text-editor\" data-id=\"e59faae\" data-element_type=\"widget\" data-widget_type=\"text-editor.default\">\n\t\t\t\t<div class=\"elementor-widget-container\">\n\t\t\t\t\t<div class=\"elementor-text-editor elementor-clearfix\"><p>Talent Management har blivit en av de viktigaste pelarna och de mest aktuella \u00e4mnena inom HR. Det involverar och kombinerar anv\u00e4ndningen av ett brett utbud av digitala instrument och tillv\u00e4gag\u00e5ngss\u00e4tt vilket g\u00f6r det till en holistisk och kontinuerlig process f\u00f6r att driva prestanda och tillv\u00e4xt. Som ett resultat har framg\u00e5ngsrik talanghantering blivit en viktig parameter f\u00f6r f\u00f6retagens framg\u00e5ngar som inspirerar utvecklingen av m\u00e5nga verktyg f\u00f6r att st\u00f6dja dem i dess effektiva \u00e5tagande. Dessa verktyg finns i olika former, s\u00e5som utbildnings- och specialiseringsmedier, webbaserade plattformar, applikationer och checklistor.<br \/>\nTalent 4.0 har utvecklat en verktygsl\u00e5da med ett urval av anv\u00e4ndbara och praktiska resurser som uttryckligen tillgodoses dina behov som ett litet och medelstort f\u00f6retag som sm\u00e5 och medelstora f\u00f6retag, konsulter, utbildning &amp; HR-proffs och experter, liksom alla andra med intresse inom omr\u00e5det, kan l\u00e4tt dra nytta av.<br \/>\nF\u00f6r att st\u00f6dja enkel surfning och utforskning av tillg\u00e4ngliga resurser delar verktygsl\u00e5dan dem i de fem huvudpelarna i Talent Management. Varje verktyg presenteras separat och bes\u00f6kare f\u00e5r tydlig information om dess typ, omfattning och m\u00e5lgrupp samt kostnaderna om det medf\u00f6r.<br \/>\nG\u00e5 igenom v\u00e5r verktygsl\u00e5da, kolla in urvalet av verktyg och god praxis som Talent 4.0-partners har samlat f\u00f6r att st\u00f6dja och hj\u00e4lpa sm\u00e5 och medelstora f\u00f6retag. Genom att bl\u00e4ddra i verktygsl\u00e5dan hittar du ett sortiment av verktyg och god praxis som inkluderar:<\/p>\n<p>\u2022 Managementplattformar \/ HR-programvara online<br \/>\n\u2022 Onlineguider<br \/>\n\u2022 Unders\u00f6kningar<br \/>\n\u2022 Utv\u00e4rderingsformul\u00e4r<br \/>\n\u2022 e-b\u00f6cker<br \/>\n\u2022 Webbinarier &#8211; e-kurser<br \/>\n\u2022 Podds\u00e4ndningar<\/p>\n<\/div>\n\t\t\t\t<\/div>\n\t\t\t\t<\/div>\n\t\t\t\t\t\t<\/div>\n\t\t\t\t\t<\/div>\n\t\t<\/div>\n\t\t\t\t\t\t\t\t<\/div>\n\t\t\t\t\t<\/div>\n\t\t<\/section>\n\t\t\t\t<section class=\"elementor-section elementor-top-section elementor-element elementor-element-ff6c765 elementor-section-boxed elementor-section-height-default elementor-section-height-default\" data-id=\"ff6c765\" data-element_type=\"section\">\n\t\t\t\t\t\t<div class=\"elementor-container elementor-column-gap-default\">\n\t\t\t\t\t\t\t<div class=\"elementor-row\">\n\t\t\t\t\t<div class=\"elementor-column elementor-col-100 elementor-top-column elementor-element elementor-element-30019b0\" data-id=\"30019b0\" data-element_type=\"column\">\n\t\t\t<div class=\"elementor-column-wrap elementor-element-populated\">\n\t\t\t\t\t\t\t<div class=\"elementor-widget-wrap\">\n\t\t\t\t\t\t<section class=\"elementor-section elementor-inner-section elementor-element elementor-element-e4516bb elementor-section-boxed elementor-section-height-default elementor-section-height-default\" data-id=\"e4516bb\" data-element_type=\"section\">\n\t\t\t\t\t\t<div class=\"elementor-container elementor-column-gap-default\">\n\t\t\t\t\t\t\t<div class=\"elementor-row\">\n\t\t\t\t\t<div class=\"elementor-column elementor-col-100 elementor-inner-column elementor-element elementor-element-25b8f50\" data-id=\"25b8f50\" data-element_type=\"column\">\n\t\t\t<div class=\"elementor-column-wrap elementor-element-populated\">\n\t\t\t\t\t\t\t<div class=\"elementor-widget-wrap\">\n\t\t\t\t\t\t<div class=\"elementor-element elementor-element-e72e94e elementor-align-center elementor-widget elementor-widget-button\" data-id=\"e72e94e\" data-element_type=\"widget\" data-widget_type=\"button.default\">\n\t\t\t\t<div class=\"elementor-widget-container\">\n\t\t\t\t\t<div class=\"elementor-button-wrapper\">\n\t\t\t<a href=\"https:\/\/t4lent.eu\/index.php\/talent-4-0-verktygslada\/verktyg-for-incheckning-till-talent-management-4-0\/?lang=sv\" class=\"elementor-button-link elementor-button elementor-size-xl\" role=\"button\">\n\t\t\t\t\t\t<span class=\"elementor-button-content-wrapper\">\n\t\t\t\t\t\t<span class=\"elementor-button-text\">01. Incheckning till Talent Management 4.0<\/span>\n\t\t<\/span>\n\t\t\t\t\t<\/a>\n\t\t<\/div>\n\t\t\t\t<\/div>\n\t\t\t\t<\/div>\n\t\t\t\t\t\t<\/div>\n\t\t\t\t\t<\/div>\n\t\t<\/div>\n\t\t\t\t\t\t\t\t<\/div>\n\t\t\t\t\t<\/div>\n\t\t<\/section>\n\t\t\t\t<section class=\"elementor-section elementor-inner-section elementor-element elementor-element-28bf4dc elementor-section-boxed elementor-section-height-default elementor-section-height-default\" data-id=\"28bf4dc\" data-element_type=\"section\">\n\t\t\t\t\t\t<div class=\"elementor-container elementor-column-gap-default\">\n\t\t\t\t\t\t\t<div class=\"elementor-row\">\n\t\t\t\t\t<div class=\"elementor-column elementor-col-100 elementor-inner-column elementor-element elementor-element-c8673f7\" data-id=\"c8673f7\" data-element_type=\"column\">\n\t\t\t<div class=\"elementor-column-wrap elementor-element-populated\">\n\t\t\t\t\t\t\t<div class=\"elementor-widget-wrap\">\n\t\t\t\t\t\t<div class=\"elementor-element elementor-element-31ebfba elementor-widget elementor-widget-image\" data-id=\"31ebfba\" data-element_type=\"widget\" data-widget_type=\"image.default\">\n\t\t\t\t<div class=\"elementor-widget-container\">\n\t\t\t\t\t<div class=\"elementor-image\">\n\t\t\t\t\t\t\t\t\t\t\t<a href=\"https:\/\/t4lent.eu\/index.php\/tools-for-your-check-in-to-talent-management-4-0\/\">\n\t\t\t\t\t\t\t<img width=\"1024\" height=\"731\" src=\"https:\/\/t4lent.eu\/wp-content\/uploads\/2020\/03\/01.Check-in_to_TM40-1024x731.jpg\" class=\"attachment-large size-large\" alt=\"\" loading=\"lazy\" srcset=\"https:\/\/t4lent.eu\/wp-content\/uploads\/2020\/03\/01.Check-in_to_TM40-1024x731.jpg 1024w, https:\/\/t4lent.eu\/wp-content\/uploads\/2020\/03\/01.Check-in_to_TM40-300x214.jpg 300w, https:\/\/t4lent.eu\/wp-content\/uploads\/2020\/03\/01.Check-in_to_TM40-768x549.jpg 768w, https:\/\/t4lent.eu\/wp-content\/uploads\/2020\/03\/01.Check-in_to_TM40-1536x1097.jpg 1536w, https:\/\/t4lent.eu\/wp-content\/uploads\/2020\/03\/01.Check-in_to_TM40-2048x1463.jpg 2048w\" sizes=\"(max-width: 1024px) 100vw, 1024px\" \/>\t\t\t\t\t\t\t\t<\/a>\n\t\t\t\t\t\t\t\t\t\t\t<\/div>\n\t\t\t\t<\/div>\n\t\t\t\t<\/div>\n\t\t\t\t\t\t<\/div>\n\t\t\t\t\t<\/div>\n\t\t<\/div>\n\t\t\t\t\t\t\t\t<\/div>\n\t\t\t\t\t<\/div>\n\t\t<\/section>\n\t\t\t\t\t\t<\/div>\n\t\t\t\t\t<\/div>\n\t\t<\/div>\n\t\t\t\t\t\t\t\t<\/div>\n\t\t\t\t\t<\/div>\n\t\t<\/section>\n\t\t\t\t<section class=\"elementor-section elementor-top-section elementor-element elementor-element-792569b elementor-section-boxed elementor-section-height-default elementor-section-height-default\" data-id=\"792569b\" data-element_type=\"section\">\n\t\t\t\t\t\t<div class=\"elementor-container elementor-column-gap-default\">\n\t\t\t\t\t\t\t<div class=\"elementor-row\">\n\t\t\t\t\t<div class=\"elementor-column elementor-col-100 elementor-top-column elementor-element elementor-element-d43141d\" data-id=\"d43141d\" data-element_type=\"column\">\n\t\t\t<div class=\"elementor-column-wrap elementor-element-populated\">\n\t\t\t\t\t\t\t<div class=\"elementor-widget-wrap\">\n\t\t\t\t\t\t<section class=\"elementor-section elementor-inner-section elementor-element elementor-element-74c0714 elementor-section-boxed elementor-section-height-default elementor-section-height-default\" data-id=\"74c0714\" data-element_type=\"section\">\n\t\t\t\t\t\t<div class=\"elementor-container elementor-column-gap-default\">\n\t\t\t\t\t\t\t<div class=\"elementor-row\">\n\t\t\t\t\t<div class=\"elementor-column elementor-col-50 elementor-inner-column elementor-element elementor-element-847ed50\" data-id=\"847ed50\" data-element_type=\"column\">\n\t\t\t<div class=\"elementor-column-wrap elementor-element-populated\">\n\t\t\t\t\t\t\t<div class=\"elementor-widget-wrap\">\n\t\t\t\t\t\t<div class=\"elementor-element elementor-element-cb9ed87 elementor-align-center elementor-widget elementor-widget-button\" data-id=\"cb9ed87\" data-element_type=\"widget\" data-widget_type=\"button.default\">\n\t\t\t\t<div class=\"elementor-widget-container\">\n\t\t\t\t\t<div class=\"elementor-button-wrapper\">\n\t\t\t<a href=\"https:\/\/t4lent.eu\/index.php\/talent-4-0-verktygslada\/verktyg-for-att-locka-talang\/?lang=sv\" class=\"elementor-button-link elementor-button elementor-size-xl\" role=\"button\">\n\t\t\t\t\t\t<span class=\"elementor-button-content-wrapper\">\n\t\t\t\t\t\t<span class=\"elementor-button-text\">02. Locka talang<\/span>\n\t\t<\/span>\n\t\t\t\t\t<\/a>\n\t\t<\/div>\n\t\t\t\t<\/div>\n\t\t\t\t<\/div>\n\t\t\t\t\t\t<\/div>\n\t\t\t\t\t<\/div>\n\t\t<\/div>\n\t\t\t\t<div class=\"elementor-column elementor-col-50 elementor-inner-column elementor-element elementor-element-959d67b\" data-id=\"959d67b\" data-element_type=\"column\">\n\t\t\t<div class=\"elementor-column-wrap elementor-element-populated\">\n\t\t\t\t\t\t\t<div class=\"elementor-widget-wrap\">\n\t\t\t\t\t\t<div class=\"elementor-element elementor-element-3756ccd elementor-align-center elementor-widget elementor-widget-button\" data-id=\"3756ccd\" data-element_type=\"widget\" data-widget_type=\"button.default\">\n\t\t\t\t<div class=\"elementor-widget-container\">\n\t\t\t\t\t<div class=\"elementor-button-wrapper\">\n\t\t\t<a href=\"https:\/\/t4lent.eu\/index.php\/talent-4-0-verktygslada\/verktyg-for-att-utveckla-talang\/?lang=sv\" class=\"elementor-button-link elementor-button elementor-size-xl\" role=\"button\">\n\t\t\t\t\t\t<span class=\"elementor-button-content-wrapper\">\n\t\t\t\t\t\t<span class=\"elementor-button-text\">03. Utveckla talang<\/span>\n\t\t<\/span>\n\t\t\t\t\t<\/a>\n\t\t<\/div>\n\t\t\t\t<\/div>\n\t\t\t\t<\/div>\n\t\t\t\t\t\t<\/div>\n\t\t\t\t\t<\/div>\n\t\t<\/div>\n\t\t\t\t\t\t\t\t<\/div>\n\t\t\t\t\t<\/div>\n\t\t<\/section>\n\t\t\t\t<section class=\"elementor-section elementor-inner-section elementor-element elementor-element-3909313 elementor-section-boxed elementor-section-height-default elementor-section-height-default\" data-id=\"3909313\" data-element_type=\"section\">\n\t\t\t\t\t\t<div class=\"elementor-container elementor-column-gap-default\">\n\t\t\t\t\t\t\t<div class=\"elementor-row\">\n\t\t\t\t\t<div class=\"elementor-column elementor-col-50 elementor-inner-column elementor-element elementor-element-6bcebac\" data-id=\"6bcebac\" data-element_type=\"column\">\n\t\t\t<div class=\"elementor-column-wrap elementor-element-populated\">\n\t\t\t\t\t\t\t<div class=\"elementor-widget-wrap\">\n\t\t\t\t\t\t<div class=\"elementor-element elementor-element-972fdf8 elementor-widget elementor-widget-image\" data-id=\"972fdf8\" data-element_type=\"widget\" data-widget_type=\"image.default\">\n\t\t\t\t<div class=\"elementor-widget-container\">\n\t\t\t\t\t<div class=\"elementor-image\">\n\t\t\t\t\t\t\t\t\t\t\t<a href=\"https:\/\/t4lent.eu\/index.php\/talent-4-0-verktygslada\/verktyg-for-att-locka-talang\/?lang=sv\">\n\t\t\t\t\t\t\t<img width=\"1024\" height=\"731\" src=\"https:\/\/t4lent.eu\/wp-content\/uploads\/2020\/03\/02.-Attract-1024x731.jpg\" class=\"attachment-large size-large\" alt=\"\" loading=\"lazy\" srcset=\"https:\/\/t4lent.eu\/wp-content\/uploads\/2020\/03\/02.-Attract-1024x731.jpg 1024w, https:\/\/t4lent.eu\/wp-content\/uploads\/2020\/03\/02.-Attract-300x214.jpg 300w, https:\/\/t4lent.eu\/wp-content\/uploads\/2020\/03\/02.-Attract-768x549.jpg 768w, https:\/\/t4lent.eu\/wp-content\/uploads\/2020\/03\/02.-Attract-1536x1097.jpg 1536w, https:\/\/t4lent.eu\/wp-content\/uploads\/2020\/03\/02.-Attract-2048x1463.jpg 2048w\" sizes=\"(max-width: 1024px) 100vw, 1024px\" \/>\t\t\t\t\t\t\t\t<\/a>\n\t\t\t\t\t\t\t\t\t\t\t<\/div>\n\t\t\t\t<\/div>\n\t\t\t\t<\/div>\n\t\t\t\t\t\t<\/div>\n\t\t\t\t\t<\/div>\n\t\t<\/div>\n\t\t\t\t<div class=\"elementor-column elementor-col-50 elementor-inner-column elementor-element elementor-element-b8f5188\" data-id=\"b8f5188\" data-element_type=\"column\">\n\t\t\t<div class=\"elementor-column-wrap elementor-element-populated\">\n\t\t\t\t\t\t\t<div class=\"elementor-widget-wrap\">\n\t\t\t\t\t\t<div class=\"elementor-element elementor-element-9b517d6 elementor-widget elementor-widget-image\" data-id=\"9b517d6\" data-element_type=\"widget\" data-widget_type=\"image.default\">\n\t\t\t\t<div class=\"elementor-widget-container\">\n\t\t\t\t\t<div class=\"elementor-image\">\n\t\t\t\t\t\t\t\t\t\t\t<a href=\"https:\/\/t4lent.eu\/index.php\/talent-4-0-verktygslada\/verktyg-for-att-utveckla-talang\/?lang=sv\">\n\t\t\t\t\t\t\t<img width=\"1024\" height=\"731\" src=\"https:\/\/t4lent.eu\/wp-content\/uploads\/2020\/03\/03.Develop-1024x731.jpg\" class=\"attachment-large size-large\" alt=\"\" loading=\"lazy\" srcset=\"https:\/\/t4lent.eu\/wp-content\/uploads\/2020\/03\/03.Develop-1024x731.jpg 1024w, https:\/\/t4lent.eu\/wp-content\/uploads\/2020\/03\/03.Develop-300x214.jpg 300w, https:\/\/t4lent.eu\/wp-content\/uploads\/2020\/03\/03.Develop-768x549.jpg 768w, https:\/\/t4lent.eu\/wp-content\/uploads\/2020\/03\/03.Develop-1536x1097.jpg 1536w, https:\/\/t4lent.eu\/wp-content\/uploads\/2020\/03\/03.Develop-2048x1463.jpg 2048w\" sizes=\"(max-width: 1024px) 100vw, 1024px\" \/>\t\t\t\t\t\t\t\t<\/a>\n\t\t\t\t\t\t\t\t\t\t\t<\/div>\n\t\t\t\t<\/div>\n\t\t\t\t<\/div>\n\t\t\t\t\t\t<\/div>\n\t\t\t\t\t<\/div>\n\t\t<\/div>\n\t\t\t\t\t\t\t\t<\/div>\n\t\t\t\t\t<\/div>\n\t\t<\/section>\n\t\t\t\t<section class=\"elementor-section elementor-inner-section elementor-element elementor-element-ed32ff7 elementor-section-boxed elementor-section-height-default elementor-section-height-default\" data-id=\"ed32ff7\" data-element_type=\"section\">\n\t\t\t\t\t\t<div class=\"elementor-container elementor-column-gap-default\">\n\t\t\t\t\t\t\t<div class=\"elementor-row\">\n\t\t\t\t\t<div class=\"elementor-column elementor-col-50 elementor-inner-column elementor-element elementor-element-01cc093\" data-id=\"01cc093\" data-element_type=\"column\">\n\t\t\t<div class=\"elementor-column-wrap elementor-element-populated\">\n\t\t\t\t\t\t\t<div class=\"elementor-widget-wrap\">\n\t\t\t\t\t\t<div class=\"elementor-element elementor-element-a187c40 elementor-align-center elementor-widget elementor-widget-button\" data-id=\"a187c40\" data-element_type=\"widget\" data-widget_type=\"button.default\">\n\t\t\t\t<div class=\"elementor-widget-container\">\n\t\t\t\t\t<div class=\"elementor-button-wrapper\">\n\t\t\t<a href=\"https:\/\/t4lent.eu\/index.php\/talent-4-0-verktygslada\/verktyg-for-att-motivera-talang\/?lang=sv\" class=\"elementor-button-link elementor-button elementor-size-xl\" role=\"button\">\n\t\t\t\t\t\t<span class=\"elementor-button-content-wrapper\">\n\t\t\t\t\t\t<span class=\"elementor-button-text\">04. Motivera talang<\/span>\n\t\t<\/span>\n\t\t\t\t\t<\/a>\n\t\t<\/div>\n\t\t\t\t<\/div>\n\t\t\t\t<\/div>\n\t\t\t\t\t\t<\/div>\n\t\t\t\t\t<\/div>\n\t\t<\/div>\n\t\t\t\t<div class=\"elementor-column elementor-col-50 elementor-inner-column elementor-element elementor-element-b68c60c\" data-id=\"b68c60c\" data-element_type=\"column\">\n\t\t\t<div class=\"elementor-column-wrap elementor-element-populated\">\n\t\t\t\t\t\t\t<div class=\"elementor-widget-wrap\">\n\t\t\t\t\t\t<div class=\"elementor-element elementor-element-5b4d6e0 elementor-align-center elementor-widget elementor-widget-button\" data-id=\"5b4d6e0\" data-element_type=\"widget\" data-widget_type=\"button.default\">\n\t\t\t\t<div class=\"elementor-widget-container\">\n\t\t\t\t\t<div class=\"elementor-button-wrapper\">\n\t\t\t<a href=\"https:\/\/t4lent.eu\/index.php\/talent-4-0-verktygslada\/verktyg-for-att-behalla-talang\/?lang=sv\" class=\"elementor-button-link elementor-button elementor-size-xl\" role=\"button\">\n\t\t\t\t\t\t<span class=\"elementor-button-content-wrapper\">\n\t\t\t\t\t\t<span class=\"elementor-button-text\">05. Beh\u00e5lla talang<\/span>\n\t\t<\/span>\n\t\t\t\t\t<\/a>\n\t\t<\/div>\n\t\t\t\t<\/div>\n\t\t\t\t<\/div>\n\t\t\t\t\t\t<\/div>\n\t\t\t\t\t<\/div>\n\t\t<\/div>\n\t\t\t\t\t\t\t\t<\/div>\n\t\t\t\t\t<\/div>\n\t\t<\/section>\n\t\t\t\t<section class=\"elementor-section elementor-inner-section elementor-element elementor-element-7a2b31a elementor-section-boxed elementor-section-height-default elementor-section-height-default\" data-id=\"7a2b31a\" data-element_type=\"section\">\n\t\t\t\t\t\t<div class=\"elementor-container elementor-column-gap-default\">\n\t\t\t\t\t\t\t<div class=\"elementor-row\">\n\t\t\t\t\t<div class=\"elementor-column elementor-col-50 elementor-inner-column elementor-element elementor-element-a953c80\" data-id=\"a953c80\" data-element_type=\"column\">\n\t\t\t<div class=\"elementor-column-wrap elementor-element-populated\">\n\t\t\t\t\t\t\t<div class=\"elementor-widget-wrap\">\n\t\t\t\t\t\t<div class=\"elementor-element elementor-element-334003d elementor-widget elementor-widget-image\" data-id=\"334003d\" data-element_type=\"widget\" data-widget_type=\"image.default\">\n\t\t\t\t<div class=\"elementor-widget-container\">\n\t\t\t\t\t<div class=\"elementor-image\">\n\t\t\t\t\t\t\t\t\t\t\t<a href=\"https:\/\/t4lent.eu\/index.php\/talent-4-0-verktygslada\/verktyg-for-att-motivera-talang\/?lang=sv\">\n\t\t\t\t\t\t\t<img width=\"1024\" height=\"731\" src=\"https:\/\/t4lent.eu\/wp-content\/uploads\/2020\/03\/04.Motivate-1024x731.jpg\" class=\"attachment-large size-large\" alt=\"\" loading=\"lazy\" srcset=\"https:\/\/t4lent.eu\/wp-content\/uploads\/2020\/03\/04.Motivate-1024x731.jpg 1024w, https:\/\/t4lent.eu\/wp-content\/uploads\/2020\/03\/04.Motivate-300x214.jpg 300w, https:\/\/t4lent.eu\/wp-content\/uploads\/2020\/03\/04.Motivate-768x549.jpg 768w, https:\/\/t4lent.eu\/wp-content\/uploads\/2020\/03\/04.Motivate-1536x1097.jpg 1536w, https:\/\/t4lent.eu\/wp-content\/uploads\/2020\/03\/04.Motivate-2048x1463.jpg 2048w\" sizes=\"(max-width: 1024px) 100vw, 1024px\" \/>\t\t\t\t\t\t\t\t<\/a>\n\t\t\t\t\t\t\t\t\t\t\t<\/div>\n\t\t\t\t<\/div>\n\t\t\t\t<\/div>\n\t\t\t\t\t\t<\/div>\n\t\t\t\t\t<\/div>\n\t\t<\/div>\n\t\t\t\t<div class=\"elementor-column elementor-col-50 elementor-inner-column elementor-element elementor-element-451682e\" data-id=\"451682e\" data-element_type=\"column\">\n\t\t\t<div class=\"elementor-column-wrap elementor-element-populated\">\n\t\t\t\t\t\t\t<div class=\"elementor-widget-wrap\">\n\t\t\t\t\t\t<div class=\"elementor-element elementor-element-9e01449 elementor-widget elementor-widget-image\" data-id=\"9e01449\" data-element_type=\"widget\" data-widget_type=\"image.default\">\n\t\t\t\t<div class=\"elementor-widget-container\">\n\t\t\t\t\t<div class=\"elementor-image\">\n\t\t\t\t\t\t\t\t\t\t\t<a href=\"https:\/\/t4lent.eu\/index.php\/talent-4-0-verktygslada\/verktyg-for-att-behalla-talang\/?lang=sv\">\n\t\t\t\t\t\t\t<img width=\"1024\" height=\"731\" src=\"https:\/\/t4lent.eu\/wp-content\/uploads\/2020\/03\/05.Retain-1024x731.jpg\" class=\"attachment-large size-large\" alt=\"\" loading=\"lazy\" srcset=\"https:\/\/t4lent.eu\/wp-content\/uploads\/2020\/03\/05.Retain-1024x731.jpg 1024w, https:\/\/t4lent.eu\/wp-content\/uploads\/2020\/03\/05.Retain-300x214.jpg 300w, https:\/\/t4lent.eu\/wp-content\/uploads\/2020\/03\/05.Retain-768x549.jpg 768w, https:\/\/t4lent.eu\/wp-content\/uploads\/2020\/03\/05.Retain-1536x1097.jpg 1536w, https:\/\/t4lent.eu\/wp-content\/uploads\/2020\/03\/05.Retain-2048x1463.jpg 2048w\" sizes=\"(max-width: 1024px) 100vw, 1024px\" \/>\t\t\t\t\t\t\t\t<\/a>\n\t\t\t\t\t\t\t\t\t\t\t<\/div>\n\t\t\t\t<\/div>\n\t\t\t\t<\/div>\n\t\t\t\t\t\t<\/div>\n\t\t\t\t\t<\/div>\n\t\t<\/div>\n\t\t\t\t\t\t\t\t<\/div>\n\t\t\t\t\t<\/div>\n\t\t<\/section>\n\t\t\t\t\t\t<\/div>\n\t\t\t\t\t<\/div>\n\t\t<\/div>\n\t\t\t\t\t\t\t\t<\/div>\n\t\t\t\t\t<\/div>\n\t\t<\/section>\n\t\t\t\t\t\t<\/div>\n\t\t\t\t\t\t<\/div>\n\t\t\t\t\t<\/div>\n\t\t","protected":false},"excerpt":{"rendered":"<p>Verktygsl\u00e5da f\u00f6r Talent Management 4.0 https:\/\/www.youtube.com\/watch?v=kfr8dQhTrhY Talent Management har blivit en av de viktigaste pelarna och de mest aktuella \u00e4mnena inom HR. Det involverar och kombinerar anv\u00e4ndningen av ett brett utbud av digitala instrument och tillv\u00e4gag\u00e5ngss\u00e4tt vilket g\u00f6r det till en holistisk och kontinuerlig process f\u00f6r att driva prestanda och tillv\u00e4xt. Som ett resultat har &#8230; <a title=\"Talent 4.0 Verktygsl\u00e5da\" class=\"read-more\" href=\"https:\/\/t4lent.eu\/index.php\/talent-4-0-verktygslada\/?lang=sv\" aria-label=\"More on Talent 4.0 Verktygsl\u00e5da\">Read more<\/a><\/p>\n","protected":false},"author":3,"featured_media":0,"parent":0,"menu_order":0,"comment_status":"closed","ping_status":"closed","template":"","meta":{"_monsterinsights_skip_tracking":false,"_monsterinsights_sitenote_active":false,"_monsterinsights_sitenote_note":"","_monsterinsights_sitenote_category":0},"_links":{"self":[{"href":"https:\/\/t4lent.eu\/index.php\/wp-json\/wp\/v2\/pages\/2376"}],"collection":[{"href":"https:\/\/t4lent.eu\/index.php\/wp-json\/wp\/v2\/pages"}],"about":[{"href":"https:\/\/t4lent.eu\/index.php\/wp-json\/wp\/v2\/types\/page"}],"author":[{"embeddable":true,"href":"https:\/\/t4lent.eu\/index.php\/wp-json\/wp\/v2\/users\/3"}],"replies":[{"embeddable":true,"href":"https:\/\/t4lent.eu\/index.php\/wp-json\/wp\/v2\/comments?post=2376"}],"version-history":[{"count":5,"href":"https:\/\/t4lent.eu\/index.php\/wp-json\/wp\/v2\/pages\/2376\/revisions"}],"predecessor-version":[{"id":3174,"href":"https:\/\/t4lent.eu\/index.php\/wp-json\/wp\/v2\/pages\/2376\/revisions\/3174"}],"wp:attachment":[{"href":"https:\/\/t4lent.eu\/index.php\/wp-json\/wp\/v2\/media?parent=2376"}],"curies":[{"name":"wp","href":"https:\/\/api.w.org\/{rel}","templated":true}]}}