{"id":2274,"date":"2021-03-02T11:41:17","date_gmt":"2021-03-02T10:41:17","guid":{"rendered":"https:\/\/t4lent.eu\/index.php\/herramientas-para-registrarse-en-talent-management-4-0\/herramienta-02-que-es-la-gestion-del-talento\/"},"modified":"2021-03-02T11:41:17","modified_gmt":"2021-03-02T10:41:17","slug":"herramienta-02-que-es-la-gestion-del-talento","status":"publish","type":"page","link":"https:\/\/t4lent.eu\/index.php\/talent-4-0-toobox\/herramientas-para-registrarse-en-talent-management-4-0\/herramienta-02-que-es-la-gestion-del-talento\/?lang=es","title":{"rendered":"Herramienta 02: \u00bfQu\u00e9 es la gesti\u00f3n del talento?"},"content":{"rendered":"\t\t<div data-elementor-type=\"wp-page\" data-elementor-id=\"2274\" class=\"elementor elementor-2274 elementor-431\" data-elementor-settings=\"[]\">\n\t\t\t\t\t\t<div class=\"elementor-inner\">\n\t\t\t\t\t\t\t<div class=\"elementor-section-wrap\">\n\t\t\t\t\t\t\t<section class=\"elementor-section elementor-top-section elementor-element elementor-element-22a43a5b elementor-section-boxed elementor-section-height-default elementor-section-height-default\" data-id=\"22a43a5b\" data-element_type=\"section\">\n\t\t\t\t\t\t<div class=\"elementor-container elementor-column-gap-default\">\n\t\t\t\t\t\t\t<div class=\"elementor-row\">\n\t\t\t\t\t<div class=\"elementor-column elementor-col-100 elementor-top-column elementor-element elementor-element-de0a163\" data-id=\"de0a163\" data-element_type=\"column\">\n\t\t\t<div class=\"elementor-column-wrap elementor-element-populated\">\n\t\t\t\t\t\t\t<div class=\"elementor-widget-wrap\">\n\t\t\t\t\t\t<div class=\"elementor-element elementor-element-74e8db1 elementor-widget elementor-widget-heading\" data-id=\"74e8db1\" data-element_type=\"widget\" data-widget_type=\"heading.default\">\n\t\t\t\t<div class=\"elementor-widget-container\">\n\t\t\t<h2 class=\"elementor-heading-title elementor-size-default\"> Herramienta 02: Video \"\u00bfQu\u00e9 es la gesti\u00f3n del talento?\"<\/h2>\t\t<\/div>\n\t\t\t\t<\/div>\n\t\t\t\t\t\t<\/div>\n\t\t\t\t\t<\/div>\n\t\t<\/div>\n\t\t\t\t\t\t\t\t<\/div>\n\t\t\t\t\t<\/div>\n\t\t<\/section>\n\t\t\t\t<section class=\"elementor-section elementor-top-section elementor-element elementor-element-2ea8751d elementor-section-boxed elementor-section-height-default elementor-section-height-default\" data-id=\"2ea8751d\" data-element_type=\"section\">\n\t\t\t\t\t\t<div class=\"elementor-container elementor-column-gap-default\">\n\t\t\t\t\t\t\t<div class=\"elementor-row\">\n\t\t\t\t\t<div class=\"elementor-column elementor-col-100 elementor-top-column elementor-element elementor-element-17fc20f2\" data-id=\"17fc20f2\" data-element_type=\"column\">\n\t\t\t<div class=\"elementor-column-wrap elementor-element-populated\">\n\t\t\t\t\t\t\t<div class=\"elementor-widget-wrap\">\n\t\t\t\t\t\t<div class=\"elementor-element elementor-element-247f1005 elementor-widget-divider--view-line elementor-widget elementor-widget-divider\" data-id=\"247f1005\" data-element_type=\"widget\" data-widget_type=\"divider.default\">\n\t\t\t\t<div class=\"elementor-widget-container\">\n\t\t\t\t\t<div class=\"elementor-divider\">\n\t\t\t<span class=\"elementor-divider-separator\">\n\t\t\t\t\t\t<\/span>\n\t\t<\/div>\n\t\t\t\t<\/div>\n\t\t\t\t<\/div>\n\t\t\t\t<div class=\"elementor-element elementor-element-5c636b16 elementor-view-framed elementor-position-left elementor-shape-circle elementor-vertical-align-top elementor-widget elementor-widget-icon-box\" data-id=\"5c636b16\" data-element_type=\"widget\" data-widget_type=\"icon-box.default\">\n\t\t\t\t<div class=\"elementor-widget-container\">\n\t\t\t\t\t<div class=\"elementor-icon-box-wrapper\">\n\t\t\t\t\t\t<div class=\"elementor-icon-box-icon\">\n\t\t\t\t<span class=\"elementor-icon elementor-animation-\" >\n\t\t\t\t<i aria-hidden=\"true\" class=\"fas fa-columns\"><\/i>\t\t\t\t<\/span>\n\t\t\t<\/div>\n\t\t\t\t\t\t<div class=\"elementor-icon-box-content\">\n\t\t\t\t<h4 class=\"elementor-icon-box-title\">\n\t\t\t\t\t<span > Gesti\u00f3n del talento Pilar: <span style = \"font-weight: hereit; white-space: normal;\"> Registro, General, Introducci\u00f3n <\/span><\/span>\n\t\t\t\t<\/h4>\n\t\t\t\t\t\t\t<\/div>\n\t\t<\/div>\n\t\t\t\t<\/div>\n\t\t\t\t<\/div>\n\t\t\t\t\t\t<\/div>\n\t\t\t\t\t<\/div>\n\t\t<\/div>\n\t\t\t\t\t\t\t\t<\/div>\n\t\t\t\t\t<\/div>\n\t\t<\/section>\n\t\t\t\t<section class=\"elementor-section elementor-top-section elementor-element elementor-element-520eca2c elementor-section-boxed elementor-section-height-default elementor-section-height-default\" data-id=\"520eca2c\" data-element_type=\"section\">\n\t\t\t\t\t\t<div class=\"elementor-container elementor-column-gap-default\">\n\t\t\t\t\t\t\t<div class=\"elementor-row\">\n\t\t\t\t\t<div class=\"elementor-column elementor-col-100 elementor-top-column elementor-element elementor-element-5b7b5981\" data-id=\"5b7b5981\" data-element_type=\"column\">\n\t\t\t<div class=\"elementor-column-wrap elementor-element-populated\">\n\t\t\t\t\t\t\t<div class=\"elementor-widget-wrap\">\n\t\t\t\t\t\t<div class=\"elementor-element elementor-element-329f02c6 elementor-view-framed elementor-position-left elementor-shape-circle elementor-vertical-align-top elementor-widget elementor-widget-icon-box\" data-id=\"329f02c6\" data-element_type=\"widget\" data-widget_type=\"icon-box.default\">\n\t\t\t\t<div class=\"elementor-widget-container\">\n\t\t\t\t\t<div class=\"elementor-icon-box-wrapper\">\n\t\t\t\t\t\t<div class=\"elementor-icon-box-icon\">\n\t\t\t\t<a class=\"elementor-icon elementor-animation-\" href=\"https:\/\/www.youtube.com\/watch?v=oobsCZS5okY\">\n\t\t\t\t<i aria-hidden=\"true\" class=\"fas fa-external-link-square-alt\"><\/i>\t\t\t\t<\/a>\n\t\t\t<\/div>\n\t\t\t\t\t\t<div class=\"elementor-icon-box-content\">\n\t\t\t\t<h4 class=\"elementor-icon-box-title\">\n\t\t\t\t\t<a href=\"https:\/\/www.youtube.com\/watch?v=oobsCZS5okY\">Enlace: V\u00eddeo \"\u00bfQu\u00e9 es la gesti\u00f3n del talento?\"<\/a>\n\t\t\t\t<\/h4>\n\t\t\t\t\t\t\t<\/div>\n\t\t<\/div>\n\t\t\t\t<\/div>\n\t\t\t\t<\/div>\n\t\t\t\t<div class=\"elementor-element elementor-element-639e3d05 elementor-view-framed elementor-position-left elementor-shape-circle elementor-vertical-align-top elementor-widget elementor-widget-icon-box\" data-id=\"639e3d05\" data-element_type=\"widget\" data-widget_type=\"icon-box.default\">\n\t\t\t\t<div class=\"elementor-widget-container\">\n\t\t\t\t\t<div class=\"elementor-icon-box-wrapper\">\n\t\t\t\t\t\t<div class=\"elementor-icon-box-icon\">\n\t\t\t\t<span class=\"elementor-icon elementor-animation-\" >\n\t\t\t\t<i aria-hidden=\"true\" class=\"far fa-lightbulb\"><\/i>\t\t\t\t<\/span>\n\t\t\t<\/div>\n\t\t\t\t\t\t<div class=\"elementor-icon-box-content\">\n\t\t\t\t<h4 class=\"elementor-icon-box-title\">\n\t\t\t\t\t<span >Tipo de herramienta: Software de contrataci\u00f3n online<\/span>\n\t\t\t\t<\/h4>\n\t\t\t\t\t\t\t<\/div>\n\t\t<\/div>\n\t\t\t\t<\/div>\n\t\t\t\t<\/div>\n\t\t\t\t<div class=\"elementor-element elementor-element-1bf89b9a elementor-view-framed elementor-position-left elementor-shape-circle elementor-vertical-align-top elementor-widget elementor-widget-icon-box\" data-id=\"1bf89b9a\" data-element_type=\"widget\" data-widget_type=\"icon-box.default\">\n\t\t\t\t<div class=\"elementor-widget-container\">\n\t\t\t\t\t<div class=\"elementor-icon-box-wrapper\">\n\t\t\t\t\t\t<div class=\"elementor-icon-box-icon\">\n\t\t\t\t<span class=\"elementor-icon elementor-animation-\" >\n\t\t\t\t<i aria-hidden=\"true\" class=\"far fa-user\"><\/i>\t\t\t\t<\/span>\n\t\t\t<\/div>\n\t\t\t\t\t\t<div class=\"elementor-icon-box-content\">\n\t\t\t\t<h4 class=\"elementor-icon-box-title\">\n\t\t\t\t\t<span >Grupo objetivo: principiante, gerente de recursos humanos, director ejecutivo<\/span>\n\t\t\t\t<\/h4>\n\t\t\t\t\t\t\t<\/div>\n\t\t<\/div>\n\t\t\t\t<\/div>\n\t\t\t\t<\/div>\n\t\t\t\t<div class=\"elementor-element elementor-element-7a310882 elementor-view-framed elementor-position-left elementor-shape-circle elementor-vertical-align-top elementor-widget elementor-widget-icon-box\" data-id=\"7a310882\" data-element_type=\"widget\" data-widget_type=\"icon-box.default\">\n\t\t\t\t<div class=\"elementor-widget-container\">\n\t\t\t\t\t<div class=\"elementor-icon-box-wrapper\">\n\t\t\t\t\t\t<div class=\"elementor-icon-box-icon\">\n\t\t\t\t<span class=\"elementor-icon elementor-animation-\" >\n\t\t\t\t<i aria-hidden=\"true\" class=\"fas fa-language\"><\/i>\t\t\t\t<\/span>\n\t\t\t<\/div>\n\t\t\t\t\t\t<div class=\"elementor-icon-box-content\">\n\t\t\t\t<h4 class=\"elementor-icon-box-title\">\n\t\t\t\t\t<span >Lenguaje: Ingl\u00e9s.<\/span>\n\t\t\t\t<\/h4>\n\t\t\t\t\t\t\t<\/div>\n\t\t<\/div>\n\t\t\t\t<\/div>\n\t\t\t\t<\/div>\n\t\t\t\t<div class=\"elementor-element elementor-element-70b245d8 elementor-view-framed elementor-position-left elementor-shape-circle elementor-vertical-align-top elementor-widget elementor-widget-icon-box\" data-id=\"70b245d8\" data-element_type=\"widget\" data-widget_type=\"icon-box.default\">\n\t\t\t\t<div class=\"elementor-widget-container\">\n\t\t\t\t\t<div class=\"elementor-icon-box-wrapper\">\n\t\t\t\t\t\t<div class=\"elementor-icon-box-icon\">\n\t\t\t\t<span class=\"elementor-icon elementor-animation-\" >\n\t\t\t\t<i aria-hidden=\"true\" class=\"fas fa-info\"><\/i>\t\t\t\t<\/span>\n\t\t\t<\/div>\n\t\t\t\t\t\t<div class=\"elementor-icon-box-content\">\n\t\t\t\t<h4 class=\"elementor-icon-box-title\">\n\t\t\t\t\t<span >Descripci\u00f3n.<\/span>\n\t\t\t\t<\/h4>\n\t\t\t\t\t\t\t\t<p class=\"elementor-icon-box-description\">Un video de Gregg Learning que explora los diversos enfoques e interpretaciones de lo que es la gesti\u00f3n del talento. Desea ayudar a los espectadores a comprender la idea central detr\u00e1s de la gesti\u00f3n del talento y la contribuci\u00f3n y el efecto positivo que puede tener en el funcionamiento de las empresas y organizaciones. <br> <br> Alcance \/ Objetivos <br>\r\n<br>\r\nEl video tiene como objetivo ayudar a los espectadores a comprender los elementos clave para una gesti\u00f3n exitosa del talento. <br> <br> Aplicaci\u00f3n <br>\r\n<br>\r\nEsta herramienta puede ser un recurso valioso para cualquier profesional o individuo que desee obtener una comprensi\u00f3n b\u00e1sica de lo que constituye la Gesti\u00f3n del Talento y explorar m\u00e1s a fondo el concepto y su aplicaci\u00f3n en el funcionamiento de una organizaci\u00f3n.<\/p>\n\t\t\t\t\t\t\t<\/div>\n\t\t<\/div>\n\t\t\t\t<\/div>\n\t\t\t\t<\/div>\n\t\t\t\t<div class=\"elementor-element elementor-element-45ad0713 elementor-view-framed elementor-position-left elementor-shape-circle elementor-vertical-align-top elementor-widget elementor-widget-icon-box\" data-id=\"45ad0713\" data-element_type=\"widget\" data-widget_type=\"icon-box.default\">\n\t\t\t\t<div class=\"elementor-widget-container\">\n\t\t\t\t\t<div class=\"elementor-icon-box-wrapper\">\n\t\t\t\t\t\t<div class=\"elementor-icon-box-icon\">\n\t\t\t\t<span class=\"elementor-icon elementor-animation-\" >\n\t\t\t\t<i aria-hidden=\"true\" class=\"fas fa-euro-sign\"><\/i>\t\t\t\t<\/span>\n\t\t\t<\/div>\n\t\t\t\t\t\t<div class=\"elementor-icon-box-content\">\n\t\t\t\t<h4 class=\"elementor-icon-box-title\">\n\t\t\t\t\t<span >Precio: Este video est\u00e1 disponible gratuitamente en Youtube.<\/span>\n\t\t\t\t<\/h4>\n\t\t\t\t\t\t\t<\/div>\n\t\t<\/div>\n\t\t\t\t<\/div>\n\t\t\t\t<\/div>\n\t\t\t\t\t\t<\/div>\n\t\t\t\t\t<\/div>\n\t\t<\/div>\n\t\t\t\t\t\t\t\t<\/div>\n\t\t\t\t\t<\/div>\n\t\t<\/section>\n\t\t\t\t<section class=\"elementor-section elementor-top-section elementor-element elementor-element-644faa4 elementor-section-boxed elementor-section-height-default elementor-section-height-default\" data-id=\"644faa4\" data-element_type=\"section\">\n\t\t\t\t\t\t<div class=\"elementor-container elementor-column-gap-default\">\n\t\t\t\t\t\t\t<div class=\"elementor-row\">\n\t\t\t\t\t<div class=\"elementor-column elementor-col-100 elementor-top-column elementor-element elementor-element-49d84946\" data-id=\"49d84946\" data-element_type=\"column\">\n\t\t\t<div class=\"elementor-column-wrap\">\n\t\t\t\t\t\t\t<div class=\"elementor-widget-wrap\">\n\t\t\t\t\t\t\t\t<\/div>\n\t\t\t\t\t<\/div>\n\t\t<\/div>\n\t\t\t\t\t\t\t\t<\/div>\n\t\t\t\t\t<\/div>\n\t\t<\/section>\n\t\t\t\t\t\t<\/div>\n\t\t\t\t\t\t<\/div>\n\t\t\t\t\t<\/div>\n\t\t","protected":false},"excerpt":{"rendered":"<p>Herramienta 02: Video &#8220;\u00bfQu\u00e9 es la gesti\u00f3n del talento?&#8221; Gesti\u00f3n del talento Pilar: Registro, General, Introducci\u00f3n Enlace: V\u00eddeo &#8220;\u00bfQu\u00e9 es la gesti\u00f3n del talento?&#8221; Tipo de herramienta: Software de contrataci\u00f3n online Grupo objetivo: principiante, gerente de recursos humanos, director ejecutivo Lenguaje: Ingl\u00e9s. Descripci\u00f3n. Un video de Gregg Learning que explora los diversos enfoques e interpretaciones &#8230; <a title=\"Herramienta 02: \u00bfQu\u00e9 es la gesti\u00f3n del talento?\" class=\"read-more\" href=\"https:\/\/t4lent.eu\/index.php\/talent-4-0-toobox\/herramientas-para-registrarse-en-talent-management-4-0\/herramienta-02-que-es-la-gestion-del-talento\/?lang=es\" aria-label=\"More on Herramienta 02: \u00bfQu\u00e9 es la gesti\u00f3n del talento?\">Read more<\/a><\/p>\n","protected":false},"author":3,"featured_media":0,"parent":2206,"menu_order":2,"comment_status":"closed","ping_status":"closed","template":"","meta":{"_monsterinsights_skip_tracking":false,"_monsterinsights_sitenote_active":false,"_monsterinsights_sitenote_note":"","_monsterinsights_sitenote_category":0},"_links":{"self":[{"href":"https:\/\/t4lent.eu\/index.php\/wp-json\/wp\/v2\/pages\/2274"}],"collection":[{"href":"https:\/\/t4lent.eu\/index.php\/wp-json\/wp\/v2\/pages"}],"about":[{"href":"https:\/\/t4lent.eu\/index.php\/wp-json\/wp\/v2\/types\/page"}],"author":[{"embeddable":true,"href":"https:\/\/t4lent.eu\/index.php\/wp-json\/wp\/v2\/users\/3"}],"replies":[{"embeddable":true,"href":"https:\/\/t4lent.eu\/index.php\/wp-json\/wp\/v2\/comments?post=2274"}],"version-history":[{"count":1,"href":"https:\/\/t4lent.eu\/index.php\/wp-json\/wp\/v2\/pages\/2274\/revisions"}],"predecessor-version":[{"id":2275,"href":"https:\/\/t4lent.eu\/index.php\/wp-json\/wp\/v2\/pages\/2274\/revisions\/2275"}],"up":[{"embeddable":true,"href":"https:\/\/t4lent.eu\/index.php\/wp-json\/wp\/v2\/pages\/2206"}],"wp:attachment":[{"href":"https:\/\/t4lent.eu\/index.php\/wp-json\/wp\/v2\/media?parent=2274"}],"curies":[{"name":"wp","href":"https:\/\/api.w.org\/{rel}","templated":true}]}}