{"id":2228,"date":"2021-03-02T10:43:14","date_gmt":"2021-03-02T09:43:14","guid":{"rendered":"https:\/\/t4lent.eu\/index.php\/herramienta-02-construyendo-el-talento-del-manana-una-guia-para-profesionales-sobre-la-gestion-del-talento-y-la-planificacion-de-la-sucesion\/"},"modified":"2021-03-02T10:43:14","modified_gmt":"2021-03-02T09:43:14","slug":"herramienta-02-construyendo-el-talento-del-manana-una-guia-para-profesionales-sobre-la-gestion-del-talento-y-la-planificacion-de-la-sucesion","status":"publish","type":"page","link":"https:\/\/t4lent.eu\/index.php\/herramientas-para-desarrollar-talento\/herramienta-02-construyendo-el-talento-del-manana-una-guia-para-profesionales-sobre-la-gestion-del-talento-y-la-planificacion-de-la-sucesion\/?lang=es","title":{"rendered":"Herramienta 02: Construyendo el talento del ma\u00f1ana: una gu\u00eda para profesionales sobre la gesti\u00f3n del talento y la planificaci\u00f3n de la sucesi\u00f3n"},"content":{"rendered":"\t\t<div data-elementor-type=\"wp-page\" data-elementor-id=\"2228\" class=\"elementor elementor-2228 elementor-577\" data-elementor-settings=\"[]\">\n\t\t\t\t\t\t<div class=\"elementor-inner\">\n\t\t\t\t\t\t\t<div class=\"elementor-section-wrap\">\n\t\t\t\t\t\t\t<section class=\"elementor-section elementor-top-section elementor-element elementor-element-16505af elementor-section-boxed elementor-section-height-default elementor-section-height-default\" data-id=\"16505af\" data-element_type=\"section\">\n\t\t\t\t\t\t<div class=\"elementor-container elementor-column-gap-default\">\n\t\t\t\t\t\t\t<div class=\"elementor-row\">\n\t\t\t\t\t<div class=\"elementor-column elementor-col-100 elementor-top-column elementor-element elementor-element-43759e77\" data-id=\"43759e77\" data-element_type=\"column\">\n\t\t\t<div class=\"elementor-column-wrap elementor-element-populated\">\n\t\t\t\t\t\t\t<div class=\"elementor-widget-wrap\">\n\t\t\t\t\t\t<div class=\"elementor-element elementor-element-76c4a662 elementor-widget elementor-widget-heading\" data-id=\"76c4a662\" data-element_type=\"widget\" data-widget_type=\"heading.default\">\n\t\t\t\t<div class=\"elementor-widget-container\">\n\t\t\t<h2 class=\"elementor-heading-title elementor-size-default\">Construyendo el talento del ma\u00f1ana: una gu\u00eda para profesionales sobre la gesti\u00f3n del talento y la planificaci\u00f3n de la sucesi\u00f3n<\/h2>\t\t<\/div>\n\t\t\t\t<\/div>\n\t\t\t\t\t\t<\/div>\n\t\t\t\t\t<\/div>\n\t\t<\/div>\n\t\t\t\t\t\t\t\t<\/div>\n\t\t\t\t\t<\/div>\n\t\t<\/section>\n\t\t\t\t<section class=\"elementor-section elementor-top-section elementor-element elementor-element-5b6cfe08 elementor-section-boxed elementor-section-height-default elementor-section-height-default\" data-id=\"5b6cfe08\" data-element_type=\"section\">\n\t\t\t\t\t\t<div class=\"elementor-container elementor-column-gap-default\">\n\t\t\t\t\t\t\t<div class=\"elementor-row\">\n\t\t\t\t\t<div class=\"elementor-column elementor-col-100 elementor-top-column elementor-element elementor-element-7838b215\" data-id=\"7838b215\" data-element_type=\"column\">\n\t\t\t<div class=\"elementor-column-wrap elementor-element-populated\">\n\t\t\t\t\t\t\t<div class=\"elementor-widget-wrap\">\n\t\t\t\t\t\t<div class=\"elementor-element elementor-element-76a2756 elementor-widget elementor-widget-image\" data-id=\"76a2756\" data-element_type=\"widget\" data-widget_type=\"image.default\">\n\t\t\t\t<div class=\"elementor-widget-container\">\n\t\t\t\t\t<div class=\"elementor-image\">\n\t\t\t\t\t\t\t\t\t\t\t<a href=\"https:\/\/www.amazon.com\/Building-Tomorrows-Talent-Practitioners-Management\/dp\/1425994652\/ref=as_li_ss_tl?s=books&#038;ie=UTF8&#038;qid=1484155127&#038;sr=1-1&#038;keywords=talent+management+and+succession+planning&#038;linkCode=sl1&#038;tag=solutionsre04-20&#038;linkId=2614d646f550ac1e0ceea400ee5f5e22\">\n\t\t\t\t\t\t\t<img width=\"300\" height=\"400\" src=\"https:\/\/t4lent.eu\/wp-content\/uploads\/2020\/04\/building_talent.jpg\" class=\"attachment-large size-large\" alt=\"\" loading=\"lazy\" srcset=\"https:\/\/t4lent.eu\/wp-content\/uploads\/2020\/04\/building_talent.jpg 300w, https:\/\/t4lent.eu\/wp-content\/uploads\/2020\/04\/building_talent-225x300.jpg 225w\" sizes=\"(max-width: 300px) 100vw, 300px\" \/>\t\t\t\t\t\t\t\t<\/a>\n\t\t\t\t\t\t\t\t\t\t\t<\/div>\n\t\t\t\t<\/div>\n\t\t\t\t<\/div>\n\t\t\t\t\t\t<\/div>\n\t\t\t\t\t<\/div>\n\t\t<\/div>\n\t\t\t\t\t\t\t\t<\/div>\n\t\t\t\t\t<\/div>\n\t\t<\/section>\n\t\t\t\t<section class=\"elementor-section elementor-top-section elementor-element elementor-element-3b9833f1 elementor-section-boxed elementor-section-height-default elementor-section-height-default\" data-id=\"3b9833f1\" data-element_type=\"section\">\n\t\t\t\t\t\t<div class=\"elementor-container elementor-column-gap-default\">\n\t\t\t\t\t\t\t<div class=\"elementor-row\">\n\t\t\t\t\t<div class=\"elementor-column elementor-col-100 elementor-top-column elementor-element elementor-element-31966915\" data-id=\"31966915\" data-element_type=\"column\">\n\t\t\t<div class=\"elementor-column-wrap elementor-element-populated\">\n\t\t\t\t\t\t\t<div class=\"elementor-widget-wrap\">\n\t\t\t\t\t\t<div class=\"elementor-element elementor-element-65dadf49 elementor-widget-divider--view-line elementor-widget elementor-widget-divider\" data-id=\"65dadf49\" data-element_type=\"widget\" data-widget_type=\"divider.default\">\n\t\t\t\t<div class=\"elementor-widget-container\">\n\t\t\t\t\t<div class=\"elementor-divider\">\n\t\t\t<span class=\"elementor-divider-separator\">\n\t\t\t\t\t\t<\/span>\n\t\t<\/div>\n\t\t\t\t<\/div>\n\t\t\t\t<\/div>\n\t\t\t\t<div class=\"elementor-element elementor-element-652e4ed1 elementor-view-framed elementor-position-left elementor-shape-circle elementor-vertical-align-top elementor-widget elementor-widget-icon-box\" data-id=\"652e4ed1\" data-element_type=\"widget\" data-widget_type=\"icon-box.default\">\n\t\t\t\t<div class=\"elementor-widget-container\">\n\t\t\t\t\t<div class=\"elementor-icon-box-wrapper\">\n\t\t\t\t\t\t<div class=\"elementor-icon-box-icon\">\n\t\t\t\t<span class=\"elementor-icon elementor-animation-\" >\n\t\t\t\t<i aria-hidden=\"true\" class=\"fas fa-columns\"><\/i>\t\t\t\t<\/span>\n\t\t\t<\/div>\n\t\t\t\t\t\t<div class=\"elementor-icon-box-content\">\n\t\t\t\t<h4 class=\"elementor-icon-box-title\">\n\t\t\t\t\t<span >Pilar de la Gesti\u00f3n del Talento: Desarrollar, Motivar, Retener,<\/span>\n\t\t\t\t<\/h4>\n\t\t\t\t\t\t\t<\/div>\n\t\t<\/div>\n\t\t\t\t<\/div>\n\t\t\t\t<\/div>\n\t\t\t\t\t\t<\/div>\n\t\t\t\t\t<\/div>\n\t\t<\/div>\n\t\t\t\t\t\t\t\t<\/div>\n\t\t\t\t\t<\/div>\n\t\t<\/section>\n\t\t\t\t<section class=\"elementor-section elementor-top-section elementor-element elementor-element-5153cad8 elementor-section-boxed elementor-section-height-default elementor-section-height-default\" data-id=\"5153cad8\" data-element_type=\"section\">\n\t\t\t\t\t\t<div class=\"elementor-container elementor-column-gap-default\">\n\t\t\t\t\t\t\t<div class=\"elementor-row\">\n\t\t\t\t\t<div class=\"elementor-column elementor-col-100 elementor-top-column elementor-element elementor-element-49199aad\" data-id=\"49199aad\" data-element_type=\"column\">\n\t\t\t<div class=\"elementor-column-wrap elementor-element-populated\">\n\t\t\t\t\t\t\t<div class=\"elementor-widget-wrap\">\n\t\t\t\t\t\t<div class=\"elementor-element elementor-element-28d345ad elementor-view-framed elementor-position-left elementor-shape-circle elementor-vertical-align-top elementor-widget elementor-widget-icon-box\" data-id=\"28d345ad\" data-element_type=\"widget\" data-widget_type=\"icon-box.default\">\n\t\t\t\t<div class=\"elementor-widget-container\">\n\t\t\t\t\t<div class=\"elementor-icon-box-wrapper\">\n\t\t\t\t\t\t<div class=\"elementor-icon-box-icon\">\n\t\t\t\t<a class=\"elementor-icon elementor-animation-\" href=\"https:\/\/www.amazon.com\/Building-Tomorrows-Talent-Practitioners-Management\/dp\/1425994652\/ref=as_li_ss_tl?s=books&#038;ie=UTF8&#038;qid=1484155127&#038;sr=1-1&#038;keywords=talent+management+and+succession+planning&#038;linkCode=sl1&#038;tag=solutionsre04-20&#038;linkId=2614d646f550ac1e0ceea400ee5f5e22\">\n\t\t\t\t<i aria-hidden=\"true\" class=\"fas fa-external-link-square-alt\"><\/i>\t\t\t\t<\/a>\n\t\t\t<\/div>\n\t\t\t\t\t\t<div class=\"elementor-icon-box-content\">\n\t\t\t\t<h4 class=\"elementor-icon-box-title\">\n\t\t\t\t\t<a href=\"https:\/\/www.amazon.com\/Building-Tomorrows-Talent-Practitioners-Management\/dp\/1425994652\/ref=as_li_ss_tl?s=books&#038;ie=UTF8&#038;qid=1484155127&#038;sr=1-1&#038;keywords=talent+management+and+succession+planning&#038;linkCode=sl1&#038;tag=solutionsre04-20&#038;linkId=2614d646f550ac1e0ceea400ee5f5e22\"> Enlace: Solicite el libro online<\/a>\n\t\t\t\t<\/h4>\n\t\t\t\t\t\t\t\t<p class=\"elementor-icon-box-description\">(Amazon)<\/p>\n\t\t\t\t\t\t\t<\/div>\n\t\t<\/div>\n\t\t\t\t<\/div>\n\t\t\t\t<\/div>\n\t\t\t\t<div class=\"elementor-element elementor-element-5cb41956 elementor-view-framed elementor-position-left elementor-shape-circle elementor-vertical-align-top elementor-widget elementor-widget-icon-box\" data-id=\"5cb41956\" data-element_type=\"widget\" data-widget_type=\"icon-box.default\">\n\t\t\t\t<div class=\"elementor-widget-container\">\n\t\t\t\t\t<div class=\"elementor-icon-box-wrapper\">\n\t\t\t\t\t\t<div class=\"elementor-icon-box-icon\">\n\t\t\t\t<span class=\"elementor-icon elementor-animation-\" >\n\t\t\t\t<i aria-hidden=\"true\" class=\"far fa-lightbulb\"><\/i>\t\t\t\t<\/span>\n\t\t\t<\/div>\n\t\t\t\t\t\t<div class=\"elementor-icon-box-content\">\n\t\t\t\t<h4 class=\"elementor-icon-box-title\">\n\t\t\t\t\t<span > Tipo de herramienta: Libro<\/span>\n\t\t\t\t<\/h4>\n\t\t\t\t\t\t\t<\/div>\n\t\t<\/div>\n\t\t\t\t<\/div>\n\t\t\t\t<\/div>\n\t\t\t\t<div class=\"elementor-element elementor-element-4bcb6ad elementor-view-framed elementor-position-left elementor-shape-circle elementor-vertical-align-top elementor-widget elementor-widget-icon-box\" data-id=\"4bcb6ad\" data-element_type=\"widget\" data-widget_type=\"icon-box.default\">\n\t\t\t\t<div class=\"elementor-widget-container\">\n\t\t\t\t\t<div class=\"elementor-icon-box-wrapper\">\n\t\t\t\t\t\t<div class=\"elementor-icon-box-icon\">\n\t\t\t\t<span class=\"elementor-icon elementor-animation-\" >\n\t\t\t\t<i aria-hidden=\"true\" class=\"far fa-user\"><\/i>\t\t\t\t<\/span>\n\t\t\t<\/div>\n\t\t\t\t\t\t<div class=\"elementor-icon-box-content\">\n\t\t\t\t<h4 class=\"elementor-icon-box-title\">\n\t\t\t\t\t<span >Grupo objetivo: gerentes, ejecutivos, personal de recursos humanos<\/span>\n\t\t\t\t<\/h4>\n\t\t\t\t\t\t\t<\/div>\n\t\t<\/div>\n\t\t\t\t<\/div>\n\t\t\t\t<\/div>\n\t\t\t\t<div class=\"elementor-element elementor-element-196a1a02 elementor-view-framed elementor-position-left elementor-shape-circle elementor-vertical-align-top elementor-widget elementor-widget-icon-box\" data-id=\"196a1a02\" data-element_type=\"widget\" data-widget_type=\"icon-box.default\">\n\t\t\t\t<div class=\"elementor-widget-container\">\n\t\t\t\t\t<div class=\"elementor-icon-box-wrapper\">\n\t\t\t\t\t\t<div class=\"elementor-icon-box-icon\">\n\t\t\t\t<span class=\"elementor-icon elementor-animation-\" >\n\t\t\t\t<i aria-hidden=\"true\" class=\"fas fa-language\"><\/i>\t\t\t\t<\/span>\n\t\t\t<\/div>\n\t\t\t\t\t\t<div class=\"elementor-icon-box-content\">\n\t\t\t\t<h4 class=\"elementor-icon-box-title\">\n\t\t\t\t\t<span >Lenguaje: Ingl\u00e9s.<\/span>\n\t\t\t\t<\/h4>\n\t\t\t\t\t\t\t<\/div>\n\t\t<\/div>\n\t\t\t\t<\/div>\n\t\t\t\t<\/div>\n\t\t\t\t<div class=\"elementor-element elementor-element-191126b4 elementor-view-framed elementor-position-left elementor-shape-circle elementor-vertical-align-top elementor-widget elementor-widget-icon-box\" data-id=\"191126b4\" data-element_type=\"widget\" data-widget_type=\"icon-box.default\">\n\t\t\t\t<div class=\"elementor-widget-container\">\n\t\t\t\t\t<div class=\"elementor-icon-box-wrapper\">\n\t\t\t\t\t\t<div class=\"elementor-icon-box-icon\">\n\t\t\t\t<span class=\"elementor-icon elementor-animation-\" >\n\t\t\t\t<i aria-hidden=\"true\" class=\"fas fa-info\"><\/i>\t\t\t\t<\/span>\n\t\t\t<\/div>\n\t\t\t\t\t\t<div class=\"elementor-icon-box-content\">\n\t\t\t\t<h4 class=\"elementor-icon-box-title\">\n\t\t\t\t\t<span >Descripci\u00f3n.<\/span>\n\t\t\t\t<\/h4>\n\t\t\t\t\t\t\t\t<p class=\"elementor-icon-box-description\">Escrito por dos profesionales de recursos humanos que han implementado programas de desarrollo en empresas Fortune 100 y Fortune 500, este libro cubre varios temas esenciales de la gesti\u00f3n del talento. Sirviendo como un libro de trabajo f\u00e1cil de usar, proporciona a los lectores ideas y herramientas pr\u00e1cticas para ayudarlos a mejorar sus procesos de gesti\u00f3n del talento y programas de recursos humanos. <br> <br> Alcance \/ Objetivos <br>\r\n<br>\r\nConstruir el talento del ma\u00f1ana es una lectura obligada para cualquiera que est\u00e9 tratando de entender c\u00f3mo implementar un proceso de planificaci\u00f3n de sucesi\u00f3n en sus empresas. Este libro es una gu\u00eda pr\u00e1ctica de recursos que gu\u00eda a los lectores a trav\u00e9s de todos los pasos pertinentes para crear un proceso de planificaci\u00f3n de la sucesi\u00f3n. <br> <br> Aplicabilidad <br>\r\n<br>\r\nBuilding Tomorrow's Talent proporciona ideas y herramientas pr\u00e1cticas para ayudar a otros a crear y mejorar estos programas en sus propias organizaciones. Los lectores reciben instrucciones paso a paso para comenzar un programa de Gesti\u00f3n del Talento desde cero o llevar un programa existente al siguiente nivel.<\/p>\n\t\t\t\t\t\t\t<\/div>\n\t\t<\/div>\n\t\t\t\t<\/div>\n\t\t\t\t<\/div>\n\t\t\t\t<div class=\"elementor-element elementor-element-2005ea63 elementor-view-framed elementor-position-left elementor-shape-circle elementor-vertical-align-top elementor-widget elementor-widget-icon-box\" data-id=\"2005ea63\" data-element_type=\"widget\" data-widget_type=\"icon-box.default\">\n\t\t\t\t<div class=\"elementor-widget-container\">\n\t\t\t\t\t<div class=\"elementor-icon-box-wrapper\">\n\t\t\t\t\t\t<div class=\"elementor-icon-box-icon\">\n\t\t\t\t<span class=\"elementor-icon elementor-animation-\" >\n\t\t\t\t<i aria-hidden=\"true\" class=\"fas fa-euro-sign\"><\/i>\t\t\t\t<\/span>\n\t\t\t<\/div>\n\t\t\t\t\t\t<div class=\"elementor-icon-box-content\">\n\t\t\t\t<h4 class=\"elementor-icon-box-title\">\n\t\t\t\t\t<span >Precio: El libro cuesta aprox. 5 $ (usado) hasta 90 $ (nuevo), precio consultado el 27.04.2020.<\/span>\n\t\t\t\t<\/h4>\n\t\t\t\t\t\t\t<\/div>\n\t\t<\/div>\n\t\t\t\t<\/div>\n\t\t\t\t<\/div>\n\t\t\t\t\t\t<\/div>\n\t\t\t\t\t<\/div>\n\t\t<\/div>\n\t\t\t\t\t\t\t\t<\/div>\n\t\t\t\t\t<\/div>\n\t\t<\/section>\n\t\t\t\t<section class=\"elementor-section elementor-top-section elementor-element elementor-element-461f5379 elementor-section-boxed elementor-section-height-default elementor-section-height-default\" data-id=\"461f5379\" data-element_type=\"section\">\n\t\t\t\t\t\t<div class=\"elementor-container elementor-column-gap-default\">\n\t\t\t\t\t\t\t<div class=\"elementor-row\">\n\t\t\t\t\t<div class=\"elementor-column elementor-col-100 elementor-top-column elementor-element elementor-element-6268d40\" data-id=\"6268d40\" data-element_type=\"column\">\n\t\t\t<div class=\"elementor-column-wrap\">\n\t\t\t\t\t\t\t<div class=\"elementor-widget-wrap\">\n\t\t\t\t\t\t\t\t<\/div>\n\t\t\t\t\t<\/div>\n\t\t<\/div>\n\t\t\t\t\t\t\t\t<\/div>\n\t\t\t\t\t<\/div>\n\t\t<\/section>\n\t\t\t\t\t\t<\/div>\n\t\t\t\t\t\t<\/div>\n\t\t\t\t\t<\/div>\n\t\t","protected":false},"excerpt":{"rendered":"<p>Construyendo el talento del ma\u00f1ana: una gu\u00eda para profesionales sobre la gesti\u00f3n del talento y la planificaci\u00f3n de la sucesi\u00f3n Pilar de la Gesti\u00f3n del Talento: Desarrollar, Motivar, Retener, Enlace: Solicite el libro online (Amazon) Tipo de herramienta: Libro Grupo objetivo: gerentes, ejecutivos, personal de recursos humanos Lenguaje: Ingl\u00e9s. Descripci\u00f3n. Escrito por dos profesionales de &#8230; <a title=\"Herramienta 02: Construyendo el talento del ma\u00f1ana: una gu\u00eda para profesionales sobre la gesti\u00f3n del talento y la planificaci\u00f3n de la sucesi\u00f3n\" class=\"read-more\" href=\"https:\/\/t4lent.eu\/index.php\/herramientas-para-desarrollar-talento\/herramienta-02-construyendo-el-talento-del-manana-una-guia-para-profesionales-sobre-la-gestion-del-talento-y-la-planificacion-de-la-sucesion\/?lang=es\" aria-label=\"More on Herramienta 02: Construyendo el talento del ma\u00f1ana: una gu\u00eda para profesionales sobre la gesti\u00f3n del talento y la planificaci\u00f3n de la sucesi\u00f3n\">Read more<\/a><\/p>\n","protected":false},"author":3,"featured_media":0,"parent":2278,"menu_order":2,"comment_status":"closed","ping_status":"closed","template":"","meta":{"_monsterinsights_skip_tracking":false,"_monsterinsights_sitenote_active":false,"_monsterinsights_sitenote_note":"","_monsterinsights_sitenote_category":0},"_links":{"self":[{"href":"https:\/\/t4lent.eu\/index.php\/wp-json\/wp\/v2\/pages\/2228"}],"collection":[{"href":"https:\/\/t4lent.eu\/index.php\/wp-json\/wp\/v2\/pages"}],"about":[{"href":"https:\/\/t4lent.eu\/index.php\/wp-json\/wp\/v2\/types\/page"}],"author":[{"embeddable":true,"href":"https:\/\/t4lent.eu\/index.php\/wp-json\/wp\/v2\/users\/3"}],"replies":[{"embeddable":true,"href":"https:\/\/t4lent.eu\/index.php\/wp-json\/wp\/v2\/comments?post=2228"}],"version-history":[{"count":1,"href":"https:\/\/t4lent.eu\/index.php\/wp-json\/wp\/v2\/pages\/2228\/revisions"}],"predecessor-version":[{"id":2229,"href":"https:\/\/t4lent.eu\/index.php\/wp-json\/wp\/v2\/pages\/2228\/revisions\/2229"}],"up":[{"embeddable":true,"href":"https:\/\/t4lent.eu\/index.php\/wp-json\/wp\/v2\/pages\/2278"}],"wp:attachment":[{"href":"https:\/\/t4lent.eu\/index.php\/wp-json\/wp\/v2\/media?parent=2228"}],"curies":[{"name":"wp","href":"https:\/\/api.w.org\/{rel}","templated":true}]}}