{"id":2208,"date":"2021-03-01T16:43:50","date_gmt":"2021-03-01T15:43:50","guid":{"rendered":"https:\/\/t4lent.eu\/index.php\/talent-4-0-toobox\/"},"modified":"2021-03-15T15:54:54","modified_gmt":"2021-03-15T14:54:54","slug":"talent-4-0-toobox","status":"publish","type":"page","link":"https:\/\/t4lent.eu\/index.php\/talent-4-0-toobox\/?lang=es","title":{"rendered":"Talent 4.0 Toolbox"},"content":{"rendered":"\t\t<div data-elementor-type=\"wp-page\" data-elementor-id=\"2208\" class=\"elementor elementor-2208 elementor-316\" data-elementor-settings=\"[]\">\n\t\t\t\t\t\t<div class=\"elementor-inner\">\n\t\t\t\t\t\t\t<div class=\"elementor-section-wrap\">\n\t\t\t\t\t\t\t<section class=\"elementor-section elementor-top-section elementor-element elementor-element-1baaf0e elementor-section-boxed elementor-section-height-default elementor-section-height-default\" data-id=\"1baaf0e\" data-element_type=\"section\">\n\t\t\t\t\t\t<div class=\"elementor-container elementor-column-gap-default\">\n\t\t\t\t\t\t\t<div class=\"elementor-row\">\n\t\t\t\t\t<div class=\"elementor-column elementor-col-100 elementor-top-column elementor-element elementor-element-e321f99\" data-id=\"e321f99\" data-element_type=\"column\">\n\t\t\t<div class=\"elementor-column-wrap elementor-element-populated\">\n\t\t\t\t\t\t\t<div class=\"elementor-widget-wrap\">\n\t\t\t\t\t\t<div class=\"elementor-element elementor-element-fd93c80 elementor-widget elementor-widget-heading\" data-id=\"fd93c80\" data-element_type=\"widget\" data-widget_type=\"heading.default\">\n\t\t\t\t<div class=\"elementor-widget-container\">\n\t\t\t<h2 class=\"elementor-heading-title elementor-size-default\">Toolbox para la gesti\u00f3n del talento 4.0<\/h2>\t\t<\/div>\n\t\t\t\t<\/div>\n\t\t\t\t\t\t<\/div>\n\t\t\t\t\t<\/div>\n\t\t<\/div>\n\t\t\t\t\t\t\t\t<\/div>\n\t\t\t\t\t<\/div>\n\t\t<\/section>\n\t\t\t\t<section class=\"elementor-section elementor-top-section elementor-element elementor-element-5902d41 elementor-section-boxed elementor-section-height-default elementor-section-height-default\" data-id=\"5902d41\" data-element_type=\"section\">\n\t\t\t\t\t\t<div class=\"elementor-container elementor-column-gap-default\">\n\t\t\t\t\t\t\t<div class=\"elementor-row\">\n\t\t\t\t\t<div class=\"elementor-column elementor-col-100 elementor-top-column elementor-element elementor-element-1c2c014\" data-id=\"1c2c014\" data-element_type=\"column\">\n\t\t\t<div class=\"elementor-column-wrap elementor-element-populated\">\n\t\t\t\t\t\t\t<div class=\"elementor-widget-wrap\">\n\t\t\t\t\t\t<div class=\"elementor-element elementor-element-3d997cf elementor-aspect-ratio-169 elementor-widget elementor-widget-video\" data-id=\"3d997cf\" data-element_type=\"widget\" data-settings=\"{&quot;youtube_url&quot;:&quot;https:\\\/\\\/www.youtube.com\\\/watch?v=kfr8dQhTrhY&quot;,&quot;video_type&quot;:&quot;youtube&quot;,&quot;controls&quot;:&quot;yes&quot;,&quot;aspect_ratio&quot;:&quot;169&quot;}\" data-widget_type=\"video.default\">\n\t\t\t\t<div class=\"elementor-widget-container\">\n\t\t\t\t\t<div class=\"elementor-wrapper elementor-fit-aspect-ratio elementor-open-inline\">\n\t\t\t<div class=\"elementor-video\"><\/div>\t\t<\/div>\n\t\t\t\t<\/div>\n\t\t\t\t<\/div>\n\t\t\t\t\t\t<\/div>\n\t\t\t\t\t<\/div>\n\t\t<\/div>\n\t\t\t\t\t\t\t\t<\/div>\n\t\t\t\t\t<\/div>\n\t\t<\/section>\n\t\t\t\t<section class=\"elementor-section elementor-top-section elementor-element elementor-element-0ad7697 elementor-section-boxed elementor-section-height-default elementor-section-height-default\" data-id=\"0ad7697\" data-element_type=\"section\">\n\t\t\t\t\t\t<div class=\"elementor-container elementor-column-gap-default\">\n\t\t\t\t\t\t\t<div class=\"elementor-row\">\n\t\t\t\t\t<div class=\"elementor-column elementor-col-100 elementor-top-column elementor-element elementor-element-b572373\" data-id=\"b572373\" data-element_type=\"column\">\n\t\t\t<div class=\"elementor-column-wrap elementor-element-populated\">\n\t\t\t\t\t\t\t<div class=\"elementor-widget-wrap\">\n\t\t\t\t\t\t<div class=\"elementor-element elementor-element-e59faae elementor-widget elementor-widget-text-editor\" data-id=\"e59faae\" data-element_type=\"widget\" data-widget_type=\"text-editor.default\">\n\t\t\t\t<div class=\"elementor-widget-container\">\n\t\t\t\t\t<div class=\"elementor-text-editor elementor-clearfix\"><p> La Gesti\u00f3n del Talento se ha convertido en uno de los pilares clave y tema m\u00e1s actual en RRHH. Implica y combina el uso de una amplia gama de instrumentos y enfoques digitales, lo que lo convierte en un proceso hol\u00edstico y continuo para impulsar el rendimiento y el crecimiento. Como resultado, la gesti\u00f3n exitosa del talento se ha convertido en un par\u00e1metro esencial para el \u00e9xito de las empresas inspirando el desarrollo de numerosas herramientas que las apoyen en su emprendimiento eficiente. Estas herramientas aparecen en diversas formas, como medios de educaci\u00f3n y especializaci\u00f3n, plataformas basadas en la web, aplicaciones y listas de verificaci\u00f3n. <br \/> Talent 4.0 ha desarrollado una caja de herramientas que incluye una selecci\u00f3n de recursos \u00fatiles y pr\u00e1cticos que atienden expl\u00edcitamente sus necesidades como peque\u00f1a y mediana empresa que PYME, Consultores, Educaci\u00f3n &#038; amp; Los profesionales y expertos de recursos humanos, as\u00ed como cualquier otra persona interesada en el campo, pueden beneficiarse f\u00e1cilmente. <br \/> Para facilitar la navegaci\u00f3n y exploraci\u00f3n de los recursos disponibles, la caja de herramientas los divide en los cinco pilares principales de Talent Management. Cada herramienta se presenta por separado y los visitantes reciben informaci\u00f3n clara sobre su tipo, alcance y grupo destinatario, as\u00ed como el costo que conlleva. <br \/> Consulte nuestra Caja de herramientas para ver la selecci\u00f3n de herramientas y buenas pr\u00e1cticas que los socios de Talent 4.0 han acumulado para apoyar y ayudar a las pymes. Examinando la Caja de herramientas encontrar\u00e1 una variedad de herramientas y buenas pr\u00e1cticas que incluyen: <\/p>\n<p> \u2022 Plataformas de gesti\u00f3n \/ Software de RR.HH. en l\u00ednea <br \/> \u2022 Gu\u00edas en l\u00ednea <br \/> \u2022 Encuestas <br \/> \u2022 Formularios de evaluaci\u00f3n <br \/> \u2022 eBooks <br \/> \u2022 Webinars &#8211; eCourses <br \/> \u2022 Podcasts <\/p>\n<\/div>\n\t\t\t\t<\/div>\n\t\t\t\t<\/div>\n\t\t\t\t\t\t<\/div>\n\t\t\t\t\t<\/div>\n\t\t<\/div>\n\t\t\t\t\t\t\t\t<\/div>\n\t\t\t\t\t<\/div>\n\t\t<\/section>\n\t\t\t\t<section class=\"elementor-section elementor-top-section elementor-element elementor-element-ff6c765 elementor-section-boxed elementor-section-height-default elementor-section-height-default\" data-id=\"ff6c765\" data-element_type=\"section\">\n\t\t\t\t\t\t<div class=\"elementor-container elementor-column-gap-default\">\n\t\t\t\t\t\t\t<div class=\"elementor-row\">\n\t\t\t\t\t<div class=\"elementor-column elementor-col-100 elementor-top-column elementor-element elementor-element-30019b0\" data-id=\"30019b0\" data-element_type=\"column\">\n\t\t\t<div class=\"elementor-column-wrap elementor-element-populated\">\n\t\t\t\t\t\t\t<div class=\"elementor-widget-wrap\">\n\t\t\t\t\t\t<section class=\"elementor-section elementor-inner-section elementor-element elementor-element-e4516bb elementor-section-boxed elementor-section-height-default elementor-section-height-default\" data-id=\"e4516bb\" data-element_type=\"section\">\n\t\t\t\t\t\t<div class=\"elementor-container elementor-column-gap-default\">\n\t\t\t\t\t\t\t<div class=\"elementor-row\">\n\t\t\t\t\t<div class=\"elementor-column elementor-col-100 elementor-inner-column elementor-element elementor-element-25b8f50\" data-id=\"25b8f50\" data-element_type=\"column\">\n\t\t\t<div class=\"elementor-column-wrap elementor-element-populated\">\n\t\t\t\t\t\t\t<div class=\"elementor-widget-wrap\">\n\t\t\t\t\t\t<div class=\"elementor-element elementor-element-e72e94e elementor-align-center elementor-widget elementor-widget-button\" data-id=\"e72e94e\" data-element_type=\"widget\" data-widget_type=\"button.default\">\n\t\t\t\t<div class=\"elementor-widget-container\">\n\t\t\t\t\t<div class=\"elementor-button-wrapper\">\n\t\t\t<a href=\"https:\/\/t4lent.eu\/index.php\/talent-4-0-toobox\/herramientas-para-registrarse-en-talent-management-4-0\/?lang=es\" class=\"elementor-button-link elementor-button elementor-size-xl\" role=\"button\">\n\t\t\t\t\t\t<span class=\"elementor-button-content-wrapper\">\n\t\t\t\t\t\t<span class=\"elementor-button-text\">01. Registro en Talent Management 4.0<\/span>\n\t\t<\/span>\n\t\t\t\t\t<\/a>\n\t\t<\/div>\n\t\t\t\t<\/div>\n\t\t\t\t<\/div>\n\t\t\t\t\t\t<\/div>\n\t\t\t\t\t<\/div>\n\t\t<\/div>\n\t\t\t\t\t\t\t\t<\/div>\n\t\t\t\t\t<\/div>\n\t\t<\/section>\n\t\t\t\t<section class=\"elementor-section elementor-inner-section elementor-element elementor-element-28bf4dc elementor-section-boxed elementor-section-height-default elementor-section-height-default\" data-id=\"28bf4dc\" data-element_type=\"section\">\n\t\t\t\t\t\t<div class=\"elementor-container elementor-column-gap-default\">\n\t\t\t\t\t\t\t<div class=\"elementor-row\">\n\t\t\t\t\t<div class=\"elementor-column elementor-col-100 elementor-inner-column elementor-element elementor-element-c8673f7\" data-id=\"c8673f7\" data-element_type=\"column\">\n\t\t\t<div class=\"elementor-column-wrap elementor-element-populated\">\n\t\t\t\t\t\t\t<div class=\"elementor-widget-wrap\">\n\t\t\t\t\t\t<div class=\"elementor-element elementor-element-31ebfba elementor-widget elementor-widget-image\" data-id=\"31ebfba\" data-element_type=\"widget\" data-widget_type=\"image.default\">\n\t\t\t\t<div class=\"elementor-widget-container\">\n\t\t\t\t\t<div class=\"elementor-image\">\n\t\t\t\t\t\t\t\t\t\t\t<a href=\"https:\/\/t4lent.eu\/index.php\/talent-4-0-toobox\/herramientas-para-registrarse-en-talent-management-4-0\/?lang=es\">\n\t\t\t\t\t\t\t<img width=\"1024\" height=\"731\" src=\"https:\/\/t4lent.eu\/wp-content\/uploads\/2020\/03\/01.Check-in_to_TM40-1024x731.jpg\" class=\"attachment-large size-large\" alt=\"\" loading=\"lazy\" srcset=\"https:\/\/t4lent.eu\/wp-content\/uploads\/2020\/03\/01.Check-in_to_TM40-1024x731.jpg 1024w, https:\/\/t4lent.eu\/wp-content\/uploads\/2020\/03\/01.Check-in_to_TM40-300x214.jpg 300w, https:\/\/t4lent.eu\/wp-content\/uploads\/2020\/03\/01.Check-in_to_TM40-768x549.jpg 768w, https:\/\/t4lent.eu\/wp-content\/uploads\/2020\/03\/01.Check-in_to_TM40-1536x1097.jpg 1536w, https:\/\/t4lent.eu\/wp-content\/uploads\/2020\/03\/01.Check-in_to_TM40-2048x1463.jpg 2048w\" sizes=\"(max-width: 1024px) 100vw, 1024px\" \/>\t\t\t\t\t\t\t\t<\/a>\n\t\t\t\t\t\t\t\t\t\t\t<\/div>\n\t\t\t\t<\/div>\n\t\t\t\t<\/div>\n\t\t\t\t\t\t<\/div>\n\t\t\t\t\t<\/div>\n\t\t<\/div>\n\t\t\t\t\t\t\t\t<\/div>\n\t\t\t\t\t<\/div>\n\t\t<\/section>\n\t\t\t\t\t\t<\/div>\n\t\t\t\t\t<\/div>\n\t\t<\/div>\n\t\t\t\t\t\t\t\t<\/div>\n\t\t\t\t\t<\/div>\n\t\t<\/section>\n\t\t\t\t<section class=\"elementor-section elementor-top-section elementor-element elementor-element-792569b elementor-section-boxed elementor-section-height-default elementor-section-height-default\" data-id=\"792569b\" data-element_type=\"section\">\n\t\t\t\t\t\t<div class=\"elementor-container elementor-column-gap-default\">\n\t\t\t\t\t\t\t<div class=\"elementor-row\">\n\t\t\t\t\t<div class=\"elementor-column elementor-col-100 elementor-top-column elementor-element elementor-element-d43141d\" data-id=\"d43141d\" data-element_type=\"column\">\n\t\t\t<div class=\"elementor-column-wrap elementor-element-populated\">\n\t\t\t\t\t\t\t<div class=\"elementor-widget-wrap\">\n\t\t\t\t\t\t<section class=\"elementor-section elementor-inner-section elementor-element elementor-element-74c0714 elementor-section-boxed elementor-section-height-default elementor-section-height-default\" data-id=\"74c0714\" data-element_type=\"section\">\n\t\t\t\t\t\t<div class=\"elementor-container elementor-column-gap-default\">\n\t\t\t\t\t\t\t<div class=\"elementor-row\">\n\t\t\t\t\t<div class=\"elementor-column elementor-col-50 elementor-inner-column elementor-element elementor-element-847ed50\" data-id=\"847ed50\" data-element_type=\"column\">\n\t\t\t<div class=\"elementor-column-wrap elementor-element-populated\">\n\t\t\t\t\t\t\t<div class=\"elementor-widget-wrap\">\n\t\t\t\t\t\t<div class=\"elementor-element elementor-element-cb9ed87 elementor-align-center elementor-widget elementor-widget-button\" data-id=\"cb9ed87\" data-element_type=\"widget\" data-widget_type=\"button.default\">\n\t\t\t\t<div class=\"elementor-widget-container\">\n\t\t\t\t\t<div class=\"elementor-button-wrapper\">\n\t\t\t<a href=\"https:\/\/t4lent.eu\/index.php\/talent-4-0-toobox\/herramientas-para-atraer-el-talento\/?lang=es\" class=\"elementor-button-link elementor-button elementor-size-xl\" role=\"button\">\n\t\t\t\t\t\t<span class=\"elementor-button-content-wrapper\">\n\t\t\t\t\t\t<span class=\"elementor-button-text\"> 02. Atraer talento<\/span>\n\t\t<\/span>\n\t\t\t\t\t<\/a>\n\t\t<\/div>\n\t\t\t\t<\/div>\n\t\t\t\t<\/div>\n\t\t\t\t\t\t<\/div>\n\t\t\t\t\t<\/div>\n\t\t<\/div>\n\t\t\t\t<div class=\"elementor-column elementor-col-50 elementor-inner-column elementor-element elementor-element-959d67b\" data-id=\"959d67b\" data-element_type=\"column\">\n\t\t\t<div class=\"elementor-column-wrap elementor-element-populated\">\n\t\t\t\t\t\t\t<div class=\"elementor-widget-wrap\">\n\t\t\t\t\t\t<div class=\"elementor-element elementor-element-3756ccd elementor-align-center elementor-widget elementor-widget-button\" data-id=\"3756ccd\" data-element_type=\"widget\" data-widget_type=\"button.default\">\n\t\t\t\t<div class=\"elementor-widget-container\">\n\t\t\t\t\t<div class=\"elementor-button-wrapper\">\n\t\t\t<a href=\"https:\/\/t4lent.eu\/index.php\/talent-4-0-toobox\/herramientas-para-desarrollar-talento\/?lang=es\" class=\"elementor-button-link elementor-button elementor-size-xl\" role=\"button\">\n\t\t\t\t\t\t<span class=\"elementor-button-content-wrapper\">\n\t\t\t\t\t\t<span class=\"elementor-button-text\"> 03. Desarrollando Talento<\/span>\n\t\t<\/span>\n\t\t\t\t\t<\/a>\n\t\t<\/div>\n\t\t\t\t<\/div>\n\t\t\t\t<\/div>\n\t\t\t\t\t\t<\/div>\n\t\t\t\t\t<\/div>\n\t\t<\/div>\n\t\t\t\t\t\t\t\t<\/div>\n\t\t\t\t\t<\/div>\n\t\t<\/section>\n\t\t\t\t<section class=\"elementor-section elementor-inner-section elementor-element elementor-element-3909313 elementor-section-boxed elementor-section-height-default elementor-section-height-default\" data-id=\"3909313\" data-element_type=\"section\">\n\t\t\t\t\t\t<div class=\"elementor-container elementor-column-gap-default\">\n\t\t\t\t\t\t\t<div class=\"elementor-row\">\n\t\t\t\t\t<div class=\"elementor-column elementor-col-50 elementor-inner-column elementor-element elementor-element-6bcebac\" data-id=\"6bcebac\" data-element_type=\"column\">\n\t\t\t<div class=\"elementor-column-wrap elementor-element-populated\">\n\t\t\t\t\t\t\t<div class=\"elementor-widget-wrap\">\n\t\t\t\t\t\t<div class=\"elementor-element elementor-element-972fdf8 elementor-widget elementor-widget-image\" data-id=\"972fdf8\" data-element_type=\"widget\" data-widget_type=\"image.default\">\n\t\t\t\t<div class=\"elementor-widget-container\">\n\t\t\t\t\t<div class=\"elementor-image\">\n\t\t\t\t\t\t\t\t\t\t\t<a href=\"https:\/\/t4lent.eu\/index.php\/talent-4-0-toobox\/herramientas-para-atraer-el-talento\/?lang=es\">\n\t\t\t\t\t\t\t<img width=\"1024\" height=\"731\" src=\"https:\/\/t4lent.eu\/wp-content\/uploads\/2020\/03\/02.-Attract-1024x731.jpg\" class=\"attachment-large size-large\" alt=\"\" loading=\"lazy\" srcset=\"https:\/\/t4lent.eu\/wp-content\/uploads\/2020\/03\/02.-Attract-1024x731.jpg 1024w, https:\/\/t4lent.eu\/wp-content\/uploads\/2020\/03\/02.-Attract-300x214.jpg 300w, https:\/\/t4lent.eu\/wp-content\/uploads\/2020\/03\/02.-Attract-768x549.jpg 768w, https:\/\/t4lent.eu\/wp-content\/uploads\/2020\/03\/02.-Attract-1536x1097.jpg 1536w, https:\/\/t4lent.eu\/wp-content\/uploads\/2020\/03\/02.-Attract-2048x1463.jpg 2048w\" sizes=\"(max-width: 1024px) 100vw, 1024px\" \/>\t\t\t\t\t\t\t\t<\/a>\n\t\t\t\t\t\t\t\t\t\t\t<\/div>\n\t\t\t\t<\/div>\n\t\t\t\t<\/div>\n\t\t\t\t\t\t<\/div>\n\t\t\t\t\t<\/div>\n\t\t<\/div>\n\t\t\t\t<div class=\"elementor-column elementor-col-50 elementor-inner-column elementor-element elementor-element-b8f5188\" data-id=\"b8f5188\" data-element_type=\"column\">\n\t\t\t<div class=\"elementor-column-wrap elementor-element-populated\">\n\t\t\t\t\t\t\t<div class=\"elementor-widget-wrap\">\n\t\t\t\t\t\t<div class=\"elementor-element elementor-element-9b517d6 elementor-widget elementor-widget-image\" data-id=\"9b517d6\" data-element_type=\"widget\" data-widget_type=\"image.default\">\n\t\t\t\t<div class=\"elementor-widget-container\">\n\t\t\t\t\t<div class=\"elementor-image\">\n\t\t\t\t\t\t\t\t\t\t\t<a href=\"https:\/\/t4lent.eu\/index.php\/talent-4-0-toobox\/herramientas-para-desarrollar-talento\/?lang=es\">\n\t\t\t\t\t\t\t<img width=\"1024\" height=\"731\" src=\"https:\/\/t4lent.eu\/wp-content\/uploads\/2020\/03\/03.Develop-1024x731.jpg\" class=\"attachment-large size-large\" alt=\"\" loading=\"lazy\" srcset=\"https:\/\/t4lent.eu\/wp-content\/uploads\/2020\/03\/03.Develop-1024x731.jpg 1024w, https:\/\/t4lent.eu\/wp-content\/uploads\/2020\/03\/03.Develop-300x214.jpg 300w, https:\/\/t4lent.eu\/wp-content\/uploads\/2020\/03\/03.Develop-768x549.jpg 768w, https:\/\/t4lent.eu\/wp-content\/uploads\/2020\/03\/03.Develop-1536x1097.jpg 1536w, https:\/\/t4lent.eu\/wp-content\/uploads\/2020\/03\/03.Develop-2048x1463.jpg 2048w\" sizes=\"(max-width: 1024px) 100vw, 1024px\" \/>\t\t\t\t\t\t\t\t<\/a>\n\t\t\t\t\t\t\t\t\t\t\t<\/div>\n\t\t\t\t<\/div>\n\t\t\t\t<\/div>\n\t\t\t\t\t\t<\/div>\n\t\t\t\t\t<\/div>\n\t\t<\/div>\n\t\t\t\t\t\t\t\t<\/div>\n\t\t\t\t\t<\/div>\n\t\t<\/section>\n\t\t\t\t<section class=\"elementor-section elementor-inner-section elementor-element elementor-element-ed32ff7 elementor-section-boxed elementor-section-height-default elementor-section-height-default\" data-id=\"ed32ff7\" data-element_type=\"section\">\n\t\t\t\t\t\t<div class=\"elementor-container elementor-column-gap-default\">\n\t\t\t\t\t\t\t<div class=\"elementor-row\">\n\t\t\t\t\t<div class=\"elementor-column elementor-col-50 elementor-inner-column elementor-element elementor-element-01cc093\" data-id=\"01cc093\" data-element_type=\"column\">\n\t\t\t<div class=\"elementor-column-wrap elementor-element-populated\">\n\t\t\t\t\t\t\t<div class=\"elementor-widget-wrap\">\n\t\t\t\t\t\t<div class=\"elementor-element elementor-element-a187c40 elementor-align-center elementor-widget elementor-widget-button\" data-id=\"a187c40\" data-element_type=\"widget\" data-widget_type=\"button.default\">\n\t\t\t\t<div class=\"elementor-widget-container\">\n\t\t\t\t\t<div class=\"elementor-button-wrapper\">\n\t\t\t<a href=\"https:\/\/t4lent.eu\/index.php\/talent-4-0-toobox\/herramientas-para-motivar-el-talento\/?lang=es\" class=\"elementor-button-link elementor-button elementor-size-xl\" role=\"button\">\n\t\t\t\t\t\t<span class=\"elementor-button-content-wrapper\">\n\t\t\t\t\t\t<span class=\"elementor-button-text\"> 04. Talento motivado<\/span>\n\t\t<\/span>\n\t\t\t\t\t<\/a>\n\t\t<\/div>\n\t\t\t\t<\/div>\n\t\t\t\t<\/div>\n\t\t\t\t\t\t<\/div>\n\t\t\t\t\t<\/div>\n\t\t<\/div>\n\t\t\t\t<div class=\"elementor-column elementor-col-50 elementor-inner-column elementor-element elementor-element-b68c60c\" data-id=\"b68c60c\" data-element_type=\"column\">\n\t\t\t<div class=\"elementor-column-wrap elementor-element-populated\">\n\t\t\t\t\t\t\t<div class=\"elementor-widget-wrap\">\n\t\t\t\t\t\t<div class=\"elementor-element elementor-element-5b4d6e0 elementor-align-center elementor-widget elementor-widget-button\" data-id=\"5b4d6e0\" data-element_type=\"widget\" data-widget_type=\"button.default\">\n\t\t\t\t<div class=\"elementor-widget-container\">\n\t\t\t\t\t<div class=\"elementor-button-wrapper\">\n\t\t\t<a href=\"https:\/\/t4lent.eu\/index.php\/talent-4-0-toobox\/herramientas-para-retener-el-talento\/?lang=es\" class=\"elementor-button-link elementor-button elementor-size-xl\" role=\"button\">\n\t\t\t\t\t\t<span class=\"elementor-button-content-wrapper\">\n\t\t\t\t\t\t<span class=\"elementor-button-text\"> 05. Retenci\u00f3n del talento<\/span>\n\t\t<\/span>\n\t\t\t\t\t<\/a>\n\t\t<\/div>\n\t\t\t\t<\/div>\n\t\t\t\t<\/div>\n\t\t\t\t\t\t<\/div>\n\t\t\t\t\t<\/div>\n\t\t<\/div>\n\t\t\t\t\t\t\t\t<\/div>\n\t\t\t\t\t<\/div>\n\t\t<\/section>\n\t\t\t\t<section class=\"elementor-section elementor-inner-section elementor-element elementor-element-7a2b31a elementor-section-boxed elementor-section-height-default elementor-section-height-default\" data-id=\"7a2b31a\" data-element_type=\"section\">\n\t\t\t\t\t\t<div class=\"elementor-container elementor-column-gap-default\">\n\t\t\t\t\t\t\t<div class=\"elementor-row\">\n\t\t\t\t\t<div class=\"elementor-column elementor-col-50 elementor-inner-column elementor-element elementor-element-a953c80\" data-id=\"a953c80\" data-element_type=\"column\">\n\t\t\t<div class=\"elementor-column-wrap elementor-element-populated\">\n\t\t\t\t\t\t\t<div class=\"elementor-widget-wrap\">\n\t\t\t\t\t\t<div class=\"elementor-element elementor-element-334003d elementor-widget elementor-widget-image\" data-id=\"334003d\" data-element_type=\"widget\" data-widget_type=\"image.default\">\n\t\t\t\t<div class=\"elementor-widget-container\">\n\t\t\t\t\t<div class=\"elementor-image\">\n\t\t\t\t\t\t\t\t\t\t\t<a href=\"https:\/\/t4lent.eu\/index.php\/talent-4-0-toobox\/herramientas-para-motivar-el-talento\/?lang=es\">\n\t\t\t\t\t\t\t<img width=\"1024\" height=\"731\" src=\"https:\/\/t4lent.eu\/wp-content\/uploads\/2020\/03\/04.Motivate-1024x731.jpg\" class=\"attachment-large size-large\" alt=\"\" loading=\"lazy\" srcset=\"https:\/\/t4lent.eu\/wp-content\/uploads\/2020\/03\/04.Motivate-1024x731.jpg 1024w, https:\/\/t4lent.eu\/wp-content\/uploads\/2020\/03\/04.Motivate-300x214.jpg 300w, https:\/\/t4lent.eu\/wp-content\/uploads\/2020\/03\/04.Motivate-768x549.jpg 768w, https:\/\/t4lent.eu\/wp-content\/uploads\/2020\/03\/04.Motivate-1536x1097.jpg 1536w, https:\/\/t4lent.eu\/wp-content\/uploads\/2020\/03\/04.Motivate-2048x1463.jpg 2048w\" sizes=\"(max-width: 1024px) 100vw, 1024px\" \/>\t\t\t\t\t\t\t\t<\/a>\n\t\t\t\t\t\t\t\t\t\t\t<\/div>\n\t\t\t\t<\/div>\n\t\t\t\t<\/div>\n\t\t\t\t\t\t<\/div>\n\t\t\t\t\t<\/div>\n\t\t<\/div>\n\t\t\t\t<div class=\"elementor-column elementor-col-50 elementor-inner-column elementor-element elementor-element-451682e\" data-id=\"451682e\" data-element_type=\"column\">\n\t\t\t<div class=\"elementor-column-wrap elementor-element-populated\">\n\t\t\t\t\t\t\t<div class=\"elementor-widget-wrap\">\n\t\t\t\t\t\t<div class=\"elementor-element elementor-element-9e01449 elementor-widget elementor-widget-image\" data-id=\"9e01449\" data-element_type=\"widget\" data-widget_type=\"image.default\">\n\t\t\t\t<div class=\"elementor-widget-container\">\n\t\t\t\t\t<div class=\"elementor-image\">\n\t\t\t\t\t\t\t\t\t\t\t<a href=\"https:\/\/t4lent.eu\/index.php\/talent-4-0-toobox\/herramientas-para-retener-el-talento\/?lang=es\">\n\t\t\t\t\t\t\t<img width=\"1024\" height=\"731\" src=\"https:\/\/t4lent.eu\/wp-content\/uploads\/2020\/03\/05.Retain-1024x731.jpg\" class=\"attachment-large size-large\" alt=\"\" loading=\"lazy\" srcset=\"https:\/\/t4lent.eu\/wp-content\/uploads\/2020\/03\/05.Retain-1024x731.jpg 1024w, https:\/\/t4lent.eu\/wp-content\/uploads\/2020\/03\/05.Retain-300x214.jpg 300w, https:\/\/t4lent.eu\/wp-content\/uploads\/2020\/03\/05.Retain-768x549.jpg 768w, https:\/\/t4lent.eu\/wp-content\/uploads\/2020\/03\/05.Retain-1536x1097.jpg 1536w, https:\/\/t4lent.eu\/wp-content\/uploads\/2020\/03\/05.Retain-2048x1463.jpg 2048w\" sizes=\"(max-width: 1024px) 100vw, 1024px\" \/>\t\t\t\t\t\t\t\t<\/a>\n\t\t\t\t\t\t\t\t\t\t\t<\/div>\n\t\t\t\t<\/div>\n\t\t\t\t<\/div>\n\t\t\t\t\t\t<\/div>\n\t\t\t\t\t<\/div>\n\t\t<\/div>\n\t\t\t\t\t\t\t\t<\/div>\n\t\t\t\t\t<\/div>\n\t\t<\/section>\n\t\t\t\t\t\t<\/div>\n\t\t\t\t\t<\/div>\n\t\t<\/div>\n\t\t\t\t\t\t\t\t<\/div>\n\t\t\t\t\t<\/div>\n\t\t<\/section>\n\t\t\t\t\t\t<\/div>\n\t\t\t\t\t\t<\/div>\n\t\t\t\t\t<\/div>\n\t\t","protected":false},"excerpt":{"rendered":"<p>Toolbox para la gesti\u00f3n del talento 4.0 https:\/\/www.youtube.com\/watch?v=kfr8dQhTrhY La Gesti\u00f3n del Talento se ha convertido en uno de los pilares clave y tema m\u00e1s actual en RRHH. Implica y combina el uso de una amplia gama de instrumentos y enfoques digitales, lo que lo convierte en un proceso hol\u00edstico y continuo para impulsar el rendimiento &#8230; <a title=\"Talent 4.0 Toolbox\" class=\"read-more\" href=\"https:\/\/t4lent.eu\/index.php\/talent-4-0-toobox\/?lang=es\" aria-label=\"More on Talent 4.0 Toolbox\">Read more<\/a><\/p>\n","protected":false},"author":3,"featured_media":0,"parent":0,"menu_order":0,"comment_status":"closed","ping_status":"closed","template":"","meta":{"_monsterinsights_skip_tracking":false,"_monsterinsights_sitenote_active":false,"_monsterinsights_sitenote_note":"","_monsterinsights_sitenote_category":0},"_links":{"self":[{"href":"https:\/\/t4lent.eu\/index.php\/wp-json\/wp\/v2\/pages\/2208"}],"collection":[{"href":"https:\/\/t4lent.eu\/index.php\/wp-json\/wp\/v2\/pages"}],"about":[{"href":"https:\/\/t4lent.eu\/index.php\/wp-json\/wp\/v2\/types\/page"}],"author":[{"embeddable":true,"href":"https:\/\/t4lent.eu\/index.php\/wp-json\/wp\/v2\/users\/3"}],"replies":[{"embeddable":true,"href":"https:\/\/t4lent.eu\/index.php\/wp-json\/wp\/v2\/comments?post=2208"}],"version-history":[{"count":11,"href":"https:\/\/t4lent.eu\/index.php\/wp-json\/wp\/v2\/pages\/2208\/revisions"}],"predecessor-version":[{"id":2719,"href":"https:\/\/t4lent.eu\/index.php\/wp-json\/wp\/v2\/pages\/2208\/revisions\/2719"}],"wp:attachment":[{"href":"https:\/\/t4lent.eu\/index.php\/wp-json\/wp\/v2\/media?parent=2208"}],"curies":[{"name":"wp","href":"https:\/\/api.w.org\/{rel}","templated":true}]}}