{"id":2093,"date":"2021-02-28T17:24:14","date_gmt":"2021-02-28T16:24:14","guid":{"rendered":"https:\/\/t4lent.eu\/index.php\/talent-4-0-programma-di-formazione\/"},"modified":"2021-05-18T14:50:35","modified_gmt":"2021-05-18T12:50:35","slug":"talent-4-0-programma-di-formazione","status":"publish","type":"page","link":"https:\/\/t4lent.eu\/index.php\/talent-4-0-programma-di-formazione\/?lang=it","title":{"rendered":"Talent 4.0 &#8211; Programma di Formazione"},"content":{"rendered":"\t\t<div data-elementor-type=\"wp-page\" data-elementor-id=\"2093\" class=\"elementor elementor-2093 elementor-743\" data-elementor-settings=\"[]\">\n\t\t\t\t\t\t<div class=\"elementor-inner\">\n\t\t\t\t\t\t\t<div class=\"elementor-section-wrap\">\n\t\t\t\t\t\t\t<section class=\"elementor-section elementor-top-section elementor-element elementor-element-1baaf0e elementor-section-boxed elementor-section-height-default elementor-section-height-default\" data-id=\"1baaf0e\" data-element_type=\"section\">\n\t\t\t\t\t\t<div class=\"elementor-container elementor-column-gap-default\">\n\t\t\t\t\t\t\t<div class=\"elementor-row\">\n\t\t\t\t\t<div class=\"elementor-column elementor-col-100 elementor-top-column elementor-element elementor-element-e321f99\" data-id=\"e321f99\" data-element_type=\"column\">\n\t\t\t<div class=\"elementor-column-wrap elementor-element-populated\">\n\t\t\t\t\t\t\t<div class=\"elementor-widget-wrap\">\n\t\t\t\t\t\t<div class=\"elementor-element elementor-element-fd93c80 elementor-widget elementor-widget-heading\" data-id=\"fd93c80\" data-element_type=\"widget\" data-widget_type=\"heading.default\">\n\t\t\t\t<div class=\"elementor-widget-container\">\n\t\t\t<h2 class=\"elementor-heading-title elementor-size-default\">Programma di formazione - Talent Management 4.0 <\/h2>\t\t<\/div>\n\t\t\t\t<\/div>\n\t\t\t\t\t\t<\/div>\n\t\t\t\t\t<\/div>\n\t\t<\/div>\n\t\t\t\t\t\t\t\t<\/div>\n\t\t\t\t\t<\/div>\n\t\t<\/section>\n\t\t\t\t<section class=\"elementor-section elementor-top-section elementor-element elementor-element-5902d41 elementor-section-boxed elementor-section-height-default elementor-section-height-default\" data-id=\"5902d41\" data-element_type=\"section\">\n\t\t\t\t\t\t<div class=\"elementor-container elementor-column-gap-default\">\n\t\t\t\t\t\t\t<div class=\"elementor-row\">\n\t\t\t\t\t<div class=\"elementor-column elementor-col-100 elementor-top-column elementor-element elementor-element-1c2c014\" data-id=\"1c2c014\" data-element_type=\"column\">\n\t\t\t<div class=\"elementor-column-wrap elementor-element-populated\">\n\t\t\t\t\t\t\t<div class=\"elementor-widget-wrap\">\n\t\t\t\t\t\t<div class=\"elementor-element elementor-element-3d997cf elementor-aspect-ratio-169 elementor-widget elementor-widget-video\" data-id=\"3d997cf\" data-element_type=\"widget\" data-settings=\"{&quot;youtube_url&quot;:&quot;https:\\\/\\\/www.youtube.com\\\/watch?v=mk4ir2OM1i0&amp;list=PLvz-SsGy2n8C5nJJDxWBry6AGuUVT-pq5&amp;index=4&quot;,&quot;video_type&quot;:&quot;youtube&quot;,&quot;controls&quot;:&quot;yes&quot;,&quot;aspect_ratio&quot;:&quot;169&quot;}\" data-widget_type=\"video.default\">\n\t\t\t\t<div class=\"elementor-widget-container\">\n\t\t\t\t\t<div class=\"elementor-wrapper elementor-fit-aspect-ratio elementor-open-inline\">\n\t\t\t<div class=\"elementor-video\"><\/div>\t\t<\/div>\n\t\t\t\t<\/div>\n\t\t\t\t<\/div>\n\t\t\t\t\t\t<\/div>\n\t\t\t\t\t<\/div>\n\t\t<\/div>\n\t\t\t\t\t\t\t\t<\/div>\n\t\t\t\t\t<\/div>\n\t\t<\/section>\n\t\t\t\t<section class=\"elementor-section elementor-top-section elementor-element elementor-element-0ad7697 elementor-section-boxed elementor-section-height-default elementor-section-height-default\" data-id=\"0ad7697\" data-element_type=\"section\">\n\t\t\t\t\t\t<div class=\"elementor-container elementor-column-gap-default\">\n\t\t\t\t\t\t\t<div class=\"elementor-row\">\n\t\t\t\t\t<div class=\"elementor-column elementor-col-100 elementor-top-column elementor-element elementor-element-b572373\" data-id=\"b572373\" data-element_type=\"column\">\n\t\t\t<div class=\"elementor-column-wrap elementor-element-populated\">\n\t\t\t\t\t\t\t<div class=\"elementor-widget-wrap\">\n\t\t\t\t\t\t<div class=\"elementor-element elementor-element-e59faae elementor-widget elementor-widget-text-editor\" data-id=\"e59faae\" data-element_type=\"widget\" data-widget_type=\"text-editor.default\">\n\t\t\t\t<div class=\"elementor-widget-container\">\n\t\t\t\t\t<div class=\"elementor-text-editor elementor-clearfix\"><p>&#8220;Le risorse pi\u00f9 preziose per il successo della tua azienda in questi giorni di instabilit\u00e0 sono le persone. Ma non persone qualsiasi:<\/p><p>Persone motivate e performanti,<\/p><p>Le loro abilit\u00e0 e conoscenze<\/p><p>Il loro potenziale creativo e<\/p><p>La loro volont\u00e0 di imparare e crescere.<\/p><p>Il Talent Management 4.0 sembra essere l&#8217;approccio pi\u00f9 promettente per le piccole e medie imprese per attrarre e mantenere queste persone e talenti chiave per affrontare meglio un mondo in rapido cambiamento e sviluppo come la digitalizzazione, l&#8217;automazione, il cambiamento demografico e la globalizzazione&#8221;.<\/p><p>Il partenariato del progetto Talent 4.0 ha sviluppato un programma di formazione modulare con risorse di accompagnamento mirate a sostenere le PMI nel loro viaggio verso la creazione del proprio sistema di gestione dei talenti. Il programma di formazione consiste in cinque moduli interconnessi:<\/p><ul><li>Accesso alla gestione dei talenti per l&#8217;industria 4.0 (Modulo 01)<\/li><li>Attrarre &#8211; Come trovare il miglior talento e attrarre le persone giuste (Modulo 02)<\/li><li>Identificare e sviluppare i talenti del tuo team (Modulo 03)<\/li><li>Motivare &#8211; Creare una cultura di alte prestazioni (Modulo 04)<\/li><li>Trattenere &#8211; Offrire prospettive di impegno duraturo (Modulo 05)<\/li><\/ul><p>Per scaricare <a href=\"https:\/\/t4lent.eu\/wp-content\/uploads\/2021\/05\/IO3_Curriculum_Final_IT.pdf\">il curriculum completo del programma di formazione clicca qui.<\/a><\/p><div>Per accedere ai contenuti del programma di formazione, clicca sulle rispettive aree sottostanti.<\/div><\/div>\n\t\t\t\t<\/div>\n\t\t\t\t<\/div>\n\t\t\t\t\t\t<\/div>\n\t\t\t\t\t<\/div>\n\t\t<\/div>\n\t\t\t\t\t\t\t\t<\/div>\n\t\t\t\t\t<\/div>\n\t\t<\/section>\n\t\t\t\t<section class=\"elementor-section elementor-top-section elementor-element elementor-element-ff6c765 elementor-section-boxed elementor-section-height-default elementor-section-height-default\" data-id=\"ff6c765\" data-element_type=\"section\">\n\t\t\t\t\t\t<div class=\"elementor-container elementor-column-gap-default\">\n\t\t\t\t\t\t\t<div class=\"elementor-row\">\n\t\t\t\t\t<div class=\"elementor-column elementor-col-100 elementor-top-column elementor-element elementor-element-30019b0\" data-id=\"30019b0\" data-element_type=\"column\">\n\t\t\t<div class=\"elementor-column-wrap elementor-element-populated\">\n\t\t\t\t\t\t\t<div class=\"elementor-widget-wrap\">\n\t\t\t\t\t\t<section class=\"elementor-section elementor-inner-section elementor-element elementor-element-e4516bb elementor-section-boxed elementor-section-height-default elementor-section-height-default\" data-id=\"e4516bb\" data-element_type=\"section\">\n\t\t\t\t\t\t<div class=\"elementor-container elementor-column-gap-default\">\n\t\t\t\t\t\t\t<div class=\"elementor-row\">\n\t\t\t\t\t<div class=\"elementor-column elementor-col-100 elementor-inner-column elementor-element elementor-element-25b8f50\" data-id=\"25b8f50\" data-element_type=\"column\">\n\t\t\t<div class=\"elementor-column-wrap elementor-element-populated\">\n\t\t\t\t\t\t\t<div class=\"elementor-widget-wrap\">\n\t\t\t\t\t\t<div class=\"elementor-element elementor-element-e72e94e elementor-align-center elementor-widget elementor-widget-button\" data-id=\"e72e94e\" data-element_type=\"widget\" data-widget_type=\"button.default\">\n\t\t\t\t<div class=\"elementor-widget-container\">\n\t\t\t\t\t<div class=\"elementor-button-wrapper\">\n\t\t\t<a href=\"https:\/\/t4lent.eu\/index.php\/talent-4-0-programma-di-formazione\/modulo-01-entra-nel-talent-management-4-0\/?lang=it\" class=\"elementor-button-link elementor-button elementor-size-xl\" role=\"button\">\n\t\t\t\t\t\t<span class=\"elementor-button-content-wrapper\">\n\t\t\t\t\t\t<span class=\"elementor-button-text\">Modulo 01. Accesso al Talent Management 4.0<\/span>\n\t\t<\/span>\n\t\t\t\t\t<\/a>\n\t\t<\/div>\n\t\t\t\t<\/div>\n\t\t\t\t<\/div>\n\t\t\t\t\t\t<\/div>\n\t\t\t\t\t<\/div>\n\t\t<\/div>\n\t\t\t\t\t\t\t\t<\/div>\n\t\t\t\t\t<\/div>\n\t\t<\/section>\n\t\t\t\t<section class=\"elementor-section elementor-inner-section elementor-element elementor-element-28bf4dc elementor-section-boxed elementor-section-height-default elementor-section-height-default\" data-id=\"28bf4dc\" data-element_type=\"section\">\n\t\t\t\t\t\t<div class=\"elementor-container elementor-column-gap-default\">\n\t\t\t\t\t\t\t<div class=\"elementor-row\">\n\t\t\t\t\t<div class=\"elementor-column elementor-col-100 elementor-inner-column elementor-element elementor-element-c8673f7\" data-id=\"c8673f7\" data-element_type=\"column\">\n\t\t\t<div class=\"elementor-column-wrap elementor-element-populated\">\n\t\t\t\t\t\t\t<div class=\"elementor-widget-wrap\">\n\t\t\t\t\t\t<div class=\"elementor-element elementor-element-31ebfba elementor-widget elementor-widget-image\" data-id=\"31ebfba\" data-element_type=\"widget\" data-widget_type=\"image.default\">\n\t\t\t\t<div class=\"elementor-widget-container\">\n\t\t\t\t\t<div class=\"elementor-image\">\n\t\t\t\t\t\t\t\t\t\t\t<a href=\"https:\/\/t4lent.eu\/index.php\/talent-4-0-programma-di-formazione\/modulo-01-entra-nel-talent-management-4-0\/?lang=it\">\n\t\t\t\t\t\t\t<img width=\"1024\" height=\"731\" src=\"https:\/\/t4lent.eu\/wp-content\/uploads\/2020\/03\/01.Check-in_to_TM40-1024x731.jpg\" class=\"attachment-large size-large\" alt=\"\" loading=\"lazy\" srcset=\"https:\/\/t4lent.eu\/wp-content\/uploads\/2020\/03\/01.Check-in_to_TM40-1024x731.jpg 1024w, https:\/\/t4lent.eu\/wp-content\/uploads\/2020\/03\/01.Check-in_to_TM40-300x214.jpg 300w, https:\/\/t4lent.eu\/wp-content\/uploads\/2020\/03\/01.Check-in_to_TM40-768x549.jpg 768w, https:\/\/t4lent.eu\/wp-content\/uploads\/2020\/03\/01.Check-in_to_TM40-1536x1097.jpg 1536w, https:\/\/t4lent.eu\/wp-content\/uploads\/2020\/03\/01.Check-in_to_TM40-2048x1463.jpg 2048w\" sizes=\"(max-width: 1024px) 100vw, 1024px\" \/>\t\t\t\t\t\t\t\t<\/a>\n\t\t\t\t\t\t\t\t\t\t\t<\/div>\n\t\t\t\t<\/div>\n\t\t\t\t<\/div>\n\t\t\t\t\t\t<\/div>\n\t\t\t\t\t<\/div>\n\t\t<\/div>\n\t\t\t\t\t\t\t\t<\/div>\n\t\t\t\t\t<\/div>\n\t\t<\/section>\n\t\t\t\t\t\t<\/div>\n\t\t\t\t\t<\/div>\n\t\t<\/div>\n\t\t\t\t\t\t\t\t<\/div>\n\t\t\t\t\t<\/div>\n\t\t<\/section>\n\t\t\t\t<section class=\"elementor-section elementor-top-section elementor-element elementor-element-792569b elementor-section-boxed elementor-section-height-default elementor-section-height-default\" data-id=\"792569b\" data-element_type=\"section\">\n\t\t\t\t\t\t<div class=\"elementor-container elementor-column-gap-default\">\n\t\t\t\t\t\t\t<div class=\"elementor-row\">\n\t\t\t\t\t<div class=\"elementor-column elementor-col-100 elementor-top-column elementor-element elementor-element-d43141d\" data-id=\"d43141d\" data-element_type=\"column\">\n\t\t\t<div class=\"elementor-column-wrap elementor-element-populated\">\n\t\t\t\t\t\t\t<div class=\"elementor-widget-wrap\">\n\t\t\t\t\t\t<section class=\"elementor-section elementor-inner-section elementor-element elementor-element-74c0714 elementor-section-boxed elementor-section-height-default elementor-section-height-default\" data-id=\"74c0714\" data-element_type=\"section\">\n\t\t\t\t\t\t<div class=\"elementor-container elementor-column-gap-default\">\n\t\t\t\t\t\t\t<div class=\"elementor-row\">\n\t\t\t\t\t<div class=\"elementor-column elementor-col-50 elementor-inner-column elementor-element elementor-element-847ed50\" data-id=\"847ed50\" data-element_type=\"column\">\n\t\t\t<div class=\"elementor-column-wrap elementor-element-populated\">\n\t\t\t\t\t\t\t<div class=\"elementor-widget-wrap\">\n\t\t\t\t\t\t<div class=\"elementor-element elementor-element-cb9ed87 elementor-align-center elementor-widget elementor-widget-button\" data-id=\"cb9ed87\" data-element_type=\"widget\" data-widget_type=\"button.default\">\n\t\t\t\t<div class=\"elementor-widget-container\">\n\t\t\t\t\t<div class=\"elementor-button-wrapper\">\n\t\t\t<a href=\"https:\/\/t4lent.eu\/index.php\/talent-4-0-programma-di-formazione\/modulo-02-attrarre-talenti\/?lang=it\" class=\"elementor-button-link elementor-button elementor-size-xl\" role=\"button\">\n\t\t\t\t\t\t<span class=\"elementor-button-content-wrapper\">\n\t\t\t\t\t\t<span class=\"elementor-button-text\">Modulo 02. Attrarre talenti<\/span>\n\t\t<\/span>\n\t\t\t\t\t<\/a>\n\t\t<\/div>\n\t\t\t\t<\/div>\n\t\t\t\t<\/div>\n\t\t\t\t\t\t<\/div>\n\t\t\t\t\t<\/div>\n\t\t<\/div>\n\t\t\t\t<div class=\"elementor-column elementor-col-50 elementor-inner-column elementor-element elementor-element-959d67b\" data-id=\"959d67b\" data-element_type=\"column\">\n\t\t\t<div class=\"elementor-column-wrap elementor-element-populated\">\n\t\t\t\t\t\t\t<div class=\"elementor-widget-wrap\">\n\t\t\t\t\t\t<div class=\"elementor-element elementor-element-3756ccd elementor-align-center elementor-widget elementor-widget-button\" data-id=\"3756ccd\" data-element_type=\"widget\" data-widget_type=\"button.default\">\n\t\t\t\t<div class=\"elementor-widget-container\">\n\t\t\t\t\t<div class=\"elementor-button-wrapper\">\n\t\t\t<a href=\"https:\/\/t4lent.eu\/index.php\/talent-4-0-programma-di-formazione\/modulo-03-sviluppare-talenti\/?lang=it\" class=\"elementor-button-link elementor-button elementor-size-xl\" role=\"button\">\n\t\t\t\t\t\t<span class=\"elementor-button-content-wrapper\">\n\t\t\t\t\t\t<span class=\"elementor-button-text\">Modulo 03. Sviluppare talenti<\/span>\n\t\t<\/span>\n\t\t\t\t\t<\/a>\n\t\t<\/div>\n\t\t\t\t<\/div>\n\t\t\t\t<\/div>\n\t\t\t\t\t\t<\/div>\n\t\t\t\t\t<\/div>\n\t\t<\/div>\n\t\t\t\t\t\t\t\t<\/div>\n\t\t\t\t\t<\/div>\n\t\t<\/section>\n\t\t\t\t<section class=\"elementor-section elementor-inner-section elementor-element elementor-element-3909313 elementor-section-boxed elementor-section-height-default elementor-section-height-default\" data-id=\"3909313\" data-element_type=\"section\">\n\t\t\t\t\t\t<div class=\"elementor-container elementor-column-gap-default\">\n\t\t\t\t\t\t\t<div class=\"elementor-row\">\n\t\t\t\t\t<div class=\"elementor-column elementor-col-50 elementor-inner-column elementor-element elementor-element-6bcebac\" data-id=\"6bcebac\" data-element_type=\"column\">\n\t\t\t<div class=\"elementor-column-wrap elementor-element-populated\">\n\t\t\t\t\t\t\t<div class=\"elementor-widget-wrap\">\n\t\t\t\t\t\t<div class=\"elementor-element elementor-element-972fdf8 elementor-widget elementor-widget-image\" data-id=\"972fdf8\" data-element_type=\"widget\" data-widget_type=\"image.default\">\n\t\t\t\t<div class=\"elementor-widget-container\">\n\t\t\t\t\t<div class=\"elementor-image\">\n\t\t\t\t\t\t\t\t\t\t\t<a href=\"https:\/\/t4lent.eu\/index.php\/talent-4-0-programma-di-formazione\/modulo-02-attrarre-talenti\/?lang=it\">\n\t\t\t\t\t\t\t<img width=\"1024\" height=\"731\" src=\"https:\/\/t4lent.eu\/wp-content\/uploads\/2020\/03\/02.-Attract-1024x731.jpg\" class=\"attachment-large size-large\" alt=\"\" loading=\"lazy\" srcset=\"https:\/\/t4lent.eu\/wp-content\/uploads\/2020\/03\/02.-Attract-1024x731.jpg 1024w, https:\/\/t4lent.eu\/wp-content\/uploads\/2020\/03\/02.-Attract-300x214.jpg 300w, https:\/\/t4lent.eu\/wp-content\/uploads\/2020\/03\/02.-Attract-768x549.jpg 768w, https:\/\/t4lent.eu\/wp-content\/uploads\/2020\/03\/02.-Attract-1536x1097.jpg 1536w, https:\/\/t4lent.eu\/wp-content\/uploads\/2020\/03\/02.-Attract-2048x1463.jpg 2048w\" sizes=\"(max-width: 1024px) 100vw, 1024px\" \/>\t\t\t\t\t\t\t\t<\/a>\n\t\t\t\t\t\t\t\t\t\t\t<\/div>\n\t\t\t\t<\/div>\n\t\t\t\t<\/div>\n\t\t\t\t\t\t<\/div>\n\t\t\t\t\t<\/div>\n\t\t<\/div>\n\t\t\t\t<div class=\"elementor-column elementor-col-50 elementor-inner-column elementor-element elementor-element-b8f5188\" data-id=\"b8f5188\" data-element_type=\"column\">\n\t\t\t<div class=\"elementor-column-wrap elementor-element-populated\">\n\t\t\t\t\t\t\t<div class=\"elementor-widget-wrap\">\n\t\t\t\t\t\t<div class=\"elementor-element elementor-element-9b517d6 elementor-widget elementor-widget-image\" data-id=\"9b517d6\" data-element_type=\"widget\" data-widget_type=\"image.default\">\n\t\t\t\t<div class=\"elementor-widget-container\">\n\t\t\t\t\t<div class=\"elementor-image\">\n\t\t\t\t\t\t\t\t\t\t\t<a href=\"https:\/\/t4lent.eu\/index.php\/talent-4-0-programma-di-formazione\/modulo-03-sviluppare-talenti\/?lang=it\">\n\t\t\t\t\t\t\t<img width=\"1024\" height=\"731\" src=\"https:\/\/t4lent.eu\/wp-content\/uploads\/2020\/03\/03.Develop-1024x731.jpg\" class=\"attachment-large size-large\" alt=\"\" loading=\"lazy\" srcset=\"https:\/\/t4lent.eu\/wp-content\/uploads\/2020\/03\/03.Develop-1024x731.jpg 1024w, https:\/\/t4lent.eu\/wp-content\/uploads\/2020\/03\/03.Develop-300x214.jpg 300w, https:\/\/t4lent.eu\/wp-content\/uploads\/2020\/03\/03.Develop-768x549.jpg 768w, https:\/\/t4lent.eu\/wp-content\/uploads\/2020\/03\/03.Develop-1536x1097.jpg 1536w, https:\/\/t4lent.eu\/wp-content\/uploads\/2020\/03\/03.Develop-2048x1463.jpg 2048w\" sizes=\"(max-width: 1024px) 100vw, 1024px\" \/>\t\t\t\t\t\t\t\t<\/a>\n\t\t\t\t\t\t\t\t\t\t\t<\/div>\n\t\t\t\t<\/div>\n\t\t\t\t<\/div>\n\t\t\t\t\t\t<\/div>\n\t\t\t\t\t<\/div>\n\t\t<\/div>\n\t\t\t\t\t\t\t\t<\/div>\n\t\t\t\t\t<\/div>\n\t\t<\/section>\n\t\t\t\t<section class=\"elementor-section elementor-inner-section elementor-element elementor-element-ed32ff7 elementor-section-boxed elementor-section-height-default elementor-section-height-default\" data-id=\"ed32ff7\" data-element_type=\"section\">\n\t\t\t\t\t\t<div class=\"elementor-container elementor-column-gap-default\">\n\t\t\t\t\t\t\t<div class=\"elementor-row\">\n\t\t\t\t\t<div class=\"elementor-column elementor-col-50 elementor-inner-column elementor-element elementor-element-01cc093\" data-id=\"01cc093\" data-element_type=\"column\">\n\t\t\t<div class=\"elementor-column-wrap elementor-element-populated\">\n\t\t\t\t\t\t\t<div class=\"elementor-widget-wrap\">\n\t\t\t\t\t\t<div class=\"elementor-element elementor-element-a187c40 elementor-align-center elementor-widget elementor-widget-button\" data-id=\"a187c40\" data-element_type=\"widget\" data-widget_type=\"button.default\">\n\t\t\t\t<div class=\"elementor-widget-container\">\n\t\t\t\t\t<div class=\"elementor-button-wrapper\">\n\t\t\t<a href=\"https:\/\/t4lent.eu\/index.php\/talent-4-0-programma-di-formazione\/modulo-04-motivare-i-talenti\/?lang=it\" class=\"elementor-button-link elementor-button elementor-size-xl\" role=\"button\">\n\t\t\t\t\t\t<span class=\"elementor-button-content-wrapper\">\n\t\t\t\t\t\t<span class=\"elementor-button-text\">Modulo 04. Motivare i talenti<\/span>\n\t\t<\/span>\n\t\t\t\t\t<\/a>\n\t\t<\/div>\n\t\t\t\t<\/div>\n\t\t\t\t<\/div>\n\t\t\t\t\t\t<\/div>\n\t\t\t\t\t<\/div>\n\t\t<\/div>\n\t\t\t\t<div class=\"elementor-column elementor-col-50 elementor-inner-column elementor-element elementor-element-b68c60c\" data-id=\"b68c60c\" data-element_type=\"column\">\n\t\t\t<div class=\"elementor-column-wrap elementor-element-populated\">\n\t\t\t\t\t\t\t<div class=\"elementor-widget-wrap\">\n\t\t\t\t\t\t<div class=\"elementor-element elementor-element-5b4d6e0 elementor-align-center elementor-widget elementor-widget-button\" data-id=\"5b4d6e0\" data-element_type=\"widget\" data-widget_type=\"button.default\">\n\t\t\t\t<div class=\"elementor-widget-container\">\n\t\t\t\t\t<div class=\"elementor-button-wrapper\">\n\t\t\t<a href=\"https:\/\/t4lent.eu\/index.php\/talent-4-0-programma-di-formazione\/modulo-05-trattenere-talenti\/?lang=it\" class=\"elementor-button-link elementor-button elementor-size-xl\" role=\"button\">\n\t\t\t\t\t\t<span class=\"elementor-button-content-wrapper\">\n\t\t\t\t\t\t<span class=\"elementor-button-text\">Modulo 05. Trattenere i talenti<\/span>\n\t\t<\/span>\n\t\t\t\t\t<\/a>\n\t\t<\/div>\n\t\t\t\t<\/div>\n\t\t\t\t<\/div>\n\t\t\t\t\t\t<\/div>\n\t\t\t\t\t<\/div>\n\t\t<\/div>\n\t\t\t\t\t\t\t\t<\/div>\n\t\t\t\t\t<\/div>\n\t\t<\/section>\n\t\t\t\t<section class=\"elementor-section elementor-inner-section elementor-element elementor-element-7a2b31a elementor-section-boxed elementor-section-height-default elementor-section-height-default\" data-id=\"7a2b31a\" data-element_type=\"section\">\n\t\t\t\t\t\t<div class=\"elementor-container elementor-column-gap-default\">\n\t\t\t\t\t\t\t<div class=\"elementor-row\">\n\t\t\t\t\t<div class=\"elementor-column elementor-col-50 elementor-inner-column elementor-element elementor-element-a953c80\" data-id=\"a953c80\" data-element_type=\"column\">\n\t\t\t<div class=\"elementor-column-wrap elementor-element-populated\">\n\t\t\t\t\t\t\t<div class=\"elementor-widget-wrap\">\n\t\t\t\t\t\t<div class=\"elementor-element elementor-element-334003d elementor-widget elementor-widget-image\" data-id=\"334003d\" data-element_type=\"widget\" data-widget_type=\"image.default\">\n\t\t\t\t<div class=\"elementor-widget-container\">\n\t\t\t\t\t<div class=\"elementor-image\">\n\t\t\t\t\t\t\t\t\t\t\t<a href=\"https:\/\/t4lent.eu\/index.php\/talent-4-0-programma-di-formazione\/modulo-04-motivare-i-talenti\/?lang=it\">\n\t\t\t\t\t\t\t<img width=\"1024\" height=\"731\" src=\"https:\/\/t4lent.eu\/wp-content\/uploads\/2020\/03\/04.Motivate-1024x731.jpg\" class=\"attachment-large size-large\" alt=\"\" loading=\"lazy\" srcset=\"https:\/\/t4lent.eu\/wp-content\/uploads\/2020\/03\/04.Motivate-1024x731.jpg 1024w, https:\/\/t4lent.eu\/wp-content\/uploads\/2020\/03\/04.Motivate-300x214.jpg 300w, https:\/\/t4lent.eu\/wp-content\/uploads\/2020\/03\/04.Motivate-768x549.jpg 768w, https:\/\/t4lent.eu\/wp-content\/uploads\/2020\/03\/04.Motivate-1536x1097.jpg 1536w, https:\/\/t4lent.eu\/wp-content\/uploads\/2020\/03\/04.Motivate-2048x1463.jpg 2048w\" sizes=\"(max-width: 1024px) 100vw, 1024px\" \/>\t\t\t\t\t\t\t\t<\/a>\n\t\t\t\t\t\t\t\t\t\t\t<\/div>\n\t\t\t\t<\/div>\n\t\t\t\t<\/div>\n\t\t\t\t\t\t<\/div>\n\t\t\t\t\t<\/div>\n\t\t<\/div>\n\t\t\t\t<div class=\"elementor-column elementor-col-50 elementor-inner-column elementor-element elementor-element-451682e\" data-id=\"451682e\" data-element_type=\"column\">\n\t\t\t<div class=\"elementor-column-wrap elementor-element-populated\">\n\t\t\t\t\t\t\t<div class=\"elementor-widget-wrap\">\n\t\t\t\t\t\t<div class=\"elementor-element elementor-element-9e01449 elementor-widget elementor-widget-image\" data-id=\"9e01449\" data-element_type=\"widget\" data-widget_type=\"image.default\">\n\t\t\t\t<div class=\"elementor-widget-container\">\n\t\t\t\t\t<div class=\"elementor-image\">\n\t\t\t\t\t\t\t\t\t\t\t<a href=\"https:\/\/t4lent.eu\/index.php\/talent-4-0-programma-di-formazione\/modulo-05-trattenere-talenti\/?lang=it\">\n\t\t\t\t\t\t\t<img width=\"1024\" height=\"731\" src=\"https:\/\/t4lent.eu\/wp-content\/uploads\/2020\/03\/05.Retain-1024x731.jpg\" class=\"attachment-large size-large\" alt=\"\" loading=\"lazy\" srcset=\"https:\/\/t4lent.eu\/wp-content\/uploads\/2020\/03\/05.Retain-1024x731.jpg 1024w, https:\/\/t4lent.eu\/wp-content\/uploads\/2020\/03\/05.Retain-300x214.jpg 300w, https:\/\/t4lent.eu\/wp-content\/uploads\/2020\/03\/05.Retain-768x549.jpg 768w, https:\/\/t4lent.eu\/wp-content\/uploads\/2020\/03\/05.Retain-1536x1097.jpg 1536w, https:\/\/t4lent.eu\/wp-content\/uploads\/2020\/03\/05.Retain-2048x1463.jpg 2048w\" sizes=\"(max-width: 1024px) 100vw, 1024px\" \/>\t\t\t\t\t\t\t\t<\/a>\n\t\t\t\t\t\t\t\t\t\t\t<\/div>\n\t\t\t\t<\/div>\n\t\t\t\t<\/div>\n\t\t\t\t\t\t<\/div>\n\t\t\t\t\t<\/div>\n\t\t<\/div>\n\t\t\t\t\t\t\t\t<\/div>\n\t\t\t\t\t<\/div>\n\t\t<\/section>\n\t\t\t\t\t\t<\/div>\n\t\t\t\t\t<\/div>\n\t\t<\/div>\n\t\t\t\t\t\t\t\t<\/div>\n\t\t\t\t\t<\/div>\n\t\t<\/section>\n\t\t\t\t\t\t<\/div>\n\t\t\t\t\t\t<\/div>\n\t\t\t\t\t<\/div>\n\t\t","protected":false},"excerpt":{"rendered":"<p>Programma di formazione &#8211; Talent Management 4.0 https:\/\/www.youtube.com\/watch?v=mk4ir2OM1i0&#038;list=PLvz-SsGy2n8C5nJJDxWBry6AGuUVT-pq5&#038;index=4 &#8220;Le risorse pi\u00f9 preziose per il successo della tua azienda in questi giorni di instabilit\u00e0 sono le persone. Ma non persone qualsiasi: Persone motivate e performanti, Le loro abilit\u00e0 e conoscenze Il loro potenziale creativo e La loro volont\u00e0 di imparare e crescere. Il Talent Management 4.0 &#8230; <a title=\"Talent 4.0 &#8211; Programma di Formazione\" class=\"read-more\" href=\"https:\/\/t4lent.eu\/index.php\/talent-4-0-programma-di-formazione\/?lang=it\" aria-label=\"More on Talent 4.0 &#8211; Programma di Formazione\">Read more<\/a><\/p>\n","protected":false},"author":3,"featured_media":0,"parent":0,"menu_order":0,"comment_status":"closed","ping_status":"closed","template":"","meta":{"_monsterinsights_skip_tracking":false,"_monsterinsights_sitenote_active":false,"_monsterinsights_sitenote_note":"","_monsterinsights_sitenote_category":0},"_links":{"self":[{"href":"https:\/\/t4lent.eu\/index.php\/wp-json\/wp\/v2\/pages\/2093"}],"collection":[{"href":"https:\/\/t4lent.eu\/index.php\/wp-json\/wp\/v2\/pages"}],"about":[{"href":"https:\/\/t4lent.eu\/index.php\/wp-json\/wp\/v2\/types\/page"}],"author":[{"embeddable":true,"href":"https:\/\/t4lent.eu\/index.php\/wp-json\/wp\/v2\/users\/3"}],"replies":[{"embeddable":true,"href":"https:\/\/t4lent.eu\/index.php\/wp-json\/wp\/v2\/comments?post=2093"}],"version-history":[{"count":9,"href":"https:\/\/t4lent.eu\/index.php\/wp-json\/wp\/v2\/pages\/2093\/revisions"}],"predecessor-version":[{"id":4170,"href":"https:\/\/t4lent.eu\/index.php\/wp-json\/wp\/v2\/pages\/2093\/revisions\/4170"}],"wp:attachment":[{"href":"https:\/\/t4lent.eu\/index.php\/wp-json\/wp\/v2\/media?parent=2093"}],"curies":[{"name":"wp","href":"https:\/\/api.w.org\/{rel}","templated":true}]}}