{"id":2087,"date":"2021-02-26T17:10:53","date_gmt":"2021-02-26T16:10:53","guid":{"rendered":"https:\/\/t4lent.eu\/index.php\/modulo-03-sviluppare-talenti\/"},"modified":"2021-05-18T16:25:59","modified_gmt":"2021-05-18T14:25:59","slug":"modulo-03-sviluppare-talenti","status":"publish","type":"page","link":"https:\/\/t4lent.eu\/index.php\/talent-4-0-programma-di-formazione\/modulo-03-sviluppare-talenti\/?lang=it","title":{"rendered":"Modulo 03: Sviluppare talenti"},"content":{"rendered":"\t\t<div data-elementor-type=\"wp-page\" data-elementor-id=\"2087\" class=\"elementor elementor-2087 elementor-779\" data-elementor-settings=\"[]\">\n\t\t\t\t\t\t<div class=\"elementor-inner\">\n\t\t\t\t\t\t\t<div class=\"elementor-section-wrap\">\n\t\t\t\t\t\t\t<section class=\"elementor-section elementor-top-section elementor-element elementor-element-f4460c2 elementor-section-boxed elementor-section-height-default elementor-section-height-default\" data-id=\"f4460c2\" data-element_type=\"section\">\n\t\t\t\t\t\t<div class=\"elementor-container elementor-column-gap-default\">\n\t\t\t\t\t\t\t<div class=\"elementor-row\">\n\t\t\t\t\t<div class=\"elementor-column elementor-col-100 elementor-top-column elementor-element elementor-element-146f05a\" data-id=\"146f05a\" data-element_type=\"column\">\n\t\t\t<div class=\"elementor-column-wrap elementor-element-populated\">\n\t\t\t\t\t\t\t<div class=\"elementor-widget-wrap\">\n\t\t\t\t\t\t<div class=\"elementor-element elementor-element-ab37d7d elementor-widget elementor-widget-heading\" data-id=\"ab37d7d\" data-element_type=\"widget\" data-widget_type=\"heading.default\">\n\t\t\t\t<div class=\"elementor-widget-container\">\n\t\t\t<h2 class=\"elementor-heading-title elementor-size-default\">Identificare e sviluppare i talenti del tuo team<\/h2>\t\t<\/div>\n\t\t\t\t<\/div>\n\t\t\t\t\t\t<\/div>\n\t\t\t\t\t<\/div>\n\t\t<\/div>\n\t\t\t\t\t\t\t\t<\/div>\n\t\t\t\t\t<\/div>\n\t\t<\/section>\n\t\t\t\t<section class=\"elementor-section elementor-top-section elementor-element elementor-element-1eedf0c elementor-section-boxed elementor-section-height-default elementor-section-height-default\" data-id=\"1eedf0c\" data-element_type=\"section\">\n\t\t\t\t\t\t<div class=\"elementor-container elementor-column-gap-default\">\n\t\t\t\t\t\t\t<div class=\"elementor-row\">\n\t\t\t\t\t<div class=\"elementor-column elementor-col-50 elementor-top-column elementor-element elementor-element-6ab685b\" data-id=\"6ab685b\" data-element_type=\"column\">\n\t\t\t<div class=\"elementor-column-wrap elementor-element-populated\">\n\t\t\t\t\t\t\t<div class=\"elementor-widget-wrap\">\n\t\t\t\t\t\t<div class=\"elementor-element elementor-element-8c31d6e elementor-widget elementor-widget-text-editor\" data-id=\"8c31d6e\" data-element_type=\"widget\" data-widget_type=\"text-editor.default\">\n\t\t\t\t<div class=\"elementor-widget-container\">\n\t\t\t\t\t<div class=\"elementor-text-editor elementor-clearfix\"><p>Questo modulo si concentra sullo sviluppo dei dipendenti e la sua rilevanza come una delle pi\u00f9 importanti pratiche di gestione dei talenti per le aziende, in particolare, per le PMI . Vi offrir\u00e0 un&#8217;introduzione al concetto di sviluppo dei dipendenti fornendo una comprensione di base del processo e indirizzandovi all&#8217;utilizzo di buone pratiche e utili strumenti digitali nel processo lavorativo della vostra organizzazione.<\/p>\n<\/div>\n\t\t\t\t<\/div>\n\t\t\t\t<\/div>\n\t\t\t\t\t\t<\/div>\n\t\t\t\t\t<\/div>\n\t\t<\/div>\n\t\t\t\t<div class=\"elementor-column elementor-col-50 elementor-top-column elementor-element elementor-element-ee12842\" data-id=\"ee12842\" data-element_type=\"column\">\n\t\t\t<div class=\"elementor-column-wrap elementor-element-populated\">\n\t\t\t\t\t\t\t<div class=\"elementor-widget-wrap\">\n\t\t\t\t\t\t<div class=\"elementor-element elementor-element-b04a2ca elementor-aspect-ratio-169 elementor-widget elementor-widget-video\" data-id=\"b04a2ca\" data-element_type=\"widget\" data-settings=\"{&quot;youtube_url&quot;:&quot;https:\\\/\\\/www.youtube.com\\\/watch?v=kkpkZqPBgXw&amp;list=PLvz-SsGy2n8C5nJJDxWBry6AGuUVT-pq5&amp;index=14&quot;,&quot;video_type&quot;:&quot;youtube&quot;,&quot;controls&quot;:&quot;yes&quot;,&quot;aspect_ratio&quot;:&quot;169&quot;}\" data-widget_type=\"video.default\">\n\t\t\t\t<div class=\"elementor-widget-container\">\n\t\t\t\t\t<div class=\"elementor-wrapper elementor-fit-aspect-ratio elementor-open-inline\">\n\t\t\t<div class=\"elementor-video\"><\/div>\t\t<\/div>\n\t\t\t\t<\/div>\n\t\t\t\t<\/div>\n\t\t\t\t\t\t<\/div>\n\t\t\t\t\t<\/div>\n\t\t<\/div>\n\t\t\t\t\t\t\t\t<\/div>\n\t\t\t\t\t<\/div>\n\t\t<\/section>\n\t\t\t\t<section class=\"elementor-section elementor-top-section elementor-element elementor-element-bacbdf7 elementor-section-boxed elementor-section-height-default elementor-section-height-default\" data-id=\"bacbdf7\" data-element_type=\"section\">\n\t\t\t\t\t\t<div class=\"elementor-container elementor-column-gap-default\">\n\t\t\t\t\t\t\t<div class=\"elementor-row\">\n\t\t\t\t\t<div class=\"elementor-column elementor-col-100 elementor-top-column elementor-element elementor-element-91ceb50\" data-id=\"91ceb50\" data-element_type=\"column\">\n\t\t\t<div class=\"elementor-column-wrap elementor-element-populated\">\n\t\t\t\t\t\t\t<div class=\"elementor-widget-wrap\">\n\t\t\t\t\t\t<div class=\"elementor-element elementor-element-ac254d0 elementor-widget elementor-widget-accordion\" data-id=\"ac254d0\" data-element_type=\"widget\" data-widget_type=\"accordion.default\">\n\t\t\t\t<div class=\"elementor-widget-container\">\n\t\t\t\t\t<div class=\"elementor-accordion\" role=\"tablist\">\n\t\t\t\t\t\t\t<div class=\"elementor-accordion-item\">\n\t\t\t\t\t<div id=\"elementor-tab-title-1801\" class=\"elementor-tab-title\" data-tab=\"1\" role=\"tab\" aria-controls=\"elementor-tab-content-1801\">\n\t\t\t\t\t\t\t\t\t\t\t\t\t<span class=\"elementor-accordion-icon elementor-accordion-icon-left\" aria-hidden=\"true\">\n\t\t\t\t\t\t\t\t\t\t\t\t\t\t\t<span class=\"elementor-accordion-icon-closed\"><i class=\"fas fa-plus\"><\/i><\/span>\n\t\t\t\t\t\t\t\t<span class=\"elementor-accordion-icon-opened\"><i class=\"fas fa-minus\"><\/i><\/span>\n\t\t\t\t\t\t\t\t\t\t\t\t\t\t<\/span>\n\t\t\t\t\t\t\t\t\t\t\t\t<a class=\"elementor-accordion-title\" href=\"\">Unit\u00e0 01 - Cos'\u00e8 lo sviluppo dei dipendenti?<\/a>\n\t\t\t\t\t<\/div>\n\t\t\t\t\t<div id=\"elementor-tab-content-1801\" class=\"elementor-tab-content elementor-clearfix\" data-tab=\"1\" role=\"tabpanel\" aria-labelledby=\"elementor-tab-title-1801\"><p>L&#8217;unit\u00e0 definir\u00e0 chiaramente cosa intendiamo con il termine sviluppo dei dipendenti, cos\u00ec da avere una chiara concezione del termine. Soprattutto, dimostrer\u00e0 l&#8217;importanza dello sviluppo dei dipendenti per le imprese, sia per garantire una maggiore efficienza, produttivit\u00e0 e competitivit\u00e0 nel loro campo, sia come un modo per motivare ulteriormente il loro personale, soprattutto i millennial, ed elevare la loro capacit\u00e0 di trattenere i dipendenti di valore. Infine, dimostrer\u00e0 la differenza tra sviluppo e formazione come mezzo per assicurare una chiara comprensione del termine.<\/p><h3>Argomenti<\/h3><ul><li>Definizione di sviluppo dei dipendenti<\/li><li>Sviluppo dei dipendenti e formazione<\/li><li>Strategia di sviluppo dei dipendenti<\/li><\/ul><p>Materiali<\/p><p><a href=\"https:\/\/t4lent.eu\/wp-content\/uploads\/2021\/05\/IT_IO3_M03_Develop_Unit_1.pptx\">Unit\u00e0 01 &#8211; Cos&#8217;\u00e8 lo sviluppo dei dipendenti?<\/a><\/p><\/div>\n\t\t\t\t<\/div>\n\t\t\t\t\t\t\t<div class=\"elementor-accordion-item\">\n\t\t\t\t\t<div id=\"elementor-tab-title-1802\" class=\"elementor-tab-title\" data-tab=\"2\" role=\"tab\" aria-controls=\"elementor-tab-content-1802\">\n\t\t\t\t\t\t\t\t\t\t\t\t\t<span class=\"elementor-accordion-icon elementor-accordion-icon-left\" aria-hidden=\"true\">\n\t\t\t\t\t\t\t\t\t\t\t\t\t\t\t<span class=\"elementor-accordion-icon-closed\"><i class=\"fas fa-plus\"><\/i><\/span>\n\t\t\t\t\t\t\t\t<span class=\"elementor-accordion-icon-opened\"><i class=\"fas fa-minus\"><\/i><\/span>\n\t\t\t\t\t\t\t\t\t\t\t\t\t\t<\/span>\n\t\t\t\t\t\t\t\t\t\t\t\t<a class=\"elementor-accordion-title\" href=\"\">Unit\u00e0 02  - Piano di sviluppo dei dipendenti<\/a>\n\t\t\t\t\t<\/div>\n\t\t\t\t\t<div id=\"elementor-tab-content-1802\" class=\"elementor-tab-content elementor-clearfix\" data-tab=\"2\" role=\"tabpanel\" aria-labelledby=\"elementor-tab-title-1802\"><p>Questa unit\u00e0 vi aiuter\u00e0 a capire cos&#8217;\u00e8 un piano di sviluppo dei dipendenti, mostrandovi le diverse forme che pu\u00f2 avere. Inoltre, presenter\u00e0 i diversi passi che le aziende e i manager possono intraprendere nel formulare un piano di sviluppo dei dipendenti, sottolineando la necessit\u00e0 di coinvolgere il personale nel processo, investire nello sviluppo personale e professionale, e valutare e monitorare costantemente il processo.<\/p>\n<p>Questa unit\u00e0 introdurr\u00e0 ed evidenzier\u00e0 l&#8217;importanza di mettere in atto un piano di sviluppo dei dipendenti strutturato, tale da assicurare che le PMI guidino, sostengano e aiutino i loro dipendenti a crescere ed essere guidati in modo efficace. Soprattutto, fornir\u00e0 ai dirigenti delle PMI delle linee guida su come procedere nella messa in atto di tale piano.<\/p>\n<h3>Argomenti<\/h3>\n<ul>\n<li>Il processo di messa in atto di un piano di sviluppo dei dipendenti<\/li>\n<li>Diversi tipi di piani di sviluppo dei dipendenti<\/li>\n<\/ul>\n<h3>Materiali:<\/h3>\n<p><a href=\"https:\/\/t4lent.eu\/wp-content\/uploads\/2021\/05\/IT_IO3_M03_Develop_Unit_2.pptx\">Unit\u00e0 02 &#8211; Piano di sviluppo dei dipendenti<\/a><\/p>\n<p><a href=\"https:\/\/t4lent.eu\/wp-content\/uploads\/2021\/05\/IT_IO3_M03_Unit_02_Employee_Development_Plan_Exercis.docx\">Esercizio &#8211; Piano di sviluppo dei dipendenti<\/a><\/p>\n<p><a href=\"https:\/\/t4lent.eu\/wp-content\/uploads\/2021\/05\/IT_IO3_M03_Unit_02_Worksheet_PGP_vOK_KK-update.docx\">Worksheet &#8211; Personal Growth Plan<\/a><\/p>\n<p><a href=\"https:\/\/t4lent.eu\/wp-content\/uploads\/2021\/05\/IT_IO3_M03_Unit_02_Worksheet_PIP-1_KK-update.docx\">Worksheet &#8211; Performance Improvement Plan<\/a><\/p>\n<p><a href=\"https:\/\/t4lent.eu\/wp-content\/uploads\/2021\/05\/IT_IO3_M03_Unit_02_Worksheet_PIP-2_vOK_KK-update.docx\">Worksheet 02 &#8211; Performance Improvement Plan<\/a><\/p><\/div>\n\t\t\t\t<\/div>\n\t\t\t\t\t\t\t<div class=\"elementor-accordion-item\">\n\t\t\t\t\t<div id=\"elementor-tab-title-1803\" class=\"elementor-tab-title\" data-tab=\"3\" role=\"tab\" aria-controls=\"elementor-tab-content-1803\">\n\t\t\t\t\t\t\t\t\t\t\t\t\t<span class=\"elementor-accordion-icon elementor-accordion-icon-left\" aria-hidden=\"true\">\n\t\t\t\t\t\t\t\t\t\t\t\t\t\t\t<span class=\"elementor-accordion-icon-closed\"><i class=\"fas fa-plus\"><\/i><\/span>\n\t\t\t\t\t\t\t\t<span class=\"elementor-accordion-icon-opened\"><i class=\"fas fa-minus\"><\/i><\/span>\n\t\t\t\t\t\t\t\t\t\t\t\t\t\t<\/span>\n\t\t\t\t\t\t\t\t\t\t\t\t<a class=\"elementor-accordion-title\" href=\"\">Unit\u00e0 03 - Attuare un piano di sviluppo efficace<\/a>\n\t\t\t\t\t<\/div>\n\t\t\t\t\t<div id=\"elementor-tab-content-1803\" class=\"elementor-tab-content elementor-clearfix\" data-tab=\"3\" role=\"tabpanel\" aria-labelledby=\"elementor-tab-title-1803\"><p>Questa unit\u00e0 si basa sui termini e sui concetti gi\u00e0 presentati in questo modulo e mira a fornire consigli, indirizzandovi anche verso buone pratiche e strumenti utili, al fine di perseguire lo sviluppo del vostro personale. Cos\u00ec facendo, mette in evidenza il ruolo dei dirigenti in questo processo e l&#8217;importanza di una buona comunicazione interna per uno sviluppo efficace dei dipendenti. Soprattutto, introduce i discenti a metodi, strumenti e modi che possono usare per impostare e implementare con successo un piano di sviluppo dei dipendenti.<br>Questa unit\u00e0 pu\u00f2 essere la &#8220;guida&#8221; per i dirigenti delle PMI durante il processo di sviluppo e di implementazione dei piani di sviluppo dei dipendenti. Fornir\u00e0 loro consigli pratici e un insieme di strumenti e approcci efficaci che possono applicare durante questo processo.<\/p>\n<h3>Argomenti<\/h3>\n<ul>\n<li>Comunicazione interna e sviluppo dei dipendenti<\/li>\n<li>Metodi, strumenti e approcci per lo sviluppo dei dipendenti<\/li>\n<\/ul>\n<h3>Materiali<\/h3>\n<div><a href=\"https:\/\/t4lent.eu\/wp-content\/uploads\/2021\/05\/IT_IO3_M03_Develop_Unit_3.pptx\">Unit\u00e0 03 &#8211; Implementare un efficace piano di sviluppo<\/a><\/div>\n<div>&nbsp;<\/div>\n<div><a href=\"https:\/\/t4lent.eu\/wp-content\/uploads\/2021\/05\/IT_IO3_M03_Unit_03_Employee_Development_in-SMEs_Exercise_KK.docx\">Exercise &#8211; Employee development in SMEs<\/a><\/div>\n<div>&nbsp;<\/div>\n<p><a href=\"https:\/\/t4lent.eu\/wp-content\/uploads\/2021\/05\/IT_IO3_M03_Unit_03_Worksheet_PDP_Template-and-Example_KK.docx\">Worksheet &#8211; Personal Development Plan Template and Example<\/a><\/p>\n<p><a href=\"https:\/\/t4lent.eu\/wp-content\/uploads\/2021\/05\/IT_IO3_M03_Unit_03_Worksheet_PGP_Template-and-Example_vOK_KK-update.docx\">Worksheet &#8211; Personal Growth Plan Template and Example<\/a><\/p><\/div>\n\t\t\t\t<\/div>\n\t\t\t\t\t\t\t<div class=\"elementor-accordion-item\">\n\t\t\t\t\t<div id=\"elementor-tab-title-1804\" class=\"elementor-tab-title\" data-tab=\"4\" role=\"tab\" aria-controls=\"elementor-tab-content-1804\">\n\t\t\t\t\t\t\t\t\t\t\t\t\t<span class=\"elementor-accordion-icon elementor-accordion-icon-left\" aria-hidden=\"true\">\n\t\t\t\t\t\t\t\t\t\t\t\t\t\t\t<span class=\"elementor-accordion-icon-closed\"><i class=\"fas fa-plus\"><\/i><\/span>\n\t\t\t\t\t\t\t\t<span class=\"elementor-accordion-icon-opened\"><i class=\"fas fa-minus\"><\/i><\/span>\n\t\t\t\t\t\t\t\t\t\t\t\t\t\t<\/span>\n\t\t\t\t\t\t\t\t\t\t\t\t<a class=\"elementor-accordion-title\" href=\"\">Risorse aggiuntive<\/a>\n\t\t\t\t\t<\/div>\n\t\t\t\t\t<div id=\"elementor-tab-content-1804\" class=\"elementor-tab-content elementor-clearfix\" data-tab=\"4\" role=\"tabpanel\" aria-labelledby=\"elementor-tab-title-1804\"><p><a href=\"https:\/\/forms.gle\/7hrVkjbaiKchJeZ17\">Verifica le tue conoscenze del Modulo 03 &#8211;&nbsp; Questionario di autovalutazione<\/a><\/p>\n<p><a href=\"https:\/\/t4lent.eu\/wp-content\/uploads\/2021\/05\/IO3_Talent-4.0_Checklist_Module_03_IT.docx\">Modulo 03 Checklist<\/a><\/p><\/div>\n\t\t\t\t<\/div>\n\t\t\t\t\t<\/div>\n\t\t\t\t<\/div>\n\t\t\t\t<\/div>\n\t\t\t\t\t\t<\/div>\n\t\t\t\t\t<\/div>\n\t\t<\/div>\n\t\t\t\t\t\t\t\t<\/div>\n\t\t\t\t\t<\/div>\n\t\t<\/section>\n\t\t\t\t\t\t<\/div>\n\t\t\t\t\t\t<\/div>\n\t\t\t\t\t<\/div>\n\t\t","protected":false},"excerpt":{"rendered":"<p>Identificare e sviluppare i talenti del tuo team Questo modulo si concentra sullo sviluppo dei dipendenti e la sua rilevanza come una delle pi\u00f9 importanti pratiche di gestione dei talenti per le aziende, in particolare, per le PMI . Vi offrir\u00e0 un&#8217;introduzione al concetto di sviluppo dei dipendenti fornendo una comprensione di base del processo &#8230; <a title=\"Modulo 03: Sviluppare talenti\" class=\"read-more\" href=\"https:\/\/t4lent.eu\/index.php\/talent-4-0-programma-di-formazione\/modulo-03-sviluppare-talenti\/?lang=it\" aria-label=\"More on Modulo 03: Sviluppare talenti\">Read more<\/a><\/p>\n","protected":false},"author":3,"featured_media":0,"parent":2093,"menu_order":3,"comment_status":"closed","ping_status":"closed","template":"","meta":{"_monsterinsights_skip_tracking":false,"_monsterinsights_sitenote_active":false,"_monsterinsights_sitenote_note":"","_monsterinsights_sitenote_category":0},"_links":{"self":[{"href":"https:\/\/t4lent.eu\/index.php\/wp-json\/wp\/v2\/pages\/2087"}],"collection":[{"href":"https:\/\/t4lent.eu\/index.php\/wp-json\/wp\/v2\/pages"}],"about":[{"href":"https:\/\/t4lent.eu\/index.php\/wp-json\/wp\/v2\/types\/page"}],"author":[{"embeddable":true,"href":"https:\/\/t4lent.eu\/index.php\/wp-json\/wp\/v2\/users\/3"}],"replies":[{"embeddable":true,"href":"https:\/\/t4lent.eu\/index.php\/wp-json\/wp\/v2\/comments?post=2087"}],"version-history":[{"count":10,"href":"https:\/\/t4lent.eu\/index.php\/wp-json\/wp\/v2\/pages\/2087\/revisions"}],"predecessor-version":[{"id":4587,"href":"https:\/\/t4lent.eu\/index.php\/wp-json\/wp\/v2\/pages\/2087\/revisions\/4587"}],"up":[{"embeddable":true,"href":"https:\/\/t4lent.eu\/index.php\/wp-json\/wp\/v2\/pages\/2093"}],"wp:attachment":[{"href":"https:\/\/t4lent.eu\/index.php\/wp-json\/wp\/v2\/media?parent=2087"}],"curies":[{"name":"wp","href":"https:\/\/api.w.org\/{rel}","templated":true}]}}