{"id":2085,"date":"2021-02-26T16:49:14","date_gmt":"2021-02-26T15:49:14","guid":{"rendered":"https:\/\/t4lent.eu\/index.php\/modulo-04-motivare-i-talenti\/"},"modified":"2021-05-18T16:28:28","modified_gmt":"2021-05-18T14:28:28","slug":"modulo-04-motivare-i-talenti","status":"publish","type":"page","link":"https:\/\/t4lent.eu\/index.php\/talent-4-0-programma-di-formazione\/modulo-04-motivare-i-talenti\/?lang=it","title":{"rendered":"Modulo 04: Motivare i talenti"},"content":{"rendered":"\t\t<div data-elementor-type=\"wp-page\" data-elementor-id=\"2085\" class=\"elementor elementor-2085 elementor-791\" data-elementor-settings=\"[]\">\n\t\t\t\t\t\t<div class=\"elementor-inner\">\n\t\t\t\t\t\t\t<div class=\"elementor-section-wrap\">\n\t\t\t\t\t\t\t<section class=\"elementor-section elementor-top-section elementor-element elementor-element-f4460c2 elementor-section-boxed elementor-section-height-default elementor-section-height-default\" data-id=\"f4460c2\" data-element_type=\"section\">\n\t\t\t\t\t\t<div class=\"elementor-container elementor-column-gap-default\">\n\t\t\t\t\t\t\t<div class=\"elementor-row\">\n\t\t\t\t\t<div class=\"elementor-column elementor-col-100 elementor-top-column elementor-element elementor-element-146f05a\" data-id=\"146f05a\" data-element_type=\"column\">\n\t\t\t<div class=\"elementor-column-wrap elementor-element-populated\">\n\t\t\t\t\t\t\t<div class=\"elementor-widget-wrap\">\n\t\t\t\t\t\t<div class=\"elementor-element elementor-element-ab37d7d elementor-widget elementor-widget-heading\" data-id=\"ab37d7d\" data-element_type=\"widget\" data-widget_type=\"heading.default\">\n\t\t\t\t<div class=\"elementor-widget-container\">\n\t\t\t<h2 class=\"elementor-heading-title elementor-size-default\">Stabilire una cultura di elevate prestazioni<\/h2>\t\t<\/div>\n\t\t\t\t<\/div>\n\t\t\t\t\t\t<\/div>\n\t\t\t\t\t<\/div>\n\t\t<\/div>\n\t\t\t\t\t\t\t\t<\/div>\n\t\t\t\t\t<\/div>\n\t\t<\/section>\n\t\t\t\t<section class=\"elementor-section elementor-top-section elementor-element elementor-element-1eedf0c elementor-section-boxed elementor-section-height-default elementor-section-height-default\" data-id=\"1eedf0c\" data-element_type=\"section\">\n\t\t\t\t\t\t<div class=\"elementor-container elementor-column-gap-default\">\n\t\t\t\t\t\t\t<div class=\"elementor-row\">\n\t\t\t\t\t<div class=\"elementor-column elementor-col-50 elementor-top-column elementor-element elementor-element-6ab685b\" data-id=\"6ab685b\" data-element_type=\"column\">\n\t\t\t<div class=\"elementor-column-wrap elementor-element-populated\">\n\t\t\t\t\t\t\t<div class=\"elementor-widget-wrap\">\n\t\t\t\t\t\t<div class=\"elementor-element elementor-element-8c31d6e elementor-widget elementor-widget-text-editor\" data-id=\"8c31d6e\" data-element_type=\"widget\" data-widget_type=\"text-editor.default\">\n\t\t\t\t<div class=\"elementor-widget-container\">\n\t\t\t\t\t<div class=\"elementor-text-editor elementor-clearfix\"><p>Questo modulo ha lo scopo di aiutare i partecipanti a capire che la motivazione dei dipendenti \u00e8 una delle maggiori sfide del management. Per motivare con successo i dipendenti, \u00e8 necessario capire cos&#8217;\u00e8 che li motiva e li spinge. La motivazione dei dipendenti \u00e8 definita come il livello di energia, impegno, persistenza e creativit\u00e0 che i lavoratori di un&#8217;azienda portano al loro lavoro. In generale, una migliore motivazione dei dipendenti porta a un migliore impegno e produttivit\u00e0.<\/p>\n<p>Abbiamo una mancanza di lavoratori qualificati e di talento sul mercato del lavoro. Pertanto, le aziende devono fare sforzi per motivare e trattenere i talenti tra i loro dipendenti. Questo modulo aumenter\u00e0 la consapevolezza per l&#8217;argomento &#8220;Motivazione&#8221; dei dipendenti. Una nuova generazione spesso chiamata &#8220;Gen Z&#8221; sta entrando nella forza lavoro a tempo pieno. Ora \u00e8 il momento di imparare di pi\u00f9 su come le loro aspettative e i loro obiettivi possono integrarsi con successo con la vostra concezione di lavoro.<\/p>\n<\/div>\n\t\t\t\t<\/div>\n\t\t\t\t<\/div>\n\t\t\t\t\t\t<\/div>\n\t\t\t\t\t<\/div>\n\t\t<\/div>\n\t\t\t\t<div class=\"elementor-column elementor-col-50 elementor-top-column elementor-element elementor-element-ee12842\" data-id=\"ee12842\" data-element_type=\"column\">\n\t\t\t<div class=\"elementor-column-wrap elementor-element-populated\">\n\t\t\t\t\t\t\t<div class=\"elementor-widget-wrap\">\n\t\t\t\t\t\t<div class=\"elementor-element elementor-element-b04a2ca elementor-aspect-ratio-169 elementor-widget elementor-widget-video\" data-id=\"b04a2ca\" data-element_type=\"widget\" data-settings=\"{&quot;youtube_url&quot;:&quot;https:\\\/\\\/www.youtube.com\\\/watch?v=1T3l2qkE9Qg&quot;,&quot;video_type&quot;:&quot;youtube&quot;,&quot;controls&quot;:&quot;yes&quot;,&quot;aspect_ratio&quot;:&quot;169&quot;}\" data-widget_type=\"video.default\">\n\t\t\t\t<div class=\"elementor-widget-container\">\n\t\t\t\t\t<div class=\"elementor-wrapper elementor-fit-aspect-ratio elementor-open-inline\">\n\t\t\t<div class=\"elementor-video\"><\/div>\t\t<\/div>\n\t\t\t\t<\/div>\n\t\t\t\t<\/div>\n\t\t\t\t\t\t<\/div>\n\t\t\t\t\t<\/div>\n\t\t<\/div>\n\t\t\t\t\t\t\t\t<\/div>\n\t\t\t\t\t<\/div>\n\t\t<\/section>\n\t\t\t\t<section class=\"elementor-section elementor-top-section elementor-element elementor-element-bacbdf7 elementor-section-boxed elementor-section-height-default elementor-section-height-default\" data-id=\"bacbdf7\" data-element_type=\"section\">\n\t\t\t\t\t\t<div class=\"elementor-container elementor-column-gap-default\">\n\t\t\t\t\t\t\t<div class=\"elementor-row\">\n\t\t\t\t\t<div class=\"elementor-column elementor-col-100 elementor-top-column elementor-element elementor-element-91ceb50\" data-id=\"91ceb50\" data-element_type=\"column\">\n\t\t\t<div class=\"elementor-column-wrap elementor-element-populated\">\n\t\t\t\t\t\t\t<div class=\"elementor-widget-wrap\">\n\t\t\t\t\t\t<div class=\"elementor-element elementor-element-ac254d0 elementor-widget elementor-widget-accordion\" data-id=\"ac254d0\" data-element_type=\"widget\" data-widget_type=\"accordion.default\">\n\t\t\t\t<div class=\"elementor-widget-container\">\n\t\t\t\t\t<div class=\"elementor-accordion\" role=\"tablist\">\n\t\t\t\t\t\t\t<div class=\"elementor-accordion-item\">\n\t\t\t\t\t<div id=\"elementor-tab-title-1801\" class=\"elementor-tab-title\" data-tab=\"1\" role=\"tab\" aria-controls=\"elementor-tab-content-1801\">\n\t\t\t\t\t\t\t\t\t\t\t\t\t<span class=\"elementor-accordion-icon elementor-accordion-icon-left\" aria-hidden=\"true\">\n\t\t\t\t\t\t\t\t\t\t\t\t\t\t\t<span class=\"elementor-accordion-icon-closed\"><i class=\"fas fa-plus\"><\/i><\/span>\n\t\t\t\t\t\t\t\t<span class=\"elementor-accordion-icon-opened\"><i class=\"fas fa-minus\"><\/i><\/span>\n\t\t\t\t\t\t\t\t\t\t\t\t\t\t<\/span>\n\t\t\t\t\t\t\t\t\t\t\t\t<a class=\"elementor-accordion-title\" href=\"\">Unit\u00e0 01 - Motivazione del personale \u2013 la teoria<\/a>\n\t\t\t\t\t<\/div>\n\t\t\t\t\t<div id=\"elementor-tab-content-1801\" class=\"elementor-tab-content elementor-clearfix\" data-tab=\"1\" role=\"tabpanel\" aria-labelledby=\"elementor-tab-title-1801\"><p>Per motivare con successo i vostri dipendenti, avete davvero bisogno di capire la teoria della motivazione. Una volta che avete compreso queste basi, sar\u00e0 pi\u00f9 facile applicarle correttamente nella pratica. Questa unit\u00e0 si occupa di capire le motivazioni dei dipendenti.<\/p>\n<h3>Argomenti<\/h3>\n<ul>\n<li>Il ruolo della motivazione nel determinare le prestazioni dei dipendenti.<\/li>\n<li>La teoria &#8211; gerarchia dei bisogni di Abraham Maslow<\/li>\n<li>Cosa motiva il personale<\/li>\n<li>Classificazione dei bisogni fondamentali dei lavoratori<\/li>\n<\/ul>\n<p>Materiali<\/p>\n<p><a href=\"https:\/\/t4lent.eu\/wp-content\/uploads\/2021\/05\/IT_IO3_M04_U01_Motivate.pptx\">Unit\u00e0 01 \u2013 Motivazione del personale\u2013 la teoria<\/a><\/p>\n<\/div>\n\t\t\t\t<\/div>\n\t\t\t\t\t\t\t<div class=\"elementor-accordion-item\">\n\t\t\t\t\t<div id=\"elementor-tab-title-1802\" class=\"elementor-tab-title\" data-tab=\"2\" role=\"tab\" aria-controls=\"elementor-tab-content-1802\">\n\t\t\t\t\t\t\t\t\t\t\t\t\t<span class=\"elementor-accordion-icon elementor-accordion-icon-left\" aria-hidden=\"true\">\n\t\t\t\t\t\t\t\t\t\t\t\t\t\t\t<span class=\"elementor-accordion-icon-closed\"><i class=\"fas fa-plus\"><\/i><\/span>\n\t\t\t\t\t\t\t\t<span class=\"elementor-accordion-icon-opened\"><i class=\"fas fa-minus\"><\/i><\/span>\n\t\t\t\t\t\t\t\t\t\t\t\t\t\t<\/span>\n\t\t\t\t\t\t\t\t\t\t\t\t<a class=\"elementor-accordion-title\" href=\"\">Unit\u00e0 02  - Come misurare la motivazione dei dipendenti<\/a>\n\t\t\t\t\t<\/div>\n\t\t\t\t\t<div id=\"elementor-tab-content-1802\" class=\"elementor-tab-content elementor-clearfix\" data-tab=\"2\" role=\"tabpanel\" aria-labelledby=\"elementor-tab-title-1802\"><p>\u00c8 difficile far crescere la tua piccola impresa se non riesci a misurare il livello di motivazione dei tuoi dipendenti. L&#8217;impiego di metodi per misurare l&#8217;impegno e l&#8217;energia dei lavoratori pu\u00f2 rendere pi\u00f9 facile il lavoro di aumentare questi fattori.<br \/>\nLa motivazione dei dipendenti \u00e8 uno dei fattori chiave che determina il successo di qualsiasi organizzazione. Le organizzazioni che hanno dipendenti motivati sono classificate nel percentile superiore. Premi, condizioni di lavoro, stipendio, riconoscimento e apprezzamento, formazione e sviluppo, sicurezza del lavoro, valutazione delle prestazioni, promozione, leadership ecc. sono i fattori che motivano le persone sul posto di lavoro. \u00c8 difficile far crescere la tua piccola impresa se non riesci a misurare il livello di motivazione dei tuoi dipendenti.<\/p>\n<h3>Argomenti<\/h3>\n<ul>\n<li>Lista di controllo: Come misurare la motivazione dei dipendenti<\/li>\n<li>Indicatori per misurare la motivazione dei dipendenti<\/li>\n<li>Metodi e strumenti per la misurazione della performance<\/li>\n<li>Motivare i dipendenti attraverso la valutazione delle prestazioni<\/li>\n<\/ul>\n<h3>Materiali:<\/h3>\n<p><a href=\"https:\/\/t4lent.eu\/wp-content\/uploads\/2021\/05\/IT_IO3_M04_U02_Motivate.pptx\">Slides e Risorse Unit\u00e0 02 &#8211; Come misurare la motivazione dei dipendenti<\/a><\/p>\n<\/div>\n\t\t\t\t<\/div>\n\t\t\t\t\t\t\t<div class=\"elementor-accordion-item\">\n\t\t\t\t\t<div id=\"elementor-tab-title-1803\" class=\"elementor-tab-title\" data-tab=\"3\" role=\"tab\" aria-controls=\"elementor-tab-content-1803\">\n\t\t\t\t\t\t\t\t\t\t\t\t\t<span class=\"elementor-accordion-icon elementor-accordion-icon-left\" aria-hidden=\"true\">\n\t\t\t\t\t\t\t\t\t\t\t\t\t\t\t<span class=\"elementor-accordion-icon-closed\"><i class=\"fas fa-plus\"><\/i><\/span>\n\t\t\t\t\t\t\t\t<span class=\"elementor-accordion-icon-opened\"><i class=\"fas fa-minus\"><\/i><\/span>\n\t\t\t\t\t\t\t\t\t\t\t\t\t\t<\/span>\n\t\t\t\t\t\t\t\t\t\t\t\t<a class=\"elementor-accordion-title\" href=\"\">Unit\u00e0 03 - Come migliorare la motivazione dei dipendenti<\/a>\n\t\t\t\t\t<\/div>\n\t\t\t\t\t<div id=\"elementor-tab-content-1803\" class=\"elementor-tab-content elementor-clearfix\" data-tab=\"3\" role=\"tabpanel\" aria-labelledby=\"elementor-tab-title-1803\"><p>La motivazione dei dipendenti \u00e8 un aspetto critico del posto di lavoro che determina il rendimento del reparto e anche dell&#8217;azienda. Migliorare la motivazione dei dipendenti deve essere una routine costante. Ogni dipendente \u00e8 diverso, e non le stesse cose li motivano. Tuttavia, ci sono alcuni consigli sulla motivazione dei dipendenti che ogni datore di lavoro dovrebbe seguire. Questa unit\u00e0 tratter\u00e0 i metodi per migliorare la motivazione dei dipendenti.<\/p>\n<h3>Argomenti<\/h3>\n<p>Alla fine di questa unit\u00e0 di apprendimento sarete in grado di migliorare la motivazione dei dipendenti utilizzando consigli e buone pratiche per:<\/p>\n<ul>\n<li>Migliorare le comunicazioni interne<\/li>\n<li>Costruire un ambiente di lavoro positivo<\/li>\n<li>Creare una cultura aziendale positiva<\/li>\n<li>Motivare \/ Premiare i tuoi dipendenti<\/li>\n<li>Suggerire come migliorare la motivazione dei dipendenti<\/li>\n<\/ul>\n<h3>Materiali<\/h3>\n<div><a href=\"https:\/\/t4lent.eu\/wp-content\/uploads\/2021\/05\/IT_IO3_M04_U03_Motivate.pptx\">Unit\u00e0 03 Slides e Risorse\u00a0 &#8211; Come migliorare la motivazione dei dipendenti<\/a><\/div>\n<\/div>\n\t\t\t\t<\/div>\n\t\t\t\t\t\t\t<div class=\"elementor-accordion-item\">\n\t\t\t\t\t<div id=\"elementor-tab-title-1804\" class=\"elementor-tab-title\" data-tab=\"4\" role=\"tab\" aria-controls=\"elementor-tab-content-1804\">\n\t\t\t\t\t\t\t\t\t\t\t\t\t<span class=\"elementor-accordion-icon elementor-accordion-icon-left\" aria-hidden=\"true\">\n\t\t\t\t\t\t\t\t\t\t\t\t\t\t\t<span class=\"elementor-accordion-icon-closed\"><i class=\"fas fa-plus\"><\/i><\/span>\n\t\t\t\t\t\t\t\t<span class=\"elementor-accordion-icon-opened\"><i class=\"fas fa-minus\"><\/i><\/span>\n\t\t\t\t\t\t\t\t\t\t\t\t\t\t<\/span>\n\t\t\t\t\t\t\t\t\t\t\t\t<a class=\"elementor-accordion-title\" href=\"\">Risorse aggiuntive<\/a>\n\t\t\t\t\t<\/div>\n\t\t\t\t\t<div id=\"elementor-tab-content-1804\" class=\"elementor-tab-content elementor-clearfix\" data-tab=\"4\" role=\"tabpanel\" aria-labelledby=\"elementor-tab-title-1804\"><p><a href=\"https:\/\/forms.gle\/KCjMUU5WfAczPJgz9\">Verifica le tue conoscenze del Modulo 04 &#8211;\u00a0 Questionario di autovalutazione<\/a><\/p>\n<p><a href=\"https:\/\/t4lent.eu\/wp-content\/uploads\/2021\/05\/IO3_Talent-4.0_Checklist_Module_04_IT.docx\">Modulo 02 Checklist<\/a><\/p>\n<\/div>\n\t\t\t\t<\/div>\n\t\t\t\t\t<\/div>\n\t\t\t\t<\/div>\n\t\t\t\t<\/div>\n\t\t\t\t\t\t<\/div>\n\t\t\t\t\t<\/div>\n\t\t<\/div>\n\t\t\t\t\t\t\t\t<\/div>\n\t\t\t\t\t<\/div>\n\t\t<\/section>\n\t\t\t\t\t\t<\/div>\n\t\t\t\t\t\t<\/div>\n\t\t\t\t\t<\/div>\n\t\t","protected":false},"excerpt":{"rendered":"<p>Stabilire una cultura di elevate prestazioni Questo modulo ha lo scopo di aiutare i partecipanti a capire che la motivazione dei dipendenti \u00e8 una delle maggiori sfide del management. Per motivare con successo i dipendenti, \u00e8 necessario capire cos&#8217;\u00e8 che li motiva e li spinge. La motivazione dei dipendenti \u00e8 definita come il livello di &#8230; <a title=\"Modulo 04: Motivare i talenti\" class=\"read-more\" href=\"https:\/\/t4lent.eu\/index.php\/talent-4-0-programma-di-formazione\/modulo-04-motivare-i-talenti\/?lang=it\" aria-label=\"More on Modulo 04: Motivare i talenti\">Read more<\/a><\/p>\n","protected":false},"author":3,"featured_media":0,"parent":2093,"menu_order":4,"comment_status":"closed","ping_status":"closed","template":"","meta":{"_monsterinsights_skip_tracking":false,"_monsterinsights_sitenote_active":false,"_monsterinsights_sitenote_note":"","_monsterinsights_sitenote_category":0},"_links":{"self":[{"href":"https:\/\/t4lent.eu\/index.php\/wp-json\/wp\/v2\/pages\/2085"}],"collection":[{"href":"https:\/\/t4lent.eu\/index.php\/wp-json\/wp\/v2\/pages"}],"about":[{"href":"https:\/\/t4lent.eu\/index.php\/wp-json\/wp\/v2\/types\/page"}],"author":[{"embeddable":true,"href":"https:\/\/t4lent.eu\/index.php\/wp-json\/wp\/v2\/users\/3"}],"replies":[{"embeddable":true,"href":"https:\/\/t4lent.eu\/index.php\/wp-json\/wp\/v2\/comments?post=2085"}],"version-history":[{"count":9,"href":"https:\/\/t4lent.eu\/index.php\/wp-json\/wp\/v2\/pages\/2085\/revisions"}],"predecessor-version":[{"id":4612,"href":"https:\/\/t4lent.eu\/index.php\/wp-json\/wp\/v2\/pages\/2085\/revisions\/4612"}],"up":[{"embeddable":true,"href":"https:\/\/t4lent.eu\/index.php\/wp-json\/wp\/v2\/pages\/2093"}],"wp:attachment":[{"href":"https:\/\/t4lent.eu\/index.php\/wp-json\/wp\/v2\/media?parent=2085"}],"curies":[{"name":"wp","href":"https:\/\/api.w.org\/{rel}","templated":true}]}}