{"id":1978,"date":"2021-02-16T22:03:03","date_gmt":"2021-02-16T21:03:03","guid":{"rendered":"https:\/\/t4lent.eu\/index.php\/modul-03-developing-talent\/"},"modified":"2021-05-18T15:17:12","modified_gmt":"2021-05-18T13:17:12","slug":"modul-03-developing-talent","status":"publish","type":"page","link":"https:\/\/t4lent.eu\/index.php\/talent-4-0-training-programme\/modul-03-developing-talent\/?lang=sv","title":{"rendered":"Modul 03: Developing Talent"},"content":{"rendered":"\t\t<div data-elementor-type=\"wp-page\" data-elementor-id=\"1978\" class=\"elementor elementor-1978 elementor-779\" data-elementor-settings=\"[]\">\n\t\t\t\t\t\t<div class=\"elementor-inner\">\n\t\t\t\t\t\t\t<div class=\"elementor-section-wrap\">\n\t\t\t\t\t\t\t<section class=\"elementor-section elementor-top-section elementor-element elementor-element-f4460c2 elementor-section-boxed elementor-section-height-default elementor-section-height-default\" data-id=\"f4460c2\" data-element_type=\"section\">\n\t\t\t\t\t\t<div class=\"elementor-container elementor-column-gap-default\">\n\t\t\t\t\t\t\t<div class=\"elementor-row\">\n\t\t\t\t\t<div class=\"elementor-column elementor-col-100 elementor-top-column elementor-element elementor-element-146f05a\" data-id=\"146f05a\" data-element_type=\"column\">\n\t\t\t<div class=\"elementor-column-wrap elementor-element-populated\">\n\t\t\t\t\t\t\t<div class=\"elementor-widget-wrap\">\n\t\t\t\t\t\t<div class=\"elementor-element elementor-element-ab37d7d elementor-widget elementor-widget-heading\" data-id=\"ab37d7d\" data-element_type=\"widget\" data-widget_type=\"heading.default\">\n\t\t\t\t<div class=\"elementor-widget-container\">\n\t\t\t<h2 class=\"elementor-heading-title elementor-size-default\">Identifiera och bygg upp ditt teams talanger <\/h2>\t\t<\/div>\n\t\t\t\t<\/div>\n\t\t\t\t\t\t<\/div>\n\t\t\t\t\t<\/div>\n\t\t<\/div>\n\t\t\t\t\t\t\t\t<\/div>\n\t\t\t\t\t<\/div>\n\t\t<\/section>\n\t\t\t\t<section class=\"elementor-section elementor-top-section elementor-element elementor-element-1eedf0c elementor-section-boxed elementor-section-height-default elementor-section-height-default\" data-id=\"1eedf0c\" data-element_type=\"section\">\n\t\t\t\t\t\t<div class=\"elementor-container elementor-column-gap-default\">\n\t\t\t\t\t\t\t<div class=\"elementor-row\">\n\t\t\t\t\t<div class=\"elementor-column elementor-col-50 elementor-top-column elementor-element elementor-element-6ab685b\" data-id=\"6ab685b\" data-element_type=\"column\">\n\t\t\t<div class=\"elementor-column-wrap elementor-element-populated\">\n\t\t\t\t\t\t\t<div class=\"elementor-widget-wrap\">\n\t\t\t\t\t\t<div class=\"elementor-element elementor-element-8c31d6e elementor-widget elementor-widget-text-editor\" data-id=\"8c31d6e\" data-element_type=\"widget\" data-widget_type=\"text-editor.default\">\n\t\t\t\t<div class=\"elementor-widget-container\">\n\t\t\t\t\t<div class=\"elementor-text-editor elementor-clearfix\"><p>Denna modul fokuserar p\u00e5 anst\u00e4lldas utveckling och dess betydelse f\u00f6r f\u00f6retag och sm\u00e5 och medelstora f\u00f6retag som en av de viktigaste metoderna f\u00f6r talanghantering.<span class=\"JLqJ4b ChMk0b\" data-language-for-alternatives=\"sv\" data-language-to-translate-into=\"en\" data-phrase-index=\"1\">Det ger dig en bra introduktion till konceptet medarbetarutveckling, f\u00f6r att f\u00e5 en grundl\u00e4ggande f\u00f6rst\u00e5else f\u00f6r processen samt v\u00e4gleda dig att b\u00f6rja arbeta med att introducera god praxis och anv\u00e4ndbara digitala verktyg i din organisations arbete.<\/span><\/p>\n<\/div>\n\t\t\t\t<\/div>\n\t\t\t\t<\/div>\n\t\t\t\t\t\t<\/div>\n\t\t\t\t\t<\/div>\n\t\t<\/div>\n\t\t\t\t<div class=\"elementor-column elementor-col-50 elementor-top-column elementor-element elementor-element-ee12842\" data-id=\"ee12842\" data-element_type=\"column\">\n\t\t\t<div class=\"elementor-column-wrap elementor-element-populated\">\n\t\t\t\t\t\t\t<div class=\"elementor-widget-wrap\">\n\t\t\t\t\t\t<div class=\"elementor-element elementor-element-b04a2ca elementor-aspect-ratio-169 elementor-widget elementor-widget-video\" data-id=\"b04a2ca\" data-element_type=\"widget\" data-settings=\"{&quot;youtube_url&quot;:&quot;https:\\\/\\\/www.youtube.com\\\/watch?v=Clgt8CD9zaQ&amp;list=PLvz-SsGy2n8C5nJJDxWBry6AGuUVT-pq5&amp;index=15&quot;,&quot;video_type&quot;:&quot;youtube&quot;,&quot;controls&quot;:&quot;yes&quot;,&quot;aspect_ratio&quot;:&quot;169&quot;}\" data-widget_type=\"video.default\">\n\t\t\t\t<div class=\"elementor-widget-container\">\n\t\t\t\t\t<div class=\"elementor-wrapper elementor-fit-aspect-ratio elementor-open-inline\">\n\t\t\t<div class=\"elementor-video\"><\/div>\t\t<\/div>\n\t\t\t\t<\/div>\n\t\t\t\t<\/div>\n\t\t\t\t\t\t<\/div>\n\t\t\t\t\t<\/div>\n\t\t<\/div>\n\t\t\t\t\t\t\t\t<\/div>\n\t\t\t\t\t<\/div>\n\t\t<\/section>\n\t\t\t\t<section class=\"elementor-section elementor-top-section elementor-element elementor-element-bacbdf7 elementor-section-boxed elementor-section-height-default elementor-section-height-default\" data-id=\"bacbdf7\" data-element_type=\"section\">\n\t\t\t\t\t\t<div class=\"elementor-container elementor-column-gap-default\">\n\t\t\t\t\t\t\t<div class=\"elementor-row\">\n\t\t\t\t\t<div class=\"elementor-column elementor-col-100 elementor-top-column elementor-element elementor-element-91ceb50\" data-id=\"91ceb50\" data-element_type=\"column\">\n\t\t\t<div class=\"elementor-column-wrap elementor-element-populated\">\n\t\t\t\t\t\t\t<div class=\"elementor-widget-wrap\">\n\t\t\t\t\t\t<div class=\"elementor-element elementor-element-ac254d0 elementor-widget elementor-widget-accordion\" data-id=\"ac254d0\" data-element_type=\"widget\" data-widget_type=\"accordion.default\">\n\t\t\t\t<div class=\"elementor-widget-container\">\n\t\t\t\t\t<div class=\"elementor-accordion\" role=\"tablist\">\n\t\t\t\t\t\t\t<div class=\"elementor-accordion-item\">\n\t\t\t\t\t<div id=\"elementor-tab-title-1801\" class=\"elementor-tab-title\" data-tab=\"1\" role=\"tab\" aria-controls=\"elementor-tab-content-1801\">\n\t\t\t\t\t\t\t\t\t\t\t\t\t<span class=\"elementor-accordion-icon elementor-accordion-icon-left\" aria-hidden=\"true\">\n\t\t\t\t\t\t\t\t\t\t\t\t\t\t\t<span class=\"elementor-accordion-icon-closed\"><i class=\"fas fa-plus\"><\/i><\/span>\n\t\t\t\t\t\t\t\t<span class=\"elementor-accordion-icon-opened\"><i class=\"fas fa-minus\"><\/i><\/span>\n\t\t\t\t\t\t\t\t\t\t\t\t\t\t<\/span>\n\t\t\t\t\t\t\t\t\t\t\t\t<a class=\"elementor-accordion-title\" href=\"\">Avsnitt 01 - Vad \u00e4r personalutveckling? <\/a>\n\t\t\t\t\t<\/div>\n\t\t\t\t\t<div id=\"elementor-tab-content-1801\" class=\"elementor-tab-content elementor-clearfix\" data-tab=\"1\" role=\"tabpanel\" aria-labelledby=\"elementor-tab-title-1801\"><p>Enheten definierar tydligt vad vi menar med termen medarbetarutveckling.\u00a0<span class=\"JLqJ4b ChMk0b\" data-language-for-alternatives=\"sv\" data-language-to-translate-into=\"en\" data-phrase-index=\"1\">Viktigast av allt kommer det att tydligt visa vikten av medarbetarutveckling f\u00f6r f\u00f6retag f\u00f6r att b\u00e5de s\u00e4kerst\u00e4lla st\u00f6rre effektivitet och produktivitet och vara konkurrenskraftiga inom sitt omr\u00e5de, liksom ett s\u00e4tt att ytterligare motivera sin personal, s\u00e4rskilt generation Y, och h\u00f6ja deras kapacitet till\u00a0v\u00e4rdefulla anst\u00e4llda.\u00a0Slutligen kommer det tydligt att visa skillnaden mellan utveckling och utbildning som ett s\u00e4tt att s\u00e4kerst\u00e4lla en klar f\u00f6rst\u00e5else av termen.<\/span><\/p>\n<h3>\u00c4mnen<\/h3>\n<ul>\n<li>Definition av personalutveckling<\/li>\n<li><span class=\"JLqJ4b\" data-language-for-alternatives=\"sv\" data-language-to-translate-into=\"en\" data-phrase-index=\"5\"><span class=\"JLqJ4b ChMk0b\" data-language-for-alternatives=\"sv\" data-language-to-translate-into=\"en\" data-phrase-index=\"6\">Utveckling av anst\u00e4llda mot utbildning<\/span><\/span><\/li>\n<li><span class=\"JLqJ4b\" data-language-for-alternatives=\"sv\" data-language-to-translate-into=\"en\" data-phrase-index=\"5\"><span class=\"JLqJ4b ChMk0b\" data-language-for-alternatives=\"sv\" data-language-to-translate-into=\"en\" data-phrase-index=\"6\">Strategi f\u00f6r medarbetarutveckling<\/span><\/span><\/li>\n<\/ul>\n<p>Material<\/p>\n<p><a href=\"https:\/\/t4lent.eu\/wp-content\/uploads\/2021\/03\/IO3_M03_Development_Unit_01_fnl-_KK-updated_SE.pptx\">Unit 01 &#8211; What is employee development<\/a><\/p>\n<\/div>\n\t\t\t\t<\/div>\n\t\t\t\t\t\t\t<div class=\"elementor-accordion-item\">\n\t\t\t\t\t<div id=\"elementor-tab-title-1802\" class=\"elementor-tab-title\" data-tab=\"2\" role=\"tab\" aria-controls=\"elementor-tab-content-1802\">\n\t\t\t\t\t\t\t\t\t\t\t\t\t<span class=\"elementor-accordion-icon elementor-accordion-icon-left\" aria-hidden=\"true\">\n\t\t\t\t\t\t\t\t\t\t\t\t\t\t\t<span class=\"elementor-accordion-icon-closed\"><i class=\"fas fa-plus\"><\/i><\/span>\n\t\t\t\t\t\t\t\t<span class=\"elementor-accordion-icon-opened\"><i class=\"fas fa-minus\"><\/i><\/span>\n\t\t\t\t\t\t\t\t\t\t\t\t\t\t<\/span>\n\t\t\t\t\t\t\t\t\t\t\t\t<a class=\"elementor-accordion-title\" href=\"\">Avsnitt 02  -Medarbetarutvecklingsplan <\/a>\n\t\t\t\t\t<\/div>\n\t\t\t\t\t<div id=\"elementor-tab-content-1802\" class=\"elementor-tab-content elementor-clearfix\" data-tab=\"2\" role=\"tabpanel\" aria-labelledby=\"elementor-tab-title-1802\"><p>Den h\u00e4r enheten hj\u00e4lper dig att f\u00f6rst\u00e5 vad en anst\u00e4llds utvecklingsplan \u00e4r och visar de olika formerna den kan ha.<span class=\"JLqJ4b ChMk0b\" data-language-for-alternatives=\"sv\" data-language-to-translate-into=\"en\" data-phrase-index=\"1\">Dessutom kommer den att presentera de olika steg som f\u00f6retag och chefer kan ta f\u00f6r att formulera en medarbetarutvecklingsplan som betonar behovet av att f\u00e5 personal involverad i processen, investera i b\u00e5de personlig och professionell utveckling samt st\u00e4ndigt utv\u00e4rdera och \u00f6vervaka processen.<span class=\"JLqJ4b\" data-language-for-alternatives=\"sv\" data-language-to-translate-into=\"en\" data-phrase-index=\"2\">Enheten kommer att introducera och belysa vikten av att inf\u00f6ra en strukturerad plan f\u00f6r medarbetarutveckling, en som s\u00e4kerst\u00e4ller att sm\u00e5 och medelstora f\u00f6retag driver, st\u00f6der och hj\u00e4lper sina anst\u00e4llda att v\u00e4xa och bedrivas p\u00e5 ett effektivt s\u00e4tt.Viktigast av allt kommer det att ge sm\u00e5 och medelstora f\u00f6retag chefer med riktlinjer f\u00f6r hur man ska g\u00e5 vidare med att fastst\u00e4lla en s\u00e5dan plan.<\/span><\/span><\/p>\n<h3>\u00c4mnen<\/h3>\n<ul>\n<li>Processen med att inf\u00f6ra en plan f\u00f6r medarbetarutveckling<\/li>\n<li>Olika typer av medarbetarutvecklingsplaner<\/li>\n<\/ul>\n<h3>Material:<\/h3>\n<p><a href=\"https:\/\/t4lent.eu\/wp-content\/uploads\/2021\/03\/IO3_M03_Learning_Unit_Development_Unit_02_fnl_KK-updated_SE.pptx\">Unit 02 &#8211; Employee Development Plan<\/a><\/p>\n<p><a href=\"https:\/\/t4lent.eu\/wp-content\/uploads\/2021\/03\/IO3_M03_Unit_02_Employee_Development_Plan_Exercise_vOK_KK-update_SE.docx\">Exercise &#8211; Employee Development Plan<\/a><\/p>\n<p><a href=\"https:\/\/t4lent.eu\/wp-content\/uploads\/2021\/03\/IO3_M03_Unit_02_Worksheet_PGP_vOK_KK-update_SE.docx\">Worksheet &#8211; Personal Growth Plan<\/a><\/p>\n<p><a href=\"https:\/\/t4lent.eu\/wp-content\/uploads\/2021\/03\/IO3_M03_Unit_02_Worksheet_PIP-1_KK-update_SE.docx\">Worksheet &#8211; Performance Improvement Plan<\/a><\/p>\n<p><a href=\"https:\/\/t4lent.eu\/wp-content\/uploads\/2021\/03\/IO3_M03_Unit_02_Worksheet_PIP-2_vOK_KK-update_SE.docx\">Worksheet 02 &#8211; Performance Improvement Plan<\/a><\/p>\n<\/div>\n\t\t\t\t<\/div>\n\t\t\t\t\t\t\t<div class=\"elementor-accordion-item\">\n\t\t\t\t\t<div id=\"elementor-tab-title-1803\" class=\"elementor-tab-title\" data-tab=\"3\" role=\"tab\" aria-controls=\"elementor-tab-content-1803\">\n\t\t\t\t\t\t\t\t\t\t\t\t\t<span class=\"elementor-accordion-icon elementor-accordion-icon-left\" aria-hidden=\"true\">\n\t\t\t\t\t\t\t\t\t\t\t\t\t\t\t<span class=\"elementor-accordion-icon-closed\"><i class=\"fas fa-plus\"><\/i><\/span>\n\t\t\t\t\t\t\t\t<span class=\"elementor-accordion-icon-opened\"><i class=\"fas fa-minus\"><\/i><\/span>\n\t\t\t\t\t\t\t\t\t\t\t\t\t\t<\/span>\n\t\t\t\t\t\t\t\t\t\t\t\t<a class=\"elementor-accordion-title\" href=\"\">Avsnitt 03 - Genomf\u00f6ra en effektiv utvecklingsplan <\/a>\n\t\t\t\t\t<\/div>\n\t\t\t\t\t<div id=\"elementor-tab-content-1803\" class=\"elementor-tab-content elementor-clearfix\" data-tab=\"3\" role=\"tabpanel\" aria-labelledby=\"elementor-tab-title-1803\"><p>Den h\u00e4r enheten bygger p\u00e5 de termer och koncept som redan presenteras i den h\u00e4r modulen och syftar till att ge dig r\u00e5d, som ocks\u00e5 leder dig till god praxis och anv\u00e4ndbara verktyg f\u00f6r att forts\u00e4tta utvecklingen av din personal.<span class=\"JLqJ4b ChMk0b\" data-language-for-alternatives=\"sv\" data-language-to-translate-into=\"en\" data-phrase-index=\"1\">D\u00e4rigenom lyfter den fram rollen som chefer i denna process liksom vikten av god intern kommunikation f\u00f6r effektiv medarbetarutveckling.Viktigast av allt, introducerar det eleverna till metoder, verktyg och s\u00e4tt de kan anv\u00e4nda f\u00f6r att st\u00e4lla in och framg\u00e5ngsrikt implementera en medarbetarutvecklingsplan.\u00a0<span class=\"JLqJ4b\" data-language-for-alternatives=\"sv\" data-language-to-translate-into=\"en\" data-phrase-index=\"3\">Denna enhet kan vara &#8220;g\u00e5 till guide&#8221; f\u00f6r sm\u00e5 och medelstora f\u00f6retagsledare n\u00e4r de h\u00e5ller p\u00e5 att utveckla och implementera system f\u00f6r medarbetarutveckling.Det kommer att ge dem praktiska tips samt en lista \u00f6ver effektiva verktyg och tillv\u00e4gag\u00e5ngss\u00e4tt som de kan anv\u00e4nda under hela denna process.<\/span><\/span><\/p>\n<h3>\u00c4mnen<\/h3>\n<ul>\n<li>Intern kommunikation och personalutveckling<\/li>\n<li>Metoder och verktyg \u00a0f\u00f6r medarbetarutveckling<\/li>\n<\/ul>\n<h3>Material<\/h3>\n<div><a href=\"https:\/\/t4lent.eu\/wp-content\/uploads\/2021\/03\/IO3_M03_Develop_Unit_3_fnl._KKupdate_SE.pptx\">Unit 03 &#8211; Implementing effective development plan<\/a><\/div>\n<div><\/div>\n<div><a href=\"https:\/\/t4lent.eu\/wp-content\/uploads\/2021\/03\/IO3_M03_Unit_03_Employee_Development_in-SMEs_Exercise_KK_SE.docx\">Exercise &#8211; Employee development in SMEs<\/a><\/div>\n<div><\/div>\n<p><a href=\"https:\/\/t4lent.eu\/wp-content\/uploads\/2021\/03\/IO3_M03_Unit_03_Worksheet_Personal_Development_Plan_Template-and-Example_KK_SE.docx\">Worksheet &#8211; Personal Development Plan Template and Example<\/a><\/p>\n<p><a href=\"https:\/\/t4lent.eu\/wp-content\/uploads\/2021\/03\/IO3_M03_Unit_03_Worksheet_Professional_Development_Plan_Template-and-Example_vOK_KK-update_SE.docx\">Worksheet &#8211; Personal Growth Plan Template and Example<\/a><\/p>\n<\/div>\n\t\t\t\t<\/div>\n\t\t\t\t\t\t\t<div class=\"elementor-accordion-item\">\n\t\t\t\t\t<div id=\"elementor-tab-title-1804\" class=\"elementor-tab-title\" data-tab=\"4\" role=\"tab\" aria-controls=\"elementor-tab-content-1804\">\n\t\t\t\t\t\t\t\t\t\t\t\t\t<span class=\"elementor-accordion-icon elementor-accordion-icon-left\" aria-hidden=\"true\">\n\t\t\t\t\t\t\t\t\t\t\t\t\t\t\t<span class=\"elementor-accordion-icon-closed\"><i class=\"fas fa-plus\"><\/i><\/span>\n\t\t\t\t\t\t\t\t<span class=\"elementor-accordion-icon-opened\"><i class=\"fas fa-minus\"><\/i><\/span>\n\t\t\t\t\t\t\t\t\t\t\t\t\t\t<\/span>\n\t\t\t\t\t\t\t\t\t\t\t\t<a class=\"elementor-accordion-title\" href=\"\">Ytterligare resurser<\/a>\n\t\t\t\t\t<\/div>\n\t\t\t\t\t<div id=\"elementor-tab-content-1804\" class=\"elementor-tab-content elementor-clearfix\" data-tab=\"4\" role=\"tabpanel\" aria-labelledby=\"elementor-tab-title-1804\"><p><a href=\"https:\/\/forms.gle\/RskniW7B6EwN7ncu7\">Check your knowledge with Module 03 &#8211;&nbsp; Self-Assessment Form<\/a><\/p>\n<p><a href=\"https:\/\/t4lent.eu\/wp-content\/uploads\/2021\/05\/IO3_Talent-4.0_Checklist_Module_03_SE.docx\">Module 03 Checklist<\/a><\/p><\/div>\n\t\t\t\t<\/div>\n\t\t\t\t\t<\/div>\n\t\t\t\t<\/div>\n\t\t\t\t<\/div>\n\t\t\t\t\t\t<\/div>\n\t\t\t\t\t<\/div>\n\t\t<\/div>\n\t\t\t\t\t\t\t\t<\/div>\n\t\t\t\t\t<\/div>\n\t\t<\/section>\n\t\t\t\t\t\t<\/div>\n\t\t\t\t\t\t<\/div>\n\t\t\t\t\t<\/div>\n\t\t","protected":false},"excerpt":{"rendered":"<p>Identifiera och bygg upp ditt teams talanger Denna modul fokuserar p\u00e5 anst\u00e4lldas utveckling och dess betydelse f\u00f6r f\u00f6retag och sm\u00e5 och medelstora f\u00f6retag som en av de viktigaste metoderna f\u00f6r talanghantering.Det ger dig en bra introduktion till konceptet medarbetarutveckling, f\u00f6r att f\u00e5 en grundl\u00e4ggande f\u00f6rst\u00e5else f\u00f6r processen samt v\u00e4gleda dig att b\u00f6rja arbeta med att &#8230; <a title=\"Modul 03: Developing Talent\" class=\"read-more\" href=\"https:\/\/t4lent.eu\/index.php\/talent-4-0-training-programme\/modul-03-developing-talent\/?lang=sv\" aria-label=\"More on Modul 03: Developing Talent\">Read more<\/a><\/p>\n","protected":false},"author":3,"featured_media":0,"parent":1986,"menu_order":3,"comment_status":"closed","ping_status":"closed","template":"","meta":{"_monsterinsights_skip_tracking":false,"_monsterinsights_sitenote_active":false,"_monsterinsights_sitenote_note":"","_monsterinsights_sitenote_category":0},"_links":{"self":[{"href":"https:\/\/t4lent.eu\/index.php\/wp-json\/wp\/v2\/pages\/1978"}],"collection":[{"href":"https:\/\/t4lent.eu\/index.php\/wp-json\/wp\/v2\/pages"}],"about":[{"href":"https:\/\/t4lent.eu\/index.php\/wp-json\/wp\/v2\/types\/page"}],"author":[{"embeddable":true,"href":"https:\/\/t4lent.eu\/index.php\/wp-json\/wp\/v2\/users\/3"}],"replies":[{"embeddable":true,"href":"https:\/\/t4lent.eu\/index.php\/wp-json\/wp\/v2\/comments?post=1978"}],"version-history":[{"count":12,"href":"https:\/\/t4lent.eu\/index.php\/wp-json\/wp\/v2\/pages\/1978\/revisions"}],"predecessor-version":[{"id":4219,"href":"https:\/\/t4lent.eu\/index.php\/wp-json\/wp\/v2\/pages\/1978\/revisions\/4219"}],"up":[{"embeddable":true,"href":"https:\/\/t4lent.eu\/index.php\/wp-json\/wp\/v2\/pages\/1986"}],"wp:attachment":[{"href":"https:\/\/t4lent.eu\/index.php\/wp-json\/wp\/v2\/media?parent=1978"}],"curies":[{"name":"wp","href":"https:\/\/api.w.org\/{rel}","templated":true}]}}