{"id":1723,"date":"2021-01-26T14:29:29","date_gmt":"2021-01-26T13:29:29","guid":{"rendered":"https:\/\/t4lent.eu\/index.php\/talent-4-0-toolbox\/tools-zum-akquirieren-von-talenten\/tool-03-factorial\/"},"modified":"2021-03-24T11:07:09","modified_gmt":"2021-03-24T10:07:09","slug":"tool-03-factorial","status":"publish","type":"page","link":"https:\/\/t4lent.eu\/index.php\/talent-4-0-toolbox\/tools-zum-akquirieren-von-talenten\/tool-03-factorial\/?lang=de","title":{"rendered":"Tool 03: Factorial"},"content":{"rendered":"\t\t<div data-elementor-type=\"wp-page\" data-elementor-id=\"1723\" class=\"elementor elementor-1723 elementor-517\" data-elementor-settings=\"[]\">\n\t\t\t\t\t\t<div class=\"elementor-inner\">\n\t\t\t\t\t\t\t<div class=\"elementor-section-wrap\">\n\t\t\t\t\t\t\t<section class=\"elementor-section elementor-top-section elementor-element elementor-element-2c72a51c elementor-section-boxed elementor-section-height-default elementor-section-height-default\" data-id=\"2c72a51c\" data-element_type=\"section\">\n\t\t\t\t\t\t<div class=\"elementor-container elementor-column-gap-default\">\n\t\t\t\t\t\t\t<div class=\"elementor-row\">\n\t\t\t\t\t<div class=\"elementor-column elementor-col-100 elementor-top-column elementor-element elementor-element-fea0c27\" data-id=\"fea0c27\" data-element_type=\"column\">\n\t\t\t<div class=\"elementor-column-wrap elementor-element-populated\">\n\t\t\t\t\t\t\t<div class=\"elementor-widget-wrap\">\n\t\t\t\t\t\t<div class=\"elementor-element elementor-element-760fcb2d elementor-widget elementor-widget-image\" data-id=\"760fcb2d\" data-element_type=\"widget\" data-widget_type=\"image.default\">\n\t\t\t\t<div class=\"elementor-widget-container\">\n\t\t\t\t\t<div class=\"elementor-image\">\n\t\t\t\t\t\t\t\t\t\t<img width=\"218\" height=\"81\" src=\"https:\/\/t4lent.eu\/wp-content\/uploads\/2020\/04\/Factorial_Logo.png\" class=\"attachment-large size-large\" alt=\"\" loading=\"lazy\" \/>\t\t\t\t\t\t\t\t\t\t\t<\/div>\n\t\t\t\t<\/div>\n\t\t\t\t<\/div>\n\t\t\t\t<div class=\"elementor-element elementor-element-2dd78acc elementor-widget elementor-widget-image\" data-id=\"2dd78acc\" data-element_type=\"widget\" data-widget_type=\"image.default\">\n\t\t\t\t<div class=\"elementor-widget-container\">\n\t\t\t\t\t<div class=\"elementor-image\">\n\t\t\t\t\t\t\t\t\t\t\t<a href=\"https:\/\/factorialhr.com\/\">\n\t\t\t\t\t\t\t<img width=\"658\" height=\"566\" src=\"https:\/\/t4lent.eu\/wp-content\/uploads\/2020\/04\/Factorial_graphic.png\" class=\"attachment-medium_large size-medium_large\" alt=\"\" loading=\"lazy\" srcset=\"https:\/\/t4lent.eu\/wp-content\/uploads\/2020\/04\/Factorial_graphic.png 658w, https:\/\/t4lent.eu\/wp-content\/uploads\/2020\/04\/Factorial_graphic-300x258.png 300w\" sizes=\"(max-width: 658px) 100vw, 658px\" \/>\t\t\t\t\t\t\t\t<\/a>\n\t\t\t\t\t\t\t\t\t\t\t<\/div>\n\t\t\t\t<\/div>\n\t\t\t\t<\/div>\n\t\t\t\t\t\t<\/div>\n\t\t\t\t\t<\/div>\n\t\t<\/div>\n\t\t\t\t\t\t\t\t<\/div>\n\t\t\t\t\t<\/div>\n\t\t<\/section>\n\t\t\t\t<section class=\"elementor-section elementor-top-section elementor-element elementor-element-6de3d25e elementor-section-boxed elementor-section-height-default elementor-section-height-default\" data-id=\"6de3d25e\" data-element_type=\"section\">\n\t\t\t\t\t\t<div class=\"elementor-container elementor-column-gap-default\">\n\t\t\t\t\t\t\t<div class=\"elementor-row\">\n\t\t\t\t\t<div class=\"elementor-column elementor-col-100 elementor-top-column elementor-element elementor-element-361e46b1\" data-id=\"361e46b1\" data-element_type=\"column\">\n\t\t\t<div class=\"elementor-column-wrap elementor-element-populated\">\n\t\t\t\t\t\t\t<div class=\"elementor-widget-wrap\">\n\t\t\t\t\t\t<div class=\"elementor-element elementor-element-20b33985 elementor-widget-divider--view-line elementor-widget elementor-widget-divider\" data-id=\"20b33985\" data-element_type=\"widget\" data-widget_type=\"divider.default\">\n\t\t\t\t<div class=\"elementor-widget-container\">\n\t\t\t\t\t<div class=\"elementor-divider\">\n\t\t\t<span class=\"elementor-divider-separator\">\n\t\t\t\t\t\t<\/span>\n\t\t<\/div>\n\t\t\t\t<\/div>\n\t\t\t\t<\/div>\n\t\t\t\t<div class=\"elementor-element elementor-element-1aa8ec67 elementor-view-framed elementor-position-left elementor-shape-circle elementor-vertical-align-top elementor-widget elementor-widget-icon-box\" data-id=\"1aa8ec67\" data-element_type=\"widget\" data-widget_type=\"icon-box.default\">\n\t\t\t\t<div class=\"elementor-widget-container\">\n\t\t\t\t\t<div class=\"elementor-icon-box-wrapper\">\n\t\t\t\t\t\t<div class=\"elementor-icon-box-icon\">\n\t\t\t\t<span class=\"elementor-icon elementor-animation-\" >\n\t\t\t\t<i aria-hidden=\"true\" class=\"fas fa-columns\"><\/i>\t\t\t\t<\/span>\n\t\t\t<\/div>\n\t\t\t\t\t\t<div class=\"elementor-icon-box-content\">\n\t\t\t\t<h4 class=\"elementor-icon-box-title\">\n\t\t\t\t\t<span >Talentmanagement S\u00e4ulen: Einchecken, Allgemeines, Akquirieren, Entwickeln<\/span>\n\t\t\t\t<\/h4>\n\t\t\t\t\t\t\t<\/div>\n\t\t<\/div>\n\t\t\t\t<\/div>\n\t\t\t\t<\/div>\n\t\t\t\t\t\t<\/div>\n\t\t\t\t\t<\/div>\n\t\t<\/div>\n\t\t\t\t\t\t\t\t<\/div>\n\t\t\t\t\t<\/div>\n\t\t<\/section>\n\t\t\t\t<section class=\"elementor-section elementor-top-section elementor-element elementor-element-7f11ea91 elementor-section-boxed elementor-section-height-default elementor-section-height-default\" data-id=\"7f11ea91\" data-element_type=\"section\">\n\t\t\t\t\t\t<div class=\"elementor-container elementor-column-gap-default\">\n\t\t\t\t\t\t\t<div class=\"elementor-row\">\n\t\t\t\t\t<div class=\"elementor-column elementor-col-100 elementor-top-column elementor-element elementor-element-1851e8ab\" data-id=\"1851e8ab\" data-element_type=\"column\">\n\t\t\t<div class=\"elementor-column-wrap elementor-element-populated\">\n\t\t\t\t\t\t\t<div class=\"elementor-widget-wrap\">\n\t\t\t\t\t\t<div class=\"elementor-element elementor-element-adb148f elementor-view-framed elementor-position-left elementor-shape-circle elementor-vertical-align-top elementor-widget elementor-widget-icon-box\" data-id=\"adb148f\" data-element_type=\"widget\" data-widget_type=\"icon-box.default\">\n\t\t\t\t<div class=\"elementor-widget-container\">\n\t\t\t\t\t<div class=\"elementor-icon-box-wrapper\">\n\t\t\t\t\t\t<div class=\"elementor-icon-box-icon\">\n\t\t\t\t<a class=\"elementor-icon elementor-animation-\" href=\"https:\/\/factorialhr.com\/\">\n\t\t\t\t<i aria-hidden=\"true\" class=\"fas fa-external-link-square-alt\"><\/i>\t\t\t\t<\/a>\n\t\t\t<\/div>\n\t\t\t\t\t\t<div class=\"elementor-icon-box-content\">\n\t\t\t\t<h4 class=\"elementor-icon-box-title\">\n\t\t\t\t\t<a href=\"https:\/\/factorialhr.com\/\">Link: Factorial HR Software Solution<\/a>\n\t\t\t\t<\/h4>\n\t\t\t\t\t\t\t<\/div>\n\t\t<\/div>\n\t\t\t\t<\/div>\n\t\t\t\t<\/div>\n\t\t\t\t<div class=\"elementor-element elementor-element-79068aa6 elementor-view-framed elementor-position-left elementor-shape-circle elementor-vertical-align-top elementor-widget elementor-widget-icon-box\" data-id=\"79068aa6\" data-element_type=\"widget\" data-widget_type=\"icon-box.default\">\n\t\t\t\t<div class=\"elementor-widget-container\">\n\t\t\t\t\t<div class=\"elementor-icon-box-wrapper\">\n\t\t\t\t\t\t<div class=\"elementor-icon-box-icon\">\n\t\t\t\t<span class=\"elementor-icon elementor-animation-\" >\n\t\t\t\t<i aria-hidden=\"true\" class=\"far fa-lightbulb\"><\/i>\t\t\t\t<\/span>\n\t\t\t<\/div>\n\t\t\t\t\t\t<div class=\"elementor-icon-box-content\">\n\t\t\t\t<h4 class=\"elementor-icon-box-title\">\n\t\t\t\t\t<span >Art des Tools: Web-basierte Personalmanagement-Software (HRIS) f\u00fcr KMU<\/span>\n\t\t\t\t<\/h4>\n\t\t\t\t\t\t\t<\/div>\n\t\t<\/div>\n\t\t\t\t<\/div>\n\t\t\t\t<\/div>\n\t\t\t\t<div class=\"elementor-element elementor-element-5dcdf411 elementor-view-framed elementor-position-left elementor-shape-circle elementor-vertical-align-top elementor-widget elementor-widget-icon-box\" data-id=\"5dcdf411\" data-element_type=\"widget\" data-widget_type=\"icon-box.default\">\n\t\t\t\t<div class=\"elementor-widget-container\">\n\t\t\t\t\t<div class=\"elementor-icon-box-wrapper\">\n\t\t\t\t\t\t<div class=\"elementor-icon-box-icon\">\n\t\t\t\t<span class=\"elementor-icon elementor-animation-\" >\n\t\t\t\t<i aria-hidden=\"true\" class=\"far fa-user\"><\/i>\t\t\t\t<\/span>\n\t\t\t<\/div>\n\t\t\t\t\t\t<div class=\"elementor-icon-box-content\">\n\t\t\t\t<h4 class=\"elementor-icon-box-title\">\n\t\t\t\t\t<span >Zielgruppe: Personalmanagement Anf\u00e4nger bis Fortgeschrittene<\/span>\n\t\t\t\t<\/h4>\n\t\t\t\t\t\t\t<\/div>\n\t\t<\/div>\n\t\t\t\t<\/div>\n\t\t\t\t<\/div>\n\t\t\t\t<div class=\"elementor-element elementor-element-163e0f6 elementor-view-framed elementor-position-left elementor-shape-circle elementor-vertical-align-top elementor-widget elementor-widget-icon-box\" data-id=\"163e0f6\" data-element_type=\"widget\" data-widget_type=\"icon-box.default\">\n\t\t\t\t<div class=\"elementor-widget-container\">\n\t\t\t\t\t<div class=\"elementor-icon-box-wrapper\">\n\t\t\t\t\t\t<div class=\"elementor-icon-box-icon\">\n\t\t\t\t<span class=\"elementor-icon elementor-animation-\" >\n\t\t\t\t<i aria-hidden=\"true\" class=\"fas fa-language\"><\/i>\t\t\t\t<\/span>\n\t\t\t<\/div>\n\t\t\t\t\t\t<div class=\"elementor-icon-box-content\">\n\t\t\t\t<h4 class=\"elementor-icon-box-title\">\n\t\t\t\t\t<span >Sprachen: Englisch<\/span>\n\t\t\t\t<\/h4>\n\t\t\t\t\t\t\t<\/div>\n\t\t<\/div>\n\t\t\t\t<\/div>\n\t\t\t\t<\/div>\n\t\t\t\t<div class=\"elementor-element elementor-element-2069c9c elementor-view-framed elementor-position-left elementor-shape-circle elementor-vertical-align-top elementor-widget elementor-widget-icon-box\" data-id=\"2069c9c\" data-element_type=\"widget\" data-widget_type=\"icon-box.default\">\n\t\t\t\t<div class=\"elementor-widget-container\">\n\t\t\t\t\t<div class=\"elementor-icon-box-wrapper\">\n\t\t\t\t\t\t<div class=\"elementor-icon-box-icon\">\n\t\t\t\t<span class=\"elementor-icon elementor-animation-\" >\n\t\t\t\t<i aria-hidden=\"true\" class=\"fas fa-info\"><\/i>\t\t\t\t<\/span>\n\t\t\t<\/div>\n\t\t\t\t\t\t<div class=\"elementor-icon-box-content\">\n\t\t\t\t<h4 class=\"elementor-icon-box-title\">\n\t\t\t\t\t<span >Beschreibung<\/span>\n\t\t\t\t<\/h4>\n\t\t\t\t\t\t\t\t<p class=\"elementor-icon-box-description\">Factorial ist eine Personalmanagement-Software, die KMU bei ihren Personalprozessen unterst\u00fctzt. Neben vielen anderen Funktionen bietet die Plattform ein Bewerber-Tracking-System (ATS) f\u00fcr eine effizientere Einstellung. Weitere Funktionen sind das zentralisierte Dokumentenmanagement, die Verwaltung von Mitarbeiterleistungen sowie ein Organigrammgenerator und ein freigegebener Kalender f\u00fcr die Mitarbeiter eines Unternehmens. Dar\u00fcber hinaus verf\u00fcgt es \u00fcber eine Verg\u00fctungsverwaltungsanwendung, mit der Benutzer die Mitarbeiter-Lohnabrechnung verwalten, Boni basierend auf individuellen, Team- oder Unternehmenszielen verwalten und sogar das Angebot von Vorteilen wie Fitnessstudio-Mitgliedschaften oder Pendlererstattung optimieren k\u00f6nnen. Es erstellt auch automatisch generierte Berichte, die Benutzern helfen k\u00f6nnen, alles zu \u00fcberwachen, von Fehlzeiten bis hin zu Altersverteilung und Fluktuationsrate.<br><br>Umfang\/Ziele<br><br>\r\nFactorial bietet ein einfaches und benutzerfreundliches Tool mit allem, was ein Unternehmen f\u00fcr die Verwaltung der Personalressourcen ben\u00f6tigt. Die Plattform tr\u00e4gt dazu bei, Personalprozesse zu beschleunigen und zu vereinfachen, sodass KMU-Besitzer\/Manager\/F\u00fchrungskr\u00e4fte das Management ihres Teams verbessern, strukturelle Kosten senken und die Entscheidungsfindung verbessern k\u00f6nnen.<br><br>Anwendbarkeit<br><br>\r\nDie Plattform wurde speziell entwickelt, um KMU kostenlos zur Verf\u00fcgung zu stehen und ihren Betrieb zu erleichtern. Factorial verf\u00fcgt \u00fcber mehrere Funktionen, aus denen Benutzer w\u00e4hlen k\u00f6nnen, und KMU k\u00f6nnen davon profitieren, um das Management ihres Unternehmens und ihrer Mitarbeiter zu verbessern.<\/p>\n\t\t\t\t\t\t\t<\/div>\n\t\t<\/div>\n\t\t\t\t<\/div>\n\t\t\t\t<\/div>\n\t\t\t\t<div class=\"elementor-element elementor-element-7b7890b1 elementor-view-framed elementor-position-left elementor-shape-circle elementor-vertical-align-top elementor-widget elementor-widget-icon-box\" data-id=\"7b7890b1\" data-element_type=\"widget\" data-widget_type=\"icon-box.default\">\n\t\t\t\t<div class=\"elementor-widget-container\">\n\t\t\t\t\t<div class=\"elementor-icon-box-wrapper\">\n\t\t\t\t\t\t<div class=\"elementor-icon-box-icon\">\n\t\t\t\t<span class=\"elementor-icon elementor-animation-\" >\n\t\t\t\t<i aria-hidden=\"true\" class=\"fas fa-euro-sign\"><\/i>\t\t\t\t<\/span>\n\t\t\t<\/div>\n\t\t\t\t\t\t<div class=\"elementor-icon-box-content\">\n\t\t\t\t<h4 class=\"elementor-icon-box-title\">\n\t\t\t\t\t<span >Preis: Factorial ist ein kostenpflichtiger Service. Die Kosten h\u00e4ngen von der Anzahl der verwalteten Mitarbeiter ab.<\/span>\n\t\t\t\t<\/h4>\n\t\t\t\t\t\t\t<\/div>\n\t\t<\/div>\n\t\t\t\t<\/div>\n\t\t\t\t<\/div>\n\t\t\t\t\t\t<\/div>\n\t\t\t\t\t<\/div>\n\t\t<\/div>\n\t\t\t\t\t\t\t\t<\/div>\n\t\t\t\t\t<\/div>\n\t\t<\/section>\n\t\t\t\t<section class=\"elementor-section elementor-top-section elementor-element elementor-element-3721d967 elementor-section-boxed elementor-section-height-default elementor-section-height-default\" data-id=\"3721d967\" data-element_type=\"section\">\n\t\t\t\t\t\t<div class=\"elementor-container elementor-column-gap-default\">\n\t\t\t\t\t\t\t<div class=\"elementor-row\">\n\t\t\t\t\t<div class=\"elementor-column elementor-col-100 elementor-top-column elementor-element elementor-element-5d7dace3\" data-id=\"5d7dace3\" data-element_type=\"column\">\n\t\t\t<div class=\"elementor-column-wrap\">\n\t\t\t\t\t\t\t<div class=\"elementor-widget-wrap\">\n\t\t\t\t\t\t\t\t<\/div>\n\t\t\t\t\t<\/div>\n\t\t<\/div>\n\t\t\t\t\t\t\t\t<\/div>\n\t\t\t\t\t<\/div>\n\t\t<\/section>\n\t\t\t\t\t\t<\/div>\n\t\t\t\t\t\t<\/div>\n\t\t\t\t\t<\/div>\n\t\t","protected":false},"excerpt":{"rendered":"<p>Talentmanagement S\u00e4ulen: Einchecken, Allgemeines, Akquirieren, Entwickeln Link: Factorial HR Software Solution Art des Tools: Web-basierte Personalmanagement-Software (HRIS) f\u00fcr KMU Zielgruppe: Personalmanagement Anf\u00e4nger bis Fortgeschrittene Sprachen: Englisch Beschreibung Factorial ist eine Personalmanagement-Software, die KMU bei ihren Personalprozessen unterst\u00fctzt. Neben vielen anderen Funktionen bietet die Plattform ein Bewerber-Tracking-System (ATS) f\u00fcr eine effizientere Einstellung. Weitere Funktionen sind das &#8230; <a title=\"Tool 03: Factorial\" class=\"read-more\" href=\"https:\/\/t4lent.eu\/index.php\/talent-4-0-toolbox\/tools-zum-akquirieren-von-talenten\/tool-03-factorial\/?lang=de\" aria-label=\"More on Tool 03: Factorial\">Read more<\/a><\/p>\n","protected":false},"author":3,"featured_media":0,"parent":1717,"menu_order":3,"comment_status":"closed","ping_status":"closed","template":"","meta":{"_monsterinsights_skip_tracking":false,"_monsterinsights_sitenote_active":false,"_monsterinsights_sitenote_note":"","_monsterinsights_sitenote_category":0},"_links":{"self":[{"href":"https:\/\/t4lent.eu\/index.php\/wp-json\/wp\/v2\/pages\/1723"}],"collection":[{"href":"https:\/\/t4lent.eu\/index.php\/wp-json\/wp\/v2\/pages"}],"about":[{"href":"https:\/\/t4lent.eu\/index.php\/wp-json\/wp\/v2\/types\/page"}],"author":[{"embeddable":true,"href":"https:\/\/t4lent.eu\/index.php\/wp-json\/wp\/v2\/users\/3"}],"replies":[{"embeddable":true,"href":"https:\/\/t4lent.eu\/index.php\/wp-json\/wp\/v2\/comments?post=1723"}],"version-history":[{"count":5,"href":"https:\/\/t4lent.eu\/index.php\/wp-json\/wp\/v2\/pages\/1723\/revisions"}],"predecessor-version":[{"id":3601,"href":"https:\/\/t4lent.eu\/index.php\/wp-json\/wp\/v2\/pages\/1723\/revisions\/3601"}],"up":[{"embeddable":true,"href":"https:\/\/t4lent.eu\/index.php\/wp-json\/wp\/v2\/pages\/1717"}],"wp:attachment":[{"href":"https:\/\/t4lent.eu\/index.php\/wp-json\/wp\/v2\/media?parent=1723"}],"curies":[{"name":"wp","href":"https:\/\/api.w.org\/{rel}","templated":true}]}}