{"id":1693,"date":"2021-01-26T08:08:09","date_gmt":"2021-01-26T07:08:09","guid":{"rendered":"https:\/\/t4lent.eu\/index.php\/talent-4-0-talentmanagement-fuer-kmu\/"},"modified":"2021-03-05T15:59:52","modified_gmt":"2021-03-05T14:59:52","slug":"talent-4-0-talentmanagement-fuer-kmu","status":"publish","type":"page","link":"https:\/\/t4lent.eu\/index.php\/talent-4-0-talentmanagement-fuer-kmu\/?lang=de","title":{"rendered":"Talent 4.0 &#8211; Talentmanagement f\u00fcr KMU"},"content":{"rendered":"\t\t<div data-elementor-type=\"wp-page\" data-elementor-id=\"1693\" class=\"elementor elementor-1693 elementor-105\" data-elementor-settings=\"[]\">\n\t\t\t\t\t\t<div class=\"elementor-inner\">\n\t\t\t\t\t\t\t<div class=\"elementor-section-wrap\">\n\t\t\t\t\t\t\t<section class=\"elementor-section elementor-top-section elementor-element elementor-element-bf5041a elementor-section-boxed elementor-section-height-default elementor-section-height-default\" data-id=\"bf5041a\" data-element_type=\"section\">\n\t\t\t\t\t\t<div class=\"elementor-container elementor-column-gap-default\">\n\t\t\t\t\t\t\t<div class=\"elementor-row\">\n\t\t\t\t\t<div class=\"elementor-column elementor-col-100 elementor-top-column elementor-element elementor-element-4b917ea\" data-id=\"4b917ea\" data-element_type=\"column\">\n\t\t\t<div class=\"elementor-column-wrap elementor-element-populated\">\n\t\t\t\t\t\t\t<div class=\"elementor-widget-wrap\">\n\t\t\t\t\t\t<div class=\"elementor-element elementor-element-4ae9f6b elementor-widget elementor-widget-text-editor\" data-id=\"4ae9f6b\" data-element_type=\"widget\" data-widget_type=\"text-editor.default\">\n\t\t\t\t<div class=\"elementor-widget-container\">\n\t\t\t\t\t<div class=\"elementor-text-editor elementor-clearfix\"><p>Das wertvollste K<span lang=\"de\">apital f\u00fcr Ihren nachhaltigen Gesch\u00e4ftserfolg sind ihre Mitarbeiter.\u00a0 <\/span><\/p>\n<p><span lang=\"de\">Mitarbeiter zeichnen sich aus durch &#8230;<\/span><\/p>\n<\/div>\n\t\t\t\t<\/div>\n\t\t\t\t<\/div>\n\t\t\t\t<div class=\"elementor-element elementor-element-639ebda elementor-icon-list--layout-traditional elementor-list-item-link-full_width elementor-widget elementor-widget-icon-list\" data-id=\"639ebda\" data-element_type=\"widget\" data-widget_type=\"icon-list.default\">\n\t\t\t\t<div class=\"elementor-widget-container\">\n\t\t\t\t\t<ul class=\"elementor-icon-list-items\">\n\t\t\t\t\t\t\t<li class=\"elementor-icon-list-item\">\n\t\t\t\t\t\t\t\t\t\t\t<span class=\"elementor-icon-list-icon\">\n\t\t\t\t\t\t\t<i aria-hidden=\"true\" class=\"fas fa-check\"><\/i>\t\t\t\t\t\t<\/span>\n\t\t\t\t\t\t\t\t\t\t<span class=\"elementor-icon-list-text\">Ihre Motivation am Arbeitsplatz<\/span>\n\t\t\t\t\t\t\t\t\t<\/li>\n\t\t\t\t\t\t\t\t<li class=\"elementor-icon-list-item\">\n\t\t\t\t\t\t\t\t\t\t\t<span class=\"elementor-icon-list-icon\">\n\t\t\t\t\t\t\t<i aria-hidden=\"true\" class=\"fas fa-check\"><\/i>\t\t\t\t\t\t<\/span>\n\t\t\t\t\t\t\t\t\t\t<span class=\"elementor-icon-list-text\">Ihre Kompetenzen und ihr Wissen<\/span>\n\t\t\t\t\t\t\t\t\t<\/li>\n\t\t\t\t\t\t\t\t<li class=\"elementor-icon-list-item\">\n\t\t\t\t\t\t\t\t\t\t\t<span class=\"elementor-icon-list-icon\">\n\t\t\t\t\t\t\t<i aria-hidden=\"true\" class=\"fas fa-check\"><\/i>\t\t\t\t\t\t<\/span>\n\t\t\t\t\t\t\t\t\t\t<span class=\"elementor-icon-list-text\">Ihr kreatives Potenzial und<\/span>\n\t\t\t\t\t\t\t\t\t<\/li>\n\t\t\t\t\t\t\t\t<li class=\"elementor-icon-list-item\">\n\t\t\t\t\t\t\t\t\t\t\t<span class=\"elementor-icon-list-icon\">\n\t\t\t\t\t\t\t<i aria-hidden=\"true\" class=\"fas fa-check\"><\/i>\t\t\t\t\t\t<\/span>\n\t\t\t\t\t\t\t\t\t\t<span class=\"elementor-icon-list-text\">Ihre Offenheit f\u00fcr lebenslanges Lernen.<\/span>\n\t\t\t\t\t\t\t\t\t<\/li>\n\t\t\t\t\t\t<\/ul>\n\t\t\t\t<\/div>\n\t\t\t\t<\/div>\n\t\t\t\t<div class=\"elementor-element elementor-element-b14eba8 elementor-widget elementor-widget-text-editor\" data-id=\"b14eba8\" data-element_type=\"widget\" data-widget_type=\"text-editor.default\">\n\t\t\t\t<div class=\"elementor-widget-container\">\n\t\t\t\t\t<div class=\"elementor-text-editor elementor-clearfix\"><p>Talent 4.0 ist ein innovativer Ansatz der sich an Unternehmen richtet, um talentierte Fachkr\u00e4fte zu akquirieren und zu halten, um besser mit einer sich schnell ver\u00e4ndernden Welt und globalen Entwicklungen wie der Covid-19-Pandemie, dem demografischen und Klimawandel, Digitalisierung, Automatisierung und Globalisierung zurecht zu kommen.<\/p>\n<p>Das Talent 4.0-Projekt hat verschiedene Ressourcen entwickelt, damit kleine und mittlere Unternehmen (KMU) modernes Talentmanagement und Analyse in ihrer Gesch\u00e4ftsstrategie und Personalpraxis anwenden k\u00f6nnen. Dar\u00fcber hinaus leistet es einen starken Beitrag, um die L\u00fccke zwischen den derzeitigen Berufsbildungspraktiken und den betrieblichen Bedarfen zu schlie\u00dfen.<\/p>\n<\/div>\n\t\t\t\t<\/div>\n\t\t\t\t<\/div>\n\t\t\t\t<section class=\"elementor-section elementor-inner-section elementor-element elementor-element-f407201 elementor-section-boxed elementor-section-height-default elementor-section-height-default\" data-id=\"f407201\" data-element_type=\"section\">\n\t\t\t\t\t\t<div class=\"elementor-container elementor-column-gap-default\">\n\t\t\t\t\t\t\t<div class=\"elementor-row\">\n\t\t\t\t\t<div class=\"elementor-column elementor-col-50 elementor-inner-column elementor-element elementor-element-1ff9fd4\" data-id=\"1ff9fd4\" data-element_type=\"column\">\n\t\t\t<div class=\"elementor-column-wrap elementor-element-populated\">\n\t\t\t\t\t\t\t<div class=\"elementor-widget-wrap\">\n\t\t\t\t\t\t<div class=\"elementor-element elementor-element-42784a5 elementor-widget elementor-widget-text-editor\" data-id=\"42784a5\" data-element_type=\"widget\" data-widget_type=\"text-editor.default\">\n\t\t\t\t<div class=\"elementor-widget-container\">\n\t\t\t\t\t<div class=\"elementor-text-editor elementor-clearfix\"><p>Projektergebnisse:<\/p>\n<ul>\n<li>Durchf\u00fchrung einer Untersuchung zur Bewertung des aktuellen Status von Talentmanagementpraktiken und des Ausbildungsbedarfs von KMU<\/li>\n<li>Sammlung verf\u00fcgbarer Talentmanagement-Tools und -Instrumente f\u00fcr wichtige Talentmanagement-Prozesse von KMU und<\/li>\n<li>Entwicklung und Test eines speziellen Talentmanagement Schulungsprogramms f\u00fcr Personalverantwortliche, Gesch\u00e4ftsinhaber und Manager.<\/li>\n<\/ul>\n<\/div>\n\t\t\t\t<\/div>\n\t\t\t\t<\/div>\n\t\t\t\t\t\t<\/div>\n\t\t\t\t\t<\/div>\n\t\t<\/div>\n\t\t\t\t<div class=\"elementor-column elementor-col-50 elementor-inner-column elementor-element elementor-element-72e95b3\" data-id=\"72e95b3\" data-element_type=\"column\">\n\t\t\t<div class=\"elementor-column-wrap elementor-element-populated\">\n\t\t\t\t\t\t\t<div class=\"elementor-widget-wrap\">\n\t\t\t\t\t\t<div class=\"elementor-element elementor-element-0311246 elementor-widget elementor-widget-html\" data-id=\"0311246\" data-element_type=\"widget\" data-widget_type=\"html.default\">\n\t\t\t\t<div class=\"elementor-widget-container\">\n\t\t\t<iframe src=\"https:\/\/www.facebook.com\/plugins\/video.php?href=https%3A%2F%2Fwww.facebook.com%2Ft4lent.eu%2Fvideos%2F2526319291025012%2F&show_text=0&width=560\" width=\"560\" height=\"314\" style=\"border:none;overflow:hidden\" scrolling=\"no\" frameborder=\"0\" allowTransparency=\"true\" allowFullScreen=\"true\"><\/iframe>\t\t<\/div>\n\t\t\t\t<\/div>\n\t\t\t\t\t\t<\/div>\n\t\t\t\t\t<\/div>\n\t\t<\/div>\n\t\t\t\t\t\t\t\t<\/div>\n\t\t\t\t\t<\/div>\n\t\t<\/section>\n\t\t\t\t\t\t<\/div>\n\t\t\t\t\t<\/div>\n\t\t<\/div>\n\t\t\t\t\t\t\t\t<\/div>\n\t\t\t\t\t<\/div>\n\t\t<\/section>\n\t\t\t\t\t\t<\/div>\n\t\t\t\t\t\t<\/div>\n\t\t\t\t\t<\/div>\n\t\t","protected":false},"excerpt":{"rendered":"<p>Das wertvollste Kapital f\u00fcr Ihren nachhaltigen Gesch\u00e4ftserfolg sind ihre Mitarbeiter.\u00a0 Mitarbeiter zeichnen sich aus durch &#8230; Ihre Motivation am Arbeitsplatz Ihre Kompetenzen und ihr Wissen Ihr kreatives Potenzial und Ihre Offenheit f\u00fcr lebenslanges Lernen. Talent 4.0 ist ein innovativer Ansatz der sich an Unternehmen richtet, um talentierte Fachkr\u00e4fte zu akquirieren und zu halten, um besser &#8230; <a title=\"Talent 4.0 &#8211; Talentmanagement f\u00fcr KMU\" class=\"read-more\" href=\"https:\/\/t4lent.eu\/index.php\/talent-4-0-talentmanagement-fuer-kmu\/?lang=de\" aria-label=\"More on Talent 4.0 &#8211; Talentmanagement f\u00fcr KMU\">Read more<\/a><\/p>\n","protected":false},"author":3,"featured_media":852,"parent":0,"menu_order":0,"comment_status":"closed","ping_status":"closed","template":"","meta":{"_monsterinsights_skip_tracking":false,"_monsterinsights_sitenote_active":false,"_monsterinsights_sitenote_note":"","_monsterinsights_sitenote_category":0},"_links":{"self":[{"href":"https:\/\/t4lent.eu\/index.php\/wp-json\/wp\/v2\/pages\/1693"}],"collection":[{"href":"https:\/\/t4lent.eu\/index.php\/wp-json\/wp\/v2\/pages"}],"about":[{"href":"https:\/\/t4lent.eu\/index.php\/wp-json\/wp\/v2\/types\/page"}],"author":[{"embeddable":true,"href":"https:\/\/t4lent.eu\/index.php\/wp-json\/wp\/v2\/users\/3"}],"replies":[{"embeddable":true,"href":"https:\/\/t4lent.eu\/index.php\/wp-json\/wp\/v2\/comments?post=1693"}],"version-history":[{"count":13,"href":"https:\/\/t4lent.eu\/index.php\/wp-json\/wp\/v2\/pages\/1693\/revisions"}],"predecessor-version":[{"id":2428,"href":"https:\/\/t4lent.eu\/index.php\/wp-json\/wp\/v2\/pages\/1693\/revisions\/2428"}],"wp:featuredmedia":[{"embeddable":true,"href":"https:\/\/t4lent.eu\/index.php\/wp-json\/wp\/v2\/media\/852"}],"wp:attachment":[{"href":"https:\/\/t4lent.eu\/index.php\/wp-json\/wp\/v2\/media?parent=1693"}],"curies":[{"name":"wp","href":"https:\/\/api.w.org\/{rel}","templated":true}]}}