{"id":1680,"date":"2021-01-11T15:56:22","date_gmt":"2021-01-11T14:56:22","guid":{"rendered":"https:\/\/t4lent.eu\/index.php\/modulo-04-motivando-el-talento\/"},"modified":"2021-05-18T15:18:31","modified_gmt":"2021-05-18T13:18:31","slug":"modulo-04-motivando-el-talento","status":"publish","type":"page","link":"https:\/\/t4lent.eu\/index.php\/talent-4-0-programa-de-formacion\/modulo-04-motivando-el-talento\/?lang=es","title":{"rendered":"M\u00f3dulo 04: Motivando el Talento"},"content":{"rendered":"\t\t<div data-elementor-type=\"wp-page\" data-elementor-id=\"1680\" class=\"elementor elementor-1680 elementor-791\" data-elementor-settings=\"[]\">\n\t\t\t\t\t\t<div class=\"elementor-inner\">\n\t\t\t\t\t\t\t<div class=\"elementor-section-wrap\">\n\t\t\t\t\t\t\t<section class=\"elementor-section elementor-top-section elementor-element elementor-element-f4460c2 elementor-section-boxed elementor-section-height-default elementor-section-height-default\" data-id=\"f4460c2\" data-element_type=\"section\">\n\t\t\t\t\t\t<div class=\"elementor-container elementor-column-gap-default\">\n\t\t\t\t\t\t\t<div class=\"elementor-row\">\n\t\t\t\t\t<div class=\"elementor-column elementor-col-100 elementor-top-column elementor-element elementor-element-146f05a\" data-id=\"146f05a\" data-element_type=\"column\">\n\t\t\t<div class=\"elementor-column-wrap elementor-element-populated\">\n\t\t\t\t\t\t\t<div class=\"elementor-widget-wrap\">\n\t\t\t\t\t\t<div class=\"elementor-element elementor-element-ab37d7d elementor-widget elementor-widget-heading\" data-id=\"ab37d7d\" data-element_type=\"widget\" data-widget_type=\"heading.default\">\n\t\t\t\t<div class=\"elementor-widget-container\">\n\t\t\t<h2 class=\"elementor-heading-title elementor-size-default\"> Estableciendo una cultura de alto desempe\u00f1o<\/h2>\t\t<\/div>\n\t\t\t\t<\/div>\n\t\t\t\t\t\t<\/div>\n\t\t\t\t\t<\/div>\n\t\t<\/div>\n\t\t\t\t\t\t\t\t<\/div>\n\t\t\t\t\t<\/div>\n\t\t<\/section>\n\t\t\t\t<section class=\"elementor-section elementor-top-section elementor-element elementor-element-1eedf0c elementor-section-boxed elementor-section-height-default elementor-section-height-default\" data-id=\"1eedf0c\" data-element_type=\"section\">\n\t\t\t\t\t\t<div class=\"elementor-container elementor-column-gap-default\">\n\t\t\t\t\t\t\t<div class=\"elementor-row\">\n\t\t\t\t\t<div class=\"elementor-column elementor-col-50 elementor-top-column elementor-element elementor-element-6ab685b\" data-id=\"6ab685b\" data-element_type=\"column\">\n\t\t\t<div class=\"elementor-column-wrap elementor-element-populated\">\n\t\t\t\t\t\t\t<div class=\"elementor-widget-wrap\">\n\t\t\t\t\t\t<div class=\"elementor-element elementor-element-8c31d6e elementor-widget elementor-widget-text-editor\" data-id=\"8c31d6e\" data-element_type=\"widget\" data-widget_type=\"text-editor.default\">\n\t\t\t\t<div class=\"elementor-widget-container\">\n\t\t\t\t\t<div class=\"elementor-text-editor elementor-clearfix\"><p>Este m\u00f3dulo tiene como objetivo ayudar a los participantes a comprender que la motivaci\u00f3n de los empleados es una de las mayores preocupaciones de la gesti\u00f3n. Para motivar exitosamente a los empleados, es necesario entender qu\u00e9 es lo que los motiva e impulsa. La motivaci\u00f3n de los empleados se define como el nivel de energ\u00eda, compromiso, persistencia y creatividad que los trabajadores de una empresa aportan a sus puestos de trabajo. En general, una mejor motivaci\u00f3n de los empleados conduce a un mejor compromiso y productividad.<\/p>\n<p>Tenemos una falta de trabajadores calificados y talentosos en el mercado laboral. Por tanto, las empresas deben esforzarse por motivar y retener los talentos de sus empleados. Este m\u00f3dulo crear\u00e1 conciencia sobre el tema \u201cMotivaci\u00f3n\u201d de los empleados. Una nueva generaci\u00f3n a menudo llamada &#8220;Generaci\u00f3n Z&#8221; est\u00e1 ingresando al entono laboral a tiempo completo. Ahora es el momento de aprender m\u00e1s sobre c\u00f3mo sus expectativas y objetivos pueden combinarse con \u00e9xito con la cultura de su lugar de trabajo.<\/p>\n<\/div>\n\t\t\t\t<\/div>\n\t\t\t\t<\/div>\n\t\t\t\t\t\t<\/div>\n\t\t\t\t\t<\/div>\n\t\t<\/div>\n\t\t\t\t<div class=\"elementor-column elementor-col-50 elementor-top-column elementor-element elementor-element-ee12842\" data-id=\"ee12842\" data-element_type=\"column\">\n\t\t\t<div class=\"elementor-column-wrap elementor-element-populated\">\n\t\t\t\t\t\t\t<div class=\"elementor-widget-wrap\">\n\t\t\t\t\t\t<div class=\"elementor-element elementor-element-b04a2ca elementor-aspect-ratio-169 elementor-widget elementor-widget-video\" data-id=\"b04a2ca\" data-element_type=\"widget\" data-settings=\"{&quot;youtube_url&quot;:&quot;https:\\\/\\\/www.youtube.com\\\/watch?v=TCy1KG7uFY4&amp;list=PLvz-SsGy2n8C5nJJDxWBry6AGuUVT-pq5&amp;index=17&quot;,&quot;video_type&quot;:&quot;youtube&quot;,&quot;controls&quot;:&quot;yes&quot;,&quot;aspect_ratio&quot;:&quot;169&quot;}\" data-widget_type=\"video.default\">\n\t\t\t\t<div class=\"elementor-widget-container\">\n\t\t\t\t\t<div class=\"elementor-wrapper elementor-fit-aspect-ratio elementor-open-inline\">\n\t\t\t<div class=\"elementor-video\"><\/div>\t\t<\/div>\n\t\t\t\t<\/div>\n\t\t\t\t<\/div>\n\t\t\t\t\t\t<\/div>\n\t\t\t\t\t<\/div>\n\t\t<\/div>\n\t\t\t\t\t\t\t\t<\/div>\n\t\t\t\t\t<\/div>\n\t\t<\/section>\n\t\t\t\t<section class=\"elementor-section elementor-top-section elementor-element elementor-element-bacbdf7 elementor-section-boxed elementor-section-height-default elementor-section-height-default\" data-id=\"bacbdf7\" data-element_type=\"section\">\n\t\t\t\t\t\t<div class=\"elementor-container elementor-column-gap-default\">\n\t\t\t\t\t\t\t<div class=\"elementor-row\">\n\t\t\t\t\t<div class=\"elementor-column elementor-col-100 elementor-top-column elementor-element elementor-element-91ceb50\" data-id=\"91ceb50\" data-element_type=\"column\">\n\t\t\t<div class=\"elementor-column-wrap elementor-element-populated\">\n\t\t\t\t\t\t\t<div class=\"elementor-widget-wrap\">\n\t\t\t\t\t\t<div class=\"elementor-element elementor-element-ac254d0 elementor-widget elementor-widget-accordion\" data-id=\"ac254d0\" data-element_type=\"widget\" data-widget_type=\"accordion.default\">\n\t\t\t\t<div class=\"elementor-widget-container\">\n\t\t\t\t\t<div class=\"elementor-accordion\" role=\"tablist\">\n\t\t\t\t\t\t\t<div class=\"elementor-accordion-item\">\n\t\t\t\t\t<div id=\"elementor-tab-title-1801\" class=\"elementor-tab-title\" data-tab=\"1\" role=\"tab\" aria-controls=\"elementor-tab-content-1801\">\n\t\t\t\t\t\t\t\t\t\t\t\t\t<span class=\"elementor-accordion-icon elementor-accordion-icon-left\" aria-hidden=\"true\">\n\t\t\t\t\t\t\t\t\t\t\t\t\t\t\t<span class=\"elementor-accordion-icon-closed\"><i class=\"fas fa-plus\"><\/i><\/span>\n\t\t\t\t\t\t\t\t<span class=\"elementor-accordion-icon-opened\"><i class=\"fas fa-minus\"><\/i><\/span>\n\t\t\t\t\t\t\t\t\t\t\t\t\t\t<\/span>\n\t\t\t\t\t\t\t\t\t\t\t\t<a class=\"elementor-accordion-title\" href=\"\">Unidad 01 - Motivaci\u00f3n del Empleado - en teor\u00eda<\/a>\n\t\t\t\t\t<\/div>\n\t\t\t\t\t<div id=\"elementor-tab-content-1801\" class=\"elementor-tab-content elementor-clearfix\" data-tab=\"1\" role=\"tabpanel\" aria-labelledby=\"elementor-tab-title-1801\"><p>Para motivar con \u00e9xito a sus empleados, realmente necesita comprender la teor\u00eda de la motivaci\u00f3n. Una vez que haya comprendido estos conceptos b\u00e1sicos, tambi\u00e9n podr\u00e1 aplicarlos bien en la pr\u00e1ctica. Esta unidad trata sobre la comprensi\u00f3n de las motivaciones de los empleados.<\/p>\n<h3>Temas<\/h3>\n<ul>\n<li>El papel de la motivaci\u00f3n en la determinaci\u00f3n del desempe\u00f1o de los empleados.<\/li>\n<li>La teor\u00eda: jerarqu\u00eda de necesidades de Abraham Maslow<\/li>\n<li>Qu\u00e9 motiva a los empleados<\/li>\n<li>Clasificar las necesidades b\u00e1sicas de los empleados<\/li>\n<\/ul>\n<p>Materiales<\/p>\n<p><a href=\"https:\/\/t4lent.eu\/wp-content\/uploads\/2021\/03\/IO3_M04_U01_Motivate_vOK1_ES.pptx\">Unidad 01 &#8211; Motivaci\u00f3n de los empleados &#8211; en teor\u00eda <\/a><\/p>\n<\/div>\n\t\t\t\t<\/div>\n\t\t\t\t\t\t\t<div class=\"elementor-accordion-item\">\n\t\t\t\t\t<div id=\"elementor-tab-title-1802\" class=\"elementor-tab-title\" data-tab=\"2\" role=\"tab\" aria-controls=\"elementor-tab-content-1802\">\n\t\t\t\t\t\t\t\t\t\t\t\t\t<span class=\"elementor-accordion-icon elementor-accordion-icon-left\" aria-hidden=\"true\">\n\t\t\t\t\t\t\t\t\t\t\t\t\t\t\t<span class=\"elementor-accordion-icon-closed\"><i class=\"fas fa-plus\"><\/i><\/span>\n\t\t\t\t\t\t\t\t<span class=\"elementor-accordion-icon-opened\"><i class=\"fas fa-minus\"><\/i><\/span>\n\t\t\t\t\t\t\t\t\t\t\t\t\t\t<\/span>\n\t\t\t\t\t\t\t\t\t\t\t\t<a class=\"elementor-accordion-title\" href=\"\">Unidad 02  - Como medir la motivaci\u00f3n del empleado<\/a>\n\t\t\t\t\t<\/div>\n\t\t\t\t\t<div id=\"elementor-tab-content-1802\" class=\"elementor-tab-content elementor-clearfix\" data-tab=\"2\" role=\"tabpanel\" aria-labelledby=\"elementor-tab-title-1802\"><p>Es dif\u00edcil hacer crecer una peque\u00f1a empresa si no se puede medir el nivel de motivaci\u00f3n de sus empleados. Emplear m\u00e9todos para medir el compromiso y la energ\u00eda de los trabajadores puede facilitar el trabajo de aumentar estos factores.<br \/>\nLa motivaci\u00f3n de los empleados es uno de los factores clave que determina el \u00e9xito de cualquier organizaci\u00f3n. Las organizaciones que tienen empleados motivados se clasifican en el percentil superior. Las recompensas, las caracter\u00edsticas del puesto, el salario, las condiciones laborales, el reconocimiento y valoraci\u00f3n, la formaci\u00f3n y el desarrollo, la seguridad laboral, la valoraci\u00f3n del desempe\u00f1o, la promoci\u00f3n, el liderazgo, etc. son los factores que motivan a las personas en el lugar de trabajo. Es dif\u00edcil hacer crecer una peque\u00f1a empresa si no se puede medir el nivel de motivaci\u00f3n de sus empleados.<\/p>\n<h3>Temas<\/h3>\n<ul>\n<li>Lista de verificaci\u00f3n C\u00f3mo medir la motivaci\u00f3n de los empleados<\/li>\n<li>Indicadores para medir la motivaci\u00f3n de los empleados<\/li>\n<li>M\u00e9todos, instrumentos para medir el desempe\u00f1o<\/li>\n<li>Motivar a los empleados a trav\u00e9s de evaluaciones de desempe\u00f1o<\/li>\n<\/ul>\n<h3>Materiales:<\/h3>\n<p><a href=\"https:\/\/t4lent.eu\/wp-content\/uploads\/2021\/03\/IO3_M4_U02_Motivate_vOK1_ES.pptx\"> Diapositivas y recursos Unidad 02 &#8211; C\u00f3mo medir la motivaci\u00f3n de los empleados <\/a><\/p>\n<\/div>\n\t\t\t\t<\/div>\n\t\t\t\t\t\t\t<div class=\"elementor-accordion-item\">\n\t\t\t\t\t<div id=\"elementor-tab-title-1803\" class=\"elementor-tab-title\" data-tab=\"3\" role=\"tab\" aria-controls=\"elementor-tab-content-1803\">\n\t\t\t\t\t\t\t\t\t\t\t\t\t<span class=\"elementor-accordion-icon elementor-accordion-icon-left\" aria-hidden=\"true\">\n\t\t\t\t\t\t\t\t\t\t\t\t\t\t\t<span class=\"elementor-accordion-icon-closed\"><i class=\"fas fa-plus\"><\/i><\/span>\n\t\t\t\t\t\t\t\t<span class=\"elementor-accordion-icon-opened\"><i class=\"fas fa-minus\"><\/i><\/span>\n\t\t\t\t\t\t\t\t\t\t\t\t\t\t<\/span>\n\t\t\t\t\t\t\t\t\t\t\t\t<a class=\"elementor-accordion-title\" href=\"\">Unidad 03 - Como mejorar la motivaci\u00f3n del Empleado<\/a>\n\t\t\t\t\t<\/div>\n\t\t\t\t\t<div id=\"elementor-tab-content-1803\" class=\"elementor-tab-content elementor-clearfix\" data-tab=\"3\" role=\"tabpanel\" aria-labelledby=\"elementor-tab-title-1803\"><p>La motivaci\u00f3n de los empleados es un aspecto cr\u00edtico en el lugar de trabajo que condiciona el desempe\u00f1o del departamento e incluso de la empresa. Mejorar la motivaci\u00f3n de los empleados debe ser una rutina regular. Cada empleado es diferente y no las mismas cosas los motivan. Sin embargo, hay algunos consejos para la motivaci\u00f3n de los empleados que todo empleador deber\u00eda seguir. Esta unidad tratar\u00e1 los m\u00e9todos y formas de mejorar la motivaci\u00f3n de los empleados.<\/p>\n<h3>Temas<\/h3>\n<p>Al final de esta unidad de aprendizaje, podr\u00e1 mejorar la motivaci\u00f3n de los empleados con consejos \u00fatiles para:<\/p>\n<ul>\n<li>Mejorar las comunicaciones internas<\/li>\n<li>Crear un ambiente de trabajo positivo<\/li>\n<li>Crear una cultura empresarial positiva<\/li>\n<li>Motivar \/ recompensar sus empleados<\/li>\n<li>Consejos sobre c\u00f3mo mejorar la motivaci\u00f3n de los empleados<\/li>\n<\/ul>\n<h3>Materiales<\/h3>\n<div><a href=\"https:\/\/t4lent.eu\/wp-content\/uploads\/2021\/03\/IO3_M4_U03_Motivate_vOK1_ES.pptx\"> Unidad 03 Diapositivas y recursos: C\u00f3mo mejorar la motivaci\u00f3n de los empleados <\/a><\/div>\n<\/div>\n\t\t\t\t<\/div>\n\t\t\t\t\t\t\t<div class=\"elementor-accordion-item\">\n\t\t\t\t\t<div id=\"elementor-tab-title-1804\" class=\"elementor-tab-title\" data-tab=\"4\" role=\"tab\" aria-controls=\"elementor-tab-content-1804\">\n\t\t\t\t\t\t\t\t\t\t\t\t\t<span class=\"elementor-accordion-icon elementor-accordion-icon-left\" aria-hidden=\"true\">\n\t\t\t\t\t\t\t\t\t\t\t\t\t\t\t<span class=\"elementor-accordion-icon-closed\"><i class=\"fas fa-plus\"><\/i><\/span>\n\t\t\t\t\t\t\t\t<span class=\"elementor-accordion-icon-opened\"><i class=\"fas fa-minus\"><\/i><\/span>\n\t\t\t\t\t\t\t\t\t\t\t\t\t\t<\/span>\n\t\t\t\t\t\t\t\t\t\t\t\t<a class=\"elementor-accordion-title\" href=\"\">Recursos Adicionales<\/a>\n\t\t\t\t\t<\/div>\n\t\t\t\t\t<div id=\"elementor-tab-content-1804\" class=\"elementor-tab-content elementor-clearfix\" data-tab=\"4\" role=\"tabpanel\" aria-labelledby=\"elementor-tab-title-1804\"><p><a href=\"https:\/\/forms.gle\/hva3wNS64MzKav5LA\">Comprueba tus conocimientos con el M\u00f3dulo 04 &#8211; Formulario de autoevaluaci\u00f3n<\/a><\/p>\n<p><a href=\"https:\/\/t4lent.eu\/wp-content\/uploads\/2021\/05\/IO3_Talent-4.0_Checklist_Module_04_ES.docx\">Lista de verificaci\u00f3n del m\u00f3dulo 04<\/a><\/p>\n<\/div>\n\t\t\t\t<\/div>\n\t\t\t\t\t<\/div>\n\t\t\t\t<\/div>\n\t\t\t\t<\/div>\n\t\t\t\t\t\t<\/div>\n\t\t\t\t\t<\/div>\n\t\t<\/div>\n\t\t\t\t\t\t\t\t<\/div>\n\t\t\t\t\t<\/div>\n\t\t<\/section>\n\t\t\t\t\t\t<\/div>\n\t\t\t\t\t\t<\/div>\n\t\t\t\t\t<\/div>\n\t\t","protected":false},"excerpt":{"rendered":"<p>Estableciendo una cultura de alto desempe\u00f1o Este m\u00f3dulo tiene como objetivo ayudar a los participantes a comprender que la motivaci\u00f3n de los empleados es una de las mayores preocupaciones de la gesti\u00f3n. Para motivar exitosamente a los empleados, es necesario entender qu\u00e9 es lo que los motiva e impulsa. La motivaci\u00f3n de los empleados se &#8230; <a title=\"M\u00f3dulo 04: Motivando el Talento\" class=\"read-more\" href=\"https:\/\/t4lent.eu\/index.php\/talent-4-0-programa-de-formacion\/modulo-04-motivando-el-talento\/?lang=es\" aria-label=\"More on M\u00f3dulo 04: Motivando el Talento\">Read more<\/a><\/p>\n","protected":false},"author":3,"featured_media":0,"parent":2059,"menu_order":4,"comment_status":"closed","ping_status":"closed","template":"","meta":{"_monsterinsights_skip_tracking":false,"_monsterinsights_sitenote_active":false,"_monsterinsights_sitenote_note":"","_monsterinsights_sitenote_category":0},"_links":{"self":[{"href":"https:\/\/t4lent.eu\/index.php\/wp-json\/wp\/v2\/pages\/1680"}],"collection":[{"href":"https:\/\/t4lent.eu\/index.php\/wp-json\/wp\/v2\/pages"}],"about":[{"href":"https:\/\/t4lent.eu\/index.php\/wp-json\/wp\/v2\/types\/page"}],"author":[{"embeddable":true,"href":"https:\/\/t4lent.eu\/index.php\/wp-json\/wp\/v2\/users\/3"}],"replies":[{"embeddable":true,"href":"https:\/\/t4lent.eu\/index.php\/wp-json\/wp\/v2\/comments?post=1680"}],"version-history":[{"count":9,"href":"https:\/\/t4lent.eu\/index.php\/wp-json\/wp\/v2\/pages\/1680\/revisions"}],"predecessor-version":[{"id":4225,"href":"https:\/\/t4lent.eu\/index.php\/wp-json\/wp\/v2\/pages\/1680\/revisions\/4225"}],"up":[{"embeddable":true,"href":"https:\/\/t4lent.eu\/index.php\/wp-json\/wp\/v2\/pages\/2059"}],"wp:attachment":[{"href":"https:\/\/t4lent.eu\/index.php\/wp-json\/wp\/v2\/media?parent=1680"}],"curies":[{"name":"wp","href":"https:\/\/api.w.org\/{rel}","templated":true}]}}