{"id":1676,"date":"2021-01-08T13:28:16","date_gmt":"2021-01-08T12:28:16","guid":{"rendered":"https:\/\/t4lent.eu\/index.php\/resultados\/"},"modified":"2021-03-15T16:39:45","modified_gmt":"2021-03-15T15:39:45","slug":"resultados","status":"publish","type":"page","link":"https:\/\/t4lent.eu\/index.php\/resultados\/?lang=es","title":{"rendered":"Resultados"},"content":{"rendered":"\n<p class=\"has-medium-font-size\">El proyecto Talent 4.0 desarrolla tres productos ambiciosos para ayudar a las pymes a participar en la Gesti\u00f3n del Talento 4.0.<\/p>\n<div class=\"wp-block-editor-blocks-features col-3\">\r\n<div class=\"feature feature-0\">\r\n\r\n<img class=\"feature__image\" src=\"https:\/\/t4lent.eu\/wp-content\/uploads\/2019\/11\/iconfinder_8_2958194.png\" alt=\"Feature Image\" \/>\r\n<h3 class=\" feature__heading \">Informe de investigaci\u00f3n<\/h3>\r\n<p class=\" feature__text \">Un estudio sobre la pr\u00e1ctica actual de gesti\u00f3n del talento y necesidades de las PYME en los 7 pa\u00edses socios de Talent 4.0. Resume los resultados de una encuesta y una investigaci\u00f3n documental y adem\u00e1s informa los otros dos resultados.<\/p>\r\n<a href=\"https:\/\/t4lent.eu\/index.php\/talent-4-0 -investigation-research-report \/ \" class=\"broken_link\"> M\u00e1s &#8230; <\/a>\r\n\r\n<\/div>\r\n<div class=\" feature feature-1 \">\r\n\r\n<img class=\"feature__image\" src=\"https:\/\/t4lent.eu\/wp-content\/uploads\/2019\/11\/iconfinder_15_2958201.png\" alt=\"Feature Image\" \/>\r\n<h3 class=\"feature__heading\">Caja de herramientas de gesti\u00f3n del talento<\/h3>\r\n<p class=\"feature__text\">Una colecci\u00f3n de diferentes herramientas para todas las \u00e1reas de gesti\u00f3n del talento y relevantes para la realidad empresarial de las PYMES. Esto va desde videos educativos, podcasts, listas de verificaci\u00f3n hasta soluciones de software basadas en la web.<\/p>\r\n<a href=\"https:\/\/t4lent.eu\/index.php\/talent-4-0-toobox\/?lang=es\"> M\u00e1s &#8230; <\/a>\r\n<\/div>\r\n<div class=\"feature feature-2\">\r\n\r\n<img loading=\"lazy\" class=\"feature__image\" src=\"https:\/\/t4lent.eu\/wp-content\/uploads\/2019\/11\/iconfinder_7_2958193.png\" alt=\"Imagen destacada\" width=\"133\" height=\"137\" \/>\r\n<h3 class=\"feature__heading\">Programa de formaci\u00f3n<\/h3>\r\n<p class=\"feature__text\">Un programa de formaci\u00f3n de 5 d\u00edas (1,5 cr\u00e9ditos ECVET) que cubre todo el proceso de gesti\u00f3n del talento desde el desarrollo de la estrategia, la atracci\u00f3n de talento y la cultura de la organizaci\u00f3n cambio y pr\u00e1cticas de recursos humanos.<\/p>\r\n<a href=\"https:\/\/t4lent.eu\/index.php\/talent-4-0-programa-de-formacion\/?lang=es\"> M\u00e1s &#8230;\u00a0<\/a>\r\n\r\n<\/div>\r\n<\/div>\r\n<\/div>\n<p><\/p>\n","protected":false},"excerpt":{"rendered":"<p>El proyecto Talent 4.0 desarrolla tres productos ambiciosos para ayudar a las pymes a participar en la Gesti\u00f3n del Talento 4.0.<\/p>\n","protected":false},"author":3,"featured_media":1508,"parent":0,"menu_order":0,"comment_status":"closed","ping_status":"closed","template":"","meta":{"_monsterinsights_skip_tracking":false,"_monsterinsights_sitenote_active":false,"_monsterinsights_sitenote_note":"","_monsterinsights_sitenote_category":0},"_links":{"self":[{"href":"https:\/\/t4lent.eu\/index.php\/wp-json\/wp\/v2\/pages\/1676"}],"collection":[{"href":"https:\/\/t4lent.eu\/index.php\/wp-json\/wp\/v2\/pages"}],"about":[{"href":"https:\/\/t4lent.eu\/index.php\/wp-json\/wp\/v2\/types\/page"}],"author":[{"embeddable":true,"href":"https:\/\/t4lent.eu\/index.php\/wp-json\/wp\/v2\/users\/3"}],"replies":[{"embeddable":true,"href":"https:\/\/t4lent.eu\/index.php\/wp-json\/wp\/v2\/comments?post=1676"}],"version-history":[{"count":27,"href":"https:\/\/t4lent.eu\/index.php\/wp-json\/wp\/v2\/pages\/1676\/revisions"}],"predecessor-version":[{"id":2742,"href":"https:\/\/t4lent.eu\/index.php\/wp-json\/wp\/v2\/pages\/1676\/revisions\/2742"}],"wp:featuredmedia":[{"embeddable":true,"href":"https:\/\/t4lent.eu\/index.php\/wp-json\/wp\/v2\/media\/1508"}],"wp:attachment":[{"href":"https:\/\/t4lent.eu\/index.php\/wp-json\/wp\/v2\/media?parent=1676"}],"curies":[{"name":"wp","href":"https:\/\/api.w.org\/{rel}","templated":true}]}}