{"id":1668,"date":"2021-01-08T12:37:43","date_gmt":"2021-01-08T11:37:43","guid":{"rendered":"https:\/\/t4lent.eu\/index.php\/equipo\/"},"modified":"2021-01-08T13:24:43","modified_gmt":"2021-01-08T12:24:43","slug":"equipo","status":"publish","type":"page","link":"https:\/\/t4lent.eu\/index.php\/equipo\/?lang=es","title":{"rendered":"Equipo"},"content":{"rendered":"\n<div class=\"wp-block-media-text alignwide has-media-on-the-right is-stacked-on-mobile\" style=\"grid-template-columns:auto 44%\"><figure class=\"wp-block-media-text__media\"><img loading=\"lazy\" width=\"1024\" height=\"713\" src=\"https:\/\/t4lent.eu\/wp-content\/uploads\/2019\/11\/Map_Project_Partnership-1024x713.png\" alt=\"\" class=\"wp-image-1476\" srcset=\"https:\/\/t4lent.eu\/wp-content\/uploads\/2019\/11\/Map_Project_Partnership-1024x713.png 1024w, https:\/\/t4lent.eu\/wp-content\/uploads\/2019\/11\/Map_Project_Partnership-300x209.png 300w, https:\/\/t4lent.eu\/wp-content\/uploads\/2019\/11\/Map_Project_Partnership-768x535.png 768w\" sizes=\"(max-width: 1024px) 100vw, 1024px\" \/><\/figure><div class=\"wp-block-media-text__content\">\n<p style=\"text-align:left\" class=\"has-medium-font-size\">El proyecto Talent 4.0 reune a un s\u00f3lido consorcio internacional de 7 organizaciones diferentes de 7 pa\u00edses europeos que trabajan en el campo de la educaci\u00f3n y formaci\u00f3n profesional. <br \/> Tres interlocutores sociales (Austria, Alemania y Espa\u00f1a), dos empresas privadas (Suecia e Irlanda) y dos centros de investigaci\u00f3n y desarrollo (Italia y Chipre). <br \/> La organizaci\u00f3n socia principal es la C\u00e1mara de Comercio austriaca de Estiria (WKO Steiermark), que tambi\u00e9n dirige el instituto de formaci\u00f3n profesional m\u00e1s grande de Austria y el Talent Center, un servicio especializado para la identificaci\u00f3n del talento en los j\u00f3venes.<\/p>\n<\/div><\/div>\n\n<div class=\"wp-block-media-text alignwide\" style=\"grid-template-columns:36% auto\"><figure class=\"wp-block-media-text__media\"><img loading=\"lazy\" width=\"1024\" height=\"284\" src=\"https:\/\/t4lent.eu\/wp-content\/uploads\/2019\/11\/Talentcenter-WKO-Logo-1024x284.jpg\" alt=\"\" class=\"wp-image-1448\" srcset=\"https:\/\/t4lent.eu\/wp-content\/uploads\/2019\/11\/Talentcenter-WKO-Logo-1024x284.jpg 1024w, https:\/\/t4lent.eu\/wp-content\/uploads\/2019\/11\/Talentcenter-WKO-Logo-300x83.jpg 300w, https:\/\/t4lent.eu\/wp-content\/uploads\/2019\/11\/Talentcenter-WKO-Logo-768x213.jpg 768w, https:\/\/t4lent.eu\/wp-content\/uploads\/2019\/11\/Talentcenter-WKO-Logo.jpg 1249w\" sizes=\"(max-width: 1024px) 100vw, 1024px\" \/><\/figure><div class=\"wp-block-media-text__content\">\n<p class=\"has-medium-font-size\">Wirtschaftskammer Steiermark&#013;\nK\u00f6rblergasse 111-113&#013;\n8021 Graz&#013;\nAUSTRIA&#013;\n<a href=\"https:\/\/wko.at\/\">https:\/\/wko.at\/ <\/a><\/p>\n<\/div><\/div>\n\n<div class=\"wp-block-media-text alignwide\" style=\"grid-template-columns:36% auto\"><figure class=\"wp-block-media-text__media\"><img loading=\"lazy\" width=\"1024\" height=\"914\" src=\"https:\/\/t4lent.eu\/wp-content\/uploads\/2019\/11\/Smebox_logo-high-res-1024x914.jpg\" alt=\"\" class=\"wp-image-1452\" srcset=\"https:\/\/t4lent.eu\/wp-content\/uploads\/2019\/11\/Smebox_logo-high-res-1024x914.jpg 1024w, https:\/\/t4lent.eu\/wp-content\/uploads\/2019\/11\/Smebox_logo-high-res-300x268.jpg 300w, https:\/\/t4lent.eu\/wp-content\/uploads\/2019\/11\/Smebox_logo-high-res-768x685.jpg 768w\" sizes=\"(max-width: 1024px) 100vw, 1024px\" \/><\/figure><div class=\"wp-block-media-text__content\">\n<p class=\"has-medium-font-size\">SMEBOX <br \/>PO BOX 1633<br \/>751 46 Uppsala<br \/>Suecia<br \/><a href=\"https:\/\/www.smebox.com\/\">https:\/\/www.smebox.com\/ <\/a><\/p>\n<\/div><\/div>\n\n<div class=\"wp-block-media-text alignwide\" style=\"grid-template-columns:36% auto\"><figure class=\"wp-block-media-text__media\"><img loading=\"lazy\" width=\"1024\" height=\"452\" src=\"https:\/\/t4lent.eu\/wp-content\/uploads\/2019\/11\/FVEM-EN-1024x452.png\" alt=\"\" class=\"wp-image-1456\" srcset=\"https:\/\/t4lent.eu\/wp-content\/uploads\/2019\/11\/FVEM-EN-1024x452.png 1024w, https:\/\/t4lent.eu\/wp-content\/uploads\/2019\/11\/FVEM-EN-300x132.png 300w, https:\/\/t4lent.eu\/wp-content\/uploads\/2019\/11\/FVEM-EN-768x339.png 768w\" sizes=\"(max-width: 1024px) 100vw, 1024px\" \/><\/figure><div class=\"wp-block-media-text__content\">\n<p class=\"has-medium-font-size\">Federaci\u00f3n Vizcaina de Empresas del Metal (FVEM)<br \/>Plaza Euskadi, 9<br \/>48009 Bilbao<br \/>Espa\u00f1a<br \/><a href=\"https:\/\/www.fvem.es\/\">https:\/\/www.fvem.es\/ <\/a><\/p>\n<\/div><\/div>\n\n<div class=\"wp-block-media-text alignwide\" style=\"grid-template-columns:36% auto\"><figure class=\"wp-block-media-text__media\"><img loading=\"lazy\" width=\"388\" height=\"90\" src=\"https:\/\/t4lent.eu\/wp-content\/uploads\/2019\/11\/ihk-projekt-logo.jpg\" alt=\"\" class=\"wp-image-1460\" srcset=\"https:\/\/t4lent.eu\/wp-content\/uploads\/2019\/11\/ihk-projekt-logo.jpg 388w, https:\/\/t4lent.eu\/wp-content\/uploads\/2019\/11\/ihk-projekt-logo-300x70.jpg 300w\" sizes=\"(max-width: 388px) 100vw, 388px\" \/><\/figure><div class=\"wp-block-media-text__content\">\n<p class=\"has-medium-font-size\">IHK-Projektgesellschaft mbH<br \/>Ostbrandenburg<br \/>Puschkinstra\u00dfe 12 b<br \/>15236 Frankfurt (Oder)<br \/>Alemania<br \/><a href=\"https:\/\/www.ihk-projekt.de\/international\/\">https:\/\/www.ihk-projekt.de\/international\/ <\/a><\/p>\n<\/div><\/div>\n\n<div class=\"wp-block-media-text alignwide\" style=\"grid-template-columns:36% auto\"><figure class=\"wp-block-media-text__media\"><img loading=\"lazy\" width=\"1024\" height=\"525\" src=\"https:\/\/t4lent.eu\/wp-content\/uploads\/2019\/11\/cardet_logo_new_w_bcr-01-1024x525.png\" alt=\"\" class=\"wp-image-1464\" srcset=\"https:\/\/t4lent.eu\/wp-content\/uploads\/2019\/11\/cardet_logo_new_w_bcr-01-1024x525.png 1024w, https:\/\/t4lent.eu\/wp-content\/uploads\/2019\/11\/cardet_logo_new_w_bcr-01-300x154.png 300w, https:\/\/t4lent.eu\/wp-content\/uploads\/2019\/11\/cardet_logo_new_w_bcr-01-768x393.png 768w\" sizes=\"(max-width: 1024px) 100vw, 1024px\" \/><\/figure><div class=\"wp-block-media-text__content\">\n<p class=\"has-medium-font-size\">Cardet<br \/>Lykavitou, Egkomi<br \/>Chipre<br \/><a href=\"https:\/\/www.cardet.org\/\">https:\/\/www.cardet.org\/ <\/a><\/p>\n<\/div><\/div>\n\n<div class=\"wp-block-media-text alignwide\" style=\"grid-template-columns:36% auto\"><figure class=\"wp-block-media-text__media\"><img loading=\"lazy\" width=\"1024\" height=\"455\" src=\"https:\/\/t4lent.eu\/wp-content\/uploads\/2019\/11\/logo-tucep-vettoriale-1024x455.png\" alt=\"\" class=\"wp-image-1468\" srcset=\"https:\/\/t4lent.eu\/wp-content\/uploads\/2019\/11\/logo-tucep-vettoriale-1024x455.png 1024w, https:\/\/t4lent.eu\/wp-content\/uploads\/2019\/11\/logo-tucep-vettoriale-300x133.png 300w, https:\/\/t4lent.eu\/wp-content\/uploads\/2019\/11\/logo-tucep-vettoriale-768x341.png 768w, https:\/\/t4lent.eu\/wp-content\/uploads\/2019\/11\/logo-tucep-vettoriale.png 2013w\" sizes=\"(max-width: 1024px) 100vw, 1024px\" \/><\/figure><div class=\"wp-block-media-text__content\">\n<p class=\"has-medium-font-size\">Tiber Umbria Comett Education Programme (TUCEP) <br \/>Piazza dell\u2019Universit\u00e0, 1<br \/>06123 Perugia<br \/>Italia<br \/><a href=\"http:\/\/www.tucep.org\">http:\/\/www.tucep.org  <\/a><\/p>\n<\/div><\/div>\n\n<div class=\"wp-block-media-text alignwide\" style=\"grid-template-columns:36% auto\"><figure class=\"wp-block-media-text__media\"><img loading=\"lazy\" width=\"596\" height=\"420\" src=\"https:\/\/t4lent.eu\/wp-content\/uploads\/2019\/11\/fipl-logo.jpg\" alt=\"\" class=\"wp-image-1472\" srcset=\"https:\/\/t4lent.eu\/wp-content\/uploads\/2019\/11\/fipl-logo.jpg 596w, https:\/\/t4lent.eu\/wp-content\/uploads\/2019\/11\/fipl-logo-300x211.jpg 300w\" sizes=\"(max-width: 596px) 100vw, 596px\" \/><\/figure><div class=\"wp-block-media-text__content\">\n<p class=\"has-medium-font-size\">Future in Perspective Ltd. (FIPL)<br \/>Cormeen Lodge<br \/>Castlerahan<br \/>Ballyjamesduff<br \/>Cavan<br \/>Irlanda<br \/><a href=\"https:\/\/www.fipl.eu\/\"><\/a><a href=\"https:\/\/www.fipl.eu\/\">https:\/\/www.fipl.eu\/<\/a><\/p>\n<\/div><\/div>\n\n<p><\/p>\n","protected":false},"excerpt":{"rendered":"<p>El proyecto Talent 4.0 reune a un s\u00f3lido consorcio internacional de 7 organizaciones diferentes de 7 pa\u00edses europeos que trabajan en el campo de la educaci\u00f3n y formaci\u00f3n profesional. Tres interlocutores sociales (Austria, Alemania y Espa\u00f1a), dos empresas privadas (Suecia e Irlanda) y dos centros de investigaci\u00f3n y desarrollo (Italia y Chipre). La organizaci\u00f3n socia &#8230; <a title=\"Equipo\" class=\"read-more\" href=\"https:\/\/t4lent.eu\/index.php\/equipo\/?lang=es\" aria-label=\"More on Equipo\">Read more<\/a><\/p>\n","protected":false},"author":3,"featured_media":1504,"parent":0,"menu_order":0,"comment_status":"closed","ping_status":"closed","template":"","meta":{"_monsterinsights_skip_tracking":false,"_monsterinsights_sitenote_active":false,"_monsterinsights_sitenote_note":"","_monsterinsights_sitenote_category":0},"_links":{"self":[{"href":"https:\/\/t4lent.eu\/index.php\/wp-json\/wp\/v2\/pages\/1668"}],"collection":[{"href":"https:\/\/t4lent.eu\/index.php\/wp-json\/wp\/v2\/pages"}],"about":[{"href":"https:\/\/t4lent.eu\/index.php\/wp-json\/wp\/v2\/types\/page"}],"author":[{"embeddable":true,"href":"https:\/\/t4lent.eu\/index.php\/wp-json\/wp\/v2\/users\/3"}],"replies":[{"embeddable":true,"href":"https:\/\/t4lent.eu\/index.php\/wp-json\/wp\/v2\/comments?post=1668"}],"version-history":[{"count":7,"href":"https:\/\/t4lent.eu\/index.php\/wp-json\/wp\/v2\/pages\/1668\/revisions"}],"predecessor-version":[{"id":1675,"href":"https:\/\/t4lent.eu\/index.php\/wp-json\/wp\/v2\/pages\/1668\/revisions\/1675"}],"wp:featuredmedia":[{"embeddable":true,"href":"https:\/\/t4lent.eu\/index.php\/wp-json\/wp\/v2\/media\/1504"}],"wp:attachment":[{"href":"https:\/\/t4lent.eu\/index.php\/wp-json\/wp\/v2\/media?parent=1668"}],"curies":[{"name":"wp","href":"https:\/\/api.w.org\/{rel}","templated":true}]}}