{"id":1660,"date":"2021-01-07T17:50:19","date_gmt":"2021-01-07T16:50:19","guid":{"rendered":"https:\/\/t4lent.eu\/index.php\/talent-4-0-gestion-del-talento-para-pymes\/"},"modified":"2021-01-11T16:21:14","modified_gmt":"2021-01-11T15:21:14","slug":"talent-4-0-gestion-del-talento-para-pymes","status":"publish","type":"page","link":"https:\/\/t4lent.eu\/index.php\/talent-4-0-gestion-del-talento-para-pymes\/?lang=es","title":{"rendered":"Talent 4.0 &#8211; Gesti\u00f3n del Talento para Pymes."},"content":{"rendered":"\t\t<div data-elementor-type=\"wp-page\" data-elementor-id=\"1660\" class=\"elementor elementor-1660 elementor-105\" data-elementor-settings=\"[]\">\n\t\t\t\t\t\t<div class=\"elementor-inner\">\n\t\t\t\t\t\t\t<div class=\"elementor-section-wrap\">\n\t\t\t\t\t\t\t<section class=\"elementor-section elementor-top-section elementor-element elementor-element-bf5041a elementor-section-boxed elementor-section-height-default elementor-section-height-default\" data-id=\"bf5041a\" data-element_type=\"section\">\n\t\t\t\t\t\t<div class=\"elementor-container elementor-column-gap-default\">\n\t\t\t\t\t\t\t<div class=\"elementor-row\">\n\t\t\t\t\t<div class=\"elementor-column elementor-col-100 elementor-top-column elementor-element elementor-element-4b917ea\" data-id=\"4b917ea\" data-element_type=\"column\">\n\t\t\t<div class=\"elementor-column-wrap elementor-element-populated\">\n\t\t\t\t\t\t\t<div class=\"elementor-widget-wrap\">\n\t\t\t\t\t\t<div class=\"elementor-element elementor-element-4ae9f6b elementor-widget elementor-widget-text-editor\" data-id=\"4ae9f6b\" data-element_type=\"widget\" data-widget_type=\"text-editor.default\">\n\t\t\t\t<div class=\"elementor-widget-container\">\n\t\t\t\t\t<div class=\"elementor-text-editor elementor-clearfix\"><p> Los activos m\u00e1s valiosos para el \u00e9xito empresarial sostenible en estos d\u00edas convulsos son las personas. Pero no cualquier persona: <\/p>\n<\/div>\n\t\t\t\t<\/div>\n\t\t\t\t<\/div>\n\t\t\t\t<div class=\"elementor-element elementor-element-639ebda elementor-icon-list--layout-traditional elementor-list-item-link-full_width elementor-widget elementor-widget-icon-list\" data-id=\"639ebda\" data-element_type=\"widget\" data-widget_type=\"icon-list.default\">\n\t\t\t\t<div class=\"elementor-widget-container\">\n\t\t\t\t\t<ul class=\"elementor-icon-list-items\">\n\t\t\t\t\t\t\t<li class=\"elementor-icon-list-item\">\n\t\t\t\t\t\t\t\t\t\t\t<span class=\"elementor-icon-list-icon\">\n\t\t\t\t\t\t\t<i aria-hidden=\"true\" class=\"fas fa-check\"><\/i>\t\t\t\t\t\t<\/span>\n\t\t\t\t\t\t\t\t\t\t<span class=\"elementor-icon-list-text\">Motivadas y de alto rendimiento.<\/span>\n\t\t\t\t\t\t\t\t\t<\/li>\n\t\t\t\t\t\t\t\t<li class=\"elementor-icon-list-item\">\n\t\t\t\t\t\t\t\t\t\t\t<span class=\"elementor-icon-list-icon\">\n\t\t\t\t\t\t\t<i aria-hidden=\"true\" class=\"fas fa-check\"><\/i>\t\t\t\t\t\t<\/span>\n\t\t\t\t\t\t\t\t\t\t<span class=\"elementor-icon-list-text\">Sus habilidades y conocimiento<\/span>\n\t\t\t\t\t\t\t\t\t<\/li>\n\t\t\t\t\t\t\t\t<li class=\"elementor-icon-list-item\">\n\t\t\t\t\t\t\t\t\t\t\t<span class=\"elementor-icon-list-icon\">\n\t\t\t\t\t\t\t<i aria-hidden=\"true\" class=\"fas fa-check\"><\/i>\t\t\t\t\t\t<\/span>\n\t\t\t\t\t\t\t\t\t\t<span class=\"elementor-icon-list-text\">Su potencial creativo y<\/span>\n\t\t\t\t\t\t\t\t\t<\/li>\n\t\t\t\t\t\t\t\t<li class=\"elementor-icon-list-item\">\n\t\t\t\t\t\t\t\t\t\t\t<span class=\"elementor-icon-list-icon\">\n\t\t\t\t\t\t\t<i aria-hidden=\"true\" class=\"fas fa-check\"><\/i>\t\t\t\t\t\t<\/span>\n\t\t\t\t\t\t\t\t\t\t<span class=\"elementor-icon-list-text\"> Su pedisposici\u00f3n para aprender y crecer.<\/span>\n\t\t\t\t\t\t\t\t\t<\/li>\n\t\t\t\t\t\t<\/ul>\n\t\t\t\t<\/div>\n\t\t\t\t<\/div>\n\t\t\t\t<div class=\"elementor-element elementor-element-b14eba8 elementor-widget elementor-widget-text-editor\" data-id=\"b14eba8\" data-element_type=\"widget\" data-widget_type=\"text-editor.default\">\n\t\t\t\t<div class=\"elementor-widget-container\">\n\t\t\t\t\t<div class=\"elementor-text-editor elementor-clearfix\"><\/p>\n<p> La Gesti\u00f3n del Talento 4.0 parece ser el enfoque m\u00e1s prometedor para que las empresas atraigan y mantengan a las personas y talentos clave para lidiar mejor con un mundo en r\u00e1pido cambio y desarrollos globales como la pandemia Covid-19, cambios demogr\u00e1ficos y clim\u00e1tico, digitalizaci\u00f3n, automatizaci\u00f3n y globalizaci\u00f3n. <\/p>\n<p> El proyecto Talent 4.0 ha desarrollado diferentes recursos para permitir que las peque\u00f1as y medianas empresas (PYMES) apliquen la gesti\u00f3n y an\u00e1lisis del talento moderno en su estrategia empresarial y pr\u00e1ctica de recursos humanos. Adem\u00e1s, quiere contribuir a cerrar la brecha entre las pr\u00e1cticas actuales de FP ynecesidades empresariales. <\/p>\n<\/div>\n\t\t\t\t<\/div>\n\t\t\t\t<\/div>\n\t\t\t\t<section class=\"elementor-section elementor-inner-section elementor-element elementor-element-f407201 elementor-section-boxed elementor-section-height-default elementor-section-height-default\" data-id=\"f407201\" data-element_type=\"section\">\n\t\t\t\t\t\t<div class=\"elementor-container elementor-column-gap-default\">\n\t\t\t\t\t\t\t<div class=\"elementor-row\">\n\t\t\t\t\t<div class=\"elementor-column elementor-col-50 elementor-inner-column elementor-element elementor-element-1ff9fd4\" data-id=\"1ff9fd4\" data-element_type=\"column\">\n\t\t\t<div class=\"elementor-column-wrap elementor-element-populated\">\n\t\t\t\t\t\t\t<div class=\"elementor-widget-wrap\">\n\t\t\t\t\t\t<div class=\"elementor-element elementor-element-42784a5 elementor-widget elementor-widget-text-editor\" data-id=\"42784a5\" data-element_type=\"widget\" data-widget_type=\"text-editor.default\">\n\t\t\t\t<div class=\"elementor-widget-container\">\n\t\t\t\t\t<div class=\"elementor-text-editor elementor-clearfix\"><p>Este partenariado europeo<\/p>\n<ul>\n<li> realiza una investigaci\u00f3n para conocer el estado actual de las pr\u00e1cticas de gesti\u00f3n del talento y las necesidades de formaci\u00f3n de las pymes<\/li>\n<li> recopila las herramientas de gesti\u00f3n del talento disponibles e instrumentos para procesos importantes de Gesti\u00f3n del Talento de las PYMES y <\/li>\n<li> finalmente desarrolla y prueba un programa especial de formaci\u00f3n en Gesti\u00f3n del Talento para responsables de RRHH, empresarios y gerentes. <\/li>\n<\/ul>\n<\/div>\n\t\t\t\t<\/div>\n\t\t\t\t<\/div>\n\t\t\t\t\t\t<\/div>\n\t\t\t\t\t<\/div>\n\t\t<\/div>\n\t\t\t\t<div class=\"elementor-column elementor-col-50 elementor-inner-column elementor-element elementor-element-72e95b3\" data-id=\"72e95b3\" data-element_type=\"column\">\n\t\t\t<div class=\"elementor-column-wrap elementor-element-populated\">\n\t\t\t\t\t\t\t<div class=\"elementor-widget-wrap\">\n\t\t\t\t\t\t<div class=\"elementor-element elementor-element-0311246 elementor-widget elementor-widget-html\" data-id=\"0311246\" data-element_type=\"widget\" data-widget_type=\"html.default\">\n\t\t\t\t<div class=\"elementor-widget-container\">\n\t\t\t<iframe src=\"https:\/\/www.facebook.com\/plugins\/video.php?href=https%3A%2F%2Fwww.facebook.com%2Ft4lent.eu%2Fvideos%2F2526319291025012%2F&show_text=0&width=560\" width=\"560\" height=\"314\" style=\"border:none;overflow:hidden\" scrolling=\"no\" frameborder=\"0\" allowTransparency=\"true\" allowFullScreen=\"true\"><\/iframe>\t\t<\/div>\n\t\t\t\t<\/div>\n\t\t\t\t\t\t<\/div>\n\t\t\t\t\t<\/div>\n\t\t<\/div>\n\t\t\t\t\t\t\t\t<\/div>\n\t\t\t\t\t<\/div>\n\t\t<\/section>\n\t\t\t\t\t\t<\/div>\n\t\t\t\t\t<\/div>\n\t\t<\/div>\n\t\t\t\t\t\t\t\t<\/div>\n\t\t\t\t\t<\/div>\n\t\t<\/section>\n\t\t\t\t\t\t<\/div>\n\t\t\t\t\t\t<\/div>\n\t\t\t\t\t<\/div>\n\t\t","protected":false},"excerpt":{"rendered":"<p>Los activos m\u00e1s valiosos para el \u00e9xito empresarial sostenible en estos d\u00edas convulsos son las personas. Pero no cualquier persona: Motivadas y de alto rendimiento. Sus habilidades y conocimiento Su potencial creativo y Su pedisposici\u00f3n para aprender y crecer. La Gesti\u00f3n del Talento 4.0 parece ser el enfoque m\u00e1s prometedor para que las empresas atraigan &#8230; <a title=\"Talent 4.0 &#8211; Gesti\u00f3n del Talento para Pymes.\" class=\"read-more\" href=\"https:\/\/t4lent.eu\/index.php\/talent-4-0-gestion-del-talento-para-pymes\/?lang=es\" aria-label=\"More on Talent 4.0 &#8211; Gesti\u00f3n del Talento para Pymes.\">Read more<\/a><\/p>\n","protected":false},"author":3,"featured_media":1444,"parent":0,"menu_order":0,"comment_status":"closed","ping_status":"closed","template":"","meta":{"_monsterinsights_skip_tracking":false,"_monsterinsights_sitenote_active":false,"_monsterinsights_sitenote_note":"","_monsterinsights_sitenote_category":0},"_links":{"self":[{"href":"https:\/\/t4lent.eu\/index.php\/wp-json\/wp\/v2\/pages\/1660"}],"collection":[{"href":"https:\/\/t4lent.eu\/index.php\/wp-json\/wp\/v2\/pages"}],"about":[{"href":"https:\/\/t4lent.eu\/index.php\/wp-json\/wp\/v2\/types\/page"}],"author":[{"embeddable":true,"href":"https:\/\/t4lent.eu\/index.php\/wp-json\/wp\/v2\/users\/3"}],"replies":[{"embeddable":true,"href":"https:\/\/t4lent.eu\/index.php\/wp-json\/wp\/v2\/comments?post=1660"}],"version-history":[{"count":5,"href":"https:\/\/t4lent.eu\/index.php\/wp-json\/wp\/v2\/pages\/1660\/revisions"}],"predecessor-version":[{"id":1687,"href":"https:\/\/t4lent.eu\/index.php\/wp-json\/wp\/v2\/pages\/1660\/revisions\/1687"}],"wp:featuredmedia":[{"embeddable":true,"href":"https:\/\/t4lent.eu\/index.php\/wp-json\/wp\/v2\/media\/1444"}],"wp:attachment":[{"href":"https:\/\/t4lent.eu\/index.php\/wp-json\/wp\/v2\/media?parent=1660"}],"curies":[{"name":"wp","href":"https:\/\/api.w.org\/{rel}","templated":true}]}}