{"id":110,"date":"2019-11-07T12:46:20","date_gmt":"2019-11-07T11:46:20","guid":{"rendered":"https:\/\/t4lent.eu\/?page_id=110"},"modified":"2021-02-10T11:54:12","modified_gmt":"2021-02-10T10:54:12","slug":"ueber","status":"publish","type":"page","link":"https:\/\/t4lent.eu\/index.php\/ueber\/?lang=de","title":{"rendered":"\u00dcber Talent 4.0"},"content":{"rendered":"\t\t<div data-elementor-type=\"wp-page\" data-elementor-id=\"110\" class=\"elementor elementor-110 elementor-107\" data-elementor-settings=\"[]\">\n\t\t\t\t\t\t<div class=\"elementor-inner\">\n\t\t\t\t\t\t\t<div class=\"elementor-section-wrap\">\n\t\t\t\t\t\t\t<section class=\"elementor-section elementor-top-section elementor-element elementor-element-0554634 elementor-section-boxed elementor-section-height-default elementor-section-height-default\" data-id=\"0554634\" data-element_type=\"section\">\n\t\t\t\t\t\t<div class=\"elementor-container elementor-column-gap-default\">\n\t\t\t\t\t\t\t<div class=\"elementor-row\">\n\t\t\t\t\t<div class=\"elementor-column elementor-col-100 elementor-top-column elementor-element elementor-element-febf76d\" data-id=\"febf76d\" data-element_type=\"column\">\n\t\t\t<div class=\"elementor-column-wrap elementor-element-populated\">\n\t\t\t\t\t\t\t<div class=\"elementor-widget-wrap\">\n\t\t\t\t\t\t<div class=\"elementor-element elementor-element-6a348c4 elementor-widget elementor-widget-text-editor\" data-id=\"6a348c4\" data-element_type=\"widget\" data-widget_type=\"text-editor.default\">\n\t\t\t\t<div class=\"elementor-widget-container\">\n\t\t\t\t\t<div class=\"elementor-text-editor elementor-clearfix\"><p>Talent 4.0 ist ein Projekt, das darauf abzielt, verschiedene Ressourcen zur Verf\u00fcgung zu stellen, um kleinen und mittleren Unternehmen (KMU) die Anwendung von modernem Talentmanagement und dessen Analyse in ihrer Gesch\u00e4ftsstrategie und HR-Praxis zu erm\u00f6glichen. Dar\u00fcber hinaus m\u00f6chte es einen starken Beitrag zur \u00dcberbr\u00fcckung der Kluft zwischen den derzeitigen Berufsbildungspraktiken und den Bed\u00fcrfnissen der Unternehmen leisten.<\/p>\n<\/div>\n\t\t\t\t<\/div>\n\t\t\t\t<\/div>\n\t\t\t\t<section class=\"elementor-section elementor-inner-section elementor-element elementor-element-608bdaa elementor-section-boxed elementor-section-height-default elementor-section-height-default\" data-id=\"608bdaa\" data-element_type=\"section\">\n\t\t\t\t\t\t<div class=\"elementor-container elementor-column-gap-default\">\n\t\t\t\t\t\t\t<div class=\"elementor-row\">\n\t\t\t\t\t<div class=\"elementor-column elementor-col-50 elementor-inner-column elementor-element elementor-element-889e670\" data-id=\"889e670\" data-element_type=\"column\">\n\t\t\t<div class=\"elementor-column-wrap elementor-element-populated\">\n\t\t\t\t\t\t\t<div class=\"elementor-widget-wrap\">\n\t\t\t\t\t\t<div class=\"elementor-element elementor-element-d86756c elementor-widget elementor-widget-text-editor\" data-id=\"d86756c\" data-element_type=\"widget\" data-widget_type=\"text-editor.default\">\n\t\t\t\t<div class=\"elementor-widget-container\">\n\t\t\t\t\t<div class=\"elementor-text-editor elementor-clearfix\"><p>Im Verlauf dieses Projekts tut die europ\u00e4ische Partnerschaft Folgendes:<\/p>\n<ul>\n<li>Durchf\u00fchrung einer Untersuchung zur Bewertung des aktuellen Status von Talentmanagementpraktiken und des Ausbildungsbedarfs von KMU<\/li>\n<li>Sammlung verf\u00fcgbarer Talentmanagement-Tools und -Instrumente f\u00fcr wichtige Talentmanagement-Prozesse von KMU und<\/li>\n<li>Entwicklung und Test eines speziellen Talentmanagement Schulungsprogramms f\u00fcr Personalverantwortliche, Gesch\u00e4ftsinhaber und Manager.<\/li>\n<\/ul>\n<\/div>\n\t\t\t\t<\/div>\n\t\t\t\t<\/div>\n\t\t\t\t\t\t<\/div>\n\t\t\t\t\t<\/div>\n\t\t<\/div>\n\t\t\t\t<div class=\"elementor-column elementor-col-50 elementor-inner-column elementor-element elementor-element-325f35b\" data-id=\"325f35b\" data-element_type=\"column\">\n\t\t\t<div class=\"elementor-column-wrap elementor-element-populated\">\n\t\t\t\t\t\t\t<div class=\"elementor-widget-wrap\">\n\t\t\t\t\t\t<div class=\"elementor-element elementor-element-4729cf5 elementor-widget__width-initial elementor-widget elementor-widget-image\" data-id=\"4729cf5\" data-element_type=\"widget\" data-widget_type=\"image.default\">\n\t\t\t\t<div class=\"elementor-widget-container\">\n\t\t\t\t\t<div class=\"elementor-image\">\n\t\t\t\t\t\t\t\t\t\t<img width=\"812\" height=\"1024\" src=\"https:\/\/t4lent.eu\/wp-content\/uploads\/2019\/11\/Results_Content_Foto-812x1024.jpg\" class=\"attachment-large size-large\" alt=\"\" loading=\"lazy\" srcset=\"https:\/\/t4lent.eu\/wp-content\/uploads\/2019\/11\/Results_Content_Foto-812x1024.jpg 812w, https:\/\/t4lent.eu\/wp-content\/uploads\/2019\/11\/Results_Content_Foto-238x300.jpg 238w, https:\/\/t4lent.eu\/wp-content\/uploads\/2019\/11\/Results_Content_Foto-768x969.jpg 768w\" sizes=\"(max-width: 812px) 100vw, 812px\" \/>\t\t\t\t\t\t\t\t\t\t\t<\/div>\n\t\t\t\t<\/div>\n\t\t\t\t<\/div>\n\t\t\t\t\t\t<\/div>\n\t\t\t\t\t<\/div>\n\t\t<\/div>\n\t\t\t\t\t\t\t\t<\/div>\n\t\t\t\t\t<\/div>\n\t\t<\/section>\n\t\t\t\t\t\t<\/div>\n\t\t\t\t\t<\/div>\n\t\t<\/div>\n\t\t\t\t\t\t\t\t<\/div>\n\t\t\t\t\t<\/div>\n\t\t<\/section>\n\t\t\t\t<section class=\"elementor-section elementor-top-section elementor-element elementor-element-c7ae0f9 elementor-section-boxed elementor-section-height-default elementor-section-height-default\" data-id=\"c7ae0f9\" data-element_type=\"section\">\n\t\t\t\t\t\t<div class=\"elementor-container elementor-column-gap-default\">\n\t\t\t\t\t\t\t<div class=\"elementor-row\">\n\t\t\t\t\t<div class=\"elementor-column elementor-col-100 elementor-top-column elementor-element elementor-element-414dca5\" data-id=\"414dca5\" data-element_type=\"column\">\n\t\t\t<div class=\"elementor-column-wrap elementor-element-populated\">\n\t\t\t\t\t\t\t<div class=\"elementor-widget-wrap\">\n\t\t\t\t\t\t<div class=\"elementor-element elementor-element-645b71c elementor-widget elementor-widget-html\" data-id=\"645b71c\" data-element_type=\"widget\" data-widget_type=\"html.default\">\n\t\t\t\t<div class=\"elementor-widget-container\">\n\t\t\t<iframe src=\"https:\/\/www.facebook.com\/plugins\/video.php?href=https%3A%2F%2Fwww.facebook.com%2Ft4lent.eu%2Fvideos%2F2526319291025012%2F&show_text=0&width=560\" width=\"560\" height=\"600\" style=\"border:none;overflow:hidden\" scrolling=\"no\" frameborder=\"0\" allowTransparency=\"true\" allowFullScreen=\"true\"><\/iframe>\t\t<\/div>\n\t\t\t\t<\/div>\n\t\t\t\t\t\t<\/div>\n\t\t\t\t\t<\/div>\n\t\t<\/div>\n\t\t\t\t\t\t\t\t<\/div>\n\t\t\t\t\t<\/div>\n\t\t<\/section>\n\t\t\t\t\t\t<\/div>\n\t\t\t\t\t\t<\/div>\n\t\t\t\t\t<\/div>\n\t\t","protected":false},"excerpt":{"rendered":"<p>Talent 4.0 ist ein Projekt, das darauf abzielt, verschiedene Ressourcen zur Verf\u00fcgung zu stellen, um kleinen und mittleren Unternehmen (KMU) die Anwendung von modernem Talentmanagement und dessen Analyse in ihrer Gesch\u00e4ftsstrategie und HR-Praxis zu erm\u00f6glichen. Dar\u00fcber hinaus m\u00f6chte es einen starken Beitrag zur \u00dcberbr\u00fcckung der Kluft zwischen den derzeitigen Berufsbildungspraktiken und den Bed\u00fcrfnissen der Unternehmen &#8230; <a title=\"\u00dcber Talent 4.0\" class=\"read-more\" href=\"https:\/\/t4lent.eu\/index.php\/ueber\/?lang=de\" aria-label=\"More on \u00dcber Talent 4.0\">Read more<\/a><\/p>\n","protected":false},"author":3,"featured_media":0,"parent":0,"menu_order":0,"comment_status":"closed","ping_status":"closed","template":"","meta":{"_monsterinsights_skip_tracking":false,"_monsterinsights_sitenote_active":false,"_monsterinsights_sitenote_note":"","_monsterinsights_sitenote_category":0},"_links":{"self":[{"href":"https:\/\/t4lent.eu\/index.php\/wp-json\/wp\/v2\/pages\/110"}],"collection":[{"href":"https:\/\/t4lent.eu\/index.php\/wp-json\/wp\/v2\/pages"}],"about":[{"href":"https:\/\/t4lent.eu\/index.php\/wp-json\/wp\/v2\/types\/page"}],"author":[{"embeddable":true,"href":"https:\/\/t4lent.eu\/index.php\/wp-json\/wp\/v2\/users\/3"}],"replies":[{"embeddable":true,"href":"https:\/\/t4lent.eu\/index.php\/wp-json\/wp\/v2\/comments?post=110"}],"version-history":[{"count":8,"href":"https:\/\/t4lent.eu\/index.php\/wp-json\/wp\/v2\/pages\/110\/revisions"}],"predecessor-version":[{"id":1928,"href":"https:\/\/t4lent.eu\/index.php\/wp-json\/wp\/v2\/pages\/110\/revisions\/1928"}],"wp:attachment":[{"href":"https:\/\/t4lent.eu\/index.php\/wp-json\/wp\/v2\/media?parent=110"}],"curies":[{"name":"wp","href":"https:\/\/api.w.org\/{rel}","templated":true}]}}